{"id":9607,"date":"2024-09-26T15:47:33","date_gmt":"2024-09-26T13:47:33","guid":{"rendered":"https:\/\/hb9sota.ch\/?page_id=9607"},"modified":"2025-01-16T13:08:41","modified_gmt":"2025-01-16T12:08:41","slug":"hb20sota-diplom-regeln","status":"publish","type":"page","link":"https:\/\/hb9sota.ch\/it\/hb20sota-diplom-regeln\/","title":{"rendered":"Regeln f\u00fcr das Jubil\u00e4umsdiplom HB20SOTA"},"content":{"rendered":"\n<h2 class=\"wp-block-heading\">1. Zweck<\/h2>\n\n\n\n<p>Das Jubil\u00e4umsdiplom HB20SOTA wird anl\u00e4sslich des 20-j\u00e4hrigen Bestehens von HB9SOTA im Jahr 2025 verliehen. Es richtet sich an Funkamateure (Chaser) und Summit-to-Summit-J\u00e4ger (S2S).<\/p>\n\n\n\n<h2 class=\"wp-block-heading\">2. Grundlagen<\/h2>\n\n\n\n<p>Zus\u00e4tzlich zu diesem Reglement gelten die <a href=\"https:\/\/www.sota.org.uk\/Joining-In\/General-Rules\" target=\"_blank\" rel=\"noreferrer noopener\">allgemeinen Bestimmungen des SOTA UK Programms<\/a>.&nbsp;<\/p>\n\n\n\n<h2 class=\"wp-block-heading\">3. Dauer<\/h2>\n\n\n\n<p>Das Jubil\u00e4umsdiplom ist g\u00fcltig vom 1. Januar 2025 bis zum 31. Dezember 2025.<\/p>\n\n\n\n<h2 class=\"wp-block-heading\">4. Diplomstufen<\/h2>\n\n\n\n<p>Das Jubil\u00e4umsdiplom wird an alle Teilnehmer verliehen, die <strong>das Rufzeichen HB20SOTA mindestens 20-mal im Logbuch<\/strong> verzeichnet haben.<\/p>\n\n\n\n<h2 class=\"wp-block-heading\">5. Diplom-QSOs<\/h2>\n\n\n\n<p>F\u00fcr das Jubil\u00e4umsdiplom z\u00e4hlen Verbindungen, die w\u00e4hrend der Diplomlaufzeit mit Aktivierern hergestellt wurden, die das Rufzeichen HB20SOTA von einem Berg mit g\u00fcltiger SOTA-Referenz verwenden.&nbsp;<\/p>\n\n\n\n<p>Auch Verbindungen zwischen einem Aktivierer auf einem Berg mit g\u00fcltiger SOTA-Referenz und einem zweiten Aktivierer (Summit-to-Summit, S2S) werden gewertet. QSOs von einer ausl\u00e4ndischen Station mit einem Schweizer Aktivator werden ebenfalls anerkannt, jedoch darf das Rufzeichen HB20SOTA nur in der Schweiz verwendet werden.<\/p>\n\n\n\n<h2 class=\"wp-block-heading\">6. Berechtigung<\/h2>\n\n\n\n<p>Zur Anerkennung des Diploms werden ausschlie\u00dflich QSOs gewertet, die in die SOTA-Datenbank hochgeladen wurden.<\/p>\n\n\n\n<h2 class=\"wp-block-heading\">7. Antrag<\/h2>\n\n\n\n<p>Das Jubil\u00e4umsdiplom kann direkt \u00fcber die Website der SOTA-Gruppe Schweiz beantragt werden.<\/p>\n\n\n\n<h2 class=\"wp-block-heading\">8. Versand&nbsp;<\/h2>\n\n\n\n<p>Das Diplom wird dem Antragsteller in Form eines digitalen Bildes per E-Mail zugestellt.<\/p>\n\n\n\n<h2 class=\"wp-block-heading\">9. Kosten<\/h2>\n\n\n\n<p>Das Jubil\u00e4umsdiplom ist f\u00fcr alle Funkamateure, die die Voraussetzungen erf\u00fcllen, kostenfrei.<\/p>\n\n\n\n<h2 class=\"wp-block-heading\">10. Inkrafttreten&nbsp;<\/h2>\n\n\n\n<p>Dieses Reglement tritt am 1. Januar 2025 in Kraft.<\/p>\n\n\n\n<p>Jens Nolte, Pr\u00e4sident HB9SOTA&nbsp;<\/p>\n\n\n\n<p>Jean-Pierre Theiler, Diplom- und Callsign-Manager HB9SOTA<\/p>\n","protected":false},"excerpt":{"rendered":"<p>1. Zweck Das Jubil\u00e4umsdiplom HB20SOTA wird anl\u00e4sslich des 20-j\u00e4hrigen Bestehens von HB9SOTA im Jahr 2025 verliehen. Es richtet sich an Funkamateure (Chaser) und Summit-to-Summit-J\u00e4ger (S2S). 2. Grundlagen Zus\u00e4tzlich zu diesem Reglement gelten die allgemeinen Bestimmungen des SOTA UK Programms.&nbsp; 3. &hellip;<\/p>\n<p class=\"read-more\"> <a class=\"more-link\" href=\"https:\/\/hb9sota.ch\/it\/hb20sota-diplom-regeln\/\"> <span class=\"screen-reader-text\">Regeln f\u00fcr das Jubil\u00e4umsdiplom HB20SOTA<\/span> Leggi tutto &raquo;<\/a><\/p>\n","protected":false},"author":178,"featured_media":0,"parent":0,"menu_order":0,"comment_status":"closed","ping_status":"closed","template":"","meta":{"publish_to_discourse":"","publish_post_category":"","wpdc_auto_publish_overridden":"","wpdc_topic_tags":"","wpdc_pin_topic":"","wpdc_pin_until":"","discourse_post_id":"","discourse_permalink":"","wpdc_publishing_response":"","wpdc_publishing_error":"","footnotes":""},"class_list":["post-9607","page","type-page","status-publish","hentry"],"_links":{"self":[{"href":"https:\/\/hb9sota.ch\/it\/wp-json\/wp\/v2\/pages\/9607","targetHints":{"allow":["GET"]}}],"collection":[{"href":"https:\/\/hb9sota.ch\/it\/wp-json\/wp\/v2\/pages"}],"about":[{"href":"https:\/\/hb9sota.ch\/it\/wp-json\/wp\/v2\/types\/page"}],"author":[{"embeddable":true,"href":"https:\/\/hb9sota.ch\/it\/wp-json\/wp\/v2\/users\/178"}],"replies":[{"embeddable":true,"href":"https:\/\/hb9sota.ch\/it\/wp-json\/wp\/v2\/comments?post=9607"}],"version-history":[{"count":2,"href":"https:\/\/hb9sota.ch\/it\/wp-json\/wp\/v2\/pages\/9607\/revisions"}],"predecessor-version":[{"id":10343,"href":"https:\/\/hb9sota.ch\/it\/wp-json\/wp\/v2\/pages\/9607\/revisions\/10343"}],"wp:attachment":[{"href":"https:\/\/hb9sota.ch\/it\/wp-json\/wp\/v2\/media?parent=9607"}],"curies":[{"name":"wp","href":"https:\/\/api.w.org\/{rel}","templated":true}]}}