{"id":8302,"date":"2021-10-10T13:08:53","date_gmt":"2021-10-10T11:08:53","guid":{"rendered":"https:\/\/hb9sota.ch\/?page_id=8302"},"modified":"2024-09-13T07:23:43","modified_gmt":"2024-09-13T05:23:43","slug":"membri-onorari","status":"publish","type":"page","link":"https:\/\/hb9sota.ch\/it\/membri-onorari\/","title":{"rendered":"Membri onorari"},"content":{"rendered":"\n<figure class=\"wp-block-table\"><table><thead><tr><th><br>nominativo<\/th><th><br>Nome<\/th><th><br>Nomina<\/th><\/tr><tr><td><strong>HB9AAQ<\/strong> (SK)<\/td><td>Fred Tinner<\/td><td>16.5.2015<\/td><\/tr><tr><td><strong>HB9ZAP<\/strong><\/td><td>Edwin Sch\u00fctz<\/td><td>16.5.2015<\/td><\/tr><tr><td><strong>HB9AGH<\/strong><\/td><td>Ambrosi Fl\u00fctsch<\/td><td>9.10.2021<\/td><\/tr><tr><td><strong>HB9DST<\/strong><\/td><td>Paul Schreier<\/td><td>9.10.2021<\/td><\/tr><tr><td><strong>HB9TZA<\/strong><\/td><td>Augusto Battistoni<\/td><td>9.10.2021<\/td><\/tr><tr><td><strong>HB9BIN<\/strong><\/td><td>J\u00fcrg Regli<\/td><td>9.10.2021<\/td><\/tr><tr><td><strong>HB9CBR<\/strong><\/td><td>Bruno Ackermann<\/td><td>9.10.2021<\/td><\/tr><tr><td><strong>HB9DPR<\/strong><\/td><td>Tom Benz<\/td><td>13.5.2023<\/td><\/tr><tr><td><strong>HB9TNF<\/strong><\/td><td>Guido Zala<\/td><td>13.5.2023<\/td><\/tr><\/thead><\/table><\/figure>\n","protected":false},"excerpt":{"rendered":"<p>nominativo Nome Nomina HB9AAQ (SK) Fred Tinner 16.5.2015 HB9ZAP Edwin Sch\u00fctz 16.5.2015 HB9AGH Ambrosi Fl\u00fctsch 9.10.2021 HB9DST Paul Schreier 9.10.2021 HB9TZA Augusto Battistoni 9.10.2021 HB9BIN J\u00fcrg Regli 9.10.2021 HB9CBR Bruno Ackermann 9.10.2021 HB9DPR Tom Benz 13.5.2023 HB9TNF Guido Zala 13.5.2023<\/p>\n","protected":false},"author":133,"featured_media":0,"parent":0,"menu_order":0,"comment_status":"closed","ping_status":"closed","template":"","meta":{"publish_to_discourse":"","publish_post_category":"","wpdc_auto_publish_overridden":"","wpdc_topic_tags":"","wpdc_pin_topic":"","wpdc_pin_until":"","discourse_post_id":"","discourse_permalink":"","wpdc_publishing_response":"","wpdc_publishing_error":"","footnotes":""},"class_list":["post-8302","page","type-page","status-publish","hentry"],"_links":{"self":[{"href":"https:\/\/hb9sota.ch\/it\/wp-json\/wp\/v2\/pages\/8302","targetHints":{"allow":["GET"]}}],"collection":[{"href":"https:\/\/hb9sota.ch\/it\/wp-json\/wp\/v2\/pages"}],"about":[{"href":"https:\/\/hb9sota.ch\/it\/wp-json\/wp\/v2\/types\/page"}],"author":[{"embeddable":true,"href":"https:\/\/hb9sota.ch\/it\/wp-json\/wp\/v2\/users\/133"}],"replies":[{"embeddable":true,"href":"https:\/\/hb9sota.ch\/it\/wp-json\/wp\/v2\/comments?post=8302"}],"version-history":[{"count":1,"href":"https:\/\/hb9sota.ch\/it\/wp-json\/wp\/v2\/pages\/8302\/revisions"}],"predecessor-version":[{"id":8305,"href":"https:\/\/hb9sota.ch\/it\/wp-json\/wp\/v2\/pages\/8302\/revisions\/8305"}],"wp:attachment":[{"href":"https:\/\/hb9sota.ch\/it\/wp-json\/wp\/v2\/media?parent=8302"}],"curies":[{"name":"wp","href":"https:\/\/api.w.org\/{rel}","templated":true}]}}