{"id":8287,"date":"2013-10-09T22:42:27","date_gmt":"2013-10-09T20:42:27","guid":{"rendered":"https:\/\/hb9sota.ch\/?page_id=8287"},"modified":"2024-09-13T07:23:43","modified_gmt":"2024-09-13T05:23:43","slug":"statuti","status":"publish","type":"page","link":"https:\/\/hb9sota.ch\/it\/statuti\/","title":{"rendered":"STATUTI"},"content":{"rendered":"\n<p><strong>Documento tradotto <\/strong><strong><br>legalmente \u00e8 valida la versione tedesca<\/strong><\/p>\n\n\n\n<p><\/p>\n\n\n\n<p><strong>ARTICOLO 1<\/strong> DISPOSIZIONI GENERALI<\/p>\n\n\n\n<p>1.1 Il Gruppo SOTA Svizzera, con il nominativo HB9SOTA, \u00e8 stato fondato il 16 maggio 2005 come associazione ai sensi dell&#8217;articolo 60 e seguenti del Codice Civile Svizzero (ZGB).<\/p>\n\n\n\n<p>1.2 La sede legale \u00e8 presso il rispettivo luogo di residenza del Presidente.<\/p>\n\n\n\n<p>1.3 HB9SOTA \u00e8 politicamente e confessionalmente neutrale, rifiuta la discriminazione di natura politica, religiosa, etnica, di genere o di razza.<\/p>\n\n\n\n<p>1.4 L&#8217;anno associativo va dal 1\u00b0 gennaio al 31 dicembre.<\/p>\n\n\n\n<p><strong>ARTICOLO 2<\/strong> SCOPO<\/p>\n\n\n\n<p>2.1 HB9SOTA supervisiona e coordina l&#8217;Associazione SOTA Svizzera in tutte le questioni. Periodicamente rivede l&#8217;Elenco svizzero delle montagne o il Manuale di riferimento dell&#8217;associazione (ARM) secondo i criteri della Direzione della SOTA.<\/p>\n\n\n\n<p>2.2 HB9SOTA promuove i radioamatori di montagna con un programma di diplomi, un sito web e altre attivit\u00e0 di PR.<\/p>\n\n\n\n<p>2.3 HB9SOTA promuove generalmente le attivit\u00e0 radioamatoriali in montagna e specialmente il programma SOTA , organizza escursioni in montagna e la giornata svizzera dell&#8217;attivit\u00e0 SOTA annuale in montagna.<\/p>\n\n\n\n<p>2.4 HB9SOTA promuove la cooperazione tra la radiofonia di montagna e gli altri programmi outdoor dei radioamatori.<\/p>\n\n\n\n<p><strong>ARTICOLO 3<\/strong> ADESIONE<\/p>\n\n\n\n<p>3.1 L&#8217;adesione all&#8217;HB9SOTA \u00e8 aperta a chiunque che accetta il presente Statuto.<\/p>\n\n\n\n<p>3.2 L&#8217;iscrizione pu\u00f2 essere richiesta sul sito web di HB9SOTA, presso il segretariato o presso un membro del comitato.<\/p>\n\n\n\n<p>3.3 L&#8217;adesione \u00e8 effettiva dopo il ricevimento della quota associativa ed \u00e8 valida per l&#8217;anno associativo in corso.<\/p>\n\n\n\n<p>3.4 Le categorie di appartenenza a HB9SOTA sono:<\/p>\n\n\n\n<p>Membri attivi (radioamatori con licenza)<\/p>\n\n\n\n<p>Membri passivi (per i membri interessati alla radio di montagna).<\/p>\n\n\n\n<p>Membri onorari (nominati dall&#8217;assemblea generale)<\/p>\n\n\n\n<p>3.5 Diritti e doveri: Tutti i soci hanno il diritto di votare e di essere eletti all&#8217;assemblea generale e sono invitati a partecipare a tutti gli eventi del club.<\/p>\n\n\n\n<p>3.6 Le dimissioni dall&#8217;HB9SOTA devono essere presentate per iscritto alla fine dell&#8217;anno.<\/p>\n\n\n\n<p>3.7 I soci che violano la legge o lo Spirito-Ham possono essere espulsi dal Consiglio.<\/p>\n\n\n\n<p><strong>ARTICOLO 4<\/strong> ORGANI<\/p>\n\n\n\n<p>Gli organi di HB9SOTA sono:<\/p>\n\n\n\n<p>4.1 L&#8217;Assemblea generale ordinaria o straordinaria.<\/p>\n\n\n\n<p>4.1.1 L&#8217;Assemblea generale \u00e8 l&#8217;organo supremo dell&#8217;Associazione, si tiene al pi\u00f9 tardi entro la fine di maggio ed \u00e8 tenuta dal Presidente in carica o, in caso di suo impedimento, dal Vicepresidente o da un altro membro del comitato esecutivo. In situazioni straordinarie pu\u00f2 anche essere tenuta per iscritto sotto forma di votazione.<\/p>\n\n\n\n<p>4.1.2 L&#8217;Assemblea Generale Ordinaria \u00e8 responsabile di:<\/p>\n\n\n\n<p>a) accertare la regolarit\u00e0 della convocazione dell&#8217;assemblea in conformit\u00e0 allo Statuto, potere decisionale e della maggioranza assoluta dei presenti<\/p>\n\n\n\n<p>b) Elezione degli scrutatori<\/p>\n\n\n\n<p>c) Approvazione del verbale della precedente Assemblea Generale<\/p>\n\n\n\n<p>d) Approvazione della relazione annuale del Presidente e dei membri del Comitato esecutivo.<\/p>\n\n\n\n<p>e) Approvazione dei conti annuali<\/p>\n\n\n\n<p>f) Approvazione della relazione dei revisori dei conti<\/p>\n\n\n\n<p>g) Scarico degli organi esecutivi<\/p>\n\n\n\n<p>h) fissare la quota associativa per l&#8217;anno associativo successivo<\/p>\n\n\n\n<p>i) Approvazione del bilancio<\/p>\n\n\n\n<p>k) Elezione del Presidente, degli altri membri del Comitato esecutivo e dei Revisori dei conti.<\/p>\n\n\n\n<p>l) riconoscimenti, nomina di membri onorari<\/p>\n\n\n\n<p>m) Modifiche allo Statuto<\/p>\n\n\n\n<p>n) Altre attivit\u00e0 statutarie<\/p>\n\n\n\n<p>4.1.3 Il Comitato esecutivo pu\u00f2 convocare un&#8217;Assemblea generale straordinaria.<\/p>\n\n\n\n<p>4.1.4 Se almeno un quinto dei soci richiede la convocazione di un&#8217;Assemblea generale straordinaria, il Comitato esecutivo la convocher\u00e0 entro 30 giorni.<\/p>\n\n\n\n<p>4.1.5 Diritti di voto e di elezione<\/p>\n\n\n\n<p>&#8211; Tutti i membri presenti, compresi quelli passivi, hanno diritto di voto e di elezione.<\/p>\n\n\n\n<p>&#8211; L&#8217;Assemblea Generale costituisce un potere decisionale se sono presenti almeno tre membri.<\/p>\n\n\n\n<p>&#8211; In caso di votazione, sar\u00e0 valida la maggioranza relativa dei voti espressi. In caso di parit\u00e0 di voti, prevale il voto del Presidente.<\/p>\n\n\n\n<p>&#8211; La prima votazione \u00e8 valida la maggioranza assoluta (50% + 1) dei voti validi espressi. La seconda votazione in poi, \u00e8 sufficiente la maggioranza semplice. In caso di parit\u00e0 di voti, la decisione sar\u00e0 presa per sorteggio.<\/p>\n\n\n\n<p>&#8211; Le votazioni e le elezioni si svolgono in modo palese per alzata di mano. La maggioranza dei membri votanti presenti pu\u00f2 richiedere una votazione a scrutinio segreto.<\/p>\n\n\n\n<p>&#8211; In caso di votazione, si applica la maggioranza semplice.<\/p>\n\n\n\n<p>4.1.6 I soci saranno invitati all&#8217;Assemblea Generale 30 giorni prima dell&#8217;Assemblea Generale con l&#8217;ordine del giorno.<\/p>\n\n\n\n<p>4.1.7 Le proposte dei soci da sottoporre all&#8217;attenzione dell&#8217;Assemblea generale devono essere presentate al Presidente per iscritto almeno 14 giorni prima dell&#8217;Assemblea generale, indicando le ragioni della proposta.<\/p>\n\n\n\n<p>4.2 <strong>IL CONSIGLIO DI AMMINISTRAZIONE<\/strong><\/p>\n\n\n\n<p>4.2.1 Il Consiglio direttivo \u00e8 composto da almeno 3 membri e si costituisce da solo. La presenza di 2 membri costituisce il potere decisionale.<\/p>\n\n\n\n<p>4.2.2 Il Comitato esecutivo viene eletto per 2 anni.<\/p>\n\n\n\n<p>4.2.3 Il Comitato esecutivo \u00e8 responsabile di tutti gli affari che non sono assegnati a un altro organo in base allo Statuto.<\/p>\n\n\n\n<p>4.2.4 I membri del Consiglio direttivo devono presentare una relazione annuale all&#8217;Assemblea generale ordinaria.<\/p>\n\n\n\n<p>4.2.5 Il Comitato esecutivo attua le decisioni dell&#8217;Assemblea generale. Si riunisce su invito del Presidente e pu\u00f2 invitare alle sue riunioni altri membri dell&#8217;Associazione, che per\u00f2 hanno solo un voto consultivo.<\/p>\n\n\n\n<p>4.2.6 Il responsabile cime e direttore tecnico pu\u00f2 nominare persone esperte per le singole regioni per supportarlo nel suo lavoro. Egli regola la cooperazione e la responsabilit\u00e0 con queste persone.<\/p>\n\n\n\n<p>4.2.7 Ad eccezione del Presidente dell&#8217;Associazione, il Comitato esecutivo pu\u00f2 sostituire provvisoriamente i membri del Comitato esecutivo che si dimettono durante il loro mandato fino alla successiva Assemblea generale.<\/p>\n\n\n\n<p>4.2.8 Il Presidente, il Vicepresidente e il Segretario firmano individualmente i documenti giuridicamente vincolanti per HB9SOTA.<\/p>\n\n\n\n<p>4.3 <strong>I REVISORI<\/strong><\/p>\n\n\n\n<p>4.3.1 I Revisori sono costituiti dal Revisore e dal Revisore supplente. Entrambi sono eletti dall&#8217;Assemblea generale.<\/p>\n\n\n\n<p>4.3.2 Tutti i membri possono essere eletti revisori dei conti. Se possibile, devono avere conoscenze di contabilit\u00e0.<\/p>\n\n\n\n<p>4.3.3 Il Revisore dei conti verifica ed esamina i conti annuali e presenta all&#8217;Assemblea generale ordinaria una relazione scritta sui risultati della verifica. Egli ha il diritto di effettuare una verifica di cassa in qualsiasi momento.<\/p>\n\n\n\n<p>4.4 <strong>RIFERIMENTI<\/strong><\/p>\n\n\n\n<p>4.4.1 I relatori esterni al consiglio direttivo servono a trattare argomenti specifici che non vengono affrontati dal consiglio direttivo nell&#8217;ambito dello scopo dell&#8217;associazione.<\/p>\n\n\n\n<p>4.4.2 Tutti i soci sono eleggibili come relatori. Essi devono avere un interesse per l&#8217;argomento della presentazione in questione.<\/p>\n\n\n\n<p>ARTICOLO <strong>5 FINANZE<\/strong><\/p>\n\n\n\n<p>5.1 Le entrate dell&#8217;Associazione sono costituite dalle quote associative ordinarie e straordinarie, dalle sovvenzioni, dalle sponsorizzazioni, dalle collette, dalle donazioni, dai proventi netti delle manifestazioni, dalla pubblicit\u00e0, dall&#8217;economia del Club, ecc.<\/p>\n\n\n\n<p>5.2 Le quote associative devono essere versate all&#8217;inizio dell&#8217;anno solare o al momento dell&#8217;adesione all&#8217;Associazione.<\/p>\n\n\n\n<p>5.3 I soci onorari e i membri del Comitato esecutivo non sono tenuti al pagamento delle quote sociali. Il Comitato esecutivo pu\u00f2 rinunciare alla quota per gli altri membri.<\/p>\n\n\n\n<p>5.4 Le entrate e le uscite devono essere preventivate e approvate dall&#8217;Assemblea generale.<\/p>\n\n\n\n<p>5.5 Per le passivit\u00e0 dell&#8217;HB9SOTA risponde solo il patrimonio dell&#8217;associazione. La responsabilit\u00e0 personale dei membri dell&#8217;associazione \u00e8 limitata alle quote associative. \u00c8 esclusa ogni ulteriore responsabilit\u00e0 personale dei soci.<\/p>\n\n\n\n<p>ARTICOLO <strong>6 MODIFICHE ALLO STATUTO<\/strong><\/p>\n\n\n\n<p>6.1 Gli emendamenti agli Statuti saranno decisi dall&#8217;Assemblea Generale, a condizione che almeno due terzi dei membri presenti e aventi diritto di voto ne facciano richiesta.<\/p>\n\n\n\n<p>6.2 Le proposte di modifica degli Statuti devono essere presentate ai soci per iscritto con l&#8217;ordine del giorno prima dell&#8217;Assemblea generale.<\/p>\n\n\n\n<p>6.3 Le proposte di modifica degli Statuti da parte dei soci devono essere presentate per iscritto al Presidente 30 giorni prima dell&#8217;Assemblea generale.<\/p>\n\n\n\n<p>ARTICOLO <strong>7 SCIOGLIMENTO DELL&#8217;ASSOCIAZIONE<\/strong><\/p>\n\n\n\n<p>7.1 Lo scioglimento dell&#8217;Associazione avverr\u00e0 nel corso di un&#8217;Assemblea generale straordinaria.<\/p>\n\n\n\n<p>7.2 Lo scioglimento avverr\u00e0 con il voto favorevole di almeno due terzi dei soci presenti.<\/p>\n\n\n\n<p>7.3 Al momento dello scioglimento, l&#8217;Associazione sar\u00e0 debitamente liquidata. A tal fine viene nominato un comitato speciale.<\/p>\n\n\n\n<p>7.4 Qualsiasi eccedenza di beni e qualsiasi inventario appartenente all&#8217;Associazione deve essere utilizzato per una buona causa, ad esempio per sostenere i radioamatori nei paesi del terzo mondo o simili. Se l&#8217;Assemblea Generale non si accorda sull&#8217;uso dei beni, questi saranno trasferiti alla SOTA-MT e\/o al SOTA-Mapping Project.<\/p>\n\n\n\n<p>ARTICOLO <strong>8 DISPOSIZIONI FINALI<\/strong><\/p>\n\n\n\n<p>Il presente statuto \u00e8 stato approvato in occasione della 19a Assemblea generale con una votazione  il 13.04.2024 ed entra in vigore immediatamente.<\/p>\n\n\n\n<p>Firme:<\/p>\n\n\n\n<p>B\u00fclach , 14.04.2024<\/p>\n\n\n\n<p>Il Presidente: Il Segretario:<\/p>\n\n\n\n<p>Jens Nolte , HB9EKO Roman B\u00e4chli, HB9HKR <br><br><\/p>\n","protected":false},"excerpt":{"rendered":"<p>Documento tradotto legalmente \u00e8 valida la versione tedesca ARTICOLO 1 DISPOSIZIONI GENERALI 1.1 Il Gruppo SOTA Svizzera, con il nominativo HB9SOTA, \u00e8 stato fondato il 16 maggio 2005 come associazione ai sensi dell&#8217;articolo 60 e seguenti del Codice Civile Svizzero &hellip;<\/p>\n<p class=\"read-more\"> <a class=\"more-link\" href=\"https:\/\/hb9sota.ch\/it\/statuti\/\"> <span class=\"screen-reader-text\">STATUTI<\/span> Leggi tutto &raquo;<\/a><\/p>\n","protected":false},"author":133,"featured_media":0,"parent":0,"menu_order":0,"comment_status":"closed","ping_status":"open","template":"","meta":{"publish_to_discourse":"","publish_post_category":"","wpdc_auto_publish_overridden":"","wpdc_topic_tags":"","wpdc_pin_topic":"","wpdc_pin_until":"","discourse_post_id":"","discourse_permalink":"","wpdc_publishing_response":"","wpdc_publishing_error":"","footnotes":""},"class_list":["post-8287","page","type-page","status-publish","hentry"],"_links":{"self":[{"href":"https:\/\/hb9sota.ch\/it\/wp-json\/wp\/v2\/pages\/8287","targetHints":{"allow":["GET"]}}],"collection":[{"href":"https:\/\/hb9sota.ch\/it\/wp-json\/wp\/v2\/pages"}],"about":[{"href":"https:\/\/hb9sota.ch\/it\/wp-json\/wp\/v2\/types\/page"}],"author":[{"embeddable":true,"href":"https:\/\/hb9sota.ch\/it\/wp-json\/wp\/v2\/users\/133"}],"replies":[{"embeddable":true,"href":"https:\/\/hb9sota.ch\/it\/wp-json\/wp\/v2\/comments?post=8287"}],"version-history":[{"count":4,"href":"https:\/\/hb9sota.ch\/it\/wp-json\/wp\/v2\/pages\/8287\/revisions"}],"predecessor-version":[{"id":8678,"href":"https:\/\/hb9sota.ch\/it\/wp-json\/wp\/v2\/pages\/8287\/revisions\/8678"}],"wp:attachment":[{"href":"https:\/\/hb9sota.ch\/it\/wp-json\/wp\/v2\/media?parent=8287"}],"curies":[{"name":"wp","href":"https:\/\/api.w.org\/{rel}","templated":true}]}}