{"id":802,"date":"2014-02-07T18:35:59","date_gmt":"2014-02-07T17:35:59","guid":{"rendered":"http:\/\/hb9sota.ch\/?page_id=802"},"modified":"2024-09-13T07:22:19","modified_gmt":"2024-09-13T05:22:19","slug":"hb9tnf","status":"publish","type":"page","link":"https:\/\/hb9sota.ch\/it\/berichte\/hb9tnf\/","title":{"rendered":"HB9TNF"},"content":{"rendered":"<p><a title=\"Winteraktivierung HB\/GR-138\" href=\"https:\/\/hb9sota.ch\/berichte\/winteraktivierung-hbgr-138\/\">Winteraktivierung HB\/GR-138<\/a><\/p>\n<p><a title=\"Erstaktivierung HB\/GR-012\" href=\"https:\/\/hb9sota.ch\/berichte\/erstaktivierung-hbgr-012\/\">Erstaktivierung HB\/GR-012<\/a><\/p>\n<p><a href=\"https:\/\/hb9sota.ch\/wp-content\/uploads\/2014\/02\/100_Uniques.pdf\" target=\"_blank\" rel=\"noopener\">100 Uniques: Piz Sesvenna HB\/GR-050<\/a><\/p>\n<p>&nbsp;<\/p>\n<h6><span style=\"color: #ff0000;\">Wichtig: In keinem Fall haftet HB9SOTA&nbsp;oder der Verfasser des Berichtes f\u00fcr allf\u00e4llige direkte oder indirekte Sch\u00e4den, die als Folge des Gebrauchs von Informationen dieser Website enstehten.<\/span><\/h6>\n","protected":false},"excerpt":{"rendered":"<p>Winteraktivierung HB\/GR-138 Erstaktivierung HB\/GR-012 100 Uniques: Piz Sesvenna HB\/GR-050 &nbsp; Wichtig: In keinem Fall haftet HB9SOTA&nbsp;oder der Verfasser des Berichtes f\u00fcr allf\u00e4llige direkte oder indirekte Sch\u00e4den, die als Folge des Gebrauchs von Informationen dieser Website enstehten.<\/p>\n","protected":false},"author":51,"featured_media":0,"parent":78,"menu_order":0,"comment_status":"closed","ping_status":"open","template":"","meta":{"publish_to_discourse":"","publish_post_category":"","wpdc_auto_publish_overridden":"","wpdc_topic_tags":"","wpdc_pin_topic":"","wpdc_pin_until":"","discourse_post_id":"","discourse_permalink":"","wpdc_publishing_response":"","wpdc_publishing_error":"","footnotes":""},"class_list":["post-802","page","type-page","status-publish","hentry"],"_links":{"self":[{"href":"https:\/\/hb9sota.ch\/it\/wp-json\/wp\/v2\/pages\/802","targetHints":{"allow":["GET"]}}],"collection":[{"href":"https:\/\/hb9sota.ch\/it\/wp-json\/wp\/v2\/pages"}],"about":[{"href":"https:\/\/hb9sota.ch\/it\/wp-json\/wp\/v2\/types\/page"}],"author":[{"embeddable":true,"href":"https:\/\/hb9sota.ch\/it\/wp-json\/wp\/v2\/users\/51"}],"replies":[{"embeddable":true,"href":"https:\/\/hb9sota.ch\/it\/wp-json\/wp\/v2\/comments?post=802"}],"version-history":[{"count":5,"href":"https:\/\/hb9sota.ch\/it\/wp-json\/wp\/v2\/pages\/802\/revisions"}],"predecessor-version":[{"id":5547,"href":"https:\/\/hb9sota.ch\/it\/wp-json\/wp\/v2\/pages\/802\/revisions\/5547"}],"up":[{"embeddable":true,"href":"https:\/\/hb9sota.ch\/it\/wp-json\/wp\/v2\/pages\/78"}],"wp:attachment":[{"href":"https:\/\/hb9sota.ch\/it\/wp-json\/wp\/v2\/media?parent=802"}],"curies":[{"name":"wp","href":"https:\/\/api.w.org\/{rel}","templated":true}]}}