{"id":7573,"date":"2023-03-22T15:54:22","date_gmt":"2023-03-22T14:54:22","guid":{"rendered":"https:\/\/hb9sota.ch\/?page_id=7573"},"modified":"2025-01-06T19:12:17","modified_gmt":"2025-01-06T18:12:17","slug":"reglement-alpine-summits-diplome","status":"publish","type":"page","link":"https:\/\/hb9sota.ch\/it\/reglement-alpine-summits-diplome\/","title":{"rendered":"Reglement Alpine-Summits-Diplome"},"content":{"rendered":"\n<h2 class=\"wp-block-heading\">Einleitung<\/h2>\n\n\n\n<p>Die im vorliegenden Dokument beschriebenen Diplome der SOTA Gruppe Schweiz wurden entworfen, um Aktivierungen und Verbindungen auf Schweizer Bergen zu belohnen.<\/p>\n\n\n\n<p>Folgende Diplome k\u00f6nnen erarbeitet werden:<\/p>\n\n\n\n<ul class=\"wp-block-list\">\n<li>Aktivierer-Diplom<\/li>\n\n\n\n<li>Chaser-Diplom<\/li>\n<\/ul>\n\n\n\n<p>Die Diplome sind offen f\u00fcr alle Funkamateure und SWLs, wobei SWLs nur das Chaser-Diplom erreichen k\u00f6nnen.<\/p>\n\n\n\n<h2 class=\"wp-block-heading\">Diplomstufen<\/h2>\n\n\n\n<p>Beide Diplome sind in folgende drei Stufen unterteilt:<\/p>\n\n\n\n<figure class=\"wp-block-table is-style-regular\"><table><tbody><tr><td><strong>Alpenrose<\/strong><\/td><td>20 verschiedene Gipfel zwischen 2000 &#8211; 2999 m \u00fc. M.<\/td><\/tr><tr><td><strong>Enzian<\/strong><\/td><td>10 verschiedene Gipfel zwischen 3000 &#8211; 3999 m \u00fc. M.<\/td><\/tr><tr><td><strong>Edelweiss<\/strong><\/td><td>1 Gipfel ab 4000 m \u00fc. M.<\/td><\/tr><\/tbody><\/table><\/figure>\n\n\n\n<p>Die Diplome m\u00fcssen in Reihenfolge abgearbeitet werden, was bedeutet, dass man schlussendlich 31 Gipfel f\u00fcr das Edelweiss-Diplom ben\u00f6tigt.<\/p>\n\n\n\n<h2 class=\"wp-block-heading\">Programmbeginn<\/h2>\n\n\n\n<figure class=\"wp-block-table\"><table><tbody><tr><td>Aktivierer-Diplom<\/td><td>13. Mai 2023<\/td><\/tr><tr><td>Chaser-Diplom<\/td><td>13. Mai 2023<\/td><\/tr><\/tbody><\/table><\/figure>\n\n\n\n<h2 class=\"wp-block-heading\">Grundlagen<\/h2>\n\n\n\n<p>Es gelten die Allgemeinen Regeln des SOTA UK Programms.<\/p>\n\n\n\n<h2 class=\"wp-block-heading\">Diplomantrag<\/h2>\n\n\n\n<p>Der Antrag f\u00fcr ein Diplom kann \u00fcber die Website der SOTA Gruppe Schweiz direkt gestellt werden.<\/p>\n\n\n\n<h2 class=\"wp-block-heading\">Diplomberechtigung<\/h2>\n\n\n\n<p>Zur Diplomberechtigung gelten ausschliesslich die Logs in der SOTA Datenbank. Es m\u00fcssen <strong>KEINE<\/strong> QSL Karten eingesandt werden.<\/p>\n\n\n\n<h2 class=\"wp-block-heading\">Kosten<\/h2>\n\n\n\n<p>F\u00fcr Mitglieder der SOTA Gruppe Schweiz sind die Diplome kostenlos.<\/p>\n\n\n\n<p>Nichtmitglieder erhalten die Diplome f\u00fcr jeweils einen Unkostenbeitrag von <strong>10 CHF<\/strong>. Dieser ist nach Beantragung eines Diploms unaufgefordert wie folgt auf das Konto der SOTA Gruppe Schweiz zu \u00fcberweisen:<\/p>\n\n\n\n<p>IBAN:&nbsp;&nbsp;&nbsp;&nbsp;&nbsp;&nbsp;&nbsp;&nbsp;CH51 0900 0000 8508 5150 9<\/p>\n\n\n\n<p>Postkonto:  85-85150-9<\/p>\n\n\n\n<h2 class=\"wp-block-heading\">Diplomausgabe<\/h2>\n\n\n\n<p>Das jeweilige Diplom wird nach Erhalt des Unkostenbeitrags in elektronischer Form als PDF via E-Mail dem Antragssteller zugesendet.<\/p>\n\n\n\n<p><\/p>\n\n\n\n<div class=\"wp-block-columns is-layout-flex wp-container-core-columns-is-layout-9d6595d7 wp-block-columns-is-layout-flex\">\n<div class=\"wp-block-column is-layout-flow wp-block-column-is-layout-flow\">\n<p>Pr\u00e4sident HB9SOTA<\/p>\n\n\n\n<p>Jens Nolte <em>HB9EKO<\/em><\/p>\n<\/div>\n\n\n\n<div class=\"wp-block-column is-layout-flow wp-block-column-is-layout-flow\">\n<p>Diplommanager HB9SOTA<\/p>\n\n\n\n<p>Jean-Pierre Theiler<em> HB9HBV<\/em><\/p>\n<\/div>\n<\/div>\n\n\n\n<p><\/p>\n","protected":false},"excerpt":{"rendered":"<p>Einleitung Die im vorliegenden Dokument beschriebenen Diplome der SOTA Gruppe Schweiz wurden entworfen, um Aktivierungen und Verbindungen auf Schweizer Bergen zu belohnen. Folgende Diplome k\u00f6nnen erarbeitet werden: Die Diplome sind offen f\u00fcr alle Funkamateure und SWLs, wobei SWLs nur das &hellip;<\/p>\n<p class=\"read-more\"> <a class=\"more-link\" href=\"https:\/\/hb9sota.ch\/it\/reglement-alpine-summits-diplome\/\"> <span class=\"screen-reader-text\">Reglement Alpine-Summits-Diplome<\/span> Leggi tutto &raquo;<\/a><\/p>\n","protected":false},"author":1,"featured_media":0,"parent":0,"menu_order":0,"comment_status":"closed","ping_status":"closed","template":"","meta":{"publish_to_discourse":"","publish_post_category":"","wpdc_auto_publish_overridden":"","wpdc_topic_tags":"","wpdc_pin_topic":"","wpdc_pin_until":"","discourse_post_id":"","discourse_permalink":"","wpdc_publishing_response":"","wpdc_publishing_error":"","footnotes":""},"class_list":["post-7573","page","type-page","status-publish","hentry"],"_links":{"self":[{"href":"https:\/\/hb9sota.ch\/it\/wp-json\/wp\/v2\/pages\/7573","targetHints":{"allow":["GET"]}}],"collection":[{"href":"https:\/\/hb9sota.ch\/it\/wp-json\/wp\/v2\/pages"}],"about":[{"href":"https:\/\/hb9sota.ch\/it\/wp-json\/wp\/v2\/types\/page"}],"author":[{"embeddable":true,"href":"https:\/\/hb9sota.ch\/it\/wp-json\/wp\/v2\/users\/1"}],"replies":[{"embeddable":true,"href":"https:\/\/hb9sota.ch\/it\/wp-json\/wp\/v2\/comments?post=7573"}],"version-history":[{"count":5,"href":"https:\/\/hb9sota.ch\/it\/wp-json\/wp\/v2\/pages\/7573\/revisions"}],"predecessor-version":[{"id":9221,"href":"https:\/\/hb9sota.ch\/it\/wp-json\/wp\/v2\/pages\/7573\/revisions\/9221"}],"wp:attachment":[{"href":"https:\/\/hb9sota.ch\/it\/wp-json\/wp\/v2\/media?parent=7573"}],"curies":[{"name":"wp","href":"https:\/\/api.w.org\/{rel}","templated":true}]}}