{"id":7276,"date":"2023-01-22T15:14:31","date_gmt":"2023-01-22T14:14:31","guid":{"rendered":"https:\/\/hb9sota.ch\/?page_id=7276"},"modified":"2025-12-30T09:47:10","modified_gmt":"2025-12-30T08:47:10","slug":"sota-in-schutzgebieten","status":"publish","type":"page","link":"https:\/\/hb9sota.ch\/it\/sota-in-schutzgebieten\/","title":{"rendered":"SOTA-Aktivierungen in Schweizer Schutzgebieten"},"content":{"rendered":"\n<p><\/p>\n\n\n\n<p>In der Schweiz gibt es hunderte von Schutzgebieten, welche wiederum in viele unterschiedliche Kategorien unterteilt sind. Als SOTA- Aktivierer oder Aktiviererin wird man fr\u00fcher oder sp\u00e4ter mit diesen Schutzgebieten konfrontiert. Pl\u00f6tzlich stehst du vor einer Tafel, man hat so ein Bauchgef\u00fchl, dass man diese genau studieren sollte, doch die Zeit dr\u00e4ngt, man m\u00f6chte zum Gipfel und endlich funken\u2026<\/p>\n\n\n\n<p>Einen kurzen Leitfaden zu den Schweizer Schutzgebieten mit weiteren Informationsquellen, Tipps und Verhaltensregeln findest du hier:<\/p>\n\n\n\n<div data-wp-interactive=\"core\/file\" class=\"wp-block-file\"><object data-wp-bind--hidden=\"!state.hasPdfPreview\" hidden class=\"wp-block-file__embed\" data=\"https:\/\/hb9sota.ch\/wp-content\/uploads\/2023\/01\/SOTAinSchutzgebieten_202301015.pdf\" type=\"application\/pdf\" style=\"width:100%;height:600px\" aria-label=\"Incorporamento di SOTAinSchutzgebieten_202301015.\"><\/object><a id=\"wp-block-file--media-4236d6dc-fde8-4644-a53e-36dd05a33714\" href=\"https:\/\/hb9sota.ch\/wp-content\/uploads\/2023\/01\/SOTAinSchutzgebieten_202301015.pdf\">SOTAinSchutzgebieten_202301015<\/a><a href=\"https:\/\/hb9sota.ch\/wp-content\/uploads\/2023\/01\/SOTAinSchutzgebieten_202301015.pdf\" class=\"wp-block-file__button wp-element-button\" download aria-describedby=\"wp-block-file--media-4236d6dc-fde8-4644-a53e-36dd05a33714\">Download<\/a><\/div>\n","protected":false},"excerpt":{"rendered":"<p>In der Schweiz gibt es hunderte von Schutzgebieten, welche wiederum in viele unterschiedliche Kategorien unterteilt sind. Als SOTA- Aktivierer oder Aktiviererin wird man fr\u00fcher oder sp\u00e4ter mit diesen Schutzgebieten konfrontiert. Pl\u00f6tzlich stehst du vor einer Tafel, man hat so ein &hellip;<\/p>\n<p class=\"read-more\"> <a class=\"more-link\" href=\"https:\/\/hb9sota.ch\/it\/sota-in-schutzgebieten\/\"> <span class=\"screen-reader-text\">SOTA-Aktivierungen in Schweizer Schutzgebieten<\/span> Leggi tutto &raquo;<\/a><\/p>\n","protected":false},"author":133,"featured_media":0,"parent":0,"menu_order":0,"comment_status":"closed","ping_status":"closed","template":"","meta":{"publish_to_discourse":"","publish_post_category":"","wpdc_auto_publish_overridden":"","wpdc_topic_tags":"","wpdc_pin_topic":"","wpdc_pin_until":"","discourse_post_id":"","discourse_permalink":"","wpdc_publishing_response":"","wpdc_publishing_error":"","footnotes":""},"class_list":["post-7276","page","type-page","status-publish","hentry"],"_links":{"self":[{"href":"https:\/\/hb9sota.ch\/it\/wp-json\/wp\/v2\/pages\/7276","targetHints":{"allow":["GET"]}}],"collection":[{"href":"https:\/\/hb9sota.ch\/it\/wp-json\/wp\/v2\/pages"}],"about":[{"href":"https:\/\/hb9sota.ch\/it\/wp-json\/wp\/v2\/types\/page"}],"author":[{"embeddable":true,"href":"https:\/\/hb9sota.ch\/it\/wp-json\/wp\/v2\/users\/133"}],"replies":[{"embeddable":true,"href":"https:\/\/hb9sota.ch\/it\/wp-json\/wp\/v2\/comments?post=7276"}],"version-history":[{"count":5,"href":"https:\/\/hb9sota.ch\/it\/wp-json\/wp\/v2\/pages\/7276\/revisions"}],"predecessor-version":[{"id":11790,"href":"https:\/\/hb9sota.ch\/it\/wp-json\/wp\/v2\/pages\/7276\/revisions\/11790"}],"wp:attachment":[{"href":"https:\/\/hb9sota.ch\/it\/wp-json\/wp\/v2\/media?parent=7276"}],"curies":[{"name":"wp","href":"https:\/\/api.w.org\/{rel}","templated":true}]}}