{"id":627,"date":"2013-12-29T10:20:07","date_gmt":"2013-12-29T10:20:07","guid":{"rendered":"http:\/\/preview.hb9sota.ch\/?page_id=627"},"modified":"2024-09-13T07:22:19","modified_gmt":"2024-09-13T05:22:19","slug":"hb9dst-2","status":"publish","type":"page","link":"https:\/\/hb9sota.ch\/it\/berichte\/hb9dst-2\/","title":{"rendered":"HB9DST"},"content":{"rendered":"\n<h3 class=\"wp-block-heading\">Reports from Paul HB9DST (in English)<\/h3>\n\n\n\n<p>Switzerland is blessed with so many beautiful, interesting summits. I have written reports for those I found particularly interesting for one reason or another. In addition, entries marked with *** are summits that I highly recommend for a visitor who will be in Switzerland for only a limited amount of time and would like to activate some of the best SOTAs our country has to offer.<\/p>\n\n\n\n<h2 class=\"wp-block-heading\">SUMMER ACTIVATION HIGHLIGHTS<\/h2>\n\n\n\n<p><a href=\"https:\/\/hb9sota.ch\/wp-content\/uploads\/2013\/12\/SZ-019-Grosser-Mythen-report1.pdf\">*** <\/a><a href=\"https:\/\/hb9sota.ch\/wp-content\/uploads\/2013\/12\/SZ-019-Grosser-Mythen-report1.pdf\">Grosser Mythen <\/a><a href=\"https:\/\/hb9sota.ch\/wp-content\/uploads\/2013\/12\/SZ-019-Grosser-Mythen-report1.pdf\">HB<\/a><a href=\"https:\/\/hb9sota.ch\/wp-content\/uploads\/2013\/12\/SZ-019-Grosser-Mythen-report.pdf\" target=\"_blank\" rel=\"noopener noreferrer\">\/<\/a><a href=\"https:\/\/hb9sota.ch\/wp-content\/uploads\/2013\/12\/SZ-019-Grosser-Mythen-report1.pdf\">SZ-019<\/a><a href=\"https:\/\/hb9sota.ch\/wp-content\/uploads\/2013\/12\/SZ-019-Grosser-Mythen-report1.pdf\"> (S 2014)<\/a><\/p>\n\n\n\n<p><a href=\"https:\/\/hb9sota.ch\/wp-content\/uploads\/2018\/09\/FR-008-Kaiseregg-report.pdf\">*** Kaiseregg HB\/FR-008 Kaiseregg (S 2018)<\/a><\/p>\n\n\n\n<p><a href=\"https:\/\/hb9sota.ch\/wp-content\/uploads\/2020\/07\/SZ-017-Chlingenstock-SZ-018-Fronalpstock-1.pdf\">*** Chlingenstock HB\/SZ-017 and Fronalpstock HB\/SZ-018 (S 2020)<\/a><\/p>\n\n\n\n<p><a href=\"https:\/\/hb9sota.ch\/wp-content\/uploads\/2013\/12\/Piz-Danis-St\u00e4tzer-Horn-report.pdf\">*** Piz Danis HB\/GR-104 and St\u00e4tzer Horn HB\/GR-105 (S 2016)<\/a><\/p>\n\n\n\n<p><a href=\"https:\/\/hb9sota.ch\/wp-content\/uploads\/2013\/12\/Buergenstock.pdf\">*** Buergenstock HB\/NW-019 (S 2013)<\/a><\/p>\n\n\n\n<p><a href=\"https:\/\/hb9sota.ch\/wp-content\/uploads\/2013\/12\/VS-110-Eggishorn-report1.pdf\">*** Eggishorn HB\/VS-110 (S 2013)<\/a><\/p>\n\n\n\n<p><a href=\"https:\/\/hb9sota.ch\/wp-content\/uploads\/2013\/12\/GR-085-report.pdf\">*** Schwarzhorn HB\/GR-085 (S 2015)<\/a><\/p>\n\n\n\n<p><a href=\"https:\/\/hb9sota.ch\/wp-content\/uploads\/2020\/09\/Churfirsten-report4.pdf\">*** The Churfirsten HB\/SG-049 \/ SG-020 \/ SG-018 \/ SG-052 \/ SG-053 \/ SG-017<\/a><\/p>\n\n\n\n<p><a href=\"https:\/\/hb9sota.ch\/wp-content\/uploads\/2013\/12\/Klewenalp-region1.pdf\">*** The Klewenalp region HB\/NW-012 \/ NW-014 \/ NW-016 \/ NW-017 \/ NW-018 \/ UR-074<\/a><\/p>\n\n\n\n<p><a href=\"https:\/\/hb9sota.ch\/wp-content\/uploads\/2013\/12\/Bella-Tola-and-Illhorn-trip-report.pdf\">*** Bella Tola HB\/VS-175 and Illhorn HB\/VS-216 (S 2016)<\/a><\/p>\n\n\n\n<p><a href=\"https:\/\/hb9sota.ch\/wp-content\/uploads\/2018\/08\/OW-001-report_eng.pdf\">*** Titlis HB\/OW-001 (S 2018)<\/a><\/p>\n\n\n\n<p><a href=\"https:\/\/hb9sota.ch\/wp-content\/uploads\/2018\/09\/Gonzen-Alvier.pdf\">*** The Gonzen and Palfries Region: Alvier (HB\/SG-016) and Gauschla (HB\/SG-051), Gonzen (HB\/SG-030) and F\u00e4der\u00e4\/Tschugga (HB\/SG-048)<\/a><\/p>\n\n\n\n<p><a href=\"https:\/\/hb9sota.ch\/wp-content\/uploads\/2022\/05\/Lugano_report.pdf\">*** Lugano Area HB\/TI-101, HB\/TI-102, HB\/TI-131, HB\/TI-132, HB\/TI-136, HB\/TI-142, HB\/TI-146, HB\/TI-147, HB\/TI-149, HB\/TI-150, HB\/TI-151, HB\/TI-152, HB\/TI-153, HB\/TI-158, I\/LO-244 (S 2022)<\/a><\/p>\n\n\n\n<p><a href=\"https:\/\/hb9sota.ch\/wp-content\/uploads\/2013\/12\/Barrhorn-report.pdf\">\u00dcssers Barrhorn HB\/VS-078 (S 2015)<\/a><\/p>\n\n\n\n<p><a href=\"https:\/\/hb9sota.ch\/wp-content\/uploads\/2013\/12\/Druesberg-report.pdf\">Druesberg HB\/SZ-011 (S 2015)<\/a><\/p>\n\n\n\n<p><a href=\"https:\/\/hb9sota.ch\/wp-content\/uploads\/2013\/12\/BE-089-report.pdf\">Elsighore \/ Elsignorn HB\/BE-089 (S 2015)<\/a><\/p>\n\n\n\n<p><a href=\"https:\/\/hb9sota.ch\/wp-content\/uploads\/2013\/12\/Augstbordhorn-report.pdf\">Augstbordhorn HB\/VS-184 (S 2015)<\/a><\/p>\n\n\n\n<p><a href=\"https:\/\/hb9sota.ch\/wp-content\/uploads\/2013\/12\/GR-107-Vilan-report1.pdf\">Vilan HB\/GR-107 (S 2015)<\/a><\/p>\n\n\n\n<p><a href=\"https:\/\/hb9sota.ch\/wp-content\/uploads\/2013\/12\/GR-101-Piz-Beverin-report.pdf\">Piz Beverin HB\/GR-101 (S 2015)<\/a><\/p>\n\n\n\n<p><a href=\"https:\/\/hb9sota.ch\/wp-content\/uploads\/2013\/12\/GL-023-report.pdf\">Gufelstock HB\/GL-023 (S 2015)<\/a><\/p>\n\n\n\n<p><a href=\"https:\/\/hb9sota.ch\/wp-content\/uploads\/2018\/08\/VS-112-Mont-de-lArpille-report.pdf\">Mont de l&#8217;Arpille HB\/VS-112 report (S 2013)<\/a><\/p>\n\n\n\n<p><a href=\"https:\/\/hb9sota.ch\/wp-content\/uploads\/2013\/12\/BE-103-Stockhorn1.pdf\">Stockhorn HB\/BE-103 and Cheibehore HB\/BE-148 (S 2013)<\/a><\/p>\n\n\n\n<p><a href=\"https:\/\/hb9sota.ch\/wp-content\/uploads\/2013\/12\/BE-108-and-BE-154-Napf1.pdf\">Farnli HB\/BE-108 and Napf HB\/BE-154 (S 2013)<\/a><\/p>\n\n\n\n<p><a href=\"https:\/\/hb9sota.ch\/wp-content\/uploads\/2013\/12\/Gantrisch-report1.pdf\">Gantrisch HB\/BE-115 and B\u00fcrglen HB\/BE-120 (S2013)<\/a><\/p>\n\n\n\n<p><a href=\"https:\/\/hb9sota.ch\/wp-content\/uploads\/2013\/12\/GR-292-Calmut1.pdf\">Calmut HB\/GR-292 (S 2013)<\/a><\/p>\n\n\n\n<p><a href=\"https:\/\/hb9sota.ch\/wp-content\/uploads\/2013\/12\/Pizalun-SG-040-report1.pdf\">Pizalun HB\/SG-040 (S 2014)<\/a><\/p>\n\n\n\n<p><a href=\"https:\/\/hb9sota.ch\/wp-content\/uploads\/2013\/12\/SG-013-Hochfinsler.pdf\">Hochfinsler HB\/SG-013 (S 2014)<\/a><\/p>\n\n\n\n<p><a href=\"https:\/\/hb9sota.ch\/wp-content\/uploads\/2013\/12\/BE-122-Baederhore-report1.pdf\">B\u00e4derhore HB\/BE-122 (S 2014)<\/a><\/p>\n\n\n\n<p><a href=\"https:\/\/hb9sota.ch\/wp-content\/uploads\/2013\/12\/AI-006-Alp-Sigel-AI-005.pdf\">Hoher Kasten HB\/AI-005 and Alp Sigel HB\/AI-006 (S 2014)<\/a><\/p>\n\n\n\n<p><a href=\"https:\/\/hb9sota.ch\/wp-content\/uploads\/2013\/12\/VD-020-0241.pdf\">Le Chamossaire HB\/VD-020 and Chaux Ronde HB\/VD-024 (S 2014)<\/a><\/p>\n\n\n\n<p><\/p>\n\n\n\n<h2 class=\"wp-block-heading\">WINTER ACTIVATION HIGHLIGHTS (done with snowshoes, but also interesting for summer)<\/h2>\n\n\n\n<p><a href=\"https:\/\/hb9sota.ch\/wp-content\/uploads\/2013\/12\/VD-035-Le-Chasseron-report.pdf\">*** Le Chasseron HB\/VD-035 (W 2014\/2015)<\/a><\/p>\n\n\n\n<p><a href=\"https:\/\/hb9sota.ch\/wp-content\/uploads\/2013\/12\/GR-102-1032.pdf\">*** L\u00fcschkopf HB\/GR-102 and Tguma HB\/GR-103 (W 2014\/15)<\/a><\/p>\n\n\n\n<p><a href=\"https:\/\/hb9sota.ch\/wp-content\/uploads\/2013\/12\/FR-033-Niremont-report2.pdf\">*** Niremont HB\/FR-033 (W 2013\/14)<\/a><\/p>\n\n\n\n<p><a href=\"https:\/\/hb9sota.ch\/wp-content\/uploads\/2013\/12\/Dossen-report2.pdf\">*** Dossen HB\/SZ-035 (W 2013\/14)<\/a><\/p>\n\n\n\n<p><a href=\"https:\/\/hb9sota.ch\/wp-content\/uploads\/2013\/12\/Obergestelhuette_report_BE-118_BE-149.pdf\" target=\"_blank\" rel=\"noopener noreferrer\">Niderhore HB\/BE-118, Meniggrat HB\/BE-149 (W 2013\/14)<\/a><\/p>\n\n\n\n<p><a href=\"https:\/\/hb9sota.ch\/wp-content\/uploads\/2013\/12\/BE-144-Horntube-report.pdf\">Horntube HB\/BE-144 (W 2014\/2015)<\/a><\/p>\n\n\n\n<p><a href=\"https:\/\/hb9sota.ch\/wp-content\/uploads\/2013\/12\/VD-034-La-Dole1.pdf\">La Dole HB\/VD-034 (W 2014\/15)<\/a><\/p>\n\n\n\n<p><a href=\"https:\/\/hb9sota.ch\/wp-content\/uploads\/2013\/12\/FR-027-Hohmattli1.pdf\">Hohmattli HB\/FR-027 (W 2014\/15)<\/a><\/p>\n\n\n\n<p><a href=\"https:\/\/hb9sota.ch\/wp-content\/uploads\/2013\/12\/VD-031-Monts-Chevreuils-report.pdf\">Monts Chevreuils HB\/VD-031 (W 2013\/14)<\/a><\/p>\n\n\n\n<p><a href=\"https:\/\/hb9sota.ch\/wp-content\/uploads\/2013\/12\/VD-038-Aiguilles-de-Baulmes-report1.pdf\">Aiguilles de Baulmes HB\/VD-038 (W 2013\/14)<\/a><\/p>\n\n\n\n<h2 class=\"wp-block-heading\">HIGHLIGHTS FROM OTHER ASSOCIATIONS<\/h2>\n\n\n\n<p><a href=\"https:\/\/hb9sota.ch\/wp-content\/uploads\/2019\/07\/Across-the-Furstensteig-to-Kuhgrat-1.pdf\">*** Across the Furstensteig to HB0\/LI-008 Kuhgrat with optional HB0\/LI-011 Helwangspitz (S2019<\/a>)<\/p>\n\n\n\n<p><a href=\"https:\/\/hb9sota.ch\/wp-content\/uploads\/2019\/04\/Augstenberg-LI-004-report.pdf\">Augstenberg HB0\/LI-004 (numerous visits)<\/a><\/p>\n\n\n\n<p><a href=\"https:\/\/hb9sota.ch\/wp-content\/uploads\/2013\/12\/Naafkopf-activation-report-1.pdf\">Naafkopf HB0\/LI-002 (updated S 2016)<\/a><\/p>\n\n\n\n<p><a href=\"https:\/\/hb9sota.ch\/wp-content\/uploads\/2013\/12\/Hochberg-VB-511-and-Hirschberg-VB-509.pdf\">Hochberg OE\/VB-511 and Hirschberg OE\/VB-509<\/a> (S 2016)<\/p>\n\n\n\n<p><a href=\"https:\/\/hb9sota.ch\/wp-content\/uploads\/2013\/12\/Hegau-volcanoes-1.pdf\">The Hegau volcanoes (DM\/BW-086 Hohenhewen, DM\/BW-085 Hohenstoffeln and DM\/BW-101 Hohentwiel) (S 2015)<\/a><\/p>\n\n\n\n<p><a href=\"https:\/\/hb9sota.ch\/wp-content\/uploads\/2013\/12\/SV-AG-049-026.pdf\" target=\"_blank\" rel=\"noopener noreferrer\">Nisyros SV\/AG-049 and Lipsi\/Skafi SV\/AG-026 (S 2014)<\/a><\/p>\n\n\n\n<h6 class=\"wp-block-heading\"><span style=\"color: #ff0000;\">Wichtig: In keinem Fall haftet HB9SOTA&nbsp;oder der Verfasser des Berichtes f\u00fcr allf\u00e4llige direkte oder indirekte Sch\u00e4den, die als Folge des Gebrauchs von Informationen dieser Website enstehten.<\/span><\/h6>\n\n\n\n<h6 class=\"wp-block-heading\"><span style=\"color: #ff0000;\"> Important: In no case will HB9SOTA or the author of these reports be liable for any direct or indirect damage resulting from the use of information on this website.<\/span><\/h6>\n","protected":false},"excerpt":{"rendered":"<p>Reports from Paul HB9DST (in English) Switzerland is blessed with so many beautiful, interesting summits. I have written reports for those I found particularly interesting for one reason or another. In addition, entries marked with *** are summits that I &hellip;<\/p>\n<p class=\"read-more\"> <a class=\"more-link\" href=\"https:\/\/hb9sota.ch\/it\/berichte\/hb9dst-2\/\"> <span class=\"screen-reader-text\">HB9DST<\/span> Leggi tutto &raquo;<\/a><\/p>\n","protected":false},"author":33,"featured_media":0,"parent":78,"menu_order":0,"comment_status":"closed","ping_status":"closed","template":"","meta":{"publish_to_discourse":"","publish_post_category":"","wpdc_auto_publish_overridden":"","wpdc_topic_tags":"","wpdc_pin_topic":"","wpdc_pin_until":"","discourse_post_id":"","discourse_permalink":"","wpdc_publishing_response":"","wpdc_publishing_error":"","footnotes":""},"class_list":["post-627","page","type-page","status-publish","hentry"],"_links":{"self":[{"href":"https:\/\/hb9sota.ch\/it\/wp-json\/wp\/v2\/pages\/627","targetHints":{"allow":["GET"]}}],"collection":[{"href":"https:\/\/hb9sota.ch\/it\/wp-json\/wp\/v2\/pages"}],"about":[{"href":"https:\/\/hb9sota.ch\/it\/wp-json\/wp\/v2\/types\/page"}],"author":[{"embeddable":true,"href":"https:\/\/hb9sota.ch\/it\/wp-json\/wp\/v2\/users\/33"}],"replies":[{"embeddable":true,"href":"https:\/\/hb9sota.ch\/it\/wp-json\/wp\/v2\/comments?post=627"}],"version-history":[{"count":109,"href":"https:\/\/hb9sota.ch\/it\/wp-json\/wp\/v2\/pages\/627\/revisions"}],"predecessor-version":[{"id":6543,"href":"https:\/\/hb9sota.ch\/it\/wp-json\/wp\/v2\/pages\/627\/revisions\/6543"}],"up":[{"embeddable":true,"href":"https:\/\/hb9sota.ch\/it\/wp-json\/wp\/v2\/pages\/78"}],"wp:attachment":[{"href":"https:\/\/hb9sota.ch\/it\/wp-json\/wp\/v2\/media?parent=627"}],"curies":[{"name":"wp","href":"https:\/\/api.w.org\/{rel}","templated":true}]}}