{"id":618,"date":"2013-12-29T10:06:43","date_gmt":"2013-12-29T10:06:43","guid":{"rendered":"http:\/\/preview.hb9sota.ch\/?page_id=618"},"modified":"2024-09-13T07:22:19","modified_gmt":"2024-09-13T05:22:19","slug":"hb9afh","status":"publish","type":"page","link":"https:\/\/hb9sota.ch\/it\/berichte\/hb9afh\/","title":{"rendered":"HB9AFH"},"content":{"rendered":"<h3>Berichte von Hugo, HB9AFH<\/h3>\n<p><a href=\"https:\/\/hb9sota.ch\/wp-content\/uploads\/2013\/12\/Federispitz-SG029.pdf\" target=\"_blank\" rel=\"noopener\">Federispitz HB\/SG-029 (S 2013)<\/a><\/p>\n<p><a href=\"https:\/\/hb9sota.ch\/wp-content\/uploads\/2013\/12\/Matthorn-OW-015.pdf\" target=\"_blank\" rel=\"noopener\">Matthorn HB\/OW-015 (S 2013)<\/a><\/p>\n<p><a href=\"https:\/\/hb9sota.ch\/wp-content\/uploads\/2013\/12\/Chaiserstock-Fulen-b.pdf\" target=\"_blank\" rel=\"noopener\">Chaiserstock HB\/SZ-003 und Fulen HB\/SZ-005 (S 2013)<\/a><\/p>\n<p><a href=\"https:\/\/hb9sota.ch\/wp-content\/uploads\/2013\/12\/Stock-027.pdf\" target=\"_blank\" rel=\"noopener\">Stock HB\/SZ-027 (W 2012\/13)<\/a><\/p>\n<p><a href=\"https:\/\/hb9sota.ch\/wp-content\/uploads\/2013\/12\/Fluebrig-Diethelm-SG0132.pdf\" target=\"_blank\" rel=\"noopener\">Fluebrig\/Diethelm HB\/SG-013 (S 2013)<\/a><\/p>\n<p><a href=\"https:\/\/hb9sota.ch\/wp-content\/uploads\/2013\/12\/AFH_HB0-LI011-Hellwangspitz.pdf\" target=\"_blank\" rel=\"noopener\">Hellwangspitz HB0\/LI-011 (S 2013)<\/a><\/p>\n<p><a href=\"https:\/\/hb9sota.ch\/wp-content\/uploads\/2013\/12\/Alvier-Gauschla.pdf\" target=\"_blank\" rel=\"noopener\">Alvier HB\/SG-016, Gauschla HB\/SG-051 (S 2013)<\/a><\/p>\n<p><a href=\"https:\/\/hb9sota.ch\/wp-content\/uploads\/2013\/12\/F\u00fcrstein-OW016.pdf\" target=\"_blank\" rel=\"noopener\">F\u00fcrstein HB\/OW-016 (W 2012\/13)<\/a><\/p>\n<p><a href=\"https:\/\/hb9sota.ch\/wp-content\/uploads\/2013\/12\/Miesenstock-OW020.pdf\" target=\"_blank\" rel=\"noopener\">Miesenstock HB\/OW-020 (W 2012\/13)<\/a><\/p>\n<p><a href=\"https:\/\/hb9sota.ch\/wp-content\/uploads\/2013\/12\/Wissgrandst\u00f6ckli-GL21-Schn\u00fcrligrat-SG011.pdf\" target=\"_blank\" rel=\"noopener\">Wissgandst\u00f6ckli HB\/GL-021, Schn\u00fcrligrat HB\/SG-011 (S 2013)<\/a><\/p>\n<p><a href=\"https:\/\/hb9sota.ch\/wp-content\/uploads\/2013\/12\/La-Berra-FR-028.pdf\">La Berra HB\/FR-028 (S 2015)<\/a><\/p>\n<p><a href=\"https:\/\/hb9sota.ch\/wp-content\/uploads\/2013\/12\/Biet.pdf\">Biet HB\/SZ-016 (S 2015)<\/a><\/p>\n<p><a href=\"https:\/\/hb9sota.ch\/wp-content\/uploads\/2013\/12\/Risetenhoren.pdf\">Risetenhore HB\/GL-025 (S 2015)<\/a><\/p>\n<p><a href=\"https:\/\/hb9sota.ch\/wp-content\/uploads\/2013\/12\/Flaeschenspitz_SZ-014.pdf\">Fl\u00e4schenspitz HB\/SZ-014 (S 2015)<\/a><\/p>\n<p><a href=\"https:\/\/hb9sota.ch\/wp-content\/uploads\/2013\/12\/La-Conyonada.pdf\">La Conyonada EA1\/AT-128 (S 2015)<\/a><\/p>\n<p><a href=\"https:\/\/hb9sota.ch\/wp-content\/uploads\/2016\/07\/silberen-bericht-SZ10-2.pdf\">Tw\u00e4renen-R\u00e4ui\/ Silberenberen HB\/SZ-010 (S 2016)<\/a><\/p>\n<p><a href=\"https:\/\/hb9sota.ch\/wp-content\/uploads\/2013\/12\/Bericht-Haglere-OW25.pdf\" target=\"_blank\" rel=\"noopener\">Haglere HB\/OW-025 (S 2017)<\/a><\/p>\n<p><a href=\"https:\/\/hb9sota.ch\/wp-content\/uploads\/2018\/08\/Hochm_ttli_GL30.pdf\" target=\"_blank\" rel=\"noopener\">Hochm\u00e4ttli_HB\/GL-030 (S 2018)<\/a><\/p>\n<h6><span style=\"color: #ff0000;\">Wichtig: In keinem Fall haftet HB9SOTA oder der Verfasser des Berichtes f\u00fcr allf\u00e4llige direkte oder indirekte Sch\u00e4den, die als Folge des Gebrauchs von Informationen dieser Website enstehten.<\/span><\/h6>\n","protected":false},"excerpt":{"rendered":"<p>Berichte von Hugo, HB9AFH Federispitz HB\/SG-029 (S 2013) Matthorn HB\/OW-015 (S 2013) Chaiserstock HB\/SZ-003 und Fulen HB\/SZ-005 (S 2013) Stock HB\/SZ-027 (W 2012\/13) Fluebrig\/Diethelm HB\/SG-013 (S 2013) Hellwangspitz HB0\/LI-011 (S 2013) Alvier HB\/SG-016, Gauschla HB\/SG-051 (S 2013) F\u00fcrstein HB\/OW-016 (W &hellip;<\/p>\n<p class=\"read-more\"> <a class=\"more-link\" href=\"https:\/\/hb9sota.ch\/it\/berichte\/hb9afh\/\"> <span class=\"screen-reader-text\">HB9AFH<\/span> Leggi tutto &raquo;<\/a><\/p>\n","protected":false},"author":6,"featured_media":0,"parent":78,"menu_order":0,"comment_status":"closed","ping_status":"closed","template":"","meta":{"publish_to_discourse":"","publish_post_category":"","wpdc_auto_publish_overridden":"","wpdc_topic_tags":"","wpdc_pin_topic":"","wpdc_pin_until":"","discourse_post_id":"","discourse_permalink":"","wpdc_publishing_response":"","wpdc_publishing_error":"","footnotes":""},"class_list":["post-618","page","type-page","status-publish","hentry"],"_links":{"self":[{"href":"https:\/\/hb9sota.ch\/it\/wp-json\/wp\/v2\/pages\/618","targetHints":{"allow":["GET"]}}],"collection":[{"href":"https:\/\/hb9sota.ch\/it\/wp-json\/wp\/v2\/pages"}],"about":[{"href":"https:\/\/hb9sota.ch\/it\/wp-json\/wp\/v2\/types\/page"}],"author":[{"embeddable":true,"href":"https:\/\/hb9sota.ch\/it\/wp-json\/wp\/v2\/users\/6"}],"replies":[{"embeddable":true,"href":"https:\/\/hb9sota.ch\/it\/wp-json\/wp\/v2\/comments?post=618"}],"version-history":[{"count":19,"href":"https:\/\/hb9sota.ch\/it\/wp-json\/wp\/v2\/pages\/618\/revisions"}],"predecessor-version":[{"id":2884,"href":"https:\/\/hb9sota.ch\/it\/wp-json\/wp\/v2\/pages\/618\/revisions\/2884"}],"up":[{"embeddable":true,"href":"https:\/\/hb9sota.ch\/it\/wp-json\/wp\/v2\/pages\/78"}],"wp:attachment":[{"href":"https:\/\/hb9sota.ch\/it\/wp-json\/wp\/v2\/media?parent=618"}],"curies":[{"name":"wp","href":"https:\/\/api.w.org\/{rel}","templated":true}]}}