{"id":576,"date":"2013-12-26T14:45:07","date_gmt":"2013-12-26T14:45:07","guid":{"rendered":"http:\/\/preview.hb9sota.ch\/?page_id=576"},"modified":"2024-09-13T07:22:19","modified_gmt":"2024-09-13T05:22:19","slug":"winteraktivierung-hbgr-138","status":"publish","type":"page","link":"https:\/\/hb9sota.ch\/it\/berichte\/winteraktivierung-hbgr-138\/","title":{"rendered":"Winteraktivierung HB\/GR-138"},"content":{"rendered":"<h3><span style=\"text-decoration: underline;\">Piz Griatschouls 2972m<\/span><\/h3>\n<p>Es ist ein ganz besonderes Erlebnis einen Gipfel im Winter zu besteigen und so aktiviere ich den Piz Griatschouls, einer meiner Hausberge \u00f6fters auch im Winter \u00a0mit Tourenski.<br \/>\nDen Skilift Zuoz-<wbr \/>Albanas kann ich am Nachbarberg des Piz Griatschouls auf 2340m hochfahren. Anschliessend steige ich von dort aus zwischen den Lawinenschutzverbauungen auf bis kurz unter die Botta Cuolm und \u00fcberquere dann im Sattel \u00a0die Val d&#8217;Urezza.<\/p>\n<p>Nach einem sehr steilen Schlussaufstieg erreiche ich das Skidepot auf 2955m. Von dort aus gilt es, den Gipfelgrat zu Fuss zu bezwingen. Es herrscht eine unendliche \u00a0Stille. Die Ger\u00e4usche der Fussstapfen im Schnee und die des eigenen Atems sind fast die einzigen Begleiter. Nach etwa zweieinhalb Stunden erreiche ich mein Ziel, den Piz Griatschouls, HB\/GR-<wbr \/>138 mit 2972m\u00fcM.<\/p>\n<p>Das Wetter ist gut. Vom Piz Griatschouls bietet sich eine sehr sch\u00f6ne Rundumsicht \u00fcber das Oberengadin, das Berninamassiv, den Piz Kesch, Scaletta Pass, Teile des R\u00e4tikons und Vieles mehr. Das Winterkleid dieser unber\u00fchrten Berglandschaft ist besonders reizvoll.<\/p>\n<p>Das Aufstellen meiner W3DZZ Antenne mit 2mal 16m Schenkell\u00e4nge ist zwar nicht so einfach, aber wenn ich die Schenkel etwas an den Gipfelflanken runterspanne \u00a0geht es doch. Auch mein Handy ist dabei um einige lokale Stationen zu arbeiten und oft bin ich erstaunt wie weit das Signal auf 145.525 MHz reicht. Beim Funkbetrieb auf den kurzen Wellen durfte ich auf dem Piz Griatschouls schon wahre Highlights erleben. \u00a0So war es mir im November 2007 m\u00f6glich, mit nur 5W vom Yaesu FT 817 CE5JZO in Chile auf 15m zu arbeiten. Faszinierend!<\/p>\n<p>Nach einer kurzen Gipfelrast mit Genuss der Aussicht, zufrieden wieder 10+3 Punkte gesammelt zu haben, geht es ans Zusammen-<wbr \/>r\u00e4umen. Alles wird wieder fein s\u00e4uberlich \u00a0im Rucksack verstaut und anschliessend folgt ein weiterer Vorteil einer Winteraktivierung: F\u00fcr die 1250 H\u00f6henmeter bis ins Tal nach Zuoz dauert die Skiabfahrt nur etwa dreiviertel Stunden inklusive der Grat\u00fcberschreitung zu Fuss bis zum Skidepot.<\/p>\n<p>Guido, HB9TNF<\/p>\n\n<p>&nbsp;<\/p>\n<h6><span style=\"color: #ff0000;\">Wichtig: In keinem Fall haftet HB9SOTA oder der Verfasser des Berichtes f\u00fcr allf\u00e4llige direkte oder indirekte Sch\u00e4den, die als Folge des Gebrauchs von Informationen dieser Website enstehten.<\/span><\/h6>\n","protected":false},"excerpt":{"rendered":"<p>Piz Griatschouls 2972m Es ist ein ganz besonderes Erlebnis einen Gipfel im Winter zu besteigen und so aktiviere ich den Piz Griatschouls, einer meiner Hausberge \u00f6fters auch im Winter \u00a0mit Tourenski. Den Skilift Zuoz-Albanas kann ich am Nachbarberg des Piz &hellip;<\/p>\n<p class=\"read-more\"> <a class=\"more-link\" href=\"https:\/\/hb9sota.ch\/it\/berichte\/winteraktivierung-hbgr-138\/\"> <span class=\"screen-reader-text\">Winteraktivierung HB\/GR-138<\/span> Leggi tutto &raquo;<\/a><\/p>\n","protected":false},"author":1,"featured_media":0,"parent":78,"menu_order":0,"comment_status":"closed","ping_status":"open","template":"","meta":{"publish_to_discourse":"","publish_post_category":"","wpdc_auto_publish_overridden":"","wpdc_topic_tags":"","wpdc_pin_topic":"","wpdc_pin_until":"","discourse_post_id":"","discourse_permalink":"","wpdc_publishing_response":"","wpdc_publishing_error":"","footnotes":""},"class_list":["post-576","page","type-page","status-publish","hentry"],"_links":{"self":[{"href":"https:\/\/hb9sota.ch\/it\/wp-json\/wp\/v2\/pages\/576","targetHints":{"allow":["GET"]}}],"collection":[{"href":"https:\/\/hb9sota.ch\/it\/wp-json\/wp\/v2\/pages"}],"about":[{"href":"https:\/\/hb9sota.ch\/it\/wp-json\/wp\/v2\/types\/page"}],"author":[{"embeddable":true,"href":"https:\/\/hb9sota.ch\/it\/wp-json\/wp\/v2\/users\/1"}],"replies":[{"embeddable":true,"href":"https:\/\/hb9sota.ch\/it\/wp-json\/wp\/v2\/comments?post=576"}],"version-history":[{"count":3,"href":"https:\/\/hb9sota.ch\/it\/wp-json\/wp\/v2\/pages\/576\/revisions"}],"predecessor-version":[{"id":903,"href":"https:\/\/hb9sota.ch\/it\/wp-json\/wp\/v2\/pages\/576\/revisions\/903"}],"up":[{"embeddable":true,"href":"https:\/\/hb9sota.ch\/it\/wp-json\/wp\/v2\/pages\/78"}],"wp:attachment":[{"href":"https:\/\/hb9sota.ch\/it\/wp-json\/wp\/v2\/media?parent=576"}],"curies":[{"name":"wp","href":"https:\/\/api.w.org\/{rel}","templated":true}]}}