{"id":5594,"date":"2021-11-17T07:58:28","date_gmt":"2021-11-17T06:58:28","guid":{"rendered":"https:\/\/hb9sota.ch\/?page_id=5594"},"modified":"2024-12-21T11:45:50","modified_gmt":"2024-12-21T10:45:50","slug":"mitgliederseiten","status":"publish","type":"page","link":"https:\/\/hb9sota.ch\/it\/mitgliederseiten\/","title":{"rendered":"Mitglieder"},"content":{"rendered":"\n<p style=\"font-size:22px\">HB9SOTA z\u00e4hlt aktuell <strong>282<\/strong> Mitglieder.<\/p>\n\n\n\n<p>Die vollst\u00e4ndige Mitgliederliste ist aus Datenschutzgr\u00fcnden nicht \u00f6ffentlich.<\/p>\n\n\n\n<p>Folgende Mitglieder stellen sich hier \u00f6ffentlich vor:<\/p>\n\n\n\n<ul class=\"wp-block-list\">\n<li><a href=\"https:\/\/hb9sota.ch\/hb9diz\/\" data-type=\"page\" data-id=\"5575\">HB9DIZ<\/a> (Markus Schuler)<\/li>\n\n\n\n<li><a href=\"https:\/\/hb9sota.ch\/hb9eaj\/\" data-type=\"page\" data-id=\"5588\">HB9EAJ<\/a> (Stephan Schmid)<\/li>\n\n\n\n<li><a href=\"https:\/\/hb9sota.ch\/hb9jat\/\" data-type=\"URL\" data-id=\"https:\/\/hb9sota.ch\/hb9jat\/\">HB9JAT <\/a>(Thomas Von Arx)<\/li>\n<\/ul>\n\n\n\n<p><em><span style=\"color:#9c9c9c\" class=\"has-inline-color\">Falls du HB9SOTA-Mitglied bist und dich hier \u00f6ffentlich vorstellen oder Tourenberichte im Men\u00fc \u00abBerichte\u00bb&nbsp;ver\u00f6ffentlichen m\u00f6chtest, dann wende dich bitte an unseren Pr\u00e4sidenten.<\/span><\/em><\/p>\n","protected":false},"excerpt":{"rendered":"<p>HB9SOTA z\u00e4hlt aktuell Mitglieder. Die vollst\u00e4ndige Mitgliederliste ist aus Datenschutzgr\u00fcnden nicht \u00f6ffentlich. Folgende Mitglieder stellen sich hier \u00f6ffentlich vor: Falls du HB9SOTA-Mitglied bist und dich hier \u00f6ffentlich vorstellen oder Tourenberichte im Men\u00fc \u00abBerichte\u00bb&nbsp;ver\u00f6ffentlichen m\u00f6chtest, dann wende dich bitte an unseren &hellip;<\/p>\n<p class=\"read-more\"> <a class=\"more-link\" href=\"https:\/\/hb9sota.ch\/it\/mitgliederseiten\/\"> <span class=\"screen-reader-text\">Mitglieder<\/span> Leggi tutto &raquo;<\/a><\/p>\n","protected":false},"author":1,"featured_media":0,"parent":0,"menu_order":0,"comment_status":"closed","ping_status":"closed","template":"","meta":{"publish_to_discourse":"","publish_post_category":"","wpdc_auto_publish_overridden":"","wpdc_topic_tags":"","wpdc_pin_topic":"","wpdc_pin_until":"","discourse_post_id":"","discourse_permalink":"","wpdc_publishing_response":"","wpdc_publishing_error":"","footnotes":""},"class_list":["post-5594","page","type-page","status-publish","hentry"],"_links":{"self":[{"href":"https:\/\/hb9sota.ch\/it\/wp-json\/wp\/v2\/pages\/5594","targetHints":{"allow":["GET"]}}],"collection":[{"href":"https:\/\/hb9sota.ch\/it\/wp-json\/wp\/v2\/pages"}],"about":[{"href":"https:\/\/hb9sota.ch\/it\/wp-json\/wp\/v2\/types\/page"}],"author":[{"embeddable":true,"href":"https:\/\/hb9sota.ch\/it\/wp-json\/wp\/v2\/users\/1"}],"replies":[{"embeddable":true,"href":"https:\/\/hb9sota.ch\/it\/wp-json\/wp\/v2\/comments?post=5594"}],"version-history":[{"count":19,"href":"https:\/\/hb9sota.ch\/it\/wp-json\/wp\/v2\/pages\/5594\/revisions"}],"predecessor-version":[{"id":9816,"href":"https:\/\/hb9sota.ch\/it\/wp-json\/wp\/v2\/pages\/5594\/revisions\/9816"}],"wp:attachment":[{"href":"https:\/\/hb9sota.ch\/it\/wp-json\/wp\/v2\/media?parent=5594"}],"curies":[{"name":"wp","href":"https:\/\/api.w.org\/{rel}","templated":true}]}}