{"id":5491,"date":"2021-11-07T19:37:31","date_gmt":"2021-11-07T18:37:31","guid":{"rendered":"https:\/\/hb9sota.ch\/?page_id=5491"},"modified":"2025-02-09T21:32:20","modified_gmt":"2025-02-09T20:32:20","slug":"datenschutz","status":"publish","type":"page","link":"https:\/\/hb9sota.ch\/it\/datenschutz\/","title":{"rendered":"Datenschutz"},"content":{"rendered":"\n<h2 class=\"wp-block-heading\"><strong>Datenschutzerkl\u00e4rung f\u00fcr Besucher der Website (Nicht-Mitglieder)<\/strong><\/h2>\n\n\n\n<p>HB9SOTA erfasst keine personenbezogenen Daten von Besuchern der Website.<br>Unser Internet Provider erfasst m\u00f6glicherweise Daten wie z.B. IP-Adressen, die f\u00fcr den technischen Betrieb der Website notwendig sind, und speichert diese im Rahmen seiner gesetzlichen Pflichten.<\/p>\n\n\n\n<h2 class=\"wp-block-heading\"><strong>Datenschutzerkl\u00e4rung f\u00fcr Besteller von Diplomen und Troph\u00e4en<\/strong><\/h2>\n\n\n\n<p>HB9SOTA erfasst die f\u00fcr die Erstellung und Zustellung notwendigen Daten, die vom Antragsteller bei der Beantragung selbst eingegeben werden.<br>F\u00fcr Diplome werden keine Daten an Dritte weiter gegeben. F\u00fcr die Bestellung einer Troph\u00e4e werden die eingegebenen Daten an der Hersteller der Troph\u00e4e weitergegeben. Zweck: Produktion und den Versand. <\/p>\n\n\n\n<p>Name und Rufzeichen der Diplominhaber werden gespeichert und sind auf der HB9SOTA Website ver\u00f6ffentlicht.<\/p>\n\n\n\n<h2 class=\"wp-block-heading\"><strong>Datenschutzerkl\u00e4rung f\u00fcr Mitglieder von HB9SOTA<\/strong><\/h2>\n\n\n\n<p>Personenbezogene Daten von Mitgliedern werden zum Zweck der Mitgliederverwaltung gespeichert. Dies umfasst auch die Sicherstellung der Korrespondenz mit den Mitgliedern. Die Daten werden beim Verein, sowie bei der Mitgliederverwaltung Webling (uSystems GmbH, Klosterstrasse 34, 8406 Winterthur) gespeichert. <a href=\"https:\/\/support.webling.ch\/hc\/de\/articles\/204491849-Datenschutz\">https:\/\/support.webling.ch\/hc\/de\/articles\/204491849-Datenschutz <\/a><\/p>\n\n\n\n<p>Dar\u00fcber hinaus werden keine Daten an Dritte weitergegeben.<\/p>\n\n\n\n<hr class=\"wp-block-separator has-css-opacity is-style-wide\"\/>\n\n\n\n<p><strong>Info und Kontakt: <\/strong><\/p>\n\n\n\n<p>Jens Nolte, HB9EKO<br>Pr\u00e4sident HB9SOTA<br>hb9eko@uska.ch<\/p>\n","protected":false},"excerpt":{"rendered":"<p>Datenschutzerkl\u00e4rung f\u00fcr Besucher der Website (Nicht-Mitglieder) HB9SOTA erfasst keine personenbezogenen Daten von Besuchern der Website.Unser Internet Provider erfasst m\u00f6glicherweise Daten wie z.B. IP-Adressen, die f\u00fcr den technischen Betrieb der Website notwendig sind, und speichert diese im Rahmen seiner gesetzlichen Pflichten. &hellip;<\/p>\n<p class=\"read-more\"> <a class=\"more-link\" href=\"https:\/\/hb9sota.ch\/it\/datenschutz\/\"> <span class=\"screen-reader-text\">Datenschutz<\/span> Leggi tutto &raquo;<\/a><\/p>\n","protected":false},"author":133,"featured_media":0,"parent":0,"menu_order":0,"comment_status":"closed","ping_status":"closed","template":"","meta":{"publish_to_discourse":"","publish_post_category":"","wpdc_auto_publish_overridden":"","wpdc_topic_tags":"","wpdc_pin_topic":"","wpdc_pin_until":"","discourse_post_id":"","discourse_permalink":"","wpdc_publishing_response":"","wpdc_publishing_error":"","footnotes":""},"class_list":["post-5491","page","type-page","status-publish","hentry"],"_links":{"self":[{"href":"https:\/\/hb9sota.ch\/it\/wp-json\/wp\/v2\/pages\/5491","targetHints":{"allow":["GET"]}}],"collection":[{"href":"https:\/\/hb9sota.ch\/it\/wp-json\/wp\/v2\/pages"}],"about":[{"href":"https:\/\/hb9sota.ch\/it\/wp-json\/wp\/v2\/types\/page"}],"author":[{"embeddable":true,"href":"https:\/\/hb9sota.ch\/it\/wp-json\/wp\/v2\/users\/133"}],"replies":[{"embeddable":true,"href":"https:\/\/hb9sota.ch\/it\/wp-json\/wp\/v2\/comments?post=5491"}],"version-history":[{"count":6,"href":"https:\/\/hb9sota.ch\/it\/wp-json\/wp\/v2\/pages\/5491\/revisions"}],"predecessor-version":[{"id":10381,"href":"https:\/\/hb9sota.ch\/it\/wp-json\/wp\/v2\/pages\/5491\/revisions\/10381"}],"wp:attachment":[{"href":"https:\/\/hb9sota.ch\/it\/wp-json\/wp\/v2\/media?parent=5491"}],"curies":[{"name":"wp","href":"https:\/\/api.w.org\/{rel}","templated":true}]}}