{"id":505,"date":"2013-10-17T19:52:30","date_gmt":"2013-10-17T19:52:30","guid":{"rendered":"http:\/\/preview.hb9sota.ch\/?page_id=505"},"modified":"2024-09-13T07:22:21","modified_gmt":"2024-09-13T05:22:21","slug":"hb9sota-diplom-regeln","status":"publish","type":"page","link":"https:\/\/hb9sota.ch\/it\/hb9sota-diplom-regeln\/","title":{"rendered":"HB9SOTA Diplomregeln"},"content":{"rendered":"\n<h2 class=\"wp-block-heading\">1. Allgemein<\/h2>\n\n\n\n<p>Die HB9SOTA Diplome wurden entworfen, um Aktivierungen und Verbindungen auf Schweizer Berge sowie zwischen Bergen (S2S) zu belohnen. Die Diplome von der SOTA Gruppe Schweiz sind offen f\u00fcr alle Funkamateure und SWLs.<\/p>\n\n\n\n<p>Es werden folgende Diplome angeboten:<\/p>\n\n\n\n<ul class=\"wp-block-list\">\n<li>Aktivierer\/J\u00e4ger Diplom<\/li>\n\n\n\n<li>Lowland-Summit Diplom<\/li>\n\n\n\n<li>Summit to Summit (S2S) Diplom<\/li>\n<\/ul>\n\n\n\n<h2 class=\"wp-block-heading\"><strong>2. Programmbeginn<\/strong><\/h2>\n\n\n\n<figure class=\"wp-block-table is-style-regular\"><table class=\"has-fixed-layout\"><tbody><tr><td>Aktivierer\/J\u00e4ger Diplom<\/td><td>01.01.2013<\/td><\/tr><tr><td>Lowland-Summit Diplom<\/td><td>01.01.2013<\/td><\/tr><tr><td>Summit to Summit (S2S) Diplom<\/td><td>03.07.2016<\/td><\/tr><\/tbody><\/table><\/figure>\n\n\n\n<h2 class=\"wp-block-heading\"><strong>3. Grundlagen<\/strong><\/h2>\n\n\n\n<p>Es gelten die allgemeinen Regeln des SOTA UK Programms.<\/p>\n\n\n\n<h2 class=\"wp-block-heading\"><strong>4. Diplomstufen<\/strong><\/h2>\n\n\n\n<p>Die Diplome sind beim Aktivierer und J\u00e4ger\/SWL sowie beim S2S in folgende drei Stufen unterteilt:<\/p>\n\n\n\n<ul class=\"wp-block-list\">\n<li>Alpenrose (6 Kantone)<\/li>\n\n\n\n<li>Enzian (14 Kantone)<\/li>\n\n\n\n<li>Edelweiss (Alle Kantone mit Summits)<\/li>\n<\/ul>\n\n\n\n<p>Das Lowland-Summit Diplom ist in folgende drei Stufen unterteilt:<\/p>\n\n\n\n<ul class=\"wp-block-list\">\n<li>Alpenrose (50 Summits)<\/li>\n\n\n\n<li>Enzian (100 Summits)<\/li>\n\n\n\n<li>Edelweiss (Alle Schweizer 1-Punkt und 2-Punkte Summits)<\/li>\n<\/ul>\n\n\n\n<h2 class=\"wp-block-heading\"><strong>5. Aktivierer<\/strong><\/h2>\n\n\n\n<p>Um einen Kanton zu erhalten, m\u00fcssen in diesem zwei verschiedene Berge aktiviert werden.<\/p>\n\n\n\n<h2 class=\"wp-block-heading\"><strong>6. J\u00e4ger \/ SWL<\/strong><\/h2>\n\n\n\n<p>Um einen Kanton zu erhalten, muss je eine Verbindung auf zwei verschiedene Berge stattgefunden haben.<\/p>\n\n\n\n<h2 class=\"wp-block-heading\"><strong>7. Lowland-Summit<\/strong><\/h2>\n\n\n\n<p>F\u00fcr das Lowland-Diplom z\u00e4hlen nur Verbindungen zu 1-Punkte und 2-Punkte Summits.<\/p>\n\n\n\n<p>Es werden Diplome in den beiden Kategorien Aktivierer und J\u00e4ger\/SWL angeboten. Ein Mix zwischen Aktivierer- und J\u00e4ger Verbindungen ist f\u00fcr die Erreichung einer der drei Diplomstufen nicht m\u00f6glich.<\/p>\n\n\n\n<h2 class=\"wp-block-heading\"><strong>8. Summit to Summit<\/strong><\/h2>\n\n\n\n<p>Um einen Kanton zu erhalten, muss eine Summit to Summit Verbindung auf einen Berg im entsprechenden Kanton stattgefunden haben. Es z\u00e4hlt nur der Summit, den man gearbeitet hat (nicht der eigene Summit, den man aktiviert hat). Summit to Summit Verbindungen von einem ausl\u00e4ndischen Berg zu einem Schweizer Berg sind ebenfalls zul\u00e4ssig.<\/p>\n\n\n\n<h2 class=\"wp-block-heading\"><strong>9. Spezialkantone<\/strong><\/h2>\n\n\n\n<p>Der Kanton Schaffhausen hat nur einen SOTA Berg. Es gen\u00fcgt, diesen einmal zu aktivieren, damit der Kanton angerechnet wird.<\/p>\n\n\n\n<p>Genf und Basel-Stadt haben keine z\u00e4hlenden Berge, deshalb gen\u00fcgen 24 Kantone (oder 25, wenn man BS noch aktiviert hat als dies m\u00f6glich war) f\u00fcr das Erlangen der h\u00f6chsten Diplomstufe (Edelweiss).<\/p>\n\n\n\n<h2 class=\"wp-block-heading\"><strong>10. Diplomantrag<\/strong><\/h2>\n\n\n\n<p>Der Antrag f\u00fcr ein Diplom kann \u00fcber die Website der SOTA Gruppe Schweiz direkt eingereicht werden.<\/p>\n\n\n\n<h2 class=\"wp-block-heading\"><strong>11. Diplomberechtigung<\/strong><\/h2>\n\n\n\n<p>Zur Diplomberechtigung gelten die Logs in der SOTA-Datenbank.<\/p>\n\n\n\n<h2 class=\"wp-block-heading\"><strong>12. Diplomausgabe<\/strong><\/h2>\n\n\n\n<p>Das jeweilige Diplom wird als PNG-Bild via E-Mail dem Antragsteller zugestellt.<\/p>\n\n\n\n<h2 class=\"wp-block-heading\"><strong>13. Kosten<\/strong><\/h2>\n\n\n\n<p>F\u00fcr Mitglieder der SOTA Gruppe Schweiz sind die Diplome kostenlos. Nichtmitglieder erhalten die Diplome f\u00fcr jeweils einen Unkostenbeitrag von CHF 10.\u2013. Dieser ist nach Beantragung eines Diploms unaufgefordert via PayPal (pay@hb9sota.ch) zu \u00fcberweisen.<\/p>\n\n\n\n<p>Pr\u00e4sident der SOTA Gruppe Schweiz \/ Diplommanager SOTA Gruppe Schweiz<\/p>\n\n\n\n<p>Jens Nolte, HB9EKO \/ Jean-Pierre Theiler, HB9HBV<\/p>\n","protected":false},"excerpt":{"rendered":"<p>1. Allgemein Die HB9SOTA Diplome wurden entworfen, um Aktivierungen und Verbindungen auf Schweizer Berge sowie zwischen Bergen (S2S) zu belohnen. Die Diplome von der SOTA Gruppe Schweiz sind offen f\u00fcr alle Funkamateure und SWLs. Es werden folgende Diplome angeboten: 2. &hellip;<\/p>\n<p class=\"read-more\"> <a class=\"more-link\" href=\"https:\/\/hb9sota.ch\/it\/hb9sota-diplom-regeln\/\"> <span class=\"screen-reader-text\">HB9SOTA Diplomregeln<\/span> Leggi tutto &raquo;<\/a><\/p>\n","protected":false},"author":1,"featured_media":0,"parent":0,"menu_order":0,"comment_status":"closed","ping_status":"closed","template":"","meta":{"publish_to_discourse":"","publish_post_category":"","wpdc_auto_publish_overridden":"","wpdc_topic_tags":"","wpdc_pin_topic":"","wpdc_pin_until":"","discourse_post_id":"","discourse_permalink":"","wpdc_publishing_response":"","wpdc_publishing_error":"","footnotes":""},"class_list":["post-505","page","type-page","status-publish","hentry"],"_links":{"self":[{"href":"https:\/\/hb9sota.ch\/it\/wp-json\/wp\/v2\/pages\/505","targetHints":{"allow":["GET"]}}],"collection":[{"href":"https:\/\/hb9sota.ch\/it\/wp-json\/wp\/v2\/pages"}],"about":[{"href":"https:\/\/hb9sota.ch\/it\/wp-json\/wp\/v2\/types\/page"}],"author":[{"embeddable":true,"href":"https:\/\/hb9sota.ch\/it\/wp-json\/wp\/v2\/users\/1"}],"replies":[{"embeddable":true,"href":"https:\/\/hb9sota.ch\/it\/wp-json\/wp\/v2\/comments?post=505"}],"version-history":[{"count":19,"href":"https:\/\/hb9sota.ch\/it\/wp-json\/wp\/v2\/pages\/505\/revisions"}],"predecessor-version":[{"id":7141,"href":"https:\/\/hb9sota.ch\/it\/wp-json\/wp\/v2\/pages\/505\/revisions\/7141"}],"wp:attachment":[{"href":"https:\/\/hb9sota.ch\/it\/wp-json\/wp\/v2\/media?parent=505"}],"curies":[{"name":"wp","href":"https:\/\/api.w.org\/{rel}","templated":true}]}}