{"id":3207,"date":"2019-07-03T15:49:41","date_gmt":"2019-07-03T14:49:41","guid":{"rendered":"http:\/\/hb9sota.ch\/?page_id=3207"},"modified":"2024-09-13T07:22:19","modified_gmt":"2024-09-13T05:22:19","slug":"hb9pim","status":"publish","type":"page","link":"https:\/\/hb9sota.ch\/it\/berichte\/hb9pim\/","title":{"rendered":"HB9PIM \/ HB3XTZ"},"content":{"rendered":"\n<p class=\"has-vivid-red-color has-text-color\"><strong>Wichtig: In keinem Fall haftet HB9SOTA&nbsp;oder der Verfasser des Berichtes f\u00fcr allf\u00e4llige direkte oder indirekte Sch\u00e4den, die als Folge des Gebrauchs von Informationen dieser Website entstehen.<\/strong><\/p>\n\n\n<p>HB9-PIM HB3XTZ&nbsp; SOTA Aktivit\u00e4ten<\/p>\n<p><\/p>\n<p>Zus\u00e4tzliche Info \/ Bemerkungen zu den Videos<\/p>\n<ul>\n<li>Die gesprochenen Kommentare sind spontan und zeitsynchron mit der Bildaufnahme, (Live Kommentare) entstanden meistens w\u00e4hrend dem Auf-\/Abstieg unter Anstrengung. Man verzeihe deshalb kleinere Fehler oder Unterlassungen von Gel\u00e4nde-Bezeichnungen.<\/li>\n<li>Die Videos sind geschnitten dh. gek\u00fcrzt, aber immer authentisch und nicht gef\u00e4lscht.<\/li>\n<li>Gipfelkreuze als Antennenbefestigung: Diese werden als rein physische Gebilde betrachtet, keinesfalls religi\u00f6s abwertend in irgendeiner Form.<\/li>\n<li>Die meisten Funkverbindungen wurden auf dem 2m Band durchgef\u00fchrt. Es konnte bewiesen werden, dass Verbindungen bis weit ins Flachland m\u00f6glich sind zt. bis 600Km. Auch von Bergen hinter dem Haupt Alpenkamm. Es braucht dann aber mehr als nur 5W und eine Gummiantenne.<\/li>\n<li><strong>Leichte Ausr\u00fcstung:<\/strong> Neben Bergausr\u00fcstung und Verpflegung, Handfunkger\u00e4t (Gross-Signal fester Empf\u00e4nger) mit reserve Akkus. Gute Antenne, 1\/2 oder 5\/8 Lambda einfach transportierbar. (kein Gummi-Enten&#8230;.)&nbsp;<br>Geeignet f\u00fcr schwierige Bergpfade, oder weglose, steile Auf-\/Abstiege. (zb. T4\/ T5). Es ist dort nicht mehr sinnvoll \/ m\u00f6glich, schweres \/ unf\u00f6rmiges Gep\u00e4ck mitzunehmen. Die Aktivierung muss jedoch an einem Ort stattfinden wo Funkpartner auf VHF oder UHF noch erreicht werden k\u00f6nnen auch ohne \u00dcberreichweiten.&nbsp;<\/li>\n<li><strong>Vollst\u00e4ndige \/ schwerere Ausr\u00fcstung:<\/strong> Multiband Transceiver (mind. 10-20 Watt), KW Drahtantenne, HB9-CV Beam f\u00fcr 2m \/ 70cm.&nbsp; Verlustarme Kabel \/ ev. leichter Antennen-Tuner falls nicht im Ger\u00e4t eingebaut. Da jeder Berg unterschiedlich ist zus\u00e4tzlich M\u00f6glichkeit f\u00fcr Antennen-Masten. Am besten Kohlen-\/Glasfasermasten kombiniert. Diese Ausr\u00fcstung bringt total auch optimiert etwa 13-15KG auf die Waage. Vorteil: Aktivierung immer m\u00f6glich, mit KW erreicht man immer gen\u00fcgend Funkpartner. Nat\u00fcrlich muss das ganze auf den Berg geschleppt werden !<br>Zusatzausr\u00fcstung \u00ab\u00dcbernachtung\u00bb + 4Kg<\/li>\n<li>Touren: Die durchgef\u00fchrten Touren entsprechen bez\u00fcglich Schwierigkeitsgrades und Ausdauer jeweils den F\u00e4higkeiten der beteiligten Personen und variieren. Daraus kann nicht geschlossen werden, dass eine solche Tour auch auf jede andere Person passt, da insbesondere Wetter, Jahreszeiten, gew\u00e4hlte Route hier mitwirken. Verantwortung f\u00fcr allf\u00e4llige Nachahmung wird strikt abgelehnt.<\/li>\n<\/ul>\n<p>Es sind mittlerweile um die 100 Videos erstellt. Hauptziel: Weg, Gel\u00e4nde, Bergbeschreibung oder spezielle Gegebenheiten dort. Die Videos sind sortiert nach den Jahreszeiten.<\/p>\n<p><a href=\"https:\/\/www.youtube.com\/channel\/UCiwweWZozW3aO3Ki32nGlAA\">https:\/\/www.youtube.com\/channel\/UCiwweWZozW3aO3Ki32nGlAA<\/a><\/p>\n<p><\/p>\n<p>HB9-PIM, letzter Update 06.08.2021<\/p>","protected":false},"excerpt":{"rendered":"<p>Wichtig: In keinem Fall haftet HB9SOTA&nbsp;oder der Verfasser des Berichtes f\u00fcr allf\u00e4llige direkte oder indirekte Sch\u00e4den, die als Folge des Gebrauchs von Informationen dieser Website entstehen. HB9-PIM HB3XTZ&nbsp; SOTA Aktivit\u00e4ten Zus\u00e4tzliche Info \/ Bemerkungen zu den Videos Die gesprochenen Kommentare &hellip;<\/p>\n<p class=\"read-more\"> <a class=\"more-link\" href=\"https:\/\/hb9sota.ch\/it\/berichte\/hb9pim\/\"> <span class=\"screen-reader-text\">HB9PIM \/ HB3XTZ<\/span> Leggi tutto &raquo;<\/a><\/p>\n","protected":false},"author":146,"featured_media":0,"parent":78,"menu_order":0,"comment_status":"closed","ping_status":"closed","template":"","meta":{"publish_to_discourse":"","publish_post_category":"","wpdc_auto_publish_overridden":"","wpdc_topic_tags":"","wpdc_pin_topic":"","wpdc_pin_until":"","discourse_post_id":"","discourse_permalink":"","wpdc_publishing_response":"","wpdc_publishing_error":"","footnotes":""},"class_list":["post-3207","page","type-page","status-publish","hentry"],"_links":{"self":[{"href":"https:\/\/hb9sota.ch\/it\/wp-json\/wp\/v2\/pages\/3207","targetHints":{"allow":["GET"]}}],"collection":[{"href":"https:\/\/hb9sota.ch\/it\/wp-json\/wp\/v2\/pages"}],"about":[{"href":"https:\/\/hb9sota.ch\/it\/wp-json\/wp\/v2\/types\/page"}],"author":[{"embeddable":true,"href":"https:\/\/hb9sota.ch\/it\/wp-json\/wp\/v2\/users\/146"}],"replies":[{"embeddable":true,"href":"https:\/\/hb9sota.ch\/it\/wp-json\/wp\/v2\/comments?post=3207"}],"version-history":[{"count":15,"href":"https:\/\/hb9sota.ch\/it\/wp-json\/wp\/v2\/pages\/3207\/revisions"}],"predecessor-version":[{"id":5543,"href":"https:\/\/hb9sota.ch\/it\/wp-json\/wp\/v2\/pages\/3207\/revisions\/5543"}],"up":[{"embeddable":true,"href":"https:\/\/hb9sota.ch\/it\/wp-json\/wp\/v2\/pages\/78"}],"wp:attachment":[{"href":"https:\/\/hb9sota.ch\/it\/wp-json\/wp\/v2\/media?parent=3207"}],"curies":[{"name":"wp","href":"https:\/\/api.w.org\/{rel}","templated":true}]}}