{"id":2694,"date":"2018-06-10T19:24:21","date_gmt":"2018-06-10T18:24:21","guid":{"rendered":"https:\/\/hb9sota.ch\/?page_id=2694"},"modified":"2024-09-13T07:22:37","modified_gmt":"2024-09-13T05:22:37","slug":"naechste-aktivierungen","status":"publish","type":"page","link":"https:\/\/hb9sota.ch\/it\/naechste-aktivierungen\/","title":{"rendered":"N\u00e4chste Aktivierungen in HB"},"content":{"rendered":"\n<link rel=\"stylesheet\" type=\"text\/css\" href=\"\/activations\/DataTables\/datatables.min.css\">\n<link rel=\"stylesheet\" type=\"text\/css\" href=\"\/activations\/css\/hbact.css\">\n<link rel=\"stylesheet\" type=\"text\/css\" href=\"\/activations\/css\/hbact_small.css\">\n<script type=\"text\/javascript\" src=\"\/activations\/DataTables\/datatables.min.js\"><\/script>\n<script type=\"text\/javascript\" src=\"\/activations\/js\/moment.min.js\"><\/script>\n<script type=\"text\/javascript\" src=\"\/activations\/js\/de.js\"><\/script>\n<script src=\"\/activations\/alerts.js\"><\/script>\n<script type=\"text\/javascript\">prepareAlertsTable('alertsTable');<\/script>\n\n\n\n<p><a rel=\"noopener noreferrer\" href=\"https:\/\/neon1.net\/sota\/alerts\/?prefix=HB,HB0&amp;lang=de\" target=\"_blank\">In separater Seite \u00f6ffnen<\/a> | <a href=\"https:\/\/hb9sota.ch\/naechste-aktivierungen-von-hb-operators-im-ausland\/\">N\u00e4chste Aktivierungen von HB-Operators im Ausland<\/a><\/p>\n\n\n\n<table id=\"alertsTable\" class=\"activationsTable display compact cell-border nowrap\" style=\"width:100%\">\n<thead>\n<tr>\n<th>Datum<\/th>\n<th>Rufzeichen<\/th>\n<th>Zeit<\/th>\n<th>Summit-Ref.<\/th>\n<th>Name<\/th>\n<th>H\u00f6he<\/th>\n<th>Punkte<\/th>\n<th>B\u00e4nder<\/th>\n<th>Modi<\/th>\n<th>Kommentar<\/th>\n<\/tr>\n<\/thead>\n<\/table>\n\n\n\n<footer>Alle Zeitangaben in UTC. Die Angaben stammen aus SOTAwatch (Alerts) und werden automatisch alle f\u00fcnf Minuten aktualisiert.<br>Letzte Aktualisierung: <span id=\"lastRefreshTime\"><\/span><\/footer>\n","protected":false},"excerpt":{"rendered":"<p>In separater Seite \u00f6ffnen | N\u00e4chste Aktivierungen von HB-Operators im Ausland Datum Rufzeichen Zeit Summit-Ref. Name H\u00f6he Punkte B\u00e4nder Modi Kommentar Alle Zeitangaben in UTC. Die Angaben stammen aus SOTAwatch (Alerts) und werden automatisch alle f\u00fcnf Minuten aktualisiert.Letzte Aktualisierung:<\/p>\n","protected":false},"author":1,"featured_media":0,"parent":0,"menu_order":0,"comment_status":"closed","ping_status":"closed","template":"","meta":{"publish_to_discourse":"","publish_post_category":"","wpdc_auto_publish_overridden":"","wpdc_topic_tags":"","wpdc_pin_topic":"","wpdc_pin_until":"","discourse_post_id":"","discourse_permalink":"","wpdc_publishing_response":"","wpdc_publishing_error":"","footnotes":""},"class_list":["post-2694","page","type-page","status-publish","hentry"],"_links":{"self":[{"href":"https:\/\/hb9sota.ch\/it\/wp-json\/wp\/v2\/pages\/2694","targetHints":{"allow":["GET"]}}],"collection":[{"href":"https:\/\/hb9sota.ch\/it\/wp-json\/wp\/v2\/pages"}],"about":[{"href":"https:\/\/hb9sota.ch\/it\/wp-json\/wp\/v2\/types\/page"}],"author":[{"embeddable":true,"href":"https:\/\/hb9sota.ch\/it\/wp-json\/wp\/v2\/users\/1"}],"replies":[{"embeddable":true,"href":"https:\/\/hb9sota.ch\/it\/wp-json\/wp\/v2\/comments?post=2694"}],"version-history":[{"count":13,"href":"https:\/\/hb9sota.ch\/it\/wp-json\/wp\/v2\/pages\/2694\/revisions"}],"predecessor-version":[{"id":6844,"href":"https:\/\/hb9sota.ch\/it\/wp-json\/wp\/v2\/pages\/2694\/revisions\/6844"}],"wp:attachment":[{"href":"https:\/\/hb9sota.ch\/it\/wp-json\/wp\/v2\/media?parent=2694"}],"curies":[{"name":"wp","href":"https:\/\/api.w.org\/{rel}","templated":true}]}}