{"id":1164,"date":"2014-10-29T18:45:50","date_gmt":"2014-10-29T17:45:50","guid":{"rendered":"http:\/\/hb9sota.ch\/?page_id=1164"},"modified":"2025-01-06T19:01:33","modified_gmt":"2025-01-06T18:01:33","slug":"schneeschuhtouren","status":"publish","type":"page","link":"https:\/\/hb9sota.ch\/it\/schneeschuhtouren\/","title":{"rendered":"Schneeschuh-Touren"},"content":{"rendered":"\n<h1 class=\"wp-block-heading\">HB-Schneetouren mit Winterbonus<\/h1>\n\n\n\n<p>Vom 1.12. bis und mit 31.3. gilt bei den Schweizer SOTA-Bergen mit einer H\u00f6he \u00fcber 1500 M.\u00fc.M. der Winterbonus, der zus\u00e4tzlich 3 Punkte pro Gipfel bringt. Im folgenden eine Zusammenstellung der Gipfel, welche sich im Winter bei guten Verh\u00e4ltnissen mit Schneeschuhen aktivieren lassen (aktuelle Lawinensituation beachten!)<\/p>\n\n\n\n<p>Viele der Touren finden sich auch in folgenden B\u00fcchern:<\/p>\n\n\n\n<figure class=\"wp-block-table\"><table class=\"has-fixed-layout\"><tbody><tr><td>1) David Coulin: &#8220;Das grosse<br>Schneeschuhtourenbuch der Schweiz&#8221;<\/td><td>AT Verlag, 2011, ISBN 978 3-03800-483-7<\/td><\/tr><tr><td>2) David Coulin: &#8220;Die sch\u00f6nsten H\u00fcttenziele im<br>Winter&#8221; (Ein Ideenbuch, um Ausgangspunkte<br>f\u00fcr SOTA-\u00adTouren zu finden)<\/td><td>AT Verlag, 2013, ISBN 978 3-03800-667-1<\/td><\/tr><tr><td>3) David Coulin: &#8220;Schneeschuhtouren: Graub\u00fcnden S\u00fcd&#8221;<\/td><td>SAC Verlag, 2013, ISBN 978 3-85902-326-0<\/td><\/tr><tr><td>4) David Coulin: &#8220;Schneeschuhtouren: Graub\u00fcnden Nord&#8221;<\/td><td>SAC Verlag, 2011, ISBN 978 3-85902-316-1<\/td><\/tr><tr><td>5) David Coulin: &#8220;Schneeschuhtouren: Zentralschweiz&#8221;<\/td><td>SAC Verlag, 2011, ISBN 978 3-85902-348-2<\/td><\/tr><tr><td>6) David Coulin: &#8220;Schneeschuhtouren: Westschweiz&#8221;<\/td><td>SAC Verlag, 2014, ISBN 978 3-85902-377-2<\/td><\/tr><tr><td>7) David Coulin: &#8220;Schneeschuhtouren: Oberwallis&#8221;<\/td><td>SAC Verlag, 2014, ISBN 978 3-85902-370-3<\/td><\/tr><tr><td>8) David Coulin: &#8220;Schneeschuhtouren: Ostschweiz&#8221;<\/td><td>SAC Verlag, 2014, ISBN 978 3-85902-386-4<\/td><\/tr><tr><td>9) P. Burnand, G. Chevalier und R. Houlmann:\n<p>&#8220;Schneeschuh- und Skitrouen: Jura (von Olten nach Genf)&#8221;<\/p>\n<\/td><td>SAC Verlag, 2011, ISBN 978 3-85902-350-5<\/td><\/tr><tr><td>10) R. Welti, &#8220;Schneeschuhtouren: Tessin\/Misox&#8221;<\/td><td>SAC Verlag, 2011, ISBN 978 3-85902-315-4<\/td><\/tr><tr><td>11) Didier Cassany, &#8220;Courses en raquettes &#8216;Bas-Valais&#8217; &#8220;<\/td><td>Editions du CAS, 2009, ISBN 978-3-85902-285-0<\/td><\/tr><tr><td>12) &#8220;Passeport-Raquettes, Guide des sentiers-raquettes en Suisse romande, edition 2016\/17&#8221;<\/td><td>SwissSnowshoe, Bulle, 2016<\/td><\/tr><\/tbody><\/table><\/figure>\n\n\n\n<h3 class=\"wp-block-heading\">Liste der Schneeschuhtouren<\/h3>\n\n\n\n<h6 class=\"wp-block-heading\"><span style=\"color: #ff0000;\">Wichtig: Keine Garantie f\u00fcr die Richtigkeit der Angaben. In keinem Fall haftet HB9SOTA f\u00fcr allf\u00e4llige direkte oder indirekte Sch\u00e4den, die als Folge des Gebrauchs von Informationen dieser Website enstehten.<br><\/span><\/h6>\n\n\n\n<figure class=\"wp-block-table\"><table class=\"has-fixed-layout\"><tbody><tr><td><strong>REF<\/strong><\/td><td><strong>Name<\/strong><\/td><td><strong>H\u00f6he (m) \/ <\/strong><strong>Grad<\/strong><\/td><td><strong>Bemerkungen<\/strong><\/td><td><strong>Beschreibungen<\/strong><\/td><\/tr><tr><td>HB\/AI-008<\/td><td>F\u00e4nerenspitz<\/td><td>1506 \/ WT1<\/td><td>Easiest approach is from the Restaurant Eggli (and the Appenzell Publicar service will drive you there). Well marked snowshoe trail.<\/td><td>Siehe 8), Tour 46<\/td><\/tr><tr><td>HB\/AR-008<\/td><td>Hochalp<\/td><td>1529 \/ WT3<\/td><td>WT3 ab Schw\u00e4galp; WT1 ab Egg<\/td><td><a title=\"Hochalp\" href=\"http:\/\/sota.hb9tvk.org\/?p=76\" target=\"_blank\" rel=\"noopener noreferrer\">http:\/\/sota.hb9tvk.org\/?p=76<\/a>\n<p>Siehe 8), Tour 43<\/p>\n<\/td><\/tr><tr><td>HB\/BE-089<\/td><td>Elsighorn \/ Elsignore<\/td><td>2341 \/ WT2<\/td><td>For skiers: there is a tow lift almost into the activation zone.<\/td><td>&nbsp;<\/td><\/tr><tr><td>HB\/BE-095<\/td><td>Rothorn<\/td><td>2276 \/ WT3<\/td><td>Only under good conditions; the trail runs across several steep slopes.<\/td><td>Siehe 6), Tour 62<\/td><\/tr><tr><td>HB\/BE-104<\/td><td>Chasseral<\/td><td>1606 \/ WT2<\/td><td>2 Wegvarianten, eine meiner Lieblings-Schneetouren (HB9BIN)<\/td><td>Siehe 9), Tour 4<\/td><\/tr><tr><td>HB\/BE-116<\/td><td>Widdersgrind<\/td><td>2104 \/ WT3<\/td><td>&nbsp;<\/td><td>Siehe 6), Tour 57<\/td><\/tr><tr><td>HB\/BE-117<\/td><td>Turnen<\/td><td>2079 \/ WT3+<\/td><td>&nbsp;<\/td><td>Siehe 6), Tour 73<\/td><\/tr><tr><td>HB\/BE-118<\/td><td>Niderhorn \/ Niderhore<\/td><td>2078 \/ WT3<\/td><td>Sch\u00f6ne, aber anstrenge Tour<\/td><td><a href=\"https:\/\/hb9sota.ch\/wp-content\/uploads\/2013\/12\/Obergestelhuette_report_BE-118_BE-149.pdf\">Obergestelhuette_report_BE-118_BE-149<\/a>, siehe 6), Tour 71<\/td><\/tr><tr><td>HB\/BE-120<\/td><td>B\u00fcrgle<\/td><td>2165 \/ WT3<\/td><td>Start ab der Gantrischh\u00fctte<\/td><td>Siehe 6), Tour 58<\/td><\/tr><tr><td>HB\/BE-121<\/td><td>Hundsr\u00fcgg<\/td><td>2047 \/ WT2<\/td><td>&#8220;F\u00fcr Anf\u00e4nger\/innen eine Tour der Superlative&#8230;&#8221;<\/td><td>Siehe 6), Tour 44<\/td><\/tr><tr><td>HB\/BE-122<\/td><td>B\u00e4derhorn<\/td><td>2009 \/ WT3<\/td><td>Depending on snow conditions, the last 60 vertical meters can be very tricky (WT3 &#8211; WT4).<\/td><td>Siehe 6), Tour 45<\/td><\/tr><tr><td>HB\/BE-138<\/td><td>Burgfeldstand<\/td><td>2063 \/ WT2<\/td><td>Einfache nicht steile Tour dank Seilbahn, aber nicht zu nahe am Grat wandern.<\/td><td><a title=\"Burgfeldstand\" href=\"http:\/\/sota.hb9tvk.org\/?p=656\" target=\"_blank\" rel=\"noopener noreferrer\">http:\/\/sota.hb9tvk.org\/?p=656<\/a><\/td><\/tr><tr><td>HB\/BE-139<\/td><td>Sigriswiler Rothorn<\/td><td>2051 \/ WT4<\/td><td>&nbsp;<\/td><td>Siehe 6), Tour 113<\/td><\/tr><tr><td>HB\/BE-141<\/td><td>Lasenberg<\/td><td>2019 \/ WT3<\/td><td>&nbsp;<\/td><td>&nbsp;<\/td><\/tr><tr><td>HB\/BE-145<\/td><td>Schneitgrat<\/td><td>1960 \/ WT3<\/td><td>&nbsp;<\/td><td>Siehe 6), Tour 43<\/td><\/tr><tr><td>HB\/BE-148<\/td><td>Cheibehorn<\/td><td>1952 \/ WT3-<\/td><td>Von Erlenbach (sehr langer Weg), oder von Chrindi (Zwischenstation Seilbahn von Erlenbach &#8211; Stockhorn) aus (viel k\u00fcrzer)<\/td><td>Siehe 6), Tour 75<\/td><\/tr><tr><td>HB\/BE-149<\/td><td>Meniggrat<\/td><td>1949 \/ WT3<\/td><td>Zwischenfl\u00fch \u2013 Meniggrund<\/td><td><a href=\"https:\/\/hb9sota.ch\/wp-content\/uploads\/2013\/12\/Obergestelhuette_report_BE-118_BE-149.pdf\">Obergestelhuette_report_BE-118_BE-149<\/a>\n<p>, siehe 6), Tour 72<\/p>\n<\/td><\/tr><tr><td>HB\/BE-151<\/td><td>Selib\u00fcel<\/td><td>1949 \/ WT2<\/td><td>Start ab Stiereh\u00fctte beim Gurnigel<\/td><td>&nbsp;<\/td><\/tr><tr><td>HB\/BE-153<\/td><td>Honegg<\/td><td>1546 \/ WT2<\/td><td>Einfache Tour durch den Wald<\/td><td>&nbsp;<\/td><\/tr><tr><td>HB\/FR-015<\/td><td>Schopfenspitz<\/td><td>2104 \/ WT4<\/td><td>&nbsp;<\/td><td>Siehe 6), Tour 51<\/td><\/tr><tr><td>HB\/FR-027<\/td><td>Hohmattli<\/td><td>1794 \/ WT2<\/td><td>&nbsp;<\/td><td>Siehe 6), Tour 56<\/td><\/tr><tr><td>HB\/FR-028<\/td><td>La Berra<\/td><td>1719 \/ WT1<\/td><td>Ski lift up to near the summit, shuttle bus from Post La Roche to ski area in winter season<\/td><td>Siehe 6), Tour 54; Siehe 12), Seite 42, Tour 2<\/td><\/tr><tr><td>HB\/FR-030<\/td><td>Gross Schwyberg<\/td><td>1645 \/ WT2-3<\/td><td>Vom Zollhaus: bei viel (Neu)schnee, Vorsicht bei den letzten 50 H\u00f6henmetern. Vom Schwarzsee Bad, WT2.<\/td><td>Siehe 6), Tour 55; Siehe 12), Seite 52, Tour 2<\/td><\/tr><tr><td>HB\/FR-033<\/td><td>Niremont<\/td><td>1514 \/ WT2<\/td><td>&nbsp;<\/td><td>&nbsp;<a href=\"https:\/\/hb9sota.ch\/wp-content\/uploads\/2013\/12\/FR-033-Niremont-report.pdf\">FR-033 Niremont report<\/a><\/td><\/tr><tr><td>HB\/GL-022<\/td><td>Blistock<\/td><td>2448 \/ WT3-4<\/td><td>&nbsp;<\/td><td>Siehe 8), Tour 17<\/td><\/tr><tr><td>HB\/GL-029<\/td><td>Rautispitz<\/td><td>2283 \/ WT3-4<\/td><td>&nbsp;<\/td><td>Siehe 8), Tour 11<\/td><\/tr><tr><td>HB\/GR-102<\/td><td>L\u00fcschgrat<\/td><td>2178 \/ WT2<\/td><td>Beide GR-102\/103 m\u00f6glich in einem Tag<\/td><td><a href=\"https:\/\/hb9sota.ch\/wp-content\/uploads\/2013\/12\/GR-102-103.pdf\">GR-102-103<\/a> report, siehe 4), Tour 22<\/td><\/tr><tr><td>HB\/GR-103<\/td><td>Tguma<\/td><td>2163 \/ WT2<\/td><td>Beide GR-102\/103 m\u00f6glich in einem Tag<\/td><td><a href=\"https:\/\/hb9sota.ch\/wp-content\/uploads\/2013\/12\/GR-102-103.pdf\">GR-102-103<\/a> report, siehe 4), Tour 22<\/td><\/tr><tr><td>HB\/GR-109<\/td><td>Piz Sezner<\/td><td>2310 \/ WT1<\/td><td>&nbsp;<\/td><td>Siehe 4), Tour 37\n<p>from cablecar, walk 0.5 km, ascend 48 meters to summit<\/p>\n<\/td><\/tr><tr><td>HB\/GR-110<\/td><td>Hochwang<\/td><td>2534 \/ WT3<\/td><td>&nbsp;<\/td><td>Siehe 4), Tour 7<\/td><\/tr><tr><td>HB\/GR-158<\/td><td>Mattjisch Horn<\/td><td>2461 \/ WT3<\/td><td>&nbsp;<\/td><td>Siehe 4), Tour 6<\/td><\/tr><tr><td>HB\/GR-216<\/td><td>Pischahorn<\/td><td>2980 \/ WT3<\/td><td>Nur bei guten Bedingungen (Lawinen Stufe 2)<\/td><td>Siehe 3), Tour 1<\/td><\/tr><tr><td>HB\/GR-246<\/td><td>Tschimas da Tisch<\/td><td>2872 \/ WT3<\/td><td>&nbsp;<\/td><td>Siehe 3), Tour 8<\/td><\/tr><tr><td>HB\/GR-266<\/td><td>Uf da Fl\u00fce<\/td><td>2774 \/ WT3<\/td><td>&nbsp;<\/td><td>Siehe 3), Tour 17<\/td><\/tr><tr><td>HB\/GR-278<\/td><td>Piz Cavradi<\/td><td>2614 \/ WT3+<\/td><td>&#8220;Die Schneeverh\u00e4ltnisse und die Lawinensituation bed\u00fcrfen einer sorgf\u00e4ltigen Pr\u00fcfung vor der Besteigung.&#8221;<\/td><td>Siehe 4), Tour 31\n<p>Siehe 5), Tour 35<\/p>\n<\/td><\/tr><tr><td>HB\/GR-292<\/td><td>Calmut<\/td><td>2309 \/ WT2<\/td><td>F\u00fcr Skifahrer geht\u2019s einfacher als mit den Schneeschuhen.<\/td><td>&nbsp;<\/td><\/tr><tr><td>HB\/GR-294<\/td><td>Chr\u00fcz<\/td><td>2196 \/ WT3<\/td><td>&nbsp;<\/td><td>Siehe 4), Tour 3<\/td><\/tr><tr><td>HB0\/LI-004<\/td><td>Augstenberg<\/td><td>2359 \/ WT3<\/td><td>&nbsp;<\/td><td>Siehe 8), Tour 26<\/td><\/tr><tr><td>HB\/LU-006<\/td><td>Schimbrig<\/td><td>1816 \/ WT4<\/td><td>&nbsp;<\/td><td>Siehe 5), Tour 14<\/td><\/tr><tr><td>HB\/LU-007<\/td><td>Beichle<\/td><td>1769 \/ WT2<\/td><td>ab Fl\u00fchli<\/td><td>&nbsp;<\/td><\/tr><tr><td>HB\/LU-010<\/td><td>Farneren<\/td><td>1517 \/ WT2<\/td><td>Im Winter \u00fcber den Grat bei der Endstation des Skiliftes und nicht direkt durch den Wald aufsteigen.<\/td><td>&nbsp;<\/td><\/tr><tr><td>HB\/NW-002<\/td><td>Rotsandnollen<\/td><td>2700 \/ WT3+<\/td><td>&nbsp;<\/td><td>Siehe 5), Tour 18<\/td><\/tr><tr><td>HB\/NW-008<\/td><td>Chaiserstuel<\/td><td>2400 \/ WT3-<\/td><td>&nbsp;<\/td><td>Siehe 5), Tour 22<\/td><\/tr><tr><td>HB\/NW-014<\/td><td>Niderbauen Chulm<\/td><td>1923 \/ WT2<\/td><td>&#8220;bei Lawinengefahr ab Stufe &#8216;erheblich&#8217; ist Vorsicht geboten!&#8221;<\/td><td>Siehe 5), Tour 26<\/td><\/tr><tr><td>HB\/NW-016<\/td><td>Buochserhorn<\/td><td>1807<\/td><td>&nbsp;<\/td><td>&nbsp;<\/td><\/tr><tr><td>HB\/NW-017<\/td><td>Musenalp<\/td><td>1875 \/ WT4-5 (!)<\/td><td>WT4-5 f\u00fcr Bleikigrat, via B\u00e4renfallen einfacher<\/td><td>Siehe 5), Tour 25<\/td><\/tr><tr><td>HB\/NW-018<\/td><td>Klewenstock<\/td><td>1742 \/ WT2<\/td><td>&nbsp;<\/td><td>&nbsp;<\/td><\/tr><tr><td>HB\/NW-020<\/td><td>Salistock<\/td><td>1896 \/ WT2<\/td><td>&nbsp;<\/td><td>Siehe 5), Tour 27<\/td><\/tr><tr><td>HB\/OW-016<\/td><td>F\u00fcrstein<\/td><td>2039 \/ WT4<\/td><td>&nbsp;<\/td><td><a href=\"https:\/\/hb9sota.ch\/wp-content\/uploads\/2013\/12\/F\u00fcrstein-OW016.pdf\">F\u00fcrstein OW016<\/a>, Siehe 5) Tour 15<\/td><\/tr><tr><td>HB\/OW-020<\/td><td>Miesenstock<\/td><td>1891\/ WT2\/3<\/td><td>Nur bei wenig Schnee geeignet: Bei viel Schnee sind die letzten 50 H\u00f6henmeter gef\u00e4hrlich.<\/td><td>&nbsp;<\/td><\/tr><tr><td>HB\/OW-021<\/td><td>Schlierengrat<\/td><td>1748 \/ WT2\/3<\/td><td>Vorsicht beim Grat. Nicht \u00fcber den Grat aufsteigen.<\/td><td><a title=\"Schlierengrat\" href=\"http:\/\/sota.hb9tvk.org\/?p=185\" target=\"_blank\" rel=\"noopener noreferrer\">http:\/\/sota.hb9tvk.org\/?p=185<\/a><\/td><\/tr><tr><td>HB\/OW-022<\/td><td>J\u00e4nzi<\/td><td>1738 \/ WT1<\/td><td>Im Winter sehr sch\u00f6ne und ungef\u00e4hrliche Tour &#8212; aber lang.<\/td><td>Siehe 5), Tour 16<\/td><\/tr><tr><td>HB\/OW-025<\/td><td>Haglere<\/td><td>1949<\/td><td>&nbsp;<\/td><td>Siehe 5), Tour 10<\/td><\/tr><tr><td>HB\/SG-015<\/td><td>Guli<\/td><td>2355 \/ WT3-4<\/td><td>&nbsp;<\/td><td>Siehe 8), Tour 21<\/td><\/tr><tr><td>HB\/SG-030<\/td><td>Gonzen<\/td><td>1830 \/ WT3<\/td><td>&nbsp;<\/td><td>Siehe 8), Tour 24<\/td><\/tr><tr><td>HB\/SG-033<\/td><td>Gulmen<\/td><td>1789 \/ WT2<\/td><td>Ein Klassiker<\/td><td>Siehe 8), Tour 34<\/td><\/tr><tr><td>HB\/SG-034<\/td><td>Stockberg<\/td><td>1782 \/ WT3<\/td><td>&nbsp;<\/td><td>Siehe 8), Tour 40<\/td><\/tr><tr><td>HB\/SG-037<\/td><td>Hinterfallenchopf<\/td><td>1531 \/ WT2<\/td><td>&nbsp;<\/td><td>Siehe 8), Tour 41<\/td><\/tr><tr><td>HB\/SG-039<\/td><td>Spicher<\/td><td>1520 \/ WT2<\/td><td>Ab Abzweigung Chr\u00e4zerenpass (Schw\u00e4galp Passstrasse)<\/td><td>&nbsp;<\/td><\/tr><tr><td>HB\/SG-048<\/td><td>F\u00e4der\u00e4 \/ Tschuggen<\/td><td>1881 \/ WT2<\/td><td>&nbsp;<\/td><td>Siehe 8), Tour 24<\/td><\/tr><tr><td>HB\/SG-050<\/td><td>Gross-Fulfirst<\/td><td>2384 \/ WT2<\/td><td>Gipfelzustieg WT4 (sehr ausgesetzt)<\/td><td>Siehe 8), Tour 25<\/td><\/tr><tr><td>HB\/SZ-010<\/td><td>Silberen<\/td><td>2319 \/ WT3+<\/td><td>&nbsp;<\/td><td>Siehe 5), Tour 40<\/td><\/tr><tr><td>HB\/SZ-022<\/td><td>Roggenstock<\/td><td>1778 \/ WT3<\/td><td>Nur bei wenig Schnee geeignet: Bei viel Schnee ist der letzte Teil gef\u00e4hrlich.<\/td><td>&nbsp;<\/td><\/tr><tr><td>HB\/SZ-025<\/td><td>Furggelenstock<\/td><td>1656 \/ WT2<\/td><td>Ein weiterer Klassiker, kurze Strecke<\/td><td><a title=\"Furggelenstock\" href=\"http:\/\/sota.hb9tvk.org\/?p=167\" target=\"_blank\" rel=\"noopener noreferrer\">http:\/\/sota.hb9tvk.org\/?p=167<\/a>\n<p>Siehe 5), Tour 47<\/p>\n<\/td><\/tr><tr><td>HB\/SZ-026<\/td><td>Chli Aubrig<\/td><td>1642 \/ WT2<\/td><td>Nur \u00fcber Wildegg geeignet<\/td><td><a href=\"http:\/\/sota.hb9tvk.org\/?p=97\" target=\"_blank\" rel=\"noopener noreferrer\">http:\/\/sota.hb9tvk.org\/?p=97<\/a>, Siehe 5), Tour 45<\/td><\/tr><tr><td>HB\/SZ-027<\/td><td>Stock<\/td><td>1600 \/ WT3<\/td><td>&nbsp;<\/td><td><a title=\"Stock\" href=\"http:\/\/sota.hb9tvk.org\/?p=588\" target=\"_blank\" rel=\"noopener noreferrer\">http:\/\/sota.hb9tvk.org\/?p=588<\/a><\/td><\/tr><tr><td>HB\/SZ-028<\/td><td>Hochstuckli<\/td><td>WT2<\/td><td>&nbsp;<\/td><td><a title=\"Hochstuckli\" href=\"http:\/\/sota.hb9tvk.org\/?p=606\" target=\"_blank\" rel=\"noopener noreferrer\">http:\/\/sota.hb9tvk.org\/?p=606<\/a>, Siehe 5), Tour 48<\/td><\/tr><tr><td>HB\/SZ-035<\/td><td>&nbsp;Dosse\/Dossen<\/td><td>1566 \/ WT2<\/td><td>Von der Rigi \u00fcber Scheidegg<\/td><td><a href=\"https:\/\/hb9sota.ch\/wp-content\/uploads\/2013\/12\/Dossen-report.pdf\">Dossen HB\/SZ-035 (W 2013\/14)<\/a>\n<p><a href=\"http:\/\/sota.hb9tvk.org\/?p=631\" target=\"_blank\" rel=\"noopener noreferrer\">http:\/\/sota.hb9tvk.org\/?p=631<\/a><\/p>\n<p>Siehe 5), Tour 52 (WT3)<\/p>\n<\/td><\/tr><tr><td>HB\/TI-128<\/td><td>Pizzo Rossetto<\/td><td>2097 \/ WT3+<\/td><td>&nbsp;<\/td><td>Siehe 10), Tour 4.13<\/td><\/tr><tr><td>HB\/TI-132<\/td><td>Monte Gradiccioli<\/td><td>1936 \/ WT4<\/td><td>&nbsp;<\/td><td>Siehe 10), Tour 1.4<\/td><\/tr><tr><td>HB\/TI-135<\/td><td>Cima della Trosa<\/td><td>1869 \/ WT5<\/td><td>Gef\u00e4hrlichster Teil &#8211; Absteig \u00fcber Campigliai<\/td><td>Siehe 10), Tour 2.7<\/td><\/tr><tr><td>HB\/TI-136<\/td><td>Monte Bar<\/td><td>1816 \/ WT2<\/td><td>Ungef\u00e4hrlich aber langer Weg<\/td><td>Siehe 10), Tour 1.5<\/td><\/tr><tr><td>HB\/TI-138<\/td><td>Monte Gambarogno<\/td><td>1734 \/ WT4<\/td><td>&nbsp;<\/td><td>Siehe 10), Tour 1.8<\/td><\/tr><tr><td>HB-TI-141<\/td><td>Salmone<\/td><td>1560 \/ WT3+<\/td><td>&nbsp;<\/td><td>Siehe 10), Tour 2.8 und 2.9<\/td><\/tr><tr><td>HB\/VD-027<\/td><td>Planachaux<\/td><td>1925 \/ WT3+<\/td><td>&nbsp;<\/td><td>Siehe 6), Tour 40<\/td><\/tr><tr><td>HB\/VD-028<\/td><td>Corne des Brenlaires<\/td><td>1879 \/ WT2+<\/td><td>&nbsp;<\/td><td>Siehe 6), Tour 38<\/td><\/tr><tr><td>HB\/VD-029<\/td><td>Les Rodomonts<\/td><td>1878 \/ WT2<\/td><td>&nbsp;<\/td><td>Siehe 6), Tour 42<\/td><\/tr><tr><td>HB\/VD-030<\/td><td>Le Molard<\/td><td>1752 \/\n<p>WT2<\/p>\n<\/td><td>&nbsp;<\/td><td>Siehe 6), Tour 22; Siehe 12), Seite 84, Tour 14<\/td><\/tr><tr><td>HB\/VD-031<\/td><td>Monts Chevreuils<\/td><td>1749 \/ WT1<\/td><td>&nbsp;<\/td><td><a href=\"https:\/\/hb9sota.ch\/wp-content\/uploads\/2013\/12\/VD-031_Monts_Chevreuils_report.pdf\">VD-031_Monts_Chevreuils_report, Siehe 6) Tour 39<\/a><\/td><\/tr><tr><td>HB\/VD-032<\/td><td>Mont Tendre<\/td><td>1679 \/ WT2<\/td><td>&nbsp;<\/td><td>Siehe 9), Tour 9<\/td><\/tr><tr><td>HB\/VD-033<\/td><td>La Laitemaire<\/td><td>1678 \/ WT3<\/td><td>&nbsp;<\/td><td>&nbsp;<\/td><\/tr><tr><td>HB\/VD-034<\/td><td>La D\u00f4le<\/td><td>1677 \/ WT2<\/td><td>Sch\u00f6ne Schneeschuhtour (alternativ mit der Gondel \u00fcber Frankreich erreichbar)<\/td><td>&nbsp;<a href=\"https:\/\/hb9sota.ch\/wp-content\/uploads\/2013\/12\/VD-034-La-Dole1.pdf\">VD-034 La Dole<\/a> report\n<p>Siehe 9), Tour 10<\/p>\n<\/td><\/tr><tr><td>HB\/VD-035<\/td><td>Le Chasseron<\/td><td>1607 \/ WT2-3<\/td><td>Sehr gut geeignet<\/td><td>&nbsp;<a href=\"https:\/\/hb9sota.ch\/wp-content\/uploads\/2013\/12\/VD-035-Le-Chasseron-report.pdf\">VD-035 Le Chasseron report<\/a>\n<p>Siehe 9), Tour 6; Siehe 12), Seite 93, Tour 2 \/ Tour 4<\/p>\n<\/td><\/tr><tr><td>HB\/VD-036<\/td><td>Le Suchet<\/td><td>1588 \/ WT2-3<\/td><td>&nbsp;<\/td><td>&nbsp;Siehe 9), Tour 7<\/td><\/tr><tr><td>HB\/VD-037<\/td><td>Le Noirmont<\/td><td>1567 \/ WT2<\/td><td>Ein Klassiker, machbar zu fast jeder Zeit<\/td><td>&nbsp;<\/td><\/tr><tr><td>HB\/VD-038<\/td><td>Aiguilles de Baulmes<\/td><td>1559 \/ WT2<\/td><td>&nbsp;<\/td><td><a href=\"https:\/\/hb9sota.ch\/wp-content\/uploads\/2013\/12\/VD-038-Aiguilles-de-Baulmes-report.pdf\">VD-038 Aiguilles de Baulmes report<\/a>\n<p>Siehe 9), Tour 7<\/p>\n<\/td><\/tr><tr><td>HB\/VS-103<\/td><td>Le Grammont<\/td><td>2172 \/ WT4<\/td><td>&nbsp;<\/td><td>Siehe 11), Tour7<\/td><\/tr><tr><td>HB\/VS-104<\/td><td>Hockenhorn<\/td><td>3293 \/ WT4<\/td><td>&#8220;Anspruchsvolle Schneeschuhtour&#8230;Vorsicht geboten. Steigeisen mitnehmen.&#8221;<\/td><td>Siehe 7), Tour 7.5<\/td><\/tr><tr><td>HB\/VS-112<\/td><td>Mont de l&#8217;Arpille<\/td><td>2085 \/ WT2 &#8211; WT4<\/td><td>&nbsp;<\/td><td>Siehe 11), Tour 20 (WT2, von Ravoire, 976 m)\n<p>und<\/p>\n<p>Siehe 11), Tour 21 (WT4, von Col de La Forclaz, 557 m)<\/p>\n<\/td><\/tr><tr><td>HB\/VS-188<\/td><td>Monts Telliers<\/td><td>2951 \/ WT4<\/td><td>&nbsp;<\/td><td>Siehe 11), Tour 43<\/td><\/tr><tr><td>HB\/VS-194<\/td><td>Mont Fourchon<\/td><td>2902 \/ WT4<\/td><td>&nbsp;<\/td><td>Siehe 11), Tour 55<\/td><\/tr><tr><td>HB\/VS-213<\/td><td>Spitzhorli<\/td><td>2737 \/ WT3<\/td><td>Nur bei guten Bedingungen (Lavinen Stufe 2) &#8212; bei der Strecke unter Tochuhorn aufpassen.<\/td><td>&nbsp;Siehe 7), Tour 3.7<\/td><\/tr><tr><td>HB\/VS-226<\/td><td>Magehorn<\/td><td>2717 \/ WT3<\/td><td>&#8220;Da der Aufstieg weitgehend nach Ostenausgerichtet ist, ist spezielle Beachtung der Lawinensituation absolut notwendig.&#8221;<\/td><td>Siehe 7), Tour 3.9<\/td><\/tr><tr><td>HB\/VS-242<\/td><td>La Crevasse<\/td><td>1808 \/ WT3<\/td><td>&nbsp;<\/td><td>Siehe 12), Seite 163, Tour 2<\/td><\/tr><tr><td>HB\/VS-249<\/td><td>Steghorn<\/td><td>3146 \/ WT4<\/td><td>&nbsp;<\/td><td>Siehe 6), Tour 105<\/td><\/tr><tr><td>HB\/ZG-001<\/td><td>Wildspitz<\/td><td>1580 \/ WT3<\/td><td>From Sattel WT3<\/td><td>Siehe 5), Tour 50<\/td><\/tr><\/tbody><\/table><\/figure>\n\n\n\n<h6 class=\"wp-block-heading\"><span style=\"color: #ff0000;\">Wichtig: Keine Garantie f\u00fcr die Richtigkeit der Angaben. In keinem Fall haftet HB9SOTA f\u00fcr allf\u00e4llige direkte oder indirekte Sch\u00e4den, die als Folge des Gebrauchs von Informationen dieser Website enstehten.<\/span><\/h6>\n","protected":false},"excerpt":{"rendered":"<p>HB-Schneetouren mit Winterbonus Vom 1.12. bis und mit 31.3. gilt bei den Schweizer SOTA-Bergen mit einer H\u00f6he \u00fcber 1500 M.\u00fc.M. der Winterbonus, der zus\u00e4tzlich 3 Punkte pro Gipfel bringt. Im folgenden eine Zusammenstellung der Gipfel, welche sich im Winter bei &hellip;<\/p>\n<p class=\"read-more\"> <a class=\"more-link\" href=\"https:\/\/hb9sota.ch\/it\/schneeschuhtouren\/\"> <span class=\"screen-reader-text\">Schneeschuh-Touren<\/span> Leggi tutto &raquo;<\/a><\/p>\n","protected":false},"author":33,"featured_media":0,"parent":0,"menu_order":0,"comment_status":"closed","ping_status":"closed","template":"","meta":{"publish_to_discourse":"","publish_post_category":"","wpdc_auto_publish_overridden":"","wpdc_topic_tags":"","wpdc_pin_topic":"","wpdc_pin_until":"","discourse_post_id":"","discourse_permalink":"","wpdc_publishing_response":"","wpdc_publishing_error":"","footnotes":""},"class_list":["post-1164","page","type-page","status-publish","hentry"],"_links":{"self":[{"href":"https:\/\/hb9sota.ch\/it\/wp-json\/wp\/v2\/pages\/1164","targetHints":{"allow":["GET"]}}],"collection":[{"href":"https:\/\/hb9sota.ch\/it\/wp-json\/wp\/v2\/pages"}],"about":[{"href":"https:\/\/hb9sota.ch\/it\/wp-json\/wp\/v2\/types\/page"}],"author":[{"embeddable":true,"href":"https:\/\/hb9sota.ch\/it\/wp-json\/wp\/v2\/users\/33"}],"replies":[{"embeddable":true,"href":"https:\/\/hb9sota.ch\/it\/wp-json\/wp\/v2\/comments?post=1164"}],"version-history":[{"count":65,"href":"https:\/\/hb9sota.ch\/it\/wp-json\/wp\/v2\/pages\/1164\/revisions"}],"predecessor-version":[{"id":10284,"href":"https:\/\/hb9sota.ch\/it\/wp-json\/wp\/v2\/pages\/1164\/revisions\/10284"}],"wp:attachment":[{"href":"https:\/\/hb9sota.ch\/it\/wp-json\/wp\/v2\/media?parent=1164"}],"curies":[{"name":"wp","href":"https:\/\/api.w.org\/{rel}","templated":true}]}}