{"id":9864,"date":"2025-01-01T10:20:42","date_gmt":"2025-01-01T09:20:42","guid":{"rendered":"https:\/\/hb9sota.ch\/hb20sota-indicatif-dappel-special\/"},"modified":"2025-01-06T21:06:44","modified_gmt":"2025-01-06T20:06:44","slug":"hb20sota-indicatif-dappel-special","status":"publish","type":"page","link":"https:\/\/hb9sota.ch\/fr\/hb20sota-indicatif-dappel-special\/","title":{"rendered":"HB20SOTA Indicatif d&rsquo;appel sp\u00e9cial"},"content":{"rendered":"\n<h1 class=\"wp-block-heading\"><strong>Instructions pour l&rsquo;utilisation de l&rsquo;indicatif sp\u00e9cial HB20SOTA<\/strong><\/h1>\n\n<ol class=\"wp-block-list\">\n<li>L&rsquo;indicatif sp\u00e9cial HB20SOTA est disponible pour tous les radioamateurs titulaires d&rsquo;une licence CEPT <strong>du 1er janvier 2025 au 31 d\u00e9cembre 2025<\/strong>.<\/li>\n\n\n\n<li>Son utilisation doit \u00eatre discut\u00e9e et r\u00e9serv\u00e9e \u00e0 l\u2019avance avec Jean-Pierre Theiler HB9HBV (Mail : <a href=\"mailto:hb9hbv@icloud.com\">hb9hbv@icloud.com<\/a> ou Threema <a href=\"https:\/\/threema.id\/VDUNJBXX\">VDUNJBXX<\/a>).<\/li>\n\n\n\n<li>L&rsquo;indicatif sp\u00e9cial ne peut \u00eatre utilis\u00e9 qu&rsquo;en Suisse.<\/li>\n\n\n\n<li>Un log doit \u00eatre tenu afin de r\u00e9pondre par la suite aux \u00e9ventuelles cartes QSL re\u00e7ues. Il doit \u00eatre envoy\u00e9 au format ADIF \u00e0 notre gestionnaire d\u2019indicatif Jean-Pierre Theiler HB9HBV (<a href=\"mailto:hb9hbv@icloud.com\">hb9hbv@icloud.com<\/a>). Le contenu minimum du log est le suivant :<\/li>\n<\/ol>\n\n<figure class=\"wp-block-table\"><table><tbody><tr><td><strong>BANDE<\/strong><\/td><td><strong>MODE<\/strong><\/td><td><strong>QSO_DATE<\/strong><\/td><td><strong>TIME_ON<\/strong><\/td><td><strong>RST_SENT<\/strong><\/td><td><strong>CALL<\/strong><\/td><td><strong>MY_SOTA_REF<\/strong><\/td><\/tr><tr><td>30M<\/td><td>CW<\/td><td>20200826<\/td><td>0905<\/td><td>599<\/td><td>S58MU<\/td><td>HB\/VS-235<\/td><\/tr><tr><td>30M<\/td><td>CW<\/td><td>20200826<\/td><td>0907<\/td><td>599<\/td><td>PA0WDG<\/td><td>HB\/VS-235<\/td><\/tr><\/tbody><\/table><\/figure>\n\n<ol start=\"5\" class=\"wp-block-list\">\n<li>Chaque op\u00e9rateur est tenu de transf\u00e9rer lui-m\u00eame ses QSO dans la base de donn\u00e9es SOTA. L\u2019indicatif utilis\u00e9 peut \u00eatre indiqu\u00e9 pour chaque activation. Dans le cas o\u00f9 l\u2019op\u00e9rateur utilise VK por-al-log, adapter auparavant \u00ab On Air Callsign \u00bb.<\/li>\n<\/ol>\n\n<p><\/p>\n","protected":false},"excerpt":{"rendered":"<p>Instructions pour l&rsquo;utilisation de l&rsquo;indicatif sp\u00e9cial HB20SOTA BANDE MODE QSO_DATE TIME_ON RST_SENT CALL MY_SOTA_REF 30M CW 20200826 0905 599 S58MU HB\/VS-235 30M CW 20200826 0907 599 PA0WDG HB\/VS-235<\/p>\n","protected":false},"author":1,"featured_media":0,"parent":0,"menu_order":0,"comment_status":"closed","ping_status":"closed","template":"","meta":{"publish_to_discourse":"","publish_post_category":"","wpdc_auto_publish_overridden":"","wpdc_topic_tags":"","wpdc_pin_topic":"","wpdc_pin_until":"","discourse_post_id":"","discourse_permalink":"","wpdc_publishing_response":"","wpdc_publishing_error":"","footnotes":""},"class_list":["post-9864","page","type-page","status-publish","hentry"],"_links":{"self":[{"href":"https:\/\/hb9sota.ch\/fr\/wp-json\/wp\/v2\/pages\/9864","targetHints":{"allow":["GET"]}}],"collection":[{"href":"https:\/\/hb9sota.ch\/fr\/wp-json\/wp\/v2\/pages"}],"about":[{"href":"https:\/\/hb9sota.ch\/fr\/wp-json\/wp\/v2\/types\/page"}],"author":[{"embeddable":true,"href":"https:\/\/hb9sota.ch\/fr\/wp-json\/wp\/v2\/users\/1"}],"replies":[{"embeddable":true,"href":"https:\/\/hb9sota.ch\/fr\/wp-json\/wp\/v2\/comments?post=9864"}],"version-history":[{"count":9,"href":"https:\/\/hb9sota.ch\/fr\/wp-json\/wp\/v2\/pages\/9864\/revisions"}],"predecessor-version":[{"id":10325,"href":"https:\/\/hb9sota.ch\/fr\/wp-json\/wp\/v2\/pages\/9864\/revisions\/10325"}],"wp:attachment":[{"href":"https:\/\/hb9sota.ch\/fr\/wp-json\/wp\/v2\/media?parent=9864"}],"curies":[{"name":"wp","href":"https:\/\/api.w.org\/{rel}","templated":true}]}}