{"id":9854,"date":"2024-09-26T15:50:03","date_gmt":"2024-09-26T13:50:03","guid":{"rendered":"https:\/\/hb9sota.ch\/?page_id=9854"},"modified":"2025-01-06T19:09:02","modified_gmt":"2025-01-06T18:09:02","slug":"diplome-hb20sota","status":"publish","type":"page","link":"https:\/\/hb9sota.ch\/fr\/diplome-hb20sota\/","title":{"rendered":"Dipl\u00f4me HB20SOTA"},"content":{"rendered":"\n<p>R\u00e8gles: <a href=\"https:\/\/hb9sota.ch\/hb20sota-diplom-regeln\/\" data-type=\"page\" data-id=\"9607\">R\u00e8gles pour le dipl\u00f4me d\u2019anniversaire HB20SOTA<\/a><\/p>\n\n\n\n<p>Attention : Les cartes QSL sont envoy\u00e9es apr\u00e8s l&rsquo;expiration de l&rsquo;indicatif sp\u00e9cial HB20SOTA. Une seule carte QSL est envoy\u00e9e par bande et par mode.<\/p>\n\n\n\n<h2 class=\"wp-block-heading\">Demander un dipl\u00f4me HB20SOTA<\/h2>\n\n\n\n<iframe loading=\"lazy\" src=\"https:\/\/hb9sota.ch\/apps\/hb20diplom-fr.php\" width=\"500\" height=\"800\" frameborder=\"0\" scrolling=\"no\"><\/iframe>\n","protected":false},"excerpt":{"rendered":"<p>R\u00e8gles: R\u00e8gles pour le dipl\u00f4me d\u2019anniversaire HB20SOTA Attention : Les cartes QSL sont envoy\u00e9es apr\u00e8s l&rsquo;expiration de l&rsquo;indicatif sp\u00e9cial HB20SOTA. Une seule carte QSL est envoy\u00e9e par bande et par mode. Demander un dipl\u00f4me HB20SOTA<\/p>\n","protected":false},"author":1,"featured_media":0,"parent":0,"menu_order":0,"comment_status":"closed","ping_status":"closed","template":"","meta":{"publish_to_discourse":"","publish_post_category":"","wpdc_auto_publish_overridden":"","wpdc_topic_tags":"","wpdc_pin_topic":"","wpdc_pin_until":"","discourse_post_id":"","discourse_permalink":"","wpdc_publishing_response":"","wpdc_publishing_error":"","footnotes":""},"class_list":["post-9854","page","type-page","status-publish","hentry"],"_links":{"self":[{"href":"https:\/\/hb9sota.ch\/fr\/wp-json\/wp\/v2\/pages\/9854","targetHints":{"allow":["GET"]}}],"collection":[{"href":"https:\/\/hb9sota.ch\/fr\/wp-json\/wp\/v2\/pages"}],"about":[{"href":"https:\/\/hb9sota.ch\/fr\/wp-json\/wp\/v2\/types\/page"}],"author":[{"embeddable":true,"href":"https:\/\/hb9sota.ch\/fr\/wp-json\/wp\/v2\/users\/1"}],"replies":[{"embeddable":true,"href":"https:\/\/hb9sota.ch\/fr\/wp-json\/wp\/v2\/comments?post=9854"}],"version-history":[{"count":2,"href":"https:\/\/hb9sota.ch\/fr\/wp-json\/wp\/v2\/pages\/9854\/revisions"}],"predecessor-version":[{"id":10289,"href":"https:\/\/hb9sota.ch\/fr\/wp-json\/wp\/v2\/pages\/9854\/revisions\/10289"}],"wp:attachment":[{"href":"https:\/\/hb9sota.ch\/fr\/wp-json\/wp\/v2\/media?parent=9854"}],"curies":[{"name":"wp","href":"https:\/\/api.w.org\/{rel}","templated":true}]}}