{"id":9818,"date":"2021-11-17T07:58:28","date_gmt":"2021-11-17T06:58:28","guid":{"rendered":"https:\/\/hb9sota.ch\/les-membres\/"},"modified":"2024-12-21T11:49:34","modified_gmt":"2024-12-21T10:49:34","slug":"les-membres","status":"publish","type":"page","link":"https:\/\/hb9sota.ch\/fr\/les-membres\/","title":{"rendered":"Membres"},"content":{"rendered":"\n<p style=\"font-size:22px\">HB9SOTA compte actuellement <strong>281<\/strong> membres.<\/p>\n\n<p>Pour des raisons de protection des donn\u00e9es, la liste compl\u00e8te des membres n&rsquo;est pas visible publiquement. <\/p>\n\n<p>Les membres suivants se pr\u00e9sentent sur des pages web publiques :  <\/p>\n\n<ul class=\"wp-block-list\">\n<li><a href=\"https:\/\/hb9sota.ch\/hb9diz\/\" data-type=\"page\" data-id=\"5575\">HB9DIZ<\/a> (Markus Schuler)<\/li>\n\n\n\n<li><a href=\"https:\/\/hb9sota.ch\/hb9eaj\/\" data-type=\"page\" data-id=\"5588\">HB9EAJ<\/a> (Stephan Schmid)<\/li>\n<\/ul>\n\n<p><em><span style=\"color:#9c9c9c\" class=\"has-inline-color\">Si tu es membre de HB9SOTA et que tu souhaites te pr\u00e9senter publiquement, ou que tu souhaites publier des rapports dans la section \u00ab\u00a0Rapports\u00a0\u00bb, contacte notre pr\u00e9sident.  <\/span><\/em><\/p>\n","protected":false},"excerpt":{"rendered":"<p>HB9SOTA compte actuellement membres. Pour des raisons de protection des donn\u00e9es, la liste compl\u00e8te des membres n&rsquo;est pas visible publiquement. Les membres suivants se pr\u00e9sentent sur des pages web publiques : Si tu es membre de HB9SOTA et que tu &hellip;<\/p>\n<p class=\"read-more\"> <a class=\"more-link\" href=\"https:\/\/hb9sota.ch\/fr\/les-membres\/\"> <span class=\"screen-reader-text\">Membres<\/span> Read More &raquo;<\/a><\/p>\n","protected":false},"author":133,"featured_media":0,"parent":0,"menu_order":0,"comment_status":"closed","ping_status":"closed","template":"","meta":{"publish_to_discourse":"","publish_post_category":"","wpdc_auto_publish_overridden":"","wpdc_topic_tags":"","wpdc_pin_topic":"","wpdc_pin_until":"","discourse_post_id":"","discourse_permalink":"","wpdc_publishing_response":"","wpdc_publishing_error":"","footnotes":""},"class_list":["post-9818","page","type-page","status-publish","hentry"],"_links":{"self":[{"href":"https:\/\/hb9sota.ch\/fr\/wp-json\/wp\/v2\/pages\/9818","targetHints":{"allow":["GET"]}}],"collection":[{"href":"https:\/\/hb9sota.ch\/fr\/wp-json\/wp\/v2\/pages"}],"about":[{"href":"https:\/\/hb9sota.ch\/fr\/wp-json\/wp\/v2\/types\/page"}],"author":[{"embeddable":true,"href":"https:\/\/hb9sota.ch\/fr\/wp-json\/wp\/v2\/users\/133"}],"replies":[{"embeddable":true,"href":"https:\/\/hb9sota.ch\/fr\/wp-json\/wp\/v2\/comments?post=9818"}],"version-history":[{"count":3,"href":"https:\/\/hb9sota.ch\/fr\/wp-json\/wp\/v2\/pages\/9818\/revisions"}],"predecessor-version":[{"id":9821,"href":"https:\/\/hb9sota.ch\/fr\/wp-json\/wp\/v2\/pages\/9818\/revisions\/9821"}],"wp:attachment":[{"href":"https:\/\/hb9sota.ch\/fr\/wp-json\/wp\/v2\/media?parent=9818"}],"curies":[{"name":"wp","href":"https:\/\/api.w.org\/{rel}","templated":true}]}}