{"id":950,"date":"2014-05-01T11:55:49","date_gmt":"2014-05-01T10:55:49","guid":{"rendered":"http:\/\/hb9sota.ch\/?page_id=950"},"modified":"2024-09-13T07:22:20","modified_gmt":"2024-09-13T05:22:20","slug":"generalversammlung-2014","status":"publish","type":"page","link":"https:\/\/hb9sota.ch\/fr\/generalversammlung-2014\/","title":{"rendered":"Generalversammlung 2014"},"content":{"rendered":"<h1>GV 2014 der SOTA-Gruppe Schweiz<\/h1>\n<p>Am 29. 3. 2014 fand im Hotel Traube in K\u00fcttigen die 9. Generalversammlung der Gruppe statt.<br \/>\nDer Saal war bei der Begr\u00fcssung durch den Pr\u00e4sidenten Edwin Sch\u00fctz, HB9ZAP, bis auf den letzten Platz gef\u00fcllt und damit war auch schon die Beliebtheit der SOTA-Aktivit\u00e4ten dokumentiert.<\/p>\n<p>Die Versammlung wurde vom Pr\u00e4sidenten z\u00fcgig abgewickelt. So wurden das Protokoll der letzten GV, die Berichte von Pr\u00e4sident, Technischem Leiter und Administrator samt Jahresrechnung und Budget genehmigt und der Jahresbeitrag wie bisher mit CHF 20.- festgelegt. Etwas mehr Zeit ben\u00f6tigte die Erl\u00e4uterung der vorliegenden Antr\u00e4ge. So wurde die Mitgliederzahl des Vorstandes neu geregelt. Neu besteht der Vorstand aus mindestens 3 Mitgliedern und konstituiert sich selbst. So konnte neu ein erweiterter Vorstand gew\u00e4hlt werden. F\u00fcr den aus dem Amt scheidenden Pr\u00e4sidenten wurde neu J\u00fcrg Regli, HB9BIN als Pr\u00e4sident gew\u00e4hlt. Das Amt des scheidenden Administrators und Vizepr\u00e4sidenten wurde aufgeteilt. Neu \u00fcbernimmt Paul Schreier, HB9DST das Amt des Vizepr\u00e4sidenten und Bruno Ackermann, HB9CBR, das Amt von Kassier und Aktuar. Der technische Leiter, HB9TNF, stellte sich weiter zur Verf\u00fcgung und wurde In seinem Amt best\u00e4tigt.<\/p>\n<p>Als Diplommanager und Verwalter des Clubrufzeichens amtet neu Oliver Caminada, HB9EXF und als Webmaster Peter Kohler, HB9TVK. Der gesamte Vorstand wurde mit Akklamation best\u00e4tigt. Seit 2013 gibt SOTA f\u00fcr gearbeitete Kantone in 3 Stufen Diplome heraus. Wer 6 Kantone gearbeitet hat erh\u00e4lt das Diplom Alpenrose, mit 14 Kantonen gibt es das Diplom Enzian und mit 25 Kantonen (Genf hat keinen SOTA-Berg) das Diplom Edelweiss. Wer die Stufe Edelweiss erreicht ist neu berechtigt als zus\u00e4tzliche Auszeichnung eine Kuhglocke mit Riemen und Namensschild zu beziehen. Das Diplom kann direkt auf der HB9SOTA-Homepage beantragt werden und ist f\u00fcr SOTA-Mitglieder gratis. Nichtmitglieder bezahlen CHF 10.-. Der Termin f\u00fcr die GV wurde neu festgelegt und als Grundlage f\u00fcr die Bergliste gelten neu die Angaben auf \u00ab\u00a0maps.geo.admin.ch\u00a0\u00bb.<\/p>\n<p>Mit einem gemeinsamen Mittagessen fand die gut besuchte und flott verlaufene GV bei Fachsimpeln und der Kameradschaftspflege ihr Ende bevor sich eine Gruppe aufmachte, einen SOTA-Berg zu aktivieren (siehe separater Bericht). Den scheidenden Vorstandsmitgliedern wurde ihre T\u00e4tigkeit verdankt und den Neuen wurden die besten W\u00fcnsche f\u00fcr gute Zusammenarbeit und viel Spass mit auf den Weg gegeben.<\/p>\n<p>Autor\u00a0\u00a0 Fred HB9AAQ<\/p>\n<h1>Aktivierung von HB\/AG-006 und HB\/BL-005<\/h1>\n<p>Es ist schon beinahe zur Tradition geworden, nach dem Mittagessen am Tag der Generalversammlung von HB9SOTA gemeinsam einen nahe gelegenen Gipfel zu aktivieren. Dieses Jahr war der Tiersteinberg (HB\/AG-006) an der Reihe. Eine Karawane von vier Autos fuhr f\u00fcr etwa eine halbe Stunde von K\u00fcttigen zum Parkplatz auf den Ausgangspunkt. Von dort aus wanderten wir unter der F\u00fchrung von HB9CJR Heinz eine knappe Stunde, um die 3,9 km bei einer leichten Steigung zu bew\u00e4ltigen.<\/p>\n<p>Die folgenden Amateurfunker aktivierten den Tiersteinberg: HB9AFH Hugo, HB9AFI Kurt, HB9BHW Hansruedi, HB9BIN J\u00fcrg, Hans HB9BQU, HB9CBR Bruno, Paul, HB9DST und HB9IIO, Daniel. Die acht Amateurfunker t\u00e4tigten gesamthaft 77 QSO&rsquo;s auf den folgenden B\u00e4ndern: 40m, 30m, 17m, 12m und 2m. Ein ganz harter Kern &#8211; bestehend aus dem zuk\u00fcnftigen Pr\u00e4sidenten und dem neuen Sekret\u00e4r &#8211; aktivierten vor dem Sonnenuntergang noch den Wiesenberg (HB\/BL-005) und loggten 52 QSO&rsquo;s von diesem Gipfel auf 30 und 12 Meter in CW. Die \u00d6ffnung nach USA vom zweiten Gipfel auf 12 Meter war deutlich ergiebiger als vom ersten, obwohl beide Operatoren mit den gleichen Ger\u00e4ten arbeiteten, n\u00e4mlich mit 10 Watt und einem Alex-Loop als Antenne.<\/p>\n<p>Autor\u00a0\u00a0 J\u00fcrg, HB9BIN<\/p>\n","protected":false},"excerpt":{"rendered":"<p>GV 2014 der SOTA-Gruppe Schweiz Am 29. 3. 2014 fand im Hotel Traube in K\u00fcttigen die 9. Generalversammlung der Gruppe statt. Der Saal war bei der Begr\u00fcssung durch den Pr\u00e4sidenten Edwin Sch\u00fctz, HB9ZAP, bis auf den letzten Platz gef\u00fcllt und &hellip;<\/p>\n<p class=\"read-more\"> <a class=\"more-link\" href=\"https:\/\/hb9sota.ch\/fr\/generalversammlung-2014\/\"> <span class=\"screen-reader-text\">Generalversammlung 2014<\/span> Read More &raquo;<\/a><\/p>\n","protected":false},"author":1,"featured_media":0,"parent":0,"menu_order":0,"comment_status":"closed","ping_status":"open","template":"","meta":{"publish_to_discourse":"","publish_post_category":"","wpdc_auto_publish_overridden":"","wpdc_topic_tags":"","wpdc_pin_topic":"","wpdc_pin_until":"","discourse_post_id":"","discourse_permalink":"","wpdc_publishing_response":"","wpdc_publishing_error":"","footnotes":""},"class_list":["post-950","page","type-page","status-publish","hentry"],"_links":{"self":[{"href":"https:\/\/hb9sota.ch\/fr\/wp-json\/wp\/v2\/pages\/950","targetHints":{"allow":["GET"]}}],"collection":[{"href":"https:\/\/hb9sota.ch\/fr\/wp-json\/wp\/v2\/pages"}],"about":[{"href":"https:\/\/hb9sota.ch\/fr\/wp-json\/wp\/v2\/types\/page"}],"author":[{"embeddable":true,"href":"https:\/\/hb9sota.ch\/fr\/wp-json\/wp\/v2\/users\/1"}],"replies":[{"embeddable":true,"href":"https:\/\/hb9sota.ch\/fr\/wp-json\/wp\/v2\/comments?post=950"}],"version-history":[{"count":1,"href":"https:\/\/hb9sota.ch\/fr\/wp-json\/wp\/v2\/pages\/950\/revisions"}],"predecessor-version":[{"id":951,"href":"https:\/\/hb9sota.ch\/fr\/wp-json\/wp\/v2\/pages\/950\/revisions\/951"}],"wp:attachment":[{"href":"https:\/\/hb9sota.ch\/fr\/wp-json\/wp\/v2\/media?parent=950"}],"curies":[{"name":"wp","href":"https:\/\/api.w.org\/{rel}","templated":true}]}}