{"id":7710,"date":"2023-03-22T16:04:25","date_gmt":"2023-03-22T15:04:25","guid":{"rendered":"https:\/\/hb9sota.ch\/?page_id=7710"},"modified":"2024-09-13T07:23:29","modified_gmt":"2024-09-13T05:23:29","slug":"diplome-alpine-summits","status":"publish","type":"page","link":"https:\/\/hb9sota.ch\/fr\/diplome-alpine-summits\/","title":{"rendered":"Dipl\u00f4me Alpine Summits"},"content":{"rendered":"\n<p><a href=\"https:\/\/hb9sota.ch\/reglement-alpine-summits-diplome\/\">R\u00e8gles pour l&rsquo;obtention du dipl\u00f4me Alpine Summits<\/a><\/p>\n<h5>Co\u00fbt:<\/h5>\n<p>Pour les &nbsp;<strong>Non-membres d&rsquo;HB9SOTA <\/strong> le dipl\u00f4me co\u00fbte 10 CHF payable d&rsquo;avance au moyen de PayPal (formulaire \u00e0 la fin du processus de demande).<\/p>\n<p>Pour les membres de HB9SOTA, le dipl\u00f4me est gratuit. <\/p>\n<h2>Demande du dipl\u00f4me Alpine Summits<img loading=\"lazy\" decoding=\"async\" class=\"alignright size-full wp-image-42\" src=\"https:\/\/hb9sota.ch\/wp-content\/uploads\/2023\/03\/alpinesummits.jpg\" width=\"400\" height=\"283\"><\/h2>\n<p><iframe loading=\"lazy\" src=\"https:\/\/hb9sota.ch\/apps\/alpinediplom-fr.php\" width=\"500\" height=\"800\" frameborder=\"0\"><\/iframe><\/p>\n","protected":false},"excerpt":{"rendered":"<p>R\u00e8gles pour l&rsquo;obtention du dipl\u00f4me Alpine Summits Co\u00fbt: Pour les &nbsp;Non-membres d&rsquo;HB9SOTA le dipl\u00f4me co\u00fbte 10 CHF payable d&rsquo;avance au moyen de PayPal (formulaire \u00e0 la fin du processus de demande). Pour les membres de HB9SOTA, le dipl\u00f4me est gratuit. &hellip;<\/p>\n<p class=\"read-more\"> <a class=\"more-link\" href=\"https:\/\/hb9sota.ch\/fr\/diplome-alpine-summits\/\"> <span class=\"screen-reader-text\">Dipl\u00f4me Alpine Summits<\/span> Read More &raquo;<\/a><\/p>\n","protected":false},"author":1,"featured_media":0,"parent":0,"menu_order":0,"comment_status":"closed","ping_status":"closed","template":"","meta":{"publish_to_discourse":"","publish_post_category":"","wpdc_auto_publish_overridden":"","wpdc_topic_tags":"","wpdc_pin_topic":"","wpdc_pin_until":"","discourse_post_id":"","discourse_permalink":"","wpdc_publishing_response":"","wpdc_publishing_error":"","footnotes":""},"class_list":["post-7710","page","type-page","status-publish","hentry"],"_links":{"self":[{"href":"https:\/\/hb9sota.ch\/fr\/wp-json\/wp\/v2\/pages\/7710","targetHints":{"allow":["GET"]}}],"collection":[{"href":"https:\/\/hb9sota.ch\/fr\/wp-json\/wp\/v2\/pages"}],"about":[{"href":"https:\/\/hb9sota.ch\/fr\/wp-json\/wp\/v2\/types\/page"}],"author":[{"embeddable":true,"href":"https:\/\/hb9sota.ch\/fr\/wp-json\/wp\/v2\/users\/1"}],"replies":[{"embeddable":true,"href":"https:\/\/hb9sota.ch\/fr\/wp-json\/wp\/v2\/comments?post=7710"}],"version-history":[{"count":2,"href":"https:\/\/hb9sota.ch\/fr\/wp-json\/wp\/v2\/pages\/7710\/revisions"}],"predecessor-version":[{"id":7712,"href":"https:\/\/hb9sota.ch\/fr\/wp-json\/wp\/v2\/pages\/7710\/revisions\/7712"}],"wp:attachment":[{"href":"https:\/\/hb9sota.ch\/fr\/wp-json\/wp\/v2\/media?parent=7710"}],"curies":[{"name":"wp","href":"https:\/\/api.w.org\/{rel}","templated":true}]}}