{"id":7519,"date":"2023-03-19T17:29:47","date_gmt":"2023-03-19T16:29:47","guid":{"rendered":"https:\/\/hb9sota.ch\/?page_id=7519"},"modified":"2024-09-13T07:22:22","modified_gmt":"2024-09-13T05:22:22","slug":"regionaltreffen-glarus-24-11-2022","status":"publish","type":"page","link":"https:\/\/hb9sota.ch\/fr\/regionaltreffen\/regionaltreffen-glarus-24-11-2022\/","title":{"rendered":"Regionaltreffen Glarus 24.11.2022"},"content":{"rendered":"\n<figure class=\"wp-block-gallery has-nested-images columns-default is-cropped wp-block-gallery-1 is-layout-flex wp-block-gallery-is-layout-flex\">\n<figure class=\"wp-block-image size-large\"><a href=\"https:\/\/hb9sota.ch\/wp-content\/uploads\/2023\/03\/IMG_20221124_190424-scaled.jpg\"><img loading=\"lazy\" decoding=\"async\" width=\"1024\" height=\"473\" data-id=\"7524\" src=\"https:\/\/hb9sota.ch\/wp-content\/uploads\/2023\/03\/IMG_20221124_190424-1024x473.jpg\" alt=\"\" class=\"wp-image-7524\" srcset=\"https:\/\/hb9sota.ch\/wp-content\/uploads\/2023\/03\/IMG_20221124_190424-1024x473.jpg 1024w, https:\/\/hb9sota.ch\/wp-content\/uploads\/2023\/03\/IMG_20221124_190424-300x138.jpg 300w, https:\/\/hb9sota.ch\/wp-content\/uploads\/2023\/03\/IMG_20221124_190424-768x354.jpg 768w, https:\/\/hb9sota.ch\/wp-content\/uploads\/2023\/03\/IMG_20221124_190424-1536x709.jpg 1536w, https:\/\/hb9sota.ch\/wp-content\/uploads\/2023\/03\/IMG_20221124_190424-2048x945.jpg 2048w, https:\/\/hb9sota.ch\/wp-content\/uploads\/2023\/03\/IMG_20221124_190424-100x46.jpg 100w, https:\/\/hb9sota.ch\/wp-content\/uploads\/2023\/03\/IMG_20221124_190424-150x69.jpg 150w, https:\/\/hb9sota.ch\/wp-content\/uploads\/2023\/03\/IMG_20221124_190424-200x92.jpg 200w, https:\/\/hb9sota.ch\/wp-content\/uploads\/2023\/03\/IMG_20221124_190424-450x208.jpg 450w, https:\/\/hb9sota.ch\/wp-content\/uploads\/2023\/03\/IMG_20221124_190424-600x277.jpg 600w, https:\/\/hb9sota.ch\/wp-content\/uploads\/2023\/03\/IMG_20221124_190424-900x415.jpg 900w\" sizes=\"auto, (max-width: 1024px) 100vw, 1024px\" \/><\/a><\/figure>\n\n\n\n<figure class=\"wp-block-image size-large\"><a href=\"https:\/\/hb9sota.ch\/wp-content\/uploads\/2023\/03\/IMG_20221124_192255-scaled.jpg\"><img loading=\"lazy\" decoding=\"async\" width=\"1024\" height=\"473\" data-id=\"7527\" src=\"https:\/\/hb9sota.ch\/wp-content\/uploads\/2023\/03\/IMG_20221124_192255-1024x473.jpg\" alt=\"\" class=\"wp-image-7527\" srcset=\"https:\/\/hb9sota.ch\/wp-content\/uploads\/2023\/03\/IMG_20221124_192255-1024x473.jpg 1024w, https:\/\/hb9sota.ch\/wp-content\/uploads\/2023\/03\/IMG_20221124_192255-300x138.jpg 300w, https:\/\/hb9sota.ch\/wp-content\/uploads\/2023\/03\/IMG_20221124_192255-768x354.jpg 768w, https:\/\/hb9sota.ch\/wp-content\/uploads\/2023\/03\/IMG_20221124_192255-1536x709.jpg 1536w, https:\/\/hb9sota.ch\/wp-content\/uploads\/2023\/03\/IMG_20221124_192255-2048x945.jpg 2048w, https:\/\/hb9sota.ch\/wp-content\/uploads\/2023\/03\/IMG_20221124_192255-100x46.jpg 100w, https:\/\/hb9sota.ch\/wp-content\/uploads\/2023\/03\/IMG_20221124_192255-150x69.jpg 150w, https:\/\/hb9sota.ch\/wp-content\/uploads\/2023\/03\/IMG_20221124_192255-200x92.jpg 200w, https:\/\/hb9sota.ch\/wp-content\/uploads\/2023\/03\/IMG_20221124_192255-450x208.jpg 450w, https:\/\/hb9sota.ch\/wp-content\/uploads\/2023\/03\/IMG_20221124_192255-600x277.jpg 600w, https:\/\/hb9sota.ch\/wp-content\/uploads\/2023\/03\/IMG_20221124_192255-900x415.jpg 900w\" sizes=\"auto, (max-width: 1024px) 100vw, 1024px\" \/><\/a><\/figure>\n<\/figure>\n\n\n\n<p>Von HB9IQL<\/p>\n\n\n\n<p>Der Vorstand von HB9SOTA hat sich aufgrund von wetterbedingt abgesagten Terminen Gedanken gemacht, wie sich interessierte Mitglieder zum Ende dieser erfolgreichen Saison 2022 doch noch einmal treffen k\u00f6nnten. Mit der Planung f\u00fcr die Durchf\u00fchrung von zeitlich gestaffelt und \u00fcber die ganze Schweiz verteilten, regionalen Treffen ist eine gute Grundlage dazu geschaffen worden. Der Start zu dieser Serie von \u00ab\u00a0Gipfeltreffen\u00a0\u00bb verlief erfolgreich und fand regen Anklang. Es machte sich am Donnerstagabend, 24.11.2022, eine recht stattliche Anzahl begeisterter SOTA-Freunde auf den Weg ins Restaurant March\u00e9 bei der Autobahnrastst\u00e4tte Glarnerland. Sabrina HB3XTZ, Ren\u00e9 HB9PIM, Jens HB9EKO, Arthur HB9CEV, Roger HB9FHX, Matthias HB9FVF, Andi HB9EPY, Alexander HB9HRM, Manuel HB9DQM, Walter HB9JAY, Fritz HB9IQL kamen aus Nah und Fern, gut gelaunt, so, wie es immer ist, wenn der Berg ruft. Diesmal einzig mit dem Unterschied, dass sich die Aktivierungszone dem Anlass entsprechend in einem Restaurant und nicht, wie sonst eigentlich \u00fcblich, zuoberst auf dem Berg befand. Schnell mal hatten alle ihren Platz am langen Tisch gefunden und schon bald wurde emsig erz\u00e4hlt, fleissig debattiert, dieses und jenes diskutiert. So zum Beispiel \u00fcber Themen wie: Was kann bei der Logf\u00fchrung im Regen, wenn das Blatt nass und weich wird, gegen das zerreissen des Papiers durch eine zu harte Bleistift-Spitze behilflich sein? Ist ein Bleistift mit einer weicheren Mine die vermeintliche L\u00f6sung, oder kann es auch ein Kugelschreiber richten? Leider machen es die meisten Kugelschreiber in dieser Situation auch nicht viel besser, falls sie denn \u00fcberhaupt noch schreiben, ohne zu schmieren. Ausgenommen jenes Produkt, das selbst im Weltall immer perfekt funktioniert.  Manchmal stellt man sich dann die Frage, ob man nicht besser Papier und Schreibzeug gleich ganz weg l\u00e4sst und hin zu einer Tablet- oder Smartphone App L\u00f6sung wechseln sollte, was aber bei garstigem Wetter auch nicht in jedem Fall die perfekte L\u00f6sung sein wird. Denn sp\u00e4testens ab dann, wenn im Takt der auf den Touchscreen fallenden Regentropfen wie von Geisterhand gesteuert spontane Eingaben generiert werden, die der Logf\u00fchrende so eigentlich gar nicht wollte, und sich das Ger\u00e4t in eben diesem Zustand oft nicht einmal mehr mit den Fingern richtig bedienen l\u00e4sst, k\u00f6nnte es durchaus sein, dass man sich sehnlichst wieder das altbew\u00e4hrte Papierlog zur\u00fcck w\u00fcnscht. Wer hat solches oder \u00e4hnliches nicht auch schon selber mal erlebt? Na ja, wenn jemand eine Reise tut &#8211; oder einen SOTA[1]Berg aktiviert &#8211; so kann er was erz\u00e4hlen. Den Abschluss dieses interessanten Abends wurde dann eingel\u00e4utet mit der Pr\u00e4sentation des von Sabrina HB3XTZ und Ren\u00e9 HB9PIM bereits hundertfach eingesetzten, und damit den Praxistest ganz offensichtlich bestens bestandenen, HB9CV Monoband[1]Beam mit geschraubten Elementen f\u00fcr 2m. Es ist eine wirkungsvolle Antenne, die trotz ihres filigranen Erscheinungsbildes erstaunlich stabil aufgebaut ist und universell sowohl horizontal wie auch vertikal eingesetzt werden kann. Im demontierten Zustand weist sie ein recht kleines Pack-Mass auf &#8211; was speziell bei SOTA von Vorteil ist. Es war sch\u00f6n, mit Euch zusammen einen informativen Abend verbracht und Euch wieder einmal gesehen zu haben. Ich w\u00fcnsche allen eine sch\u00f6ne Winter- und Weihnachtszeit und freue mich auf bald einmal wieder. Vor allem auch, wenn es wieder heisst: CQ SOTA \u2026.<\/p>\n","protected":false},"excerpt":{"rendered":"<p>Von HB9IQL Der Vorstand von HB9SOTA hat sich aufgrund von wetterbedingt abgesagten Terminen Gedanken gemacht, wie sich interessierte Mitglieder zum Ende dieser erfolgreichen Saison 2022 doch noch einmal treffen k\u00f6nnten. Mit der Planung f\u00fcr die Durchf\u00fchrung von zeitlich gestaffelt und &hellip;<\/p>\n<p class=\"read-more\"> <a class=\"more-link\" href=\"https:\/\/hb9sota.ch\/fr\/regionaltreffen\/regionaltreffen-glarus-24-11-2022\/\"> <span class=\"screen-reader-text\">Regionaltreffen Glarus 24.11.2022<\/span> Read More &raquo;<\/a><\/p>\n","protected":false},"author":190,"featured_media":0,"parent":7484,"menu_order":0,"comment_status":"closed","ping_status":"closed","template":"","meta":{"publish_to_discourse":"","publish_post_category":"","wpdc_auto_publish_overridden":"","wpdc_topic_tags":"","wpdc_pin_topic":"","wpdc_pin_until":"","discourse_post_id":"","discourse_permalink":"","wpdc_publishing_response":"","wpdc_publishing_error":"","footnotes":""},"class_list":["post-7519","page","type-page","status-publish","hentry"],"_links":{"self":[{"href":"https:\/\/hb9sota.ch\/fr\/wp-json\/wp\/v2\/pages\/7519","targetHints":{"allow":["GET"]}}],"collection":[{"href":"https:\/\/hb9sota.ch\/fr\/wp-json\/wp\/v2\/pages"}],"about":[{"href":"https:\/\/hb9sota.ch\/fr\/wp-json\/wp\/v2\/types\/page"}],"author":[{"embeddable":true,"href":"https:\/\/hb9sota.ch\/fr\/wp-json\/wp\/v2\/users\/190"}],"replies":[{"embeddable":true,"href":"https:\/\/hb9sota.ch\/fr\/wp-json\/wp\/v2\/comments?post=7519"}],"version-history":[{"count":3,"href":"https:\/\/hb9sota.ch\/fr\/wp-json\/wp\/v2\/pages\/7519\/revisions"}],"predecessor-version":[{"id":7549,"href":"https:\/\/hb9sota.ch\/fr\/wp-json\/wp\/v2\/pages\/7519\/revisions\/7549"}],"up":[{"embeddable":true,"href":"https:\/\/hb9sota.ch\/fr\/wp-json\/wp\/v2\/pages\/7484"}],"wp:attachment":[{"href":"https:\/\/hb9sota.ch\/fr\/wp-json\/wp\/v2\/media?parent=7519"}],"curies":[{"name":"wp","href":"https:\/\/api.w.org\/{rel}","templated":true}]}}