{"id":7487,"date":"2023-03-19T17:12:41","date_gmt":"2023-03-19T16:12:41","guid":{"rendered":"https:\/\/hb9sota.ch\/?page_id=7487"},"modified":"2024-09-13T07:22:22","modified_gmt":"2024-09-13T05:22:22","slug":"regionaltreffen-olten-09-02-2023","status":"publish","type":"page","link":"https:\/\/hb9sota.ch\/fr\/regionaltreffen\/regionaltreffen-olten-09-02-2023\/","title":{"rendered":"Regionaltreffen Olten 09.02.2023"},"content":{"rendered":"\n<p>Von HB9HEA<\/p>\n\n\n\n<p>Seit gut einem Jahr bin ich ein SOTA AFU. Viele Aktivierungen und QSO\u2019s konnte ich in der Zwischenzeit machen und habe so den einen oder die andere Person besser kennen gelernt. Dennoch, zu einer Stimme fehlt halt immer noch ein Gesicht. Die Gelegenheit in Olten einem Treffen beizuwohnen liess ich mir nat\u00fcrlich nicht nehmen, zumal die Men\u00fcauswahl schon den Mund w\u00e4ssrig machte. Das Restaurant Fl\u00fcgelrad habe ich schnell erreicht und bin den ersten Personen auch gleich begegnet, Tabea und Ren\u00e9. Imposant der f\u00fcr uns reservierte Tisch. Gesch\u00e4tzte 30 Personen m\u00fcssen da wohl sich angemeldet haben. Jedenfalls verlief der Abend im Nu. Viele neue Gesichter sind mir da begegnet zu denen sich nun auch die Rufzeichen gesellen. Mit meinen Gespr\u00e4chspartnern Fred, Paul und Ren\u00e9 verbrachte ich einen interessanten Abend. Es gab viel zu erz\u00e4hlen \u00fcber Funk und Ausr\u00fcstung f\u00fcr SOTA-Betrieb. Da kam das Essen fast zu kurz. Ein Dankesch\u00f6n an das Wirtspersonal, hat alles super funktioniert, das Essen grandios. Die Zeit verlief f\u00fcr mich viel zu schnell, die geplante R\u00fcckfahrt zu meinem QTH stand vor der T\u00fcr. Ein tolles Lob an Sabrina &amp; Ren\u00e9 f\u00fcr die Organisation des Events. Hast Du sehr gut gemacht und freue mich schon auf das n\u00e4chste Treffen. Allen Teilnehmenden vielen Dank f\u00fcr das Erscheinen und viel Spass und Erfolg beim Aktivieren.<\/p>\n\n\n\n<p>73 de Aldo HB9HEA<br>Teilnehmer:<br>HB3XTZ Sabrina<br>HB9PIM, Rene<br>HB9HBV Jean-Pierre<br>HB9HBU Anita Theiler<br>HB9EVF Tom<br>HB3XXX Tabea<br>Markus HB9DIZ<br>Jens HB9EKO<br>HB9CYX Fritz<br>Hans HB9BQU<br>Aldo HB9HEA<\/p>\n\n\n\n<p>HB3XBA Fred<br>HB9HTM, Mark<br>HB9CBR Bruno<br>Peter HB9DGW<br>J\u00fcrg HB9BIN<br>Bruno HB9CDH<br>Matthias HB9DLB<br>HB9CRY Ren\u00e9<br>Peter, HB9RYV<br>Stefan HB9HCS<br>Paul HB9DST<br>Fredi HB9BHU<br>Andreas HB9HCI<br>Thomas HB9HBT<\/p>\n\n\n\n<figure class=\"wp-block-gallery has-nested-images columns-default is-cropped wp-block-gallery-1 is-layout-flex wp-block-gallery-is-layout-flex\">\n<figure class=\"wp-block-image size-large\"><a href=\"https:\/\/hb9sota.ch\/wp-content\/uploads\/2023\/03\/image-20230209-214732-scaled.jpeg\"><img loading=\"lazy\" decoding=\"async\" width=\"1024\" height=\"576\" data-id=\"7493\" src=\"https:\/\/hb9sota.ch\/wp-content\/uploads\/2023\/03\/image-20230209-214732-1024x576.jpeg\" alt=\"\" class=\"wp-image-7493\" srcset=\"https:\/\/hb9sota.ch\/wp-content\/uploads\/2023\/03\/image-20230209-214732-1024x576.jpeg 1024w, https:\/\/hb9sota.ch\/wp-content\/uploads\/2023\/03\/image-20230209-214732-300x169.jpeg 300w, https:\/\/hb9sota.ch\/wp-content\/uploads\/2023\/03\/image-20230209-214732-768x432.jpeg 768w, https:\/\/hb9sota.ch\/wp-content\/uploads\/2023\/03\/image-20230209-214732-1536x864.jpeg 1536w, https:\/\/hb9sota.ch\/wp-content\/uploads\/2023\/03\/image-20230209-214732-2048x1152.jpeg 2048w, https:\/\/hb9sota.ch\/wp-content\/uploads\/2023\/03\/image-20230209-214732-100x56.jpeg 100w, https:\/\/hb9sota.ch\/wp-content\/uploads\/2023\/03\/image-20230209-214732-150x84.jpeg 150w, https:\/\/hb9sota.ch\/wp-content\/uploads\/2023\/03\/image-20230209-214732-200x113.jpeg 200w, https:\/\/hb9sota.ch\/wp-content\/uploads\/2023\/03\/image-20230209-214732-450x253.jpeg 450w, https:\/\/hb9sota.ch\/wp-content\/uploads\/2023\/03\/image-20230209-214732-600x338.jpeg 600w, https:\/\/hb9sota.ch\/wp-content\/uploads\/2023\/03\/image-20230209-214732-900x506.jpeg 900w\" sizes=\"auto, (max-width: 1024px) 100vw, 1024px\" \/><\/a><\/figure>\n\n\n\n<figure class=\"wp-block-image size-large\"><a href=\"https:\/\/hb9sota.ch\/wp-content\/uploads\/2023\/03\/IMG_20230209_185559-scaled.jpg\"><img loading=\"lazy\" decoding=\"async\" width=\"771\" height=\"1024\" data-id=\"7492\" src=\"https:\/\/hb9sota.ch\/wp-content\/uploads\/2023\/03\/IMG_20230209_185559-771x1024.jpg\" alt=\"\" class=\"wp-image-7492\" srcset=\"https:\/\/hb9sota.ch\/wp-content\/uploads\/2023\/03\/IMG_20230209_185559-771x1024.jpg 771w, https:\/\/hb9sota.ch\/wp-content\/uploads\/2023\/03\/IMG_20230209_185559-226x300.jpg 226w, https:\/\/hb9sota.ch\/wp-content\/uploads\/2023\/03\/IMG_20230209_185559-768x1020.jpg 768w, https:\/\/hb9sota.ch\/wp-content\/uploads\/2023\/03\/IMG_20230209_185559-1157x1536.jpg 1157w, https:\/\/hb9sota.ch\/wp-content\/uploads\/2023\/03\/IMG_20230209_185559-1542x2048.jpg 1542w, https:\/\/hb9sota.ch\/wp-content\/uploads\/2023\/03\/IMG_20230209_185559-100x133.jpg 100w, https:\/\/hb9sota.ch\/wp-content\/uploads\/2023\/03\/IMG_20230209_185559-150x199.jpg 150w, https:\/\/hb9sota.ch\/wp-content\/uploads\/2023\/03\/IMG_20230209_185559-200x266.jpg 200w, https:\/\/hb9sota.ch\/wp-content\/uploads\/2023\/03\/IMG_20230209_185559-300x398.jpg 300w, https:\/\/hb9sota.ch\/wp-content\/uploads\/2023\/03\/IMG_20230209_185559-450x598.jpg 450w, https:\/\/hb9sota.ch\/wp-content\/uploads\/2023\/03\/IMG_20230209_185559-600x797.jpg 600w, https:\/\/hb9sota.ch\/wp-content\/uploads\/2023\/03\/IMG_20230209_185559-900x1195.jpg 900w, https:\/\/hb9sota.ch\/wp-content\/uploads\/2023\/03\/IMG_20230209_185559-scaled.jpg 1928w\" sizes=\"auto, (max-width: 771px) 100vw, 771px\" \/><\/a><\/figure>\n\n\n\n<figure class=\"wp-block-image size-large\"><a href=\"https:\/\/hb9sota.ch\/wp-content\/uploads\/2023\/03\/IMG_20230209_185615-scaled.jpg\"><img loading=\"lazy\" decoding=\"async\" width=\"1024\" height=\"771\" data-id=\"7489\" src=\"https:\/\/hb9sota.ch\/wp-content\/uploads\/2023\/03\/IMG_20230209_185615-1024x771.jpg\" alt=\"\" class=\"wp-image-7489\" srcset=\"https:\/\/hb9sota.ch\/wp-content\/uploads\/2023\/03\/IMG_20230209_185615-1024x771.jpg 1024w, https:\/\/hb9sota.ch\/wp-content\/uploads\/2023\/03\/IMG_20230209_185615-300x226.jpg 300w, https:\/\/hb9sota.ch\/wp-content\/uploads\/2023\/03\/IMG_20230209_185615-768x578.jpg 768w, https:\/\/hb9sota.ch\/wp-content\/uploads\/2023\/03\/IMG_20230209_185615-1536x1157.jpg 1536w, https:\/\/hb9sota.ch\/wp-content\/uploads\/2023\/03\/IMG_20230209_185615-2048x1542.jpg 2048w, https:\/\/hb9sota.ch\/wp-content\/uploads\/2023\/03\/IMG_20230209_185615-100x75.jpg 100w, https:\/\/hb9sota.ch\/wp-content\/uploads\/2023\/03\/IMG_20230209_185615-150x113.jpg 150w, https:\/\/hb9sota.ch\/wp-content\/uploads\/2023\/03\/IMG_20230209_185615-200x151.jpg 200w, https:\/\/hb9sota.ch\/wp-content\/uploads\/2023\/03\/IMG_20230209_185615-450x339.jpg 450w, https:\/\/hb9sota.ch\/wp-content\/uploads\/2023\/03\/IMG_20230209_185615-600x452.jpg 600w, https:\/\/hb9sota.ch\/wp-content\/uploads\/2023\/03\/IMG_20230209_185615-900x678.jpg 900w\" sizes=\"auto, (max-width: 1024px) 100vw, 1024px\" \/><\/a><\/figure>\n\n\n\n<figure class=\"wp-block-image size-large\"><a href=\"https:\/\/hb9sota.ch\/wp-content\/uploads\/2023\/03\/IMG_20230209_185644-scaled.jpg\"><img loading=\"lazy\" decoding=\"async\" width=\"1024\" height=\"771\" data-id=\"7491\" src=\"https:\/\/hb9sota.ch\/wp-content\/uploads\/2023\/03\/IMG_20230209_185644-1024x771.jpg\" alt=\"\" class=\"wp-image-7491\" srcset=\"https:\/\/hb9sota.ch\/wp-content\/uploads\/2023\/03\/IMG_20230209_185644-1024x771.jpg 1024w, https:\/\/hb9sota.ch\/wp-content\/uploads\/2023\/03\/IMG_20230209_185644-300x226.jpg 300w, https:\/\/hb9sota.ch\/wp-content\/uploads\/2023\/03\/IMG_20230209_185644-768x578.jpg 768w, https:\/\/hb9sota.ch\/wp-content\/uploads\/2023\/03\/IMG_20230209_185644-1536x1157.jpg 1536w, https:\/\/hb9sota.ch\/wp-content\/uploads\/2023\/03\/IMG_20230209_185644-2048x1542.jpg 2048w, https:\/\/hb9sota.ch\/wp-content\/uploads\/2023\/03\/IMG_20230209_185644-100x75.jpg 100w, https:\/\/hb9sota.ch\/wp-content\/uploads\/2023\/03\/IMG_20230209_185644-150x113.jpg 150w, https:\/\/hb9sota.ch\/wp-content\/uploads\/2023\/03\/IMG_20230209_185644-200x151.jpg 200w, https:\/\/hb9sota.ch\/wp-content\/uploads\/2023\/03\/IMG_20230209_185644-450x339.jpg 450w, https:\/\/hb9sota.ch\/wp-content\/uploads\/2023\/03\/IMG_20230209_185644-600x452.jpg 600w, https:\/\/hb9sota.ch\/wp-content\/uploads\/2023\/03\/IMG_20230209_185644-900x678.jpg 900w\" sizes=\"auto, (max-width: 1024px) 100vw, 1024px\" \/><\/a><\/figure>\n\n\n\n<figure class=\"wp-block-image size-large\"><a href=\"https:\/\/hb9sota.ch\/wp-content\/uploads\/2023\/03\/IMG_20230209_185655-scaled.jpg\"><img loading=\"lazy\" decoding=\"async\" width=\"1024\" height=\"771\" data-id=\"7490\" src=\"https:\/\/hb9sota.ch\/wp-content\/uploads\/2023\/03\/IMG_20230209_185655-1024x771.jpg\" alt=\"\" class=\"wp-image-7490\" srcset=\"https:\/\/hb9sota.ch\/wp-content\/uploads\/2023\/03\/IMG_20230209_185655-1024x771.jpg 1024w, https:\/\/hb9sota.ch\/wp-content\/uploads\/2023\/03\/IMG_20230209_185655-300x226.jpg 300w, https:\/\/hb9sota.ch\/wp-content\/uploads\/2023\/03\/IMG_20230209_185655-768x578.jpg 768w, https:\/\/hb9sota.ch\/wp-content\/uploads\/2023\/03\/IMG_20230209_185655-1536x1157.jpg 1536w, https:\/\/hb9sota.ch\/wp-content\/uploads\/2023\/03\/IMG_20230209_185655-2048x1542.jpg 2048w, https:\/\/hb9sota.ch\/wp-content\/uploads\/2023\/03\/IMG_20230209_185655-100x75.jpg 100w, https:\/\/hb9sota.ch\/wp-content\/uploads\/2023\/03\/IMG_20230209_185655-150x113.jpg 150w, https:\/\/hb9sota.ch\/wp-content\/uploads\/2023\/03\/IMG_20230209_185655-200x151.jpg 200w, https:\/\/hb9sota.ch\/wp-content\/uploads\/2023\/03\/IMG_20230209_185655-450x339.jpg 450w, https:\/\/hb9sota.ch\/wp-content\/uploads\/2023\/03\/IMG_20230209_185655-600x452.jpg 600w, https:\/\/hb9sota.ch\/wp-content\/uploads\/2023\/03\/IMG_20230209_185655-900x678.jpg 900w\" sizes=\"auto, (max-width: 1024px) 100vw, 1024px\" \/><\/a><\/figure>\n\n\n\n<figure class=\"wp-block-image size-large\"><a href=\"https:\/\/hb9sota.ch\/wp-content\/uploads\/2023\/03\/IMG_20230209_194934-scaled.jpg\"><img loading=\"lazy\" decoding=\"async\" width=\"1024\" height=\"771\" data-id=\"7495\" src=\"https:\/\/hb9sota.ch\/wp-content\/uploads\/2023\/03\/IMG_20230209_194934-1024x771.jpg\" alt=\"\" class=\"wp-image-7495\" srcset=\"https:\/\/hb9sota.ch\/wp-content\/uploads\/2023\/03\/IMG_20230209_194934-1024x771.jpg 1024w, https:\/\/hb9sota.ch\/wp-content\/uploads\/2023\/03\/IMG_20230209_194934-300x226.jpg 300w, https:\/\/hb9sota.ch\/wp-content\/uploads\/2023\/03\/IMG_20230209_194934-768x578.jpg 768w, https:\/\/hb9sota.ch\/wp-content\/uploads\/2023\/03\/IMG_20230209_194934-1536x1157.jpg 1536w, https:\/\/hb9sota.ch\/wp-content\/uploads\/2023\/03\/IMG_20230209_194934-2048x1542.jpg 2048w, https:\/\/hb9sota.ch\/wp-content\/uploads\/2023\/03\/IMG_20230209_194934-100x75.jpg 100w, https:\/\/hb9sota.ch\/wp-content\/uploads\/2023\/03\/IMG_20230209_194934-150x113.jpg 150w, https:\/\/hb9sota.ch\/wp-content\/uploads\/2023\/03\/IMG_20230209_194934-200x151.jpg 200w, https:\/\/hb9sota.ch\/wp-content\/uploads\/2023\/03\/IMG_20230209_194934-450x339.jpg 450w, https:\/\/hb9sota.ch\/wp-content\/uploads\/2023\/03\/IMG_20230209_194934-600x452.jpg 600w, https:\/\/hb9sota.ch\/wp-content\/uploads\/2023\/03\/IMG_20230209_194934-900x678.jpg 900w\" sizes=\"auto, (max-width: 1024px) 100vw, 1024px\" \/><\/a><\/figure>\n\n\n\n<figure class=\"wp-block-image size-large\"><a href=\"https:\/\/hb9sota.ch\/wp-content\/uploads\/2023\/03\/IMG_20230209_194939-scaled.jpg\"><img loading=\"lazy\" decoding=\"async\" width=\"1024\" height=\"771\" data-id=\"7497\" src=\"https:\/\/hb9sota.ch\/wp-content\/uploads\/2023\/03\/IMG_20230209_194939-1024x771.jpg\" alt=\"\" class=\"wp-image-7497\" srcset=\"https:\/\/hb9sota.ch\/wp-content\/uploads\/2023\/03\/IMG_20230209_194939-1024x771.jpg 1024w, https:\/\/hb9sota.ch\/wp-content\/uploads\/2023\/03\/IMG_20230209_194939-300x226.jpg 300w, https:\/\/hb9sota.ch\/wp-content\/uploads\/2023\/03\/IMG_20230209_194939-768x578.jpg 768w, https:\/\/hb9sota.ch\/wp-content\/uploads\/2023\/03\/IMG_20230209_194939-1536x1157.jpg 1536w, https:\/\/hb9sota.ch\/wp-content\/uploads\/2023\/03\/IMG_20230209_194939-2048x1542.jpg 2048w, https:\/\/hb9sota.ch\/wp-content\/uploads\/2023\/03\/IMG_20230209_194939-100x75.jpg 100w, https:\/\/hb9sota.ch\/wp-content\/uploads\/2023\/03\/IMG_20230209_194939-150x113.jpg 150w, https:\/\/hb9sota.ch\/wp-content\/uploads\/2023\/03\/IMG_20230209_194939-200x151.jpg 200w, https:\/\/hb9sota.ch\/wp-content\/uploads\/2023\/03\/IMG_20230209_194939-450x339.jpg 450w, https:\/\/hb9sota.ch\/wp-content\/uploads\/2023\/03\/IMG_20230209_194939-600x452.jpg 600w, https:\/\/hb9sota.ch\/wp-content\/uploads\/2023\/03\/IMG_20230209_194939-900x678.jpg 900w\" sizes=\"auto, (max-width: 1024px) 100vw, 1024px\" \/><\/a><\/figure>\n\n\n\n<figure class=\"wp-block-image size-large\"><a href=\"https:\/\/hb9sota.ch\/wp-content\/uploads\/2023\/03\/IMG_20230209_195020-scaled.jpg\"><img loading=\"lazy\" decoding=\"async\" width=\"1024\" height=\"771\" data-id=\"7498\" src=\"https:\/\/hb9sota.ch\/wp-content\/uploads\/2023\/03\/IMG_20230209_195020-1024x771.jpg\" alt=\"\" class=\"wp-image-7498\" srcset=\"https:\/\/hb9sota.ch\/wp-content\/uploads\/2023\/03\/IMG_20230209_195020-1024x771.jpg 1024w, https:\/\/hb9sota.ch\/wp-content\/uploads\/2023\/03\/IMG_20230209_195020-300x226.jpg 300w, https:\/\/hb9sota.ch\/wp-content\/uploads\/2023\/03\/IMG_20230209_195020-768x578.jpg 768w, https:\/\/hb9sota.ch\/wp-content\/uploads\/2023\/03\/IMG_20230209_195020-1536x1157.jpg 1536w, https:\/\/hb9sota.ch\/wp-content\/uploads\/2023\/03\/IMG_20230209_195020-2048x1542.jpg 2048w, https:\/\/hb9sota.ch\/wp-content\/uploads\/2023\/03\/IMG_20230209_195020-100x75.jpg 100w, https:\/\/hb9sota.ch\/wp-content\/uploads\/2023\/03\/IMG_20230209_195020-150x113.jpg 150w, https:\/\/hb9sota.ch\/wp-content\/uploads\/2023\/03\/IMG_20230209_195020-200x151.jpg 200w, https:\/\/hb9sota.ch\/wp-content\/uploads\/2023\/03\/IMG_20230209_195020-450x339.jpg 450w, https:\/\/hb9sota.ch\/wp-content\/uploads\/2023\/03\/IMG_20230209_195020-600x452.jpg 600w, https:\/\/hb9sota.ch\/wp-content\/uploads\/2023\/03\/IMG_20230209_195020-900x678.jpg 900w\" sizes=\"auto, (max-width: 1024px) 100vw, 1024px\" \/><\/a><\/figure>\n\n\n\n<figure class=\"wp-block-image size-large\"><a href=\"https:\/\/hb9sota.ch\/wp-content\/uploads\/2023\/03\/IMG_20230209_195025-scaled.jpg\"><img loading=\"lazy\" decoding=\"async\" width=\"1024\" height=\"771\" data-id=\"7499\" src=\"https:\/\/hb9sota.ch\/wp-content\/uploads\/2023\/03\/IMG_20230209_195025-1024x771.jpg\" alt=\"\" class=\"wp-image-7499\" srcset=\"https:\/\/hb9sota.ch\/wp-content\/uploads\/2023\/03\/IMG_20230209_195025-1024x771.jpg 1024w, https:\/\/hb9sota.ch\/wp-content\/uploads\/2023\/03\/IMG_20230209_195025-300x226.jpg 300w, https:\/\/hb9sota.ch\/wp-content\/uploads\/2023\/03\/IMG_20230209_195025-768x578.jpg 768w, https:\/\/hb9sota.ch\/wp-content\/uploads\/2023\/03\/IMG_20230209_195025-1536x1157.jpg 1536w, https:\/\/hb9sota.ch\/wp-content\/uploads\/2023\/03\/IMG_20230209_195025-2048x1542.jpg 2048w, https:\/\/hb9sota.ch\/wp-content\/uploads\/2023\/03\/IMG_20230209_195025-100x75.jpg 100w, https:\/\/hb9sota.ch\/wp-content\/uploads\/2023\/03\/IMG_20230209_195025-150x113.jpg 150w, https:\/\/hb9sota.ch\/wp-content\/uploads\/2023\/03\/IMG_20230209_195025-200x151.jpg 200w, https:\/\/hb9sota.ch\/wp-content\/uploads\/2023\/03\/IMG_20230209_195025-450x339.jpg 450w, https:\/\/hb9sota.ch\/wp-content\/uploads\/2023\/03\/IMG_20230209_195025-600x452.jpg 600w, https:\/\/hb9sota.ch\/wp-content\/uploads\/2023\/03\/IMG_20230209_195025-900x678.jpg 900w\" sizes=\"auto, (max-width: 1024px) 100vw, 1024px\" \/><\/a><\/figure>\n\n\n\n<figure class=\"wp-block-image size-large\"><a href=\"https:\/\/hb9sota.ch\/wp-content\/uploads\/2023\/03\/IMG_20230209_203146-scaled.jpg\"><img loading=\"lazy\" decoding=\"async\" width=\"1024\" height=\"771\" data-id=\"7501\" src=\"https:\/\/hb9sota.ch\/wp-content\/uploads\/2023\/03\/IMG_20230209_203146-1024x771.jpg\" alt=\"\" class=\"wp-image-7501\" srcset=\"https:\/\/hb9sota.ch\/wp-content\/uploads\/2023\/03\/IMG_20230209_203146-1024x771.jpg 1024w, https:\/\/hb9sota.ch\/wp-content\/uploads\/2023\/03\/IMG_20230209_203146-300x226.jpg 300w, https:\/\/hb9sota.ch\/wp-content\/uploads\/2023\/03\/IMG_20230209_203146-768x578.jpg 768w, https:\/\/hb9sota.ch\/wp-content\/uploads\/2023\/03\/IMG_20230209_203146-1536x1157.jpg 1536w, https:\/\/hb9sota.ch\/wp-content\/uploads\/2023\/03\/IMG_20230209_203146-2048x1542.jpg 2048w, https:\/\/hb9sota.ch\/wp-content\/uploads\/2023\/03\/IMG_20230209_203146-100x75.jpg 100w, https:\/\/hb9sota.ch\/wp-content\/uploads\/2023\/03\/IMG_20230209_203146-150x113.jpg 150w, https:\/\/hb9sota.ch\/wp-content\/uploads\/2023\/03\/IMG_20230209_203146-200x151.jpg 200w, https:\/\/hb9sota.ch\/wp-content\/uploads\/2023\/03\/IMG_20230209_203146-450x339.jpg 450w, https:\/\/hb9sota.ch\/wp-content\/uploads\/2023\/03\/IMG_20230209_203146-600x452.jpg 600w, https:\/\/hb9sota.ch\/wp-content\/uploads\/2023\/03\/IMG_20230209_203146-900x678.jpg 900w\" sizes=\"auto, (max-width: 1024px) 100vw, 1024px\" \/><\/a><\/figure>\n\n\n\n<figure class=\"wp-block-image size-large\"><a href=\"https:\/\/hb9sota.ch\/wp-content\/uploads\/2023\/03\/IMG_20230209_203153-scaled.jpg\"><img loading=\"lazy\" decoding=\"async\" width=\"1024\" height=\"771\" data-id=\"7502\" src=\"https:\/\/hb9sota.ch\/wp-content\/uploads\/2023\/03\/IMG_20230209_203153-1024x771.jpg\" alt=\"\" class=\"wp-image-7502\" srcset=\"https:\/\/hb9sota.ch\/wp-content\/uploads\/2023\/03\/IMG_20230209_203153-1024x771.jpg 1024w, https:\/\/hb9sota.ch\/wp-content\/uploads\/2023\/03\/IMG_20230209_203153-300x226.jpg 300w, https:\/\/hb9sota.ch\/wp-content\/uploads\/2023\/03\/IMG_20230209_203153-768x578.jpg 768w, https:\/\/hb9sota.ch\/wp-content\/uploads\/2023\/03\/IMG_20230209_203153-1536x1157.jpg 1536w, https:\/\/hb9sota.ch\/wp-content\/uploads\/2023\/03\/IMG_20230209_203153-2048x1542.jpg 2048w, https:\/\/hb9sota.ch\/wp-content\/uploads\/2023\/03\/IMG_20230209_203153-100x75.jpg 100w, https:\/\/hb9sota.ch\/wp-content\/uploads\/2023\/03\/IMG_20230209_203153-150x113.jpg 150w, https:\/\/hb9sota.ch\/wp-content\/uploads\/2023\/03\/IMG_20230209_203153-200x151.jpg 200w, https:\/\/hb9sota.ch\/wp-content\/uploads\/2023\/03\/IMG_20230209_203153-450x339.jpg 450w, https:\/\/hb9sota.ch\/wp-content\/uploads\/2023\/03\/IMG_20230209_203153-600x452.jpg 600w, https:\/\/hb9sota.ch\/wp-content\/uploads\/2023\/03\/IMG_20230209_203153-900x678.jpg 900w\" sizes=\"auto, (max-width: 1024px) 100vw, 1024px\" \/><\/a><\/figure>\n\n\n\n<figure class=\"wp-block-image size-large\"><a href=\"https:\/\/hb9sota.ch\/wp-content\/uploads\/2023\/03\/IMG_20230209_203915-scaled.jpg\"><img loading=\"lazy\" decoding=\"async\" width=\"1024\" height=\"771\" data-id=\"7503\" src=\"https:\/\/hb9sota.ch\/wp-content\/uploads\/2023\/03\/IMG_20230209_203915-1024x771.jpg\" alt=\"\" class=\"wp-image-7503\" srcset=\"https:\/\/hb9sota.ch\/wp-content\/uploads\/2023\/03\/IMG_20230209_203915-1024x771.jpg 1024w, https:\/\/hb9sota.ch\/wp-content\/uploads\/2023\/03\/IMG_20230209_203915-300x226.jpg 300w, https:\/\/hb9sota.ch\/wp-content\/uploads\/2023\/03\/IMG_20230209_203915-768x578.jpg 768w, https:\/\/hb9sota.ch\/wp-content\/uploads\/2023\/03\/IMG_20230209_203915-1536x1157.jpg 1536w, https:\/\/hb9sota.ch\/wp-content\/uploads\/2023\/03\/IMG_20230209_203915-2048x1542.jpg 2048w, https:\/\/hb9sota.ch\/wp-content\/uploads\/2023\/03\/IMG_20230209_203915-100x75.jpg 100w, https:\/\/hb9sota.ch\/wp-content\/uploads\/2023\/03\/IMG_20230209_203915-150x113.jpg 150w, https:\/\/hb9sota.ch\/wp-content\/uploads\/2023\/03\/IMG_20230209_203915-200x151.jpg 200w, https:\/\/hb9sota.ch\/wp-content\/uploads\/2023\/03\/IMG_20230209_203915-450x339.jpg 450w, https:\/\/hb9sota.ch\/wp-content\/uploads\/2023\/03\/IMG_20230209_203915-600x452.jpg 600w, https:\/\/hb9sota.ch\/wp-content\/uploads\/2023\/03\/IMG_20230209_203915-900x678.jpg 900w\" sizes=\"auto, (max-width: 1024px) 100vw, 1024px\" \/><\/a><\/figure>\n\n\n\n<figure class=\"wp-block-image size-large\"><a href=\"https:\/\/hb9sota.ch\/wp-content\/uploads\/2023\/03\/threema-20230209-185823376.jpg\"><img loading=\"lazy\" decoding=\"async\" width=\"768\" height=\"1024\" data-id=\"7505\" src=\"https:\/\/hb9sota.ch\/wp-content\/uploads\/2023\/03\/threema-20230209-185823376.jpg\" alt=\"\" class=\"wp-image-7505\" srcset=\"https:\/\/hb9sota.ch\/wp-content\/uploads\/2023\/03\/threema-20230209-185823376.jpg 768w, https:\/\/hb9sota.ch\/wp-content\/uploads\/2023\/03\/threema-20230209-185823376-225x300.jpg 225w, https:\/\/hb9sota.ch\/wp-content\/uploads\/2023\/03\/threema-20230209-185823376-100x133.jpg 100w, https:\/\/hb9sota.ch\/wp-content\/uploads\/2023\/03\/threema-20230209-185823376-150x200.jpg 150w, https:\/\/hb9sota.ch\/wp-content\/uploads\/2023\/03\/threema-20230209-185823376-200x267.jpg 200w, https:\/\/hb9sota.ch\/wp-content\/uploads\/2023\/03\/threema-20230209-185823376-300x400.jpg 300w, https:\/\/hb9sota.ch\/wp-content\/uploads\/2023\/03\/threema-20230209-185823376-450x600.jpg 450w, https:\/\/hb9sota.ch\/wp-content\/uploads\/2023\/03\/threema-20230209-185823376-600x800.jpg 600w\" sizes=\"auto, (max-width: 768px) 100vw, 768px\" \/><\/a><\/figure>\n\n\n\n<figure class=\"wp-block-image size-large\"><a href=\"https:\/\/hb9sota.ch\/wp-content\/uploads\/2023\/03\/threema-20230209-185823549.jpg\"><img loading=\"lazy\" decoding=\"async\" width=\"768\" height=\"1024\" data-id=\"7506\" src=\"https:\/\/hb9sota.ch\/wp-content\/uploads\/2023\/03\/threema-20230209-185823549.jpg\" alt=\"\" class=\"wp-image-7506\" srcset=\"https:\/\/hb9sota.ch\/wp-content\/uploads\/2023\/03\/threema-20230209-185823549.jpg 768w, https:\/\/hb9sota.ch\/wp-content\/uploads\/2023\/03\/threema-20230209-185823549-225x300.jpg 225w, https:\/\/hb9sota.ch\/wp-content\/uploads\/2023\/03\/threema-20230209-185823549-100x133.jpg 100w, https:\/\/hb9sota.ch\/wp-content\/uploads\/2023\/03\/threema-20230209-185823549-150x200.jpg 150w, https:\/\/hb9sota.ch\/wp-content\/uploads\/2023\/03\/threema-20230209-185823549-200x267.jpg 200w, https:\/\/hb9sota.ch\/wp-content\/uploads\/2023\/03\/threema-20230209-185823549-300x400.jpg 300w, https:\/\/hb9sota.ch\/wp-content\/uploads\/2023\/03\/threema-20230209-185823549-450x600.jpg 450w, https:\/\/hb9sota.ch\/wp-content\/uploads\/2023\/03\/threema-20230209-185823549-600x800.jpg 600w\" sizes=\"auto, (max-width: 768px) 100vw, 768px\" \/><\/a><\/figure>\n<\/figure>\n","protected":false},"excerpt":{"rendered":"<p>Von HB9HEA Seit gut einem Jahr bin ich ein SOTA AFU. Viele Aktivierungen und QSO\u2019s konnte ich in der Zwischenzeit machen und habe so den einen oder die andere Person besser kennen gelernt. Dennoch, zu einer Stimme fehlt halt immer &hellip;<\/p>\n<p class=\"read-more\"> <a class=\"more-link\" href=\"https:\/\/hb9sota.ch\/fr\/regionaltreffen\/regionaltreffen-olten-09-02-2023\/\"> <span class=\"screen-reader-text\">Regionaltreffen Olten 09.02.2023<\/span> Read More &raquo;<\/a><\/p>\n","protected":false},"author":190,"featured_media":0,"parent":7484,"menu_order":0,"comment_status":"closed","ping_status":"closed","template":"","meta":{"publish_to_discourse":"","publish_post_category":"","wpdc_auto_publish_overridden":"","wpdc_topic_tags":"","wpdc_pin_topic":"","wpdc_pin_until":"","discourse_post_id":"","discourse_permalink":"","wpdc_publishing_response":"","wpdc_publishing_error":"","footnotes":""},"class_list":["post-7487","page","type-page","status-publish","hentry"],"_links":{"self":[{"href":"https:\/\/hb9sota.ch\/fr\/wp-json\/wp\/v2\/pages\/7487","targetHints":{"allow":["GET"]}}],"collection":[{"href":"https:\/\/hb9sota.ch\/fr\/wp-json\/wp\/v2\/pages"}],"about":[{"href":"https:\/\/hb9sota.ch\/fr\/wp-json\/wp\/v2\/types\/page"}],"author":[{"embeddable":true,"href":"https:\/\/hb9sota.ch\/fr\/wp-json\/wp\/v2\/users\/190"}],"replies":[{"embeddable":true,"href":"https:\/\/hb9sota.ch\/fr\/wp-json\/wp\/v2\/comments?post=7487"}],"version-history":[{"count":2,"href":"https:\/\/hb9sota.ch\/fr\/wp-json\/wp\/v2\/pages\/7487\/revisions"}],"predecessor-version":[{"id":7554,"href":"https:\/\/hb9sota.ch\/fr\/wp-json\/wp\/v2\/pages\/7487\/revisions\/7554"}],"up":[{"embeddable":true,"href":"https:\/\/hb9sota.ch\/fr\/wp-json\/wp\/v2\/pages\/7484"}],"wp:attachment":[{"href":"https:\/\/hb9sota.ch\/fr\/wp-json\/wp\/v2\/media?parent=7487"}],"curies":[{"name":"wp","href":"https:\/\/api.w.org\/{rel}","templated":true}]}}