{"id":7279,"date":"2023-01-22T15:14:31","date_gmt":"2023-01-22T14:14:31","guid":{"rendered":"https:\/\/hb9sota.ch\/?page_id=7279"},"modified":"2024-09-13T07:23:28","modified_gmt":"2024-09-13T05:23:28","slug":"sota-en-zones-protegees","status":"publish","type":"page","link":"https:\/\/hb9sota.ch\/fr\/sota-en-zones-protegees\/","title":{"rendered":"Activations SOTA en Zones Prot\u00e9g\u00e9es en Suisse"},"content":{"rendered":"\n<p><\/p>\n\n\n\n<p>En Suisse, il y a des centaines de zones prot\u00e9g\u00e9es, quels sont classifi\u00e9s en beaucoup de cat\u00e9gories diff\u00e9rentes. Un activatour SOTA sera confront\u00e9 plus t\u00f4t ou plus tard avec ces zones prot\u00e9g\u00e9es. <\/p>\n\n\n\n<p>Tout \u00e0 coup, on arrive \u00e0 un panneau. On sent que ce sera util d&rsquo;\u00e9tudier le contenu, mais on manque le temps, on veut arriver au sommet et faire du radio&#8230;..<\/p>\n\n\n\n<p>Tu trouves un petit  guide \u00e0 propos des zones prot\u00e9g\u00e9es en Suisse <a href=\"https:\/\/hb9sota.ch\/wp-content\/uploads\/2023\/02\/SOTAdansZonesProtection_202301015.pdf\">\u00e0 ce lien, <\/a>avec des sources d&rsquo;information additionnelles, des tuyaux et conventions.<\/p>\n\n\n\n<p>Le document n&rsquo;est disponible qu&rsquo;en langue Allemande pour le moment. Si tu voudrais supporter le comit\u00e9 avec une traduction, merci de contacter le pr\u00e9sident. <\/p>\n\n\n\n<p><\/p>\n\n\n\n<p><\/p>\n","protected":false},"excerpt":{"rendered":"<p>En Suisse, il y a des centaines de zones prot\u00e9g\u00e9es, quels sont classifi\u00e9s en beaucoup de cat\u00e9gories diff\u00e9rentes. Un activatour SOTA sera confront\u00e9 plus t\u00f4t ou plus tard avec ces zones prot\u00e9g\u00e9es. Tout \u00e0 coup, on arrive \u00e0 un panneau. &hellip;<\/p>\n<p class=\"read-more\"> <a class=\"more-link\" href=\"https:\/\/hb9sota.ch\/fr\/sota-en-zones-protegees\/\"> <span class=\"screen-reader-text\">Activations SOTA en Zones Prot\u00e9g\u00e9es en Suisse<\/span> Read More &raquo;<\/a><\/p>\n","protected":false},"author":133,"featured_media":0,"parent":0,"menu_order":0,"comment_status":"closed","ping_status":"closed","template":"","meta":{"publish_to_discourse":"","publish_post_category":"","wpdc_auto_publish_overridden":"","wpdc_topic_tags":"","wpdc_pin_topic":"","wpdc_pin_until":"","discourse_post_id":"","discourse_permalink":"","wpdc_publishing_response":"","wpdc_publishing_error":"","footnotes":""},"class_list":["post-7279","page","type-page","status-publish","hentry"],"_links":{"self":[{"href":"https:\/\/hb9sota.ch\/fr\/wp-json\/wp\/v2\/pages\/7279","targetHints":{"allow":["GET"]}}],"collection":[{"href":"https:\/\/hb9sota.ch\/fr\/wp-json\/wp\/v2\/pages"}],"about":[{"href":"https:\/\/hb9sota.ch\/fr\/wp-json\/wp\/v2\/types\/page"}],"author":[{"embeddable":true,"href":"https:\/\/hb9sota.ch\/fr\/wp-json\/wp\/v2\/users\/133"}],"replies":[{"embeddable":true,"href":"https:\/\/hb9sota.ch\/fr\/wp-json\/wp\/v2\/comments?post=7279"}],"version-history":[{"count":4,"href":"https:\/\/hb9sota.ch\/fr\/wp-json\/wp\/v2\/pages\/7279\/revisions"}],"predecessor-version":[{"id":7374,"href":"https:\/\/hb9sota.ch\/fr\/wp-json\/wp\/v2\/pages\/7279\/revisions\/7374"}],"wp:attachment":[{"href":"https:\/\/hb9sota.ch\/fr\/wp-json\/wp\/v2\/media?parent=7279"}],"curies":[{"name":"wp","href":"https:\/\/api.w.org\/{rel}","templated":true}]}}