{"id":674,"date":"2014-01-19T22:26:40","date_gmt":"2014-01-19T22:26:40","guid":{"rendered":"http:\/\/preview.hb9sota.ch\/?page_id=674"},"modified":"2024-09-13T07:22:19","modified_gmt":"2024-09-13T05:22:19","slug":"hb9bin-startpunkte","status":"publish","type":"page","link":"https:\/\/hb9sota.ch\/fr\/berichte\/hb9bin-startpunkte\/","title":{"rendered":"HB9BIN"},"content":{"rendered":"<h1>Berichte<\/h1>\n<p>Vierw\u00f6chige SOTA Tour durch den Balkan:&nbsp;<a href=\"https:\/\/hb9sota.ch\/wp-content\/uploads\/2017\/12\/SOTA-Balkanreise-von-HB9BIN.pdf\" target=\"_blank\" rel=\"noopener\">SOTA Balkanreise von HB9BIN<\/a><\/p>\n<p>HB\/VS-078 \u00dcsseres Barrhorn, HB\/VS-092 Sch\u00f6llihorn:&nbsp;<a href=\"https:\/\/hb9sota.ch\/wp-content\/uploads\/2014\/01\/Das_Besteigen_des_h\u00f6chsten_Wanderberges.pdf\" target=\"_blank\" rel=\"noopener\">Das_Besteigen_des_h\u00f6chsten_Wanderberges<\/a><\/p>\n<p>Die erste SOTA-Expedition auf die kanarischen Inseln:&nbsp;<a href=\"https:\/\/hb9sota.ch\/wp-content\/uploads\/2014\/01\/EA8Bericht.pdf\" target=\"_blank\" rel=\"noopener\">EA8 Bericht<\/a><\/p>\n<p>Das Wanderparadies Madeira, SOTA, der KX3 und der brennende Akku: <a href=\"https:\/\/hb9sota.ch\/wp-content\/uploads\/2014\/01\/CT3-Madeira-2014.pdf\" target=\"_blank\" rel=\"noopener\">CT3 Madeira 2014<\/a><\/p>\n<p>&nbsp;<\/p>\n<h6><span style=\"color: #ff0000;\">Wichtig: In keinem Fall haftet HB9SOTA&nbsp;oder der Verfasser des Berichtes f\u00fcr allf\u00e4llige direkte oder indirekte Sch\u00e4den, die als Folge des Gebrauchs von Informationen dieser Website enstehten.<\/span><\/h6>\n","protected":false},"excerpt":{"rendered":"<p>Berichte Vierw\u00f6chige SOTA Tour durch den Balkan:&nbsp;SOTA Balkanreise von HB9BIN HB\/VS-078 \u00dcsseres Barrhorn, HB\/VS-092 Sch\u00f6llihorn:&nbsp;Das_Besteigen_des_h\u00f6chsten_Wanderberges Die erste SOTA-Expedition auf die kanarischen Inseln:&nbsp;EA8 Bericht Das Wanderparadies Madeira, SOTA, der KX3 und der brennende Akku: CT3 Madeira 2014 &nbsp; Wichtig: In keinem &hellip;<\/p>\n<p class=\"read-more\"> <a class=\"more-link\" href=\"https:\/\/hb9sota.ch\/fr\/berichte\/hb9bin-startpunkte\/\"> <span class=\"screen-reader-text\">HB9BIN<\/span> Read More &raquo;<\/a><\/p>\n","protected":false},"author":16,"featured_media":0,"parent":78,"menu_order":0,"comment_status":"closed","ping_status":"open","template":"","meta":{"publish_to_discourse":"","publish_post_category":"","wpdc_auto_publish_overridden":"","wpdc_topic_tags":"","wpdc_pin_topic":"","wpdc_pin_until":"","discourse_post_id":"","discourse_permalink":"","wpdc_publishing_response":"","wpdc_publishing_error":"","footnotes":""},"class_list":["post-674","page","type-page","status-publish","hentry"],"_links":{"self":[{"href":"https:\/\/hb9sota.ch\/fr\/wp-json\/wp\/v2\/pages\/674","targetHints":{"allow":["GET"]}}],"collection":[{"href":"https:\/\/hb9sota.ch\/fr\/wp-json\/wp\/v2\/pages"}],"about":[{"href":"https:\/\/hb9sota.ch\/fr\/wp-json\/wp\/v2\/types\/page"}],"author":[{"embeddable":true,"href":"https:\/\/hb9sota.ch\/fr\/wp-json\/wp\/v2\/users\/16"}],"replies":[{"embeddable":true,"href":"https:\/\/hb9sota.ch\/fr\/wp-json\/wp\/v2\/comments?post=674"}],"version-history":[{"count":12,"href":"https:\/\/hb9sota.ch\/fr\/wp-json\/wp\/v2\/pages\/674\/revisions"}],"predecessor-version":[{"id":5544,"href":"https:\/\/hb9sota.ch\/fr\/wp-json\/wp\/v2\/pages\/674\/revisions\/5544"}],"up":[{"embeddable":true,"href":"https:\/\/hb9sota.ch\/fr\/wp-json\/wp\/v2\/pages\/78"}],"wp:attachment":[{"href":"https:\/\/hb9sota.ch\/fr\/wp-json\/wp\/v2\/media?parent=674"}],"curies":[{"name":"wp","href":"https:\/\/api.w.org\/{rel}","templated":true}]}}