{"id":5984,"date":"2015-03-26T20:32:16","date_gmt":"2015-03-26T19:32:16","guid":{"rendered":"https:\/\/hb9sota.ch\/?page_id=5984"},"modified":"2026-01-07T14:54:34","modified_gmt":"2026-01-07T13:54:34","slug":"bulletin-hb9sota","status":"publish","type":"page","link":"https:\/\/hb9sota.ch\/fr\/bulletin-hb9sota\/","title":{"rendered":"HB9SOTA Bulletin d&rsquo;information (archives)"},"content":{"rendered":"\n<p><strong>Le bulletin d&rsquo;information de HB9SOTA a \u00e9t\u00e9 remplac\u00e9e par des messages individuels sur le <a href=\"https:\/\/forum.hb9sota.ch\/\">forum<\/a>. Sur cette page, tu trouveras une archive des anciens bulletins. <\/strong><\/p>\n\n<p class=\"has-large-font-size\"><strong>2025<\/strong><\/p>\n\n<ul class=\"wp-block-list\">\n<li><a href=\"https:\/\/hb9sota.ch\/wp-content\/uploads\/2025\/06\/Juni-2025-HB9SOTA-News.pdf\">JUIN 2025<\/a><\/li>\n\n\n\n<li><a href=\"https:\/\/hb9sota.ch\/wp-content\/uploads\/2025\/03\/Maerz-2025-HB9SOTA-News.pdf\">MARS 2025<\/a><\/li>\n<\/ul>\n\n<p class=\"has-large-font-size\"><strong>2024<\/strong><\/p>\n\n<ul class=\"wp-block-list\">\n<li><a href=\"https:\/\/hb9sota.ch\/wp-content\/uploads\/2024\/12\/HB9SOTA-News-Dezember-2024.pdf\">D\u00c9CEMBRE 2024<\/a><\/li>\n\n\n\n<li><a href=\"https:\/\/hb9sota.ch\/wp-content\/uploads\/2024\/10\/Oktober-2024-HB9SOTA-News-.pdf\">OCTOBRE 2024<\/a><\/li>\n\n\n\n<li><a href=\"https:\/\/hb9sota.ch\/wp-content\/uploads\/2024\/07\/Juli-2024-HB9SOTA-News.pdf\">JULI 2024<\/a><\/li>\n\n\n\n<li><a href=\"https:\/\/hb9sota.ch\/wp-content\/uploads\/2024\/06\/HB9SOTA-News-Juni-2024.pdf\">JUNI 2024<\/a><\/li>\n\n\n\n<li><a href=\"https:\/\/hb9sota.ch\/wp-content\/uploads\/2024\/01\/HB9SOTA-News-Januar-2024.pdf\">JANUAR 2024<\/a><\/li>\n<\/ul>\n\n<p class=\"has-large-font-size\"><strong>2023<\/strong><\/p>\n\n<ul class=\"wp-block-list\">\n<li><a href=\"https:\/\/hb9sota.ch\/wp-content\/uploads\/2023\/12\/HB9SOTA-News-Dezember-2023.pdf\">DEZEMBER 2023<\/a><\/li>\n\n\n\n<li><a href=\"https:\/\/hb9sota.ch\/wp-content\/uploads\/2023\/10\/HB9SOTA-News-Oktober-2023.pdf\">OKTOBER 2023<\/a><\/li>\n\n\n\n<li><a href=\"https:\/\/hb9sota.ch\/wp-content\/uploads\/2023\/08\/HB9SOTA-News-August-2023.pdf\">AUGUST 2023<\/a><\/li>\n\n\n\n<li><a href=\"https:\/\/hb9sota.ch\/wp-content\/uploads\/2023\/06\/HB9SOTA-News-Juni-2023.pdf\">JUNI 2023<\/a><\/li>\n\n\n\n<li><a href=\"https:\/\/hb9sota.ch\/wp-content\/uploads\/2023\/03\/HB9SOTA-News-Maerz-2023.pdf\">M\u00c4RZ 2023<\/a><\/li>\n<\/ul>\n\n<p class=\"has-large-font-size\"><strong>2022<\/strong><\/p>\n\n<ul class=\"wp-block-list\">\n<li><a href=\"https:\/\/hb9sota.ch\/wp-content\/uploads\/2022\/12\/HB9SOTA-News-Dezember-2022.pdf\">DEZEMBER 2022<\/a><\/li>\n\n\n\n<li><a href=\"https:\/\/hb9sota.ch\/wp-content\/uploads\/2022\/10\/HB9SOTA-News-Oktober2022.pdf\">OKTOBER 2022<\/a><\/li>\n\n\n\n<li><a href=\"https:\/\/hb9sota.ch\/wp-content\/uploads\/2022\/08\/HB9SOTA-News-August-2022.pdf\">AUGUST 2022<\/a><\/li>\n\n\n\n<li><a href=\"https:\/\/hb9sota.ch\/wp-content\/uploads\/2022\/05\/HB9SOTA-News-Mai-2022.pdf\">MAI 2022<\/a><\/li>\n\n\n\n<li><a href=\"https:\/\/hb9sota.ch\/wp-content\/uploads\/2022\/03\/HB9SOTA-News-Maerz-2022.pdf\">M\u00c4RZ 2022<\/a><\/li>\n<\/ul>\n\n<p><\/p>\n\n<h2 class=\"wp-block-heading\">2021<\/h2>\n\n<ul class=\"wp-block-list\">\n<li><a href=\"https:\/\/hb9sota.ch\/wp-content\/uploads\/2021\/12\/HB9SOTA-News-Dez-2021.pdf\">DEZEMBER 2021<\/a><\/li>\n\n\n\n<li><a href=\"https:\/\/hb9sota.ch\/wp-content\/uploads\/2021\/11\/News-November-2021.pdf\">NOVEMBER 2021<\/a><\/li>\n\n\n\n<li><a href=\"https:\/\/hb9sota.ch\/wp-content\/uploads\/2021\/09\/HB9SOTA-News-September-2021.pdf\">SEPTEMBER 2021<\/a><\/li>\n\n\n\n<li><a href=\"https:\/\/hb9sota.ch\/wp-content\/uploads\/2021\/08\/SOTA-News-vom-24.7.2021.pdf\">JULI 2021<\/a><\/li>\n\n\n\n<li><a href=\"https:\/\/hb9sota.ch\/wp-content\/uploads\/2021\/06\/HB9SOTA_Juni_2021.pdf\">JUNI 2021<\/a><\/li>\n\n\n\n<li><a href=\"https:\/\/hb9sota.ch\/wp-content\/uploads\/2021\/03\/HB9SOTA_Maerz_2021.pdf\">M\u00c4RZ 2021<\/a>\n<ul class=\"wp-block-list\">\n<li><a href=\"https:\/\/hb9sota.ch\/wp-content\/uploads\/2021\/08\/SOTA-HBFF-Sondernewsletter-Version-2.pdf\">SOTA-HBFF Sondernewsletter<\/a> <\/li>\n<\/ul>\n<\/li>\n<\/ul>\n\n<h2 class=\"wp-block-heading\">2020<\/h2>\n\n<ul class=\"wp-block-list\">\n<li><a href=\"https:\/\/hb9sota.ch\/wp-content\/uploads\/2020\/12\/HB9SOTA-DEZEMBER-2020.pdf\">DEZEMBER 2020<\/a><\/li>\n\n\n\n<li><a href=\"https:\/\/hb9sota.ch\/wp-content\/uploads\/2020\/10\/HB9SOTA-OKTOBER-2020.pdf\">OKTOBER 2020<\/a><\/li>\n\n\n\n<li><a href=\"https:\/\/hb9sota.ch\/wp-content\/uploads\/2020\/07\/HB9SOTA-JULI-2020.pdf\">JULI 2020<\/a><\/li>\n\n\n\n<li><a href=\"https:\/\/hb9sota.ch\/wp-content\/uploads\/2020\/06\/HB9SOTA-JUNI-2020.pdf\">JUNI 2020<\/a><\/li>\n\n\n\n<li><a href=\"https:\/\/hb9sota.ch\/wp-content\/uploads\/2020\/04\/HB9SOTA-APRIL-2020.pdf\">APRIL 2020<\/a> (+ Anhang <a href=\"https:\/\/hb9sota.ch\/wp-content\/uploads\/2020\/04\/FT8-Box1.1.pdf\">FT8&#8211;Box<\/a>)<\/li>\n\n\n\n<li><a href=\"https:\/\/hb9sota.ch\/wp-content\/uploads\/2020\/01\/HB9SOTA-JANUAR-2020.pdf\">JANUAR 2020<\/a><\/li>\n<\/ul>\n\n<h2 class=\"wp-block-heading\">2019<\/h2>\n\n<ul class=\"wp-block-list\">\n<li><a href=\"https:\/\/hb9sota.ch\/wp-content\/uploads\/2019\/12\/HB9SOTA-DEZEMBER-2019.pdf\">DEZEMBER 2019<\/a><\/li>\n\n\n\n<li><a href=\"https:\/\/hb9sota.ch\/wp-content\/uploads\/2019\/09\/HB9SOTA-SEPTEMBER-2019.pdf\">SEPTEMBER 2019<\/a><\/li>\n\n\n\n<li><a href=\"https:\/\/hb9sota.ch\/wp-content\/uploads\/2019\/09\/HB9SOTA-AUGUST-2019.pdf\">AUGUST 2019<\/a><\/li>\n\n\n\n<li><a href=\"https:\/\/hb9sota.ch\/wp-content\/uploads\/2019\/06\/HB9SOTA-JUNI-2019.pdf\">JUNI 2019<\/a><\/li>\n\n\n\n<li><a href=\"https:\/\/hb9sota.ch\/wp-content\/uploads\/2019\/05\/HB9SOTA-MAI-2019.pdf\">MAI 2019<\/a><\/li>\n\n\n\n<li><a href=\"https:\/\/hb9sota.ch\/wp-content\/uploads\/2019\/01\/HB9SOTA-JANUAR-2019.pdf\">JANUAR 2019<\/a><\/li>\n<\/ul>\n\n<h2 class=\"wp-block-heading\">2018<\/h2>\n\n<ul class=\"wp-block-list\">\n<li><a href=\"https:\/\/hb9sota.ch\/wp-content\/uploads\/2018\/12\/HB9SOTA-DEZEMBER-2018.pdf\">DEZEMBER 2018<\/a><\/li>\n\n\n\n<li><a href=\"https:\/\/hb9sota.ch\/wp-content\/uploads\/2018\/09\/HB9SOTA-SEPTEMBER-2018.pdf\">SEPTEMBER 2018<\/a><\/li>\n\n\n\n<li><a href=\"https:\/\/hb9sota.ch\/wp-content\/uploads\/2018\/08\/HB9SOTA-AUGUST-2018.pdf\">AUGUST 2018<\/a><\/li>\n\n\n\n<li><a href=\"https:\/\/hb9sota.ch\/wp-content\/uploads\/2018\/07\/HB9SOTA-JUNI-2018.pdf\">JUNI 2018<\/a><\/li>\n\n\n\n<li><a href=\"https:\/\/hb9sota.ch\/wp-content\/uploads\/2018\/04\/HB9SOTA-APRIL-2018.pdf\">APRIL 2018<\/a><\/li>\n<\/ul>\n\n<h2 class=\"wp-block-heading\">2017<\/h2>\n\n<ul class=\"wp-block-list\">\n<li><a href=\"https:\/\/hb9sota.ch\/wp-content\/uploads\/2017\/12\/HB9SOTA-DEZEMBER-2017.pdf\">DEZEMBER 2017<\/a><\/li>\n\n\n\n<li><a href=\"https:\/\/hb9sota.ch\/wp-content\/uploads\/2015\/03\/HB9SOTA-SEPTEMBER-2017-.pdf\">SEPTEMBER 2017<\/a><\/li>\n\n\n\n<li><a href=\"https:\/\/hb9sota.ch\/wp-content\/uploads\/2015\/03\/HB9SOTA-JUNI-2017.pdf\">JUNI 2017<\/a><\/li>\n\n\n\n<li><a rel=\"noopener noreferrer\" href=\"https:\/\/hb9sota.ch\/wp-content\/uploads\/2015\/03\/HB9SOTA_MAERZ_2017.pdf\" target=\"_blank\">M\u00c4RZ 2017<\/a><\/li>\n\n\n\n<li><a rel=\"noopener noreferrer\" href=\"https:\/\/hb9sota.ch\/wp-content\/uploads\/2015\/03\/HB9SOTA-JANUAR-2017-.pdf\" target=\"_blank\">JANUAR 2017<\/a><\/li>\n<\/ul>\n\n<h2 class=\"wp-block-heading\">2016<\/h2>\n\n<ul class=\"wp-block-list\">\n<li><a href=\"https:\/\/hb9sota.ch\/wp-content\/uploads\/2015\/03\/HB9SOTA-DEZEMBER-2016.pdf\">DEZEMBER 2016<\/a><\/li>\n\n\n\n<li><a href=\"https:\/\/hb9sota.ch\/wp-content\/uploads\/2015\/03\/HB9SOTA-SEPTEMBER-2016-.pdf\">SEPTEMBER 2016<\/a><\/li>\n\n\n\n<li><a href=\"https:\/\/hb9sota.ch\/wp-content\/uploads\/2015\/03\/HB9SOTA-MAERZ-2016-.pdf\">M\u00c4RZ 2016<\/a><\/li>\n\n\n\n<li><a href=\"https:\/\/hb9sota.ch\/wp-content\/uploads\/2015\/03\/HB9SOTA-FEBRUAR-2016-.pdf\">FEBRUAR 2016<\/a><\/li>\n<\/ul>\n\n<h2 class=\"wp-block-heading\">2015<\/h2>\n\n<ul class=\"wp-block-list\">\n<li><a href=\"https:\/\/hb9sota.ch\/wp-content\/uploads\/2015\/03\/HB9SOTA-DEZEMBER-2015.pdf\">A<\/a><a href=\"https:\/\/hb9sota.ch\/wp-content\/uploads\/2015\/03\/HB9SOTA-AUGUST-2015.pdf\">UGUST 2015<\/a><\/li>\n\n\n\n<li><a href=\"https:\/\/hb9sota.ch\/wp-content\/uploads\/2015\/03\/HB9SOTA-MAI-2015.pdf\">MAI 2015<\/a><\/li>\n\n\n\n<li><a href=\"https:\/\/hb9sota.ch\/wp-content\/uploads\/2015\/03\/HB9SOTA-APRIL-2015.pdf\">APRIL 2015<\/a><\/li>\n\n\n\n<li><a href=\"https:\/\/hb9sota.ch\/wp-content\/uploads\/2015\/03\/HB9SOTA-MAERZ-2015.pdf\">M\u00c4RZ 2015<\/a><\/li>\n<\/ul>\n\n<h2 class=\"wp-block-heading\">2014<\/h2>\n\n<ul class=\"wp-block-list\">\n<li><a href=\"https:\/\/hb9sota.ch\/wp-content\/uploads\/2013\/10\/HB9SOTA-DEZEMBER-2014.pdf\">DEZEMBER 2014<\/a><\/li>\n\n\n\n<li><a href=\"https:\/\/hb9sota.ch\/wp-content\/uploads\/2013\/10\/SOTA-NEWS-OKTOBER-2014.pdf\">OKTOBER 2014<\/a><\/li>\n\n\n\n<li><a href=\"https:\/\/hb9sota.ch\/wp-content\/uploads\/2013\/10\/SOTA-NEWS-SEPTEMBER-2014.pdf\">SEPTEMBER 2014<\/a><\/li>\n\n\n\n<li><a rel=\"noopener noreferrer\" href=\"https:\/\/hb9sota.ch\/wp-content\/uploads\/2013\/10\/SOTA-NEWS-JULI-2014.pdf\" target=\"_blank\">JULI 2014<\/a><\/li>\n\n\n\n<li><a rel=\"noopener noreferrer\" href=\"https:\/\/hb9sota.ch\/wp-content\/uploads\/2013\/10\/HB9SOTA-NEWS-JUNI-2014.pdf\" target=\"_blank\">JUNI 2014<\/a><\/li>\n<\/ul>\n","protected":false},"excerpt":{"rendered":"<p>Le bulletin d&rsquo;information de HB9SOTA a \u00e9t\u00e9 remplac\u00e9e par des messages individuels sur le forum. Sur cette page, tu trouveras une archive des anciens bulletins. 2025 2024 2023 2022 2021 2020 2019 2018 2017 2016 2015 2014<\/p>\n","protected":false},"author":1,"featured_media":0,"parent":0,"menu_order":0,"comment_status":"closed","ping_status":"open","template":"","meta":{"publish_to_discourse":"","publish_post_category":"","wpdc_auto_publish_overridden":"","wpdc_topic_tags":"","wpdc_pin_topic":"","wpdc_pin_until":"","discourse_post_id":"","discourse_permalink":"","wpdc_publishing_response":"","wpdc_publishing_error":"","footnotes":""},"class_list":["post-5984","page","type-page","status-publish","hentry"],"_links":{"self":[{"href":"https:\/\/hb9sota.ch\/fr\/wp-json\/wp\/v2\/pages\/5984","targetHints":{"allow":["GET"]}}],"collection":[{"href":"https:\/\/hb9sota.ch\/fr\/wp-json\/wp\/v2\/pages"}],"about":[{"href":"https:\/\/hb9sota.ch\/fr\/wp-json\/wp\/v2\/types\/page"}],"author":[{"embeddable":true,"href":"https:\/\/hb9sota.ch\/fr\/wp-json\/wp\/v2\/users\/1"}],"replies":[{"embeddable":true,"href":"https:\/\/hb9sota.ch\/fr\/wp-json\/wp\/v2\/comments?post=5984"}],"version-history":[{"count":28,"href":"https:\/\/hb9sota.ch\/fr\/wp-json\/wp\/v2\/pages\/5984\/revisions"}],"predecessor-version":[{"id":11881,"href":"https:\/\/hb9sota.ch\/fr\/wp-json\/wp\/v2\/pages\/5984\/revisions\/11881"}],"wp:attachment":[{"href":"https:\/\/hb9sota.ch\/fr\/wp-json\/wp\/v2\/media?parent=5984"}],"curies":[{"name":"wp","href":"https:\/\/api.w.org\/{rel}","templated":true}]}}