{"id":5981,"date":"2013-10-17T19:52:30","date_gmt":"2013-10-17T17:52:30","guid":{"rendered":"https:\/\/hb9sota.ch\/?page_id=5981"},"modified":"2024-09-13T07:23:31","modified_gmt":"2024-09-13T05:23:31","slug":"regles-diplomes-hb9sota","status":"publish","type":"page","link":"https:\/\/hb9sota.ch\/fr\/regles-diplomes-hb9sota\/","title":{"rendered":"R\u00e8gles Dipl\u00f4mes HB9SOTA"},"content":{"rendered":"\n<h2 class=\"wp-block-heading\">1. G\u00e9n\u00e9ral<\/h2>\n\n\n\n<p>Les dipl\u00f4mes HB9SOTA ont \u00e9t\u00e9 cr\u00e9es afin de r\u00e9compenser des activations et contacts depuis les sommets des montagnes suisses, ainsi que des contacts entre les activateurs sur les sommets (S2S). Les dipl\u00f4mes du Groupe SOTA Suisse HB9SOTA sont disponibles pour tous les radio-amateurs et SWL.<\/p>\n\n\n\n<p>Les dipl\u00f4mes suivants sont disponibles:<\/p>\n\n\n\n<ul class=\"wp-block-list\">\n<li>Dipl\u00f4me Activateur\/Chasseur<\/li>\n\n\n\n<li>Dipl\u00f4me Lowland-Summit<\/li>\n\n\n\n<li>Dipl\u00f4me Summit to Summit (S2S)<\/li>\n<\/ul>\n\n\n\n<h2 class=\"wp-block-heading\"><strong>2. D\u00e9but du Programme<\/strong><\/h2>\n\n\n\n<figure class=\"wp-block-table\"><table><tbody><tr><td>Dipl\u00f4me Activateur\/Chasseur<\/td><td>01.01.2013<\/td><\/tr><tr><td>Dipl\u00f4me Lowland-Summit<\/td><td>01.01.2013<\/td><\/tr><tr><td>Dipl\u00f4me Summit to Summit (S2S)<\/td><td>03.07.2016<\/td><\/tr><\/tbody><\/table><\/figure>\n\n\n\n<h2 class=\"wp-block-heading\"><strong>3. Les Principes<\/strong><\/h2>\n\n\n\n<p>Les r\u00e8gles g\u00e9n\u00e9rales du programme SOTA UK sont applicables.<\/p>\n\n\n\n<h2 class=\"wp-block-heading\"><strong>4.Niveaux de Dipl\u00f4me<\/strong><\/h2>\n\n\n\n<p>Pour les activateurs et chasseurs\/SWL ainsi que pour les S2S, les dipl\u00f4mes sont disponibles pour les 3 niveaux suivants:<\/p>\n\n\n\n<ul class=\"wp-block-list\">\n<li>Alpenrose (rhododendron) (6 cantons)<\/li>\n\n\n\n<li>Enzian (gentiane) (14 cantons)<\/li>\n\n\n\n<li>Edelweiss (Tous les cantons avec sommets)<\/li>\n<\/ul>\n\n\n\n<p>Le dipl\u00f4me Lowland-Summit est r\u00e9parti aux niveaux suivants:<\/p>\n\n\n\n<ul class=\"wp-block-list\">\n<li>Alpenrose (rhododendron) (50 sommets)<\/li>\n\n\n\n<li>Enzian (gentiane) (100 sommets)<\/li>\n\n\n\n<li>Edelweiss (Tous les sommets suisses \u00e0 1 point et 2 points)<\/li>\n<\/ul>\n\n\n\n<h2 class=\"wp-block-heading\"><strong>5. Activateur<\/strong><\/h2>\n\n\n\n<p>Afin d\u2019obtenir un canton, 2 sommets diff\u00e9rents doivent \u00eatre activ\u00e9s dans ce canton.<\/p>\n\n\n\n<h2 class=\"wp-block-heading\"><strong>6. Chasseur \/ SWL<\/strong><\/h2>\n\n\n\n<p>Afin d\u2019obtenir un canton, un contact \u00e0 deux sommets diff\u00e9rents de ce canton doit \u00eatre fait.<\/p>\n\n\n\n<h2 class=\"wp-block-heading\"><strong>7. Lowland-Summit<\/strong><\/h2>\n\n\n\n<p>Pour le dipl\u00f4me Lowland, seuls les contacts aux sommets 1 point et 2 points sont valables.<\/p>\n\n\n\n<p>Il n\u2019y a que les dipl\u00f4mes des cat\u00e9gories \u00abActivateur\u00bb et \u00abChasseur\/SWL\u00bb disponibles. Un m\u00e9lange entre les contacts activateur et chasseur pour l\u2019acquisition de l&rsquo;un des 3 niveaux de dipl\u00f4me n\u2019est pas possible.<\/p>\n\n\n\n<h2 class=\"wp-block-heading\"><strong>8. Summit to Summit<\/strong><\/h2>\n\n\n\n<p>Afin d\u2019obtenir un canton, un contact Summit to Summit do\u00eet \u00eatre effectu\u00e9 au sommet du canton respectif. Ne compte que le sommet qu\u2019on a contact\u00e9 (pas le sommet qu\u2019on a activ\u00e9). Des contacts Summit to Summit d\u2019un sommet \u00e0 l&rsquo;\u00e9tranger avec un sommet suisse sont \u00e9galement valables.<\/p>\n\n\n\n<h2 class=\"wp-block-heading\"><strong>9. Cantons sp\u00e9ciaux<\/strong><\/h2>\n\n\n\n<p>Le canton de Schaffhouse n\u2019a qu\u2019un seul sommet SOTA. Il est suffisant de l\u2019activer une fois pour qu\u2019il compte pour le canton.<\/p>\n\n\n\n<p>Les cantons de Gen\u00e8ve et B\u00e2le-Ville ne poss\u00e8dent pas de sommet qui comptent. C\u2019est pourquoi 24 cantons sont suffisants pour l\u2019acquisition du niveau de dipl\u00f4me le plus haut (Edelweiss) (Ou 25, si on a \u00e9t\u00e9 en mesure d&rsquo;activer BS quand c\u2019\u00e9tait possible)<\/p>\n\n\n\n<p class=\"has-large-font-size\"><strong>10. Demande de Dipl\u00f4me<\/strong><\/p>\n\n\n\n<p>La demande pour un dipl\u00f4me se fait directement sur le site web de HB9SOTA.<\/p>\n\n\n\n<h2 class=\"wp-block-heading\"><strong>11. Autorisation de Di<\/strong>pl\u00f4me<\/h2>\n\n\n\n<p>Pour valider l\u2019autorisation des dipl\u00f4mes, les journaux de la base de donn\u00e9es SOTA sont utilis\u00e9s.<\/p>\n\n\n\n<h2 class=\"wp-block-heading\"><strong>12. <\/strong>Issue du Dipl\u00f4me<\/h2>\n\n\n\n<p>Le dipl\u00f4me sera envoy\u00e9 au participant comme image en format PNG.<\/p>\n\n\n\n<h2 class=\"wp-block-heading\"><strong>13. <\/strong>Co\u00fbts<\/h2>\n\n\n\n<p>Pour les membres de HB9SOTA, les dipl\u00f4mes sont gratuits. Les non-membres recevront les dipl\u00f4mes pour un montant de CHF 10,-, \u00e0 payer directement apr\u00e8s approbation via PayPal (pay@hb9sota.ch)<\/p>\n\n\n\n<p>Pr\u00e9sident HB9SOTA \/ Gestionnaire Dipl\u00f4mes HB9SOTA<\/p>\n\n\n\n<p>Jens Nolte, HB9EKO \/ Jean-Pierre Theiler, HB9HBV<\/p>\n","protected":false},"excerpt":{"rendered":"<p>1. G\u00e9n\u00e9ral Les dipl\u00f4mes HB9SOTA ont \u00e9t\u00e9 cr\u00e9es afin de r\u00e9compenser des activations et contacts depuis les sommets des montagnes suisses, ainsi que des contacts entre les activateurs sur les sommets (S2S). Les dipl\u00f4mes du Groupe SOTA Suisse HB9SOTA sont &hellip;<\/p>\n<p class=\"read-more\"> <a class=\"more-link\" href=\"https:\/\/hb9sota.ch\/fr\/regles-diplomes-hb9sota\/\"> <span class=\"screen-reader-text\">R\u00e8gles Dipl\u00f4mes HB9SOTA<\/span> Read More &raquo;<\/a><\/p>\n","protected":false},"author":133,"featured_media":0,"parent":0,"menu_order":0,"comment_status":"closed","ping_status":"closed","template":"","meta":{"publish_to_discourse":"","publish_post_category":"","wpdc_auto_publish_overridden":"","wpdc_topic_tags":"","wpdc_pin_topic":"","wpdc_pin_until":"","discourse_post_id":"","discourse_permalink":"","wpdc_publishing_response":"","wpdc_publishing_error":"","footnotes":""},"class_list":["post-5981","page","type-page","status-publish","hentry"],"_links":{"self":[{"href":"https:\/\/hb9sota.ch\/fr\/wp-json\/wp\/v2\/pages\/5981","targetHints":{"allow":["GET"]}}],"collection":[{"href":"https:\/\/hb9sota.ch\/fr\/wp-json\/wp\/v2\/pages"}],"about":[{"href":"https:\/\/hb9sota.ch\/fr\/wp-json\/wp\/v2\/types\/page"}],"author":[{"embeddable":true,"href":"https:\/\/hb9sota.ch\/fr\/wp-json\/wp\/v2\/users\/133"}],"replies":[{"embeddable":true,"href":"https:\/\/hb9sota.ch\/fr\/wp-json\/wp\/v2\/comments?post=5981"}],"version-history":[{"count":5,"href":"https:\/\/hb9sota.ch\/fr\/wp-json\/wp\/v2\/pages\/5981\/revisions"}],"predecessor-version":[{"id":7144,"href":"https:\/\/hb9sota.ch\/fr\/wp-json\/wp\/v2\/pages\/5981\/revisions\/7144"}],"wp:attachment":[{"href":"https:\/\/hb9sota.ch\/fr\/wp-json\/wp\/v2\/media?parent=5981"}],"curies":[{"name":"wp","href":"https:\/\/api.w.org\/{rel}","templated":true}]}}