{"id":5974,"date":"2021-11-07T19:37:31","date_gmt":"2021-11-07T18:37:31","guid":{"rendered":"https:\/\/hb9sota.ch\/?page_id=5974"},"modified":"2025-02-09T20:13:24","modified_gmt":"2025-02-09T19:13:24","slug":"protection-des-donnees","status":"publish","type":"page","link":"https:\/\/hb9sota.ch\/fr\/protection-des-donnees\/","title":{"rendered":"Protection des donn\u00e9es personnelles"},"content":{"rendered":"\n<h2 class=\"wp-block-heading\"><strong>Politique de confidentialit\u00e9 pour les visiteurs du site web (non-membres)<\/strong><\/h2>\n\n\n\n<p>HB9SOTA ne collecte pas de donn\u00e9es personnelles \u00e0 propos des visiteurs du site web. Il se peut que notre fournisseur d&rsquo;acc\u00e8s Internet collecte des donn\u00e9es telles que les adresses IP de consultation, lesquelles sont sont n\u00e9cessaires au fonctionnement technique du site web. Il peut les conserver dans le cadre de ses obligations l\u00e9gales.<\/p>\n\n\n\n<h2 class=\"wp-block-heading\"><strong>Politique de confidentialit\u00e9 lors de commandes de dipl\u00f4mes et de troph\u00e9es<\/strong><\/h2>\n\n\n\n<p>HB9SOTA collecte les donn\u00e9es n\u00e9cessaires \u00e0 l&rsquo;enregistrement et \u00e0 la livraison de commande de dipl\u00f4mes et de troph\u00e9es. Ces donn\u00e9es sont saisies par le demandeur lui-m\u00eame au moment de sa commande.<\/p>\n\n\n\n<p>Pour les dipl\u00f4mes, aucune donn\u00e9e n&rsquo;est transmise \u00e0 des tiers.<\/p>\n\n\n\n<p>Pour la commande d&rsquo;un troph\u00e9e, les donn\u00e9es saisies sont transmises au fabricant du troph\u00e9e dans le but d&rsquo;en permettre la production et l&rsquo;exp\u00e9dition.<\/p>\n\n\n\n<p>Le nom et l&rsquo;indicatif d&rsquo;appel des titulaires de dipl\u00f4mes sont conserv\u00e9s et publi\u00e9s sur le site web HB9SOTA.<\/p>\n\n\n\n<h2 class=\"wp-block-heading\"><strong>Politique de confidentialit\u00e9 pour les membres de HB9SOTA<\/strong><\/h2>\n\n\n\n<p>Les donn\u00e9es personnelles des membres sont conserv\u00e9es aux fins de la gestion des membres. Il s&rsquo;agit \u00e9galement d&rsquo;assurer la correspondance avec les membres. Les donn\u00e9es sont conserv\u00e9es chez le club, aussi que chez le syst\u00e8me d&rsquo;administration de club \u00ab\u00a0Webling\u00a0\u00bb (uSystems GmbH, Klosterstrasse 34, 8406 Winterthur). \u00c0 partir de cela, aucune donn\u00e9e ne sera transmise \u00e0 des tiers. <a href=\"https:\/\/support.webling.ch\/hc\/de\/articles\/204491849-Datenschutz\">https:\/\/support.webling.ch\/hc\/de\/articles\/204491849-Datenschutz <\/a><\/p>\n\n\n\n<hr class=\"wp-block-separator has-css-opacity is-style-wide\"\/>\n\n\n\n<p><strong>Information et contact: <\/strong><\/p>\n\n\n\n<p>Jens Nolte, HB9EKO<br>Pr\u00e9sident HB9SOTA<br>hb9eko@uska.ch<\/p>\n","protected":false},"excerpt":{"rendered":"<p>Politique de confidentialit\u00e9 pour les visiteurs du site web (non-membres) HB9SOTA ne collecte pas de donn\u00e9es personnelles \u00e0 propos des visiteurs du site web. Il se peut que notre fournisseur d&rsquo;acc\u00e8s Internet collecte des donn\u00e9es telles que les adresses IP &hellip;<\/p>\n<p class=\"read-more\"> <a class=\"more-link\" href=\"https:\/\/hb9sota.ch\/fr\/protection-des-donnees\/\"> <span class=\"screen-reader-text\">Protection des donn\u00e9es personnelles<\/span> Read More &raquo;<\/a><\/p>\n","protected":false},"author":133,"featured_media":0,"parent":0,"menu_order":0,"comment_status":"closed","ping_status":"closed","template":"","meta":{"publish_to_discourse":"","publish_post_category":"","wpdc_auto_publish_overridden":"","wpdc_topic_tags":"","wpdc_pin_topic":"","wpdc_pin_until":"","discourse_post_id":"","discourse_permalink":"","wpdc_publishing_response":"","wpdc_publishing_error":"","footnotes":""},"class_list":["post-5974","page","type-page","status-publish","hentry"],"_links":{"self":[{"href":"https:\/\/hb9sota.ch\/fr\/wp-json\/wp\/v2\/pages\/5974","targetHints":{"allow":["GET"]}}],"collection":[{"href":"https:\/\/hb9sota.ch\/fr\/wp-json\/wp\/v2\/pages"}],"about":[{"href":"https:\/\/hb9sota.ch\/fr\/wp-json\/wp\/v2\/types\/page"}],"author":[{"embeddable":true,"href":"https:\/\/hb9sota.ch\/fr\/wp-json\/wp\/v2\/users\/133"}],"replies":[{"embeddable":true,"href":"https:\/\/hb9sota.ch\/fr\/wp-json\/wp\/v2\/comments?post=5974"}],"version-history":[{"count":3,"href":"https:\/\/hb9sota.ch\/fr\/wp-json\/wp\/v2\/pages\/5974\/revisions"}],"predecessor-version":[{"id":10378,"href":"https:\/\/hb9sota.ch\/fr\/wp-json\/wp\/v2\/pages\/5974\/revisions\/10378"}],"wp:attachment":[{"href":"https:\/\/hb9sota.ch\/fr\/wp-json\/wp\/v2\/media?parent=5974"}],"curies":[{"name":"wp","href":"https:\/\/api.w.org\/{rel}","templated":true}]}}