{"id":5965,"date":"2013-12-26T12:11:40","date_gmt":"2013-12-26T11:11:40","guid":{"rendered":"https:\/\/hb9sota.ch\/?page_id=5965"},"modified":"2024-09-13T07:23:29","modified_gmt":"2024-09-13T05:23:29","slug":"disclaimer-clause-de-non-responsabilite-2","status":"publish","type":"page","link":"https:\/\/hb9sota.ch\/fr\/disclaimer-clause-de-non-responsabilite-2\/","title":{"rendered":"Disclaimer \u2013 Clause de non-responsabilit\u00e9"},"content":{"rendered":"\n<p>Des liens pr\u00e9sents sur le site hb9sota.ch pointent vers d&rsquo;autres sites web qui ne sont pas maintenus par les responsables de hb9sota.ch. Pour le contenu des sites vers lesquels ces liens pointent, les op\u00e9rateurs de ces sites en sont les seuls responsables.<\/p>\n\n\n\n<h2 class=\"wp-block-heading\"><strong>Note de responsabilit\u00e9 civile<\/strong><\/h2>\n\n\n\n<p>hb9sota.ch a \u00e9t\u00e9 cr\u00e9\u00e9 avec attention, diligence et en faisant usage du meilleur de nos connaissances en l&rsquo;\u00e9tat actuel. Par ailleurs, le site est mis a jour r\u00e9guli\u00e8rement. N\u00e9anmoins,\u00a0HB9SOTA ne peut garantir que le contenu soit exhaustif ou exempt d&rsquo;erreur. Cette d\u00e9claration vaut en particulier pour les contributions et informations produites par nos membres.\u00a0Des changements ou des suppressions du contenu peuvent \u00eatre faits en tout temps.<\/p>\n\n\n\n<p>En aucun cas, HB9SOTA\u00a0ou l\u2019auteur d\u2019un report ne peut voir sa responsabilit\u00e9 civile engag\u00e9e pour quelque dommage direct ou indirect que se soit \u00e0 la suite d&rsquo;usages d&rsquo;informations publi\u00e9es sur ce site web.<\/p>\n\n\n\n<p>Le comit\u00e9 HB9SOTA<\/p>\n","protected":false},"excerpt":{"rendered":"<p>Des liens pr\u00e9sents sur le site hb9sota.ch pointent vers d&rsquo;autres sites web qui ne sont pas maintenus par les responsables de hb9sota.ch. Pour le contenu des sites vers lesquels ces liens pointent, les op\u00e9rateurs de ces sites en sont les &hellip;<\/p>\n<p class=\"read-more\"> <a class=\"more-link\" href=\"https:\/\/hb9sota.ch\/fr\/disclaimer-clause-de-non-responsabilite-2\/\"> <span class=\"screen-reader-text\">Disclaimer \u2013 Clause de non-responsabilit\u00e9<\/span> Read More &raquo;<\/a><\/p>\n","protected":false},"author":133,"featured_media":0,"parent":0,"menu_order":0,"comment_status":"closed","ping_status":"open","template":"","meta":{"publish_to_discourse":"","publish_post_category":"","wpdc_auto_publish_overridden":"","wpdc_topic_tags":"","wpdc_pin_topic":"","wpdc_pin_until":"","discourse_post_id":"","discourse_permalink":"","wpdc_publishing_response":"","wpdc_publishing_error":"","footnotes":""},"class_list":["post-5965","page","type-page","status-publish","hentry"],"_links":{"self":[{"href":"https:\/\/hb9sota.ch\/fr\/wp-json\/wp\/v2\/pages\/5965","targetHints":{"allow":["GET"]}}],"collection":[{"href":"https:\/\/hb9sota.ch\/fr\/wp-json\/wp\/v2\/pages"}],"about":[{"href":"https:\/\/hb9sota.ch\/fr\/wp-json\/wp\/v2\/types\/page"}],"author":[{"embeddable":true,"href":"https:\/\/hb9sota.ch\/fr\/wp-json\/wp\/v2\/users\/133"}],"replies":[{"embeddable":true,"href":"https:\/\/hb9sota.ch\/fr\/wp-json\/wp\/v2\/comments?post=5965"}],"version-history":[{"count":2,"href":"https:\/\/hb9sota.ch\/fr\/wp-json\/wp\/v2\/pages\/5965\/revisions"}],"predecessor-version":[{"id":7227,"href":"https:\/\/hb9sota.ch\/fr\/wp-json\/wp\/v2\/pages\/5965\/revisions\/7227"}],"wp:attachment":[{"href":"https:\/\/hb9sota.ch\/fr\/wp-json\/wp\/v2\/media?parent=5965"}],"curies":[{"name":"wp","href":"https:\/\/api.w.org\/{rel}","templated":true}]}}