{"id":5962,"date":"2020-11-26T20:53:01","date_gmt":"2020-11-26T19:53:01","guid":{"rendered":"https:\/\/hb9sota.ch\/?page_id=5962"},"modified":"2024-09-13T07:23:29","modified_gmt":"2024-09-13T05:23:29","slug":"diplome-sommet-lowland","status":"publish","type":"page","link":"https:\/\/hb9sota.ch\/fr\/diplome-sommet-lowland\/","title":{"rendered":"Dipl\u00f4me Sommet Lowland"},"content":{"rendered":"\n<p><a href=\"https:\/\/hb9sota.ch\/fr\/regles-diplomes-hb9sota\/\">R\u00e8gles pour l&rsquo;obtention de dipl\u00f4mes HB9SOTA<\/a><\/p>\n<h5>Co\u00fbt:<\/h5>\n<p>Pour les &nbsp;<strong>Non-membres d&rsquo;HB9SOTA <\/strong> le dipl\u00f4me co\u00fbte 10 CHF payable d&rsquo;avance au moyen de PayPal (formulaire \u00e0 la fin du processus de demande).<\/p>\n<p>Pour les membres de HB9SOTA, le dipl\u00f4me est gratuit. <\/p>\n<h2>Demande du dipl\u00f4me sommet Lowland<img loading=\"lazy\" decoding=\"async\" class=\"alignright size-full wp-image-42\" src=\"https:\/\/hb9sota.ch\/wp-content\/uploads\/2020\/12\/AK-EZ-001.jpg\" alt=\"Lowland-Summit-Diplom\" width=\"400\" height=\"283\"><\/h2>\n<p><iframe loading=\"lazy\" src=\"https:\/\/hb9sota.ch\/apps\/lldiplom-fr.php\" width=\"500\" height=\"800\" frameborder=\"0\"><\/iframe><\/p>\n","protected":false},"excerpt":{"rendered":"<p>R\u00e8gles pour l&rsquo;obtention de dipl\u00f4mes HB9SOTA Co\u00fbt: Pour les &nbsp;Non-membres d&rsquo;HB9SOTA le dipl\u00f4me co\u00fbte 10 CHF payable d&rsquo;avance au moyen de PayPal (formulaire \u00e0 la fin du processus de demande). Pour les membres de HB9SOTA, le dipl\u00f4me est gratuit. Demande &hellip;<\/p>\n<p class=\"read-more\"> <a class=\"more-link\" href=\"https:\/\/hb9sota.ch\/fr\/diplome-sommet-lowland\/\"> <span class=\"screen-reader-text\">Dipl\u00f4me Sommet Lowland<\/span> Read More &raquo;<\/a><\/p>\n","protected":false},"author":133,"featured_media":0,"parent":0,"menu_order":0,"comment_status":"closed","ping_status":"closed","template":"","meta":{"publish_to_discourse":"","publish_post_category":"","wpdc_auto_publish_overridden":"","wpdc_topic_tags":"","wpdc_pin_topic":"","wpdc_pin_until":"","discourse_post_id":"","discourse_permalink":"","wpdc_publishing_response":"","wpdc_publishing_error":"","footnotes":""},"class_list":["post-5962","page","type-page","status-publish","hentry"],"_links":{"self":[{"href":"https:\/\/hb9sota.ch\/fr\/wp-json\/wp\/v2\/pages\/5962","targetHints":{"allow":["GET"]}}],"collection":[{"href":"https:\/\/hb9sota.ch\/fr\/wp-json\/wp\/v2\/pages"}],"about":[{"href":"https:\/\/hb9sota.ch\/fr\/wp-json\/wp\/v2\/types\/page"}],"author":[{"embeddable":true,"href":"https:\/\/hb9sota.ch\/fr\/wp-json\/wp\/v2\/users\/133"}],"replies":[{"embeddable":true,"href":"https:\/\/hb9sota.ch\/fr\/wp-json\/wp\/v2\/comments?post=5962"}],"version-history":[{"count":4,"href":"https:\/\/hb9sota.ch\/fr\/wp-json\/wp\/v2\/pages\/5962\/revisions"}],"predecessor-version":[{"id":9326,"href":"https:\/\/hb9sota.ch\/fr\/wp-json\/wp\/v2\/pages\/5962\/revisions\/9326"}],"wp:attachment":[{"href":"https:\/\/hb9sota.ch\/fr\/wp-json\/wp\/v2\/media?parent=5962"}],"curies":[{"name":"wp","href":"https:\/\/api.w.org\/{rel}","templated":true}]}}