{"id":5951,"date":"2013-10-09T18:41:07","date_gmt":"2013-10-09T16:41:07","guid":{"rendered":"https:\/\/hb9sota.ch\/?page_id=5951"},"modified":"2024-09-13T07:23:29","modified_gmt":"2024-09-13T05:23:29","slug":"diplome-hb9sota","status":"publish","type":"page","link":"https:\/\/hb9sota.ch\/fr\/diplome-hb9sota\/","title":{"rendered":"Dipl\u00f4me HB9SOTA"},"content":{"rendered":"\n<p><\/p>\n\n\n\n<p>R\u00e8gles: <a href=\"https:\/\/hb9sota.ch\/fr\/regles-diplomes-hb9sota\/\">R\u00e8gles pour l&rsquo;obtention d&rsquo;un dipl\u00f4me HB9SOTA<\/a><\/p>\n<h5>Co\u00fbts:<\/h5>\n<p>Le dipl\u00f4me co\u00fbte 10 CHF pour <b>les non-membres de HB9SOTA<\/b>. Payement d&rsquo;avance au moyen de PayPal (Formulaire \u00e0 la fin du processus de demande)<\/p>\n<p>Pour les membres de HB9SOTA, le dipl\u00f4me est gratuit.<\/p>\n<h2>Demande de dipl\u00f4me<img loading=\"lazy\" decoding=\"async\" class=\"alignright size-full wp-image-42\" src=\"https:\/\/hb9sota.ch\/wp-content\/uploads\/2013\/10\/HB9SOTA_Diplom_400x282_1.png\" alt=\"HB9SOTA_Diplom_400x282_1\" width=\"400\" height=\"283\" srcset=\"https:\/\/hb9sota.ch\/wp-content\/uploads\/2013\/10\/HB9SOTA_Diplom_400x282_1.png 400w, https:\/\/hb9sota.ch\/wp-content\/uploads\/2013\/10\/HB9SOTA_Diplom_400x282_1-300x212.png 300w, https:\/\/hb9sota.ch\/wp-content\/uploads\/2013\/10\/HB9SOTA_Diplom_400x282_1-200x141.png 200w\" sizes=\"auto, (max-width: 400px) 100vw, 400px\" \/><\/h2>\n<p><iframe loading=\"lazy\" src=\"https:\/\/hb9sota.ch\/apps\/diplom-fr.php\" width=\"500\" height=\"800\" frameborder=\"0\"><\/iframe><\/p>\n<h1>&nbsp;<\/h1>\n\n\n\n<p><\/p>\n\n\n\n<p><\/p>\n","protected":false},"excerpt":{"rendered":"<p>R\u00e8gles: R\u00e8gles pour l&rsquo;obtention d&rsquo;un dipl\u00f4me HB9SOTA Co\u00fbts: Le dipl\u00f4me co\u00fbte 10 CHF pour les non-membres de HB9SOTA. Payement d&rsquo;avance au moyen de PayPal (Formulaire \u00e0 la fin du processus de demande) Pour les membres de HB9SOTA, le dipl\u00f4me est &hellip;<\/p>\n<p class=\"read-more\"> <a class=\"more-link\" href=\"https:\/\/hb9sota.ch\/fr\/diplome-hb9sota\/\"> <span class=\"screen-reader-text\">Dipl\u00f4me HB9SOTA<\/span> Read More &raquo;<\/a><\/p>\n","protected":false},"author":133,"featured_media":0,"parent":0,"menu_order":0,"comment_status":"closed","ping_status":"closed","template":"","meta":{"publish_to_discourse":"","publish_post_category":"","wpdc_auto_publish_overridden":"","wpdc_topic_tags":"","wpdc_pin_topic":"","wpdc_pin_until":"","discourse_post_id":"","discourse_permalink":"","wpdc_publishing_response":"","wpdc_publishing_error":"","footnotes":""},"class_list":["post-5951","page","type-page","status-publish","hentry"],"_links":{"self":[{"href":"https:\/\/hb9sota.ch\/fr\/wp-json\/wp\/v2\/pages\/5951","targetHints":{"allow":["GET"]}}],"collection":[{"href":"https:\/\/hb9sota.ch\/fr\/wp-json\/wp\/v2\/pages"}],"about":[{"href":"https:\/\/hb9sota.ch\/fr\/wp-json\/wp\/v2\/types\/page"}],"author":[{"embeddable":true,"href":"https:\/\/hb9sota.ch\/fr\/wp-json\/wp\/v2\/users\/133"}],"replies":[{"embeddable":true,"href":"https:\/\/hb9sota.ch\/fr\/wp-json\/wp\/v2\/comments?post=5951"}],"version-history":[{"count":6,"href":"https:\/\/hb9sota.ch\/fr\/wp-json\/wp\/v2\/pages\/5951\/revisions"}],"predecessor-version":[{"id":9322,"href":"https:\/\/hb9sota.ch\/fr\/wp-json\/wp\/v2\/pages\/5951\/revisions\/9322"}],"wp:attachment":[{"href":"https:\/\/hb9sota.ch\/fr\/wp-json\/wp\/v2\/media?parent=5951"}],"curies":[{"name":"wp","href":"https:\/\/api.w.org\/{rel}","templated":true}]}}