{"id":5943,"date":"2013-12-26T12:06:56","date_gmt":"2013-12-26T11:06:56","guid":{"rendered":"https:\/\/hb9sota.ch\/?page_id=5943"},"modified":"2024-09-13T07:23:29","modified_gmt":"2024-09-13T05:23:29","slug":"cest-quoi-hb9sota","status":"publish","type":"page","link":"https:\/\/hb9sota.ch\/fr\/cest-quoi-hb9sota\/","title":{"rendered":"C\u2019est quoi, HB9SOTA?"},"content":{"rendered":"\n<h1 class=\"wp-block-heading\">Summits On The Air<\/h1>\n\n\n\n<p>Summits on the air &#8211; ou SOTA &#8211; est un programme pour radio-amateurs qui, avec leurs \u00e9metteurs portables et \u00e0 partir de sommets, cherchent \u00e0 entre en contact avec d&rsquo;autres. Les premiers sont les \u00ab\u00a0activateurs\u00a0\u00bb et les seconds les chasseurs (ou \u00ab\u00a0chaser\u00a0\u00bb). Tous les modes d\u2019op\u00e9ration sont permis tels que CW, phonie y compris les modes num\u00e9riques (PSK31, RTTY, FT-8, etc.). De m\u00eame, toutes les bandes de fr\u00e9quences radio-amateur autoris\u00e9es en Suisse peuvent \u00eatre utilis\u00e9es.<\/p>\n\n\n\n<p>Le programme a initialement \u00e9t\u00e9 d\u00e9velopp\u00e9 en Angleterre. Il s&rsquo;\u00e9tend aujourd&rsquo;hui \u00e0 travers des associations dans le monde entier.<\/p>\n\n\n\n<p id=\"https:\/\/hb9sota.ch\/sota\/hb9sota-rufzeichen\/\">En Suisse, le groupe SOTA s&rsquo;est constitu\u00e9 en tant que club en mai 2005. Il existe aujourd\u2019hui sous le nom de HB9SOTA. Membres sont les personnes qui s&rsquo;acquittent de la cotisation annuelle s&rsquo;\u00e9levant actuellement \u00e0 FR. 20.-. Les membres ont la possibilit\u00e9 d\u2019<a href=\"https:\/\/hb9sota.ch\/fr\/indicatif-dappel-hb9sota\/\">utiliser l\u2019indicatif d\u2019appel \u00abHB9SOTA\u00bb<\/a> lors de leurs op\u00e9rations d&rsquo;activation.<\/p>\n\n\n\n<p>Il n&rsquo;est pas n\u00e9cessaire d&rsquo;\u00eatre membre d&rsquo;HB9SOTA pour initier ou participer \u00e0 des op\u00e9rations SOTA. N\u00e9anmoins, nous serions reconnaissants que les activateurs et les chasseurs SOTA rejoignent notre groupe. C&rsquo;est une mani\u00e8re de soutenir cette activit\u00e9, mais aussi une occasion d&rsquo;\u00e9changes et de convivialit\u00e9 particuli\u00e8res.<\/p>\n\n\n\n<p>Le but de notre club est la mise \u00e0 jour constante de la liste des sommets, la promotion des op\u00e9rations SOTA aupr\u00e8s des radios-amateurs et aupr\u00e8s du grand-public.<\/p>\n","protected":false},"excerpt":{"rendered":"<p>Summits On The Air Summits on the air &#8211; ou SOTA &#8211; est un programme pour radio-amateurs qui, avec leurs \u00e9metteurs portables et \u00e0 partir de sommets, cherchent \u00e0 entre en contact avec d&rsquo;autres. Les premiers sont les \u00ab\u00a0activateurs\u00a0\u00bb et &hellip;<\/p>\n<p class=\"read-more\"> <a class=\"more-link\" href=\"https:\/\/hb9sota.ch\/fr\/cest-quoi-hb9sota\/\"> <span class=\"screen-reader-text\">C\u2019est quoi, HB9SOTA?<\/span> Read More &raquo;<\/a><\/p>\n","protected":false},"author":133,"featured_media":0,"parent":0,"menu_order":0,"comment_status":"closed","ping_status":"open","template":"","meta":{"publish_to_discourse":"","publish_post_category":"","wpdc_auto_publish_overridden":"","wpdc_topic_tags":"","wpdc_pin_topic":"","wpdc_pin_until":"","discourse_post_id":"","discourse_permalink":"","wpdc_publishing_response":"","wpdc_publishing_error":"","footnotes":""},"class_list":["post-5943","page","type-page","status-publish","hentry"],"_links":{"self":[{"href":"https:\/\/hb9sota.ch\/fr\/wp-json\/wp\/v2\/pages\/5943","targetHints":{"allow":["GET"]}}],"collection":[{"href":"https:\/\/hb9sota.ch\/fr\/wp-json\/wp\/v2\/pages"}],"about":[{"href":"https:\/\/hb9sota.ch\/fr\/wp-json\/wp\/v2\/types\/page"}],"author":[{"embeddable":true,"href":"https:\/\/hb9sota.ch\/fr\/wp-json\/wp\/v2\/users\/133"}],"replies":[{"embeddable":true,"href":"https:\/\/hb9sota.ch\/fr\/wp-json\/wp\/v2\/comments?post=5943"}],"version-history":[{"count":3,"href":"https:\/\/hb9sota.ch\/fr\/wp-json\/wp\/v2\/pages\/5943\/revisions"}],"predecessor-version":[{"id":7217,"href":"https:\/\/hb9sota.ch\/fr\/wp-json\/wp\/v2\/pages\/5943\/revisions\/7217"}],"wp:attachment":[{"href":"https:\/\/hb9sota.ch\/fr\/wp-json\/wp\/v2\/media?parent=5943"}],"curies":[{"name":"wp","href":"https:\/\/api.w.org\/{rel}","templated":true}]}}