{"id":5914,"date":"2014-10-29T19:29:24","date_gmt":"2014-10-29T18:29:24","guid":{"rendered":"https:\/\/hb9sota.ch\/?page_id=5914"},"modified":"2026-03-15T12:31:29","modified_gmt":"2026-03-15T11:31:29","slug":"sommets-telecabine-funiculaire-2","status":"publish","type":"page","link":"https:\/\/hb9sota.ch\/fr\/sommets-telecabine-funiculaire-2\/","title":{"rendered":"Sommets \u00e0 t\u00e9l\u00e9cabine ou funiculaire"},"content":{"rendered":"\n<h2 class=\"wp-block-heading\">Sommets \u00e0 t\u00e9l\u00e9cabine ou funiculaire en Suisse<\/h2>\n\n\n\n<p>En Suisse, nous avons un certain nombre de sommets \u00e0 t\u00e9l\u00e9cabine ou funiculaire (y compris ceux desservis par des t\u00e9l\u00e9skis). Pour acc\u00e9der \u00e0 ceux-ci, souvent seule une courte randonn\u00e9e est n\u00e9cessaire pour acc\u00e9der au sommet. Pour les activateurs qui sont de passage en Suisse, voici une liste de tels sommets pour des activations en \u00e9t\u00e9 r\u00e9dig\u00e9e par nos soins. La liste n&rsquo;est pas n\u00e9cessairement exhaustive et suggestions et remarques sont les bienvenues.<\/p>\n\n\n\n<p>En outre, merci de noter les remarques suivantes:<\/p>\n\n\n\n<ul class=\"wp-block-list\">\n<li>Il y a un grand nombre de t\u00e9l\u00e9cabines en Suisse. Cette liste se limite \u00e0 ceux&nbsp;qui permettent d&rsquo;atteindre la zone d&rsquo;activation par une randonn\u00e9e courte (15 minutes au maximum). Si l&rsquo;on prend en consid\u00e9ration des trajets vers le sommet plus cons\u00e9quents, la liste serait imm\u00e9diatement plus longue.<\/li>\n\n\n\n<li>Nous avons fait n\u00e9anmoins 2 exceptions \u00e0 cette r\u00e8gle:\n<ul class=\"wp-block-list\">\n<li>HB\/NW-011 Pilatus\/Tomlishorn pr\u00e8s de Lucerne. Le sommet est en effet si populaire qu&rsquo;il serait mal venu de ne pas le mentionner. La mont\u00e9e depuis Alpnachstad se fait avec le funiculaire le plus raide. Pour l&rsquo;autre acc\u00e8s depuis Kriens, on emprunte une t\u00e9l\u00e9cabine. Il faut environ une demi-heure pour atteindre la zone d&rsquo;activation du Tomlishorn. On emprunte un chemin facile et bien entretenu qui est tr\u00e8s populaire parmi des touristes. Attendez-vous \u00e0 une zone d&rsquo;activation encombr\u00e9e de beaucoup de monde !<\/li>\n\n\n\n<li>HB\/NW-011 B\u00fcrgenstock: Au d\u00e9part de l&rsquo;h\u00f4tel accessible en autobus ou par funiculaire depuis le lac, c&rsquo;est une randonn\u00e9e facile d&rsquo;une demi-heure jusqu&rsquo;\u00e0 la station inf\u00e9rieure de l&rsquo;ascenseur Hammetschwand. C&rsquo;est en soi une attraction int\u00e9ressante puisque c&rsquo;est le plus haut en Europe! La zone d&rsquo;activation est situ\u00e9e pr\u00e8s de la station sup\u00e9rieure de l&rsquo;ascenseur.<\/li>\n<\/ul>\n<\/li>\n<\/ul>\n\n\n\n<ul class=\"wp-block-list\">\n<li>Soyez attentifs au fait que ces t\u00e9l\u00e9cabines ou t\u00e9l\u00e9skis ne sont pas op\u00e9rationnels pendant toute l&rsquo;ann\u00e9e. Ils sont ouverts en \u00e9t\u00e9 pendant la saison de randonn\u00e9e (qui commence \u00e0 la mi-juin jusqu&rsquo;\u00e0 un certain moment entre fin d&rsquo;a\u00f4ut et mi-octobre). Vers la fin de la saison, le service ne fonctionne souvent que pendant les week-ends. A partir de ce moment-l\u00e0, on passe \u00e0 la saison de ski (g\u00e9n\u00e9ralement \u00e0 partir de la fin d\u00e9cembre jusqu&rsquo;\u00e0 la fin mars). Les entreprises de remont\u00e9es-m\u00e9canique profite des p\u00e9riodes interm\u00e9diaires pour fermer les installations afin d&rsquo;inspecter le mat\u00e9riel et l&rsquo;entretenir. Il est conseiller de toujours v\u00e9rifier les dates auxquelles les installations sont ouvertes sur leur site internet ou, \u00e0 d\u00e9faut, aupr\u00e8s des offices du tourisme locaux.<\/li>\n\n\n\n<li>Beaucoup de sommets h\u00e9bergent de grandes tours de transmission radio\/TV\/t\u00e9l\u00e9phone\/faisceaux hertziens. Il faut compter avec le risque de QRM, particuli\u00e8rement sur ondes courtes et\/ou sur 2m. De plus, certaines radios portables voient leur sensibilit\u00e9 consid\u00e9rablement baisser en pr\u00e9sence de puissants \u00e9metteurs sur des fr\u00e9quences proches.<\/li>\n\n\n\n<li>Pratiquement tous ces sommets sont des destinations touristiques tr\u00e8s populaire. Attendez-vous \u00e0 rencontrer beaucoup de monde. Installer son antenne&nbsp;sans g\u00eaner les autres peut se r\u00e9v\u00e9ler difficile. Comme par exemple poser une dip\u00f4le compl\u00e8te, m\u00eame en V-invers\u00e9. On a souvent meilleur temps de choisir des antennes verticales ou \u00ab\u00a0end-fed\u00a0\u00bb. On nous a rapport\u00e9 qu&rsquo;il est arriv\u00e9 au Schilthorn (HB\/BE-048) que l&rsquo;on demande poliment \u00e0 des radio-amateurs de d\u00e9monter leurs antennes parce qu&rsquo;ils \u00e9taient visibles \u00e0 l&rsquo;image sur la cam\u00e9ra web de la station.<\/li>\n\n\n\n<li>En plus du sommet mentionn\u00e9, ces randonn\u00e9es sont souvent de tr\u00e8s bons&nbsp;points de d\u00e9part vers les zones d&rsquo;activation de sommets voisins. Mais consulter toujours attentivement le projet de cartographie SOTA ou sotl.as. Bien entendu, v\u00e9rifier le nombre d&rsquo;activations des sommets que vous convoitez et toujours important. Si votre but n&rsquo;a que tr\u00e8s peu d&rsquo;activations, c&rsquo;est qu&rsquo;il y a \u00e0 coup s\u00fbr une bonne raison !<\/li>\n<\/ul>\n\n\n\n<div class=\"wp-block-columns is-layout-flex wp-container-core-columns-is-layout-9d6595d7 wp-block-columns-is-layout-flex\">\n<div class=\"wp-block-column is-layout-flow wp-block-column-is-layout-flow\" style=\"flex-basis:100%\">\n<figure class=\"wp-block-table alignwide is-style-regular\"><table><tbody><tr><td><strong>R\u00e9f\u00e9rence<\/strong><\/td><td><strong>Nom<\/strong><\/td><td><strong>Altitude\/m<\/strong><\/td><td><strong>Points SOTA<\/strong><\/td><td><strong>Notes<\/strong><\/td><\/tr><tr><td><a href=\"https:\/\/sotl.as\/summits\/HB\/AI-001\">HB\/AI-001<\/a><\/td><td>S\u00e4ntis<\/td><td>2502<\/td><td>10<\/td><td><\/td><\/tr><tr><td><a href=\"https:\/\/sotl.as\/summits\/HB\/AI-005\">HB\/AI-005<\/a><\/td><td>Hoher Kasten<\/td><td>1794<\/td><td>6<\/td><td>&nbsp;<\/td><\/tr><tr><td><a href=\"https:\/\/sotl.as\/summits\/HB\/AI-007\">HB\/AI-007<\/a><\/td><td>Kronberg<\/td><td>1663<\/td><td>4<\/td><td>Parc d&rsquo;activit\u00e9s pour familles \u00e0 la station inf\u00e9rieure.<\/td><\/tr><tr><td><a href=\"https:\/\/sotl.as\/summits\/HB\/BE-048\">HB\/BE-048<\/a><\/td><td>Schilthorn<\/td><td>2970<\/td><td>10<\/td><td>Soyez tr\u00e8s discrets. La direction n&rsquo;est pas inclin\u00e9e tr\u00e8s positivement envers les radio-amateurs! \u00c9loignez-vous de la plate-forme et faites quelques pas sur le chemin de randonn\u00e9e tout en restant dans la zone d&rsquo;activation.<\/td><\/tr><tr><td><a href=\"https:\/\/sotl.as\/summits\/HB\/BE-087\">HB\/BE-087<\/a><\/td><td>Niesen<\/td><td>2362<\/td><td>8<\/td><td>&nbsp;<\/td><\/tr><tr><td><a href=\"https:\/\/sotl.as\/summits\/HB\/BE-103\">HB\/BE-103<\/a><\/td><td>Stockhorn<\/td><td>2190<\/td><td>8<\/td><td>&nbsp;<\/td><\/tr><tr><td><a href=\"https:\/\/sotl.as\/summits\/HB\/BE-105\">HB\/BE-105<\/a><\/td><td>Stand<\/td><td>1939<\/td><td>6<\/td><td>&nbsp;<\/td><\/tr><tr><td><a href=\"https:\/\/sotl.as\/summits\/HB\/BE-106\">HB\/BE-106<\/a><\/td><td>Hindere Spitz<\/td><td>2079<\/td><td>8<\/td><td>&nbsp;<\/td><\/tr><tr><td><a href=\"https:\/\/sotl.as\/summits\/HB\/BE-111\">HB\/BE-111<\/a><\/td><td>Gurten<\/td><td>858<\/td><td>1<\/td><td>Proche du centre-ville de Berne et ouvert toute l&rsquo;ann\u00e9e. La zone d&rsquo;activation est tr\u00e8s facile \u00e0 atteindre en transport public. Id\u00e9al pour les visiteurs qui souhaitent une activation express.<\/td><\/tr><tr><td><a href=\"https:\/\/sotl.as\/summits\/HB\/BE-169\">HB\/BE-169<\/a><\/td><td>Mont-Soleil<\/td><td>1291<\/td><td>2<\/td><td>Funiculaire ouvert pendant toute l&rsquo;ann\u00e9e.<\/td><\/tr><tr><td><a href=\"https:\/\/sotl.as\/summits\/HB\/FR-019\">HB\/FR-019<\/a><\/td><td>Le Mol\u00e9son<\/td><td>2002<\/td><td>8<\/td><td>&nbsp;<\/td><\/tr><tr><td><a href=\"https:\/\/sotl.as\/summits\/HB\/FR-028\">HB\/FR-028<\/a><\/td><td>La Berra<\/td><td>1719<\/td><td>4<\/td><td>Aussi possible en hiver avec des raquettes de neige.<\/td><\/tr><tr><td><a href=\"https:\/\/sotl.as\/summits\/HB\/GR-129\">HB\/GR-129<\/a><\/td><td>Piz Nair (St. Moritz)<\/td><td>3056<\/td><td>10<\/td><td>&nbsp;<\/td><\/tr><tr><td><a href=\"https:\/\/sotl.as\/summits\/HB\/GR-155\">HB\/GR-155<\/a><\/td><td>Aroser Weisshorn<\/td><td>2653<\/td><td>10<\/td><td>&nbsp;<\/td><\/tr><tr><td><a href=\"https:\/\/sotl.as\/summits\/HB\/GR-250\">HB\/GR-250<\/a><\/td><td>Weissfluh<\/td><td>2844<\/td><td>10<\/td><td>&nbsp;<\/td><\/tr><tr><td><a href=\"https:\/\/sotl.as\/summits\/HB\/LU-011\">HB\/LU-011<\/a><\/td><td>Marbachegg<\/td><td>1484<\/td><td>2<\/td><td>&nbsp;<\/td><\/tr><tr><td><a href=\"https:\/\/sotl.as\/summits\/HB\/NW-011\">HB\/NW-011<\/a><\/td><td>Pilatus\/Tomlishorn<\/td><td>2128<\/td><td>8<\/td><td>Voir aussi la note dans l&rsquo;introduction ci-dessus.<\/td><\/tr><tr><td><a href=\"https:\/\/sotl.as\/summits\/HB\/NW-015\">HB\/NW-015<\/a><\/td><td>Stanserhorn<\/td><td>1898<\/td><td>6<\/td><td>Premi\u00e8re t\u00e9l\u00e9cabine \u00ab\u00a0cabriolet\u00a0\u00bb du monde. (\u00e0 ciel ouvert)<\/td><\/tr><tr><td><a href=\"https:\/\/sotl.as\/summits\/HB\/NW-017\">HB\/NW-017<\/a><\/td><td>Musenalper Grat<\/td><td>1785<\/td><td>6<\/td><td>&nbsp;<\/td><\/tr><tr><td><a href=\"https:\/\/sotl.as\/summits\/HB\/NW-019\">HB\/NW-019<\/a><\/td><td>B\u00fcrgenstock<\/td><td>1128<\/td><td>2<\/td><td>Ascenseur Hammetschwand: l&rsquo;ascenseur le plus haut en Europe.<\/td><\/tr><tr><td><a href=\"https:\/\/sotl.as\/summits\/HB\/OW-010\">HB\/OW-010<\/a><\/td><td>Brienzer Rothorn<\/td><td>2350<\/td><td>8<\/td><td>Deux options: Funiculaire (\u00e0 partir de Brienz) ou t\u00e9l\u00e9cabine (\u00e0 partir de Sch\u00f6nenboden)<\/td><\/tr><tr><td><a href=\"https:\/\/sotl.as\/summits\/HB\/SG-017\">HB\/SG-017<\/a><\/td><td>Churfirsten\/<br>Hinterrugg<\/td><td>2306<\/td><td>8<\/td><td>Partie de la r\u00e9gion tr\u00e8s pittoresque du \u00ab\u00a0Churfirsten\u00a0\u00bb<\/td><\/tr><tr><td><a href=\"https:\/\/sotl.as\/summits\/HB\/SZ-017\">HB\/SZ-017<\/a><\/td><td>Chlingenstock<\/td><td>1935<\/td><td>6<\/td><td>Randonn\u00e9e de cr\u00eate jusqu&rsquo;a SZ-018 chaudement recommand\u00e9e<\/td><\/tr><tr><td><a href=\"https:\/\/sotl.as\/summits\/HB\/SZ-018\">HB\/SZ-018<\/a><\/td><td>Fronalpstock<\/td><td>1921<\/td><td>6<\/td><td>Randonn\u00e9e de cr\u00eate jusqu&rsquo;a SZ-017 hautement recommand\u00e9e<\/td><\/tr><tr><td><a href=\"https:\/\/sotl.as\/summits\/HB\/SZ-021\">HB\/SZ-021<\/a><\/td><td>Rigi Kulm<\/td><td>1798<\/td><td>6<\/td><td>Tour au sommet gratuit avec la plupart des abonnements ferroviaires.<\/td><\/tr><tr><td><a href=\"https:\/\/sotl.as\/summits\/HB\/TI-101\">HB\/TI-101<\/a><\/td><td>Monte Generoso\/<br>Calvagione<\/td><td>1701<\/td><td>4<\/td><td><\/td><\/tr><tr><td><a href=\"https:\/\/sotl.as\/summits\/HB\/TI-102\">HB\/TI-102<\/a><\/td><td>San Salvatore<\/td><td>912<\/td><td>1<\/td><td>&nbsp;<\/td><\/tr><tr><td><a href=\"https:\/\/sotl.as\/summits\/HB\/VD-020\">HB\/VD-020<\/a><\/td><td>Le Chamossaire<\/td><td>2112<\/td><td>8<\/td><td>&nbsp;<\/td><\/tr><tr><td><a href=\"https:\/\/sotl.as\/summits\/HB\/VD-023\">HB\/VD-023<\/a><\/td><td>Rochers de Naye<\/td><td>2042<\/td><td>8<\/td><td>&nbsp;<\/td><\/tr><tr><td><a href=\"https:\/\/sotl.as\/summits\/HB\/VD-042\">HB\/VD-042<\/a><\/td><td>La Ch\u00e2<\/td><td>1397<\/td><td>2<\/td><td>Funiculaire depuis Vevey aux Pl\u00e9iades; escapade journali\u00e8re tr\u00e8s populare aupr\u00e8s des habitants de Gen\u00e8ve.<\/td><\/tr><tr><td><a href=\"https:\/\/sotl.as\/summits\/HB\/VS-110\">HB\/VS-110<\/a><\/td><td>Eggishorn<\/td><td>2927<\/td><td>10<\/td><td>Vue au glacier Aletsch &#8212; Site d&rsquo;h\u00e9ritage mondiale UNESCO<\/td><\/tr><tr><td><a href=\"https:\/\/sotl.as\/summits\/HB\/VS-114\">HB\/VS-114<\/a><\/td><td>Mont Fort<\/td><td>3328<\/td><td>10<\/td><td>Le sommet d&rsquo;altitude la plus haute de cette liste. <\/td><\/tr><tr><td><a href=\"https:\/\/sotl.as\/summits\/HB\/VS-118\">HB\/VS-118<\/a><\/td><td>Pointe des Mossettes<\/td><td>2277<\/td><td>8<\/td><td>T\u00e9l\u00e9si\u00e8ge \u00e0 partir des Crosets (HB9) ou \u00e0 partir de Avoriaz\/Les Lindarets (F). Note: HB\/VS-119 Pointe de l&rsquo;Au n&rsquo;est situ\u00e9e qu&rsquo;\u00e0 une heure de randonn\u00e9e T2 \u00e0 partir de VS-118.<\/td><\/tr><tr><td><a href=\"https:\/\/sotl.as\/summits\/HB\/VS-240\">HB\/VS-240<\/a><\/td><td>Croix de Culet<\/td><td>1963<\/td><td>6<\/td><td>T\u00e9l\u00e9cabine (tous les 30 minutes) \u00e0 partir de Champery ou t\u00e9l\u00e9si\u00e8ge (en permanence) \u00e0 partir des Crosets.<\/td><\/tr><\/tbody><\/table><\/figure>\n<\/div>\n<\/div>\n","protected":false},"excerpt":{"rendered":"<p>Sommets \u00e0 t\u00e9l\u00e9cabine ou funiculaire en Suisse En Suisse, nous avons un certain nombre de sommets \u00e0 t\u00e9l\u00e9cabine ou funiculaire (y compris ceux desservis par des t\u00e9l\u00e9skis). Pour acc\u00e9der \u00e0 ceux-ci, souvent seule une courte randonn\u00e9e est n\u00e9cessaire pour acc\u00e9der &hellip;<\/p>\n<p class=\"read-more\"> <a class=\"more-link\" href=\"https:\/\/hb9sota.ch\/fr\/sommets-telecabine-funiculaire-2\/\"> <span class=\"screen-reader-text\">Sommets \u00e0 t\u00e9l\u00e9cabine ou funiculaire<\/span> Read More &raquo;<\/a><\/p>\n","protected":false},"author":133,"featured_media":0,"parent":0,"menu_order":0,"comment_status":"closed","ping_status":"open","template":"","meta":{"publish_to_discourse":"","publish_post_category":"","wpdc_auto_publish_overridden":"","wpdc_topic_tags":"","wpdc_pin_topic":"","wpdc_pin_until":"","discourse_post_id":"","discourse_permalink":"","wpdc_publishing_response":"","wpdc_publishing_error":"","footnotes":""},"class_list":["post-5914","page","type-page","status-publish","hentry"],"_links":{"self":[{"href":"https:\/\/hb9sota.ch\/fr\/wp-json\/wp\/v2\/pages\/5914","targetHints":{"allow":["GET"]}}],"collection":[{"href":"https:\/\/hb9sota.ch\/fr\/wp-json\/wp\/v2\/pages"}],"about":[{"href":"https:\/\/hb9sota.ch\/fr\/wp-json\/wp\/v2\/types\/page"}],"author":[{"embeddable":true,"href":"https:\/\/hb9sota.ch\/fr\/wp-json\/wp\/v2\/users\/133"}],"replies":[{"embeddable":true,"href":"https:\/\/hb9sota.ch\/fr\/wp-json\/wp\/v2\/comments?post=5914"}],"version-history":[{"count":5,"href":"https:\/\/hb9sota.ch\/fr\/wp-json\/wp\/v2\/pages\/5914\/revisions"}],"predecessor-version":[{"id":12092,"href":"https:\/\/hb9sota.ch\/fr\/wp-json\/wp\/v2\/pages\/5914\/revisions\/12092"}],"wp:attachment":[{"href":"https:\/\/hb9sota.ch\/fr\/wp-json\/wp\/v2\/media?parent=5914"}],"curies":[{"name":"wp","href":"https:\/\/api.w.org\/{rel}","templated":true}]}}