{"id":5900,"date":"2017-07-22T12:48:00","date_gmt":"2017-07-22T10:48:00","guid":{"rendered":"https:\/\/hb9sota.ch\/?page_id=5900"},"modified":"2024-09-13T07:23:31","modified_gmt":"2024-09-13T05:23:31","slug":"recherche-sota-complete","status":"publish","type":"page","link":"https:\/\/hb9sota.ch\/fr\/recherche-sota-complete\/","title":{"rendered":"Recherche de SOTA Complete"},"content":{"rendered":"\n<p>Cette appli est une aide pour sugg\u00e9rer des activations afin de r\u00e9aliser des SOTA \u00ab\u00a0complete\u00a0\u00bb. Les journaux \u00ab\u00a0activateur\u00a0\u00bb et \u00ab\u00a0chasseur\u00a0\u00bb sont compar\u00e9s, puis une liste des sommets chass\u00e9s mais pas encore activ\u00e9s est affich\u00e9e. L&rsquo;usage du filtre permet de limiter la recherche \u00e0 une association sp\u00e9cifique. <\/p>\n\n\n\n<p><script>\n  function resizeIframe(obj) {\n    obj.style.height = obj.contentWindow.document.body.scrollHeight + 'px';\n  }\n<\/script><\/p>\n<p><iframe src=\"\/apps\/complete.php\" scrolling=\"no\" onload=\"resizeIframe(this)\" width=\"600\" frameborder=\"0\"><\/iframe><\/p>\n\n\n\n<p><\/p>\n","protected":false},"excerpt":{"rendered":"<p>Cette appli est une aide pour sugg\u00e9rer des activations afin de r\u00e9aliser des SOTA \u00ab\u00a0complete\u00a0\u00bb. Les journaux \u00ab\u00a0activateur\u00a0\u00bb et \u00ab\u00a0chasseur\u00a0\u00bb sont compar\u00e9s, puis une liste des sommets chass\u00e9s mais pas encore activ\u00e9s est affich\u00e9e. L&rsquo;usage du filtre permet de limiter &hellip;<\/p>\n<p class=\"read-more\"> <a class=\"more-link\" href=\"https:\/\/hb9sota.ch\/fr\/recherche-sota-complete\/\"> <span class=\"screen-reader-text\">Recherche de SOTA Complete<\/span> Read More &raquo;<\/a><\/p>\n","protected":false},"author":133,"featured_media":0,"parent":0,"menu_order":0,"comment_status":"closed","ping_status":"closed","template":"","meta":{"publish_to_discourse":"","publish_post_category":"","wpdc_auto_publish_overridden":"","wpdc_topic_tags":"","wpdc_pin_topic":"","wpdc_pin_until":"","discourse_post_id":"","discourse_permalink":"","wpdc_publishing_response":"","wpdc_publishing_error":"","footnotes":""},"class_list":["post-5900","page","type-page","status-publish","hentry"],"_links":{"self":[{"href":"https:\/\/hb9sota.ch\/fr\/wp-json\/wp\/v2\/pages\/5900","targetHints":{"allow":["GET"]}}],"collection":[{"href":"https:\/\/hb9sota.ch\/fr\/wp-json\/wp\/v2\/pages"}],"about":[{"href":"https:\/\/hb9sota.ch\/fr\/wp-json\/wp\/v2\/types\/page"}],"author":[{"embeddable":true,"href":"https:\/\/hb9sota.ch\/fr\/wp-json\/wp\/v2\/users\/133"}],"replies":[{"embeddable":true,"href":"https:\/\/hb9sota.ch\/fr\/wp-json\/wp\/v2\/comments?post=5900"}],"version-history":[{"count":4,"href":"https:\/\/hb9sota.ch\/fr\/wp-json\/wp\/v2\/pages\/5900\/revisions"}],"predecessor-version":[{"id":7251,"href":"https:\/\/hb9sota.ch\/fr\/wp-json\/wp\/v2\/pages\/5900\/revisions\/7251"}],"wp:attachment":[{"href":"https:\/\/hb9sota.ch\/fr\/wp-json\/wp\/v2\/media?parent=5900"}],"curies":[{"name":"wp","href":"https:\/\/api.w.org\/{rel}","templated":true}]}}