{"id":590,"date":"2013-12-26T15:03:15","date_gmt":"2013-12-26T15:03:15","guid":{"rendered":"http:\/\/preview.hb9sota.ch\/?page_id=590"},"modified":"2025-01-06T18:08:57","modified_gmt":"2025-01-06T17:08:57","slug":"sota-2011","status":"publish","type":"page","link":"https:\/\/hb9sota.ch\/fr\/berichte\/sota-2011\/","title":{"rendered":"HB9ZAP SOTA 2011"},"content":{"rendered":"<h3>Liebe SOTA \u2013 Freunde<\/h3>\n<p>Ein recht aktives SOTA-<wbr \/>Jahr geht langsam zu Ende. Gewiss ein H\u00f6hepunkt des Sommers war die Reise nach Schottland. Zu Beginn w\u00e4hlte ich den Eildon Mid Hill, GM\/SS-<wbr \/>214, dann Ben Lomond, GM\/SS-<wbr \/>011 und als H\u00f6hepunkt Ben Nevis, GM\/WS-<wbr \/>001. Ben Nevis wurde dabei beinahe zum Desaster, als ich meine Antenne, damals den Vertikal Dipol mit 5 m Mast, aufstellen wollte, musste ich feststellen, dass ich den 5 m-<wbr \/>Mast vergessen hatte, dies nach 1400 m Aufstieg. Ruhe bewahren und tief durchatmen, pr\u00fcfen was nun\u2026 war \u00a0die Devise. Gl\u00fccklicherweise steht auf dem Gipfelplateau ein hoher Steinhaufen, ca 6 \u2013 7 m hoch, mit eingebautem Not-<wbr \/>Biwak. Mit Hilfe meines Wanderstockes konnte ich meine Vertikalantenne notd\u00fcrftig schr\u00e4g aufh\u00e4ngen und die Aktivierung war gerettet. Die Highlands haben sich in der ersten Woche von der sch\u00f6nsten Seite gezeigt, doch nach Ben Nevis wurde das Wetter schlecht, Regen, Regen , tiefh\u00e4ngende Wolken an weitere Aktivierungen war nicht mehr zu denken. Ich hoffte, dass vielleicht im Lake-<wbr \/>District, Scafell, oder \u00a0sp\u00e4ter in Wales, Mount Snowdon, \u00a0weitere Aktivierungen m\u00f6glich w\u00fcrden, leider war die Hoffnung vergeblich. Das bedeutet, wenn\u2019s denn sein soll, muss ich die \u00dcbung wiederholen, mal sehen.<br \/>\nDoch wir haben ja noch unsere Schweizer Berge, bisher habe ich dieses Jahr 64 Aktivierungen , im Mittel 5.7 Pkt, 789 QSO und insgesamt ca 24\u2018400 H\u00f6henmeter erreicht. Vielleicht kommen ja noch einige Flachland Berge \u00a0hinzu, falls das Wetter weiterhin mitmacht.<br \/>\nBei den letzten 19 Aktivierungen habe ich meine neue Antenne, eine Magnetic Loop (AlexLoop) eingesetzt. Diese umfasst den Bereich von 7 bis 10 MHz, die Erfahrungen sind absolut mit denen des Inverted Dipols vergleichbar, \u00a0praktisch dieselben Rapporte und Reichweiten. \u00a0Transportgr\u00f6sse und Gewicht ist beinahe vernachl\u00e4ssigbar, die Montage auf dem Berg mit einer kurzen ALU-<wbr \/>Teleskop Zeltstange von 120 cm\/40 cm ist in jeder Situation kein Problem, ebenso das manuelle Abstimmen. Ich bin vollst\u00e4ndig mit Hans ,HB9CKV der \u00a0Meinung, es gibt nichts praktischeres als die Loop, wobei ichzugebe, \u00a0f\u00fcr 7 MHz ist der Durchmesser von 90 cm etwas an der unteren Grenze, in meinem Fall nicht von Belang, da ich das 7 MHz wenn immer m\u00f6glich meide.<\/p>\n\n<p>&nbsp;<\/p>\n<h6><span style=\"color: #ff0000;\">Wichtig: In keinem Fall haftet HB9SOTA\u00a0oder der Verfasser des Berichtes f\u00fcr allf\u00e4llige direkte oder indirekte Sch\u00e4den, die als Folge des Gebrauchs von Informationen dieser Website enstehten.<\/span><\/h6>\n","protected":false},"excerpt":{"rendered":"<p>Liebe SOTA \u2013 Freunde Ein recht aktives SOTA-Jahr geht langsam zu Ende. Gewiss ein H\u00f6hepunkt des Sommers war die Reise nach Schottland. Zu Beginn w\u00e4hlte ich den Eildon Mid Hill, GM\/SS-214, dann Ben Lomond, GM\/SS-011 und als H\u00f6hepunkt Ben Nevis, &hellip;<\/p>\n<p class=\"read-more\"> <a class=\"more-link\" href=\"https:\/\/hb9sota.ch\/fr\/berichte\/sota-2011\/\"> <span class=\"screen-reader-text\">HB9ZAP SOTA 2011<\/span> Read More &raquo;<\/a><\/p>\n","protected":false},"author":1,"featured_media":0,"parent":78,"menu_order":0,"comment_status":"closed","ping_status":"closed","template":"","meta":{"publish_to_discourse":"","publish_post_category":"","wpdc_auto_publish_overridden":"","wpdc_topic_tags":"","wpdc_pin_topic":"","wpdc_pin_until":"","discourse_post_id":"","discourse_permalink":"","wpdc_publishing_response":"","wpdc_publishing_error":"","footnotes":""},"class_list":["post-590","page","type-page","status-publish","hentry"],"_links":{"self":[{"href":"https:\/\/hb9sota.ch\/fr\/wp-json\/wp\/v2\/pages\/590","targetHints":{"allow":["GET"]}}],"collection":[{"href":"https:\/\/hb9sota.ch\/fr\/wp-json\/wp\/v2\/pages"}],"about":[{"href":"https:\/\/hb9sota.ch\/fr\/wp-json\/wp\/v2\/types\/page"}],"author":[{"embeddable":true,"href":"https:\/\/hb9sota.ch\/fr\/wp-json\/wp\/v2\/users\/1"}],"replies":[{"embeddable":true,"href":"https:\/\/hb9sota.ch\/fr\/wp-json\/wp\/v2\/comments?post=590"}],"version-history":[{"count":5,"href":"https:\/\/hb9sota.ch\/fr\/wp-json\/wp\/v2\/pages\/590\/revisions"}],"predecessor-version":[{"id":10124,"href":"https:\/\/hb9sota.ch\/fr\/wp-json\/wp\/v2\/pages\/590\/revisions\/10124"}],"up":[{"embeddable":true,"href":"https:\/\/hb9sota.ch\/fr\/wp-json\/wp\/v2\/pages\/78"}],"wp:attachment":[{"href":"https:\/\/hb9sota.ch\/fr\/wp-json\/wp\/v2\/media?parent=590"}],"curies":[{"name":"wp","href":"https:\/\/api.w.org\/{rel}","templated":true}]}}