{"id":5888,"date":"2017-06-01T23:36:19","date_gmt":"2017-06-01T21:36:19","guid":{"rendered":"https:\/\/hb9sota.ch\/?page_id=5888"},"modified":"2024-09-13T07:23:31","modified_gmt":"2024-09-13T05:23:31","slug":"sotadiff-fr","status":"publish","type":"page","link":"https:\/\/hb9sota.ch\/fr\/sotadiff-fr\/","title":{"rendered":"SOTADiff"},"content":{"rendered":"\n<p class=\"has-large-font-size\"><strong>Qu&rsquo;a-t-il\/elle que je n&rsquo;ai pas&#8230;?<\/strong><\/p>\n\n\n\n<p>Lorsque l&rsquo;on recherche de nouveaux SOTA uniques, il peut \u00eatre utile de consulter ce que nos coll\u00e8gues ont activ\u00e9s. Connaissant leur condition physique ou leurs habitudes, on peut se laisser inspirer de nouveaux objectifs pour soi-m\u00eame. En passant, on a ainsi \u00e9galement une id\u00e9e vers qui se tourner pour quelques conseils de voyage, de parking, choix de voie de mont\u00e9e, fixation d&rsquo;antenne, etc.<\/p>\n\n\n\n<p>Ce petit formulaire retourne une liste de \u00ab\u00a0diff\u00e9rence d&rsquo;activations\u00a0\u00bb entre deux indicatifs tir\u00e9es des informations de la base de donn\u00e9es SOTA.<\/p>\n\n\n\n<p><script>\n  function resizeIframe(obj) {\n    obj.style.height = obj.contentWindow.document.body.scrollHeight + 'px';\n  }\n<\/script><\/p>\n<p><iframe src=\"\/apps\/diff.php\" scrolling=\"no\" onload=\"resizeIframe(this)\" width=\"400\" frameborder=\"0\"><\/iframe><\/p>\n\n\n\n<p><\/p>\n","protected":false},"excerpt":{"rendered":"<p>Qu&rsquo;a-t-il\/elle que je n&rsquo;ai pas&#8230;? Lorsque l&rsquo;on recherche de nouveaux SOTA uniques, il peut \u00eatre utile de consulter ce que nos coll\u00e8gues ont activ\u00e9s. Connaissant leur condition physique ou leurs habitudes, on peut se laisser inspirer de nouveaux objectifs pour &hellip;<\/p>\n<p class=\"read-more\"> <a class=\"more-link\" href=\"https:\/\/hb9sota.ch\/fr\/sotadiff-fr\/\"> <span class=\"screen-reader-text\">SOTADiff<\/span> Read More &raquo;<\/a><\/p>\n","protected":false},"author":133,"featured_media":0,"parent":0,"menu_order":0,"comment_status":"closed","ping_status":"closed","template":"","meta":{"publish_to_discourse":"","publish_post_category":"","wpdc_auto_publish_overridden":"","wpdc_topic_tags":"","wpdc_pin_topic":"","wpdc_pin_until":"","discourse_post_id":"","discourse_permalink":"","wpdc_publishing_response":"","wpdc_publishing_error":"","footnotes":""},"class_list":["post-5888","page","type-page","status-publish","hentry"],"_links":{"self":[{"href":"https:\/\/hb9sota.ch\/fr\/wp-json\/wp\/v2\/pages\/5888","targetHints":{"allow":["GET"]}}],"collection":[{"href":"https:\/\/hb9sota.ch\/fr\/wp-json\/wp\/v2\/pages"}],"about":[{"href":"https:\/\/hb9sota.ch\/fr\/wp-json\/wp\/v2\/types\/page"}],"author":[{"embeddable":true,"href":"https:\/\/hb9sota.ch\/fr\/wp-json\/wp\/v2\/users\/133"}],"replies":[{"embeddable":true,"href":"https:\/\/hb9sota.ch\/fr\/wp-json\/wp\/v2\/comments?post=5888"}],"version-history":[{"count":5,"href":"https:\/\/hb9sota.ch\/fr\/wp-json\/wp\/v2\/pages\/5888\/revisions"}],"predecessor-version":[{"id":7249,"href":"https:\/\/hb9sota.ch\/fr\/wp-json\/wp\/v2\/pages\/5888\/revisions\/7249"}],"wp:attachment":[{"href":"https:\/\/hb9sota.ch\/fr\/wp-json\/wp\/v2\/media?parent=5888"}],"curies":[{"name":"wp","href":"https:\/\/api.w.org\/{rel}","templated":true}]}}