{"id":5865,"date":"2020-06-08T19:40:16","date_gmt":"2020-06-08T17:40:16","guid":{"rendered":"https:\/\/hb9sota.ch\/?page_id=5865"},"modified":"2024-11-29T09:44:42","modified_gmt":"2024-11-29T08:44:42","slug":"comment-puis-je-commencer-avec-sota-2","status":"publish","type":"page","link":"https:\/\/hb9sota.ch\/fr\/comment-puis-je-commencer-avec-sota-2\/","title":{"rendered":"Comment puis-je commencer avec SOTA ?"},"content":{"rendered":"\n<p>Afin de r\u00e9pondre \u00e0 cette question pour tous les d\u00e9butants SOTA, ainsi que donner des renseignements valables pour commencer comme chasseur ou activateur SOTA, HB9SOTA a publi\u00e9 des instructions.<\/p>\n\n\n\n<figure class=\"wp-block-image size-large is-resized\"><a href=\"https:\/\/docs.google.com\/document\/d\/1XW2eDmrtjtnONpH7MTbetnfOZv7RTat4yQwOnUximEw\/edit?usp=sharing\"><img loading=\"lazy\" decoding=\"async\" width=\"732\" height=\"1024\" src=\"https:\/\/hb9sota.ch\/wp-content\/uploads\/2023\/05\/Screenshot-2023-05-23-at-16.12.16-732x1024.png\" alt=\"\" class=\"wp-image-7833\" style=\"width:366px;height:512px\" srcset=\"https:\/\/hb9sota.ch\/wp-content\/uploads\/2023\/05\/Screenshot-2023-05-23-at-16.12.16-732x1024.png 732w, https:\/\/hb9sota.ch\/wp-content\/uploads\/2023\/05\/Screenshot-2023-05-23-at-16.12.16-214x300.png 214w, https:\/\/hb9sota.ch\/wp-content\/uploads\/2023\/05\/Screenshot-2023-05-23-at-16.12.16-768x1075.png 768w, https:\/\/hb9sota.ch\/wp-content\/uploads\/2023\/05\/Screenshot-2023-05-23-at-16.12.16-100x140.png 100w, https:\/\/hb9sota.ch\/wp-content\/uploads\/2023\/05\/Screenshot-2023-05-23-at-16.12.16-150x210.png 150w, https:\/\/hb9sota.ch\/wp-content\/uploads\/2023\/05\/Screenshot-2023-05-23-at-16.12.16-200x280.png 200w, https:\/\/hb9sota.ch\/wp-content\/uploads\/2023\/05\/Screenshot-2023-05-23-at-16.12.16-300x420.png 300w, https:\/\/hb9sota.ch\/wp-content\/uploads\/2023\/05\/Screenshot-2023-05-23-at-16.12.16-450x630.png 450w, https:\/\/hb9sota.ch\/wp-content\/uploads\/2023\/05\/Screenshot-2023-05-23-at-16.12.16-600x839.png 600w, https:\/\/hb9sota.ch\/wp-content\/uploads\/2023\/05\/Screenshot-2023-05-23-at-16.12.16.png 887w\" sizes=\"auto, (max-width: 732px) 100vw, 732px\" \/><\/a><\/figure>\n\n\n\n<p>Le document peut \u00eatre regard\u00e9 en ligne chez Google Docs: <a href=\"https:\/\/docs.google.com\/document\/d\/1XW2eDmrtjtnONpH7MTbetnfOZv7RTat4yQwOnUximEw\/edit?usp=sharing\">Comment d\u00e9buter avec l\u2019activit\u00e9 SOTA ?<\/a> <\/p>\n\n\n\n<p>Alternativement, on peut le t\u00e9l\u00e9charger en version PDF: <\/p>\n\n\n\n<div class=\"wp-block-file\"><a id=\"wp-block-file--media-1c3166c6-e0fe-46b6-95aa-d73e0a95fd50\" href=\"https:\/\/hb9sota.ch\/wp-content\/uploads\/2023\/05\/Comment-debuter-avec-lactivite-SOTA.pdf\">Comment de\u0301buter avec l\u2019activite\u0301 SOTA<\/a><a href=\"https:\/\/hb9sota.ch\/wp-content\/uploads\/2023\/05\/Comment-debuter-avec-lactivite-SOTA.pdf\" class=\"wp-block-file__button wp-element-button\" download aria-describedby=\"wp-block-file--media-1c3166c6-e0fe-46b6-95aa-d73e0a95fd50\">T\u00e9l\u00e9charger<\/a><\/div>\n\n\n\n<p class=\"has-text-color has-link-color wp-elements-05c8eb44fe0ebed5f66de34b54919eca\" style=\"color:#ff0000\"><strong>Important : Aucune garantie quant \u00e0 l&rsquo;exactitude des informations. En aucun cas HB9SOTA ne pourra \u00eatre tenu responsable des dommages directs ou indirects r\u00e9sultant de l&rsquo;utilisation des informations de ce site Web.<\/strong><\/p>\n","protected":false},"excerpt":{"rendered":"<p>Afin de r\u00e9pondre \u00e0 cette question pour tous les d\u00e9butants SOTA, ainsi que donner des renseignements valables pour commencer comme chasseur ou activateur SOTA, HB9SOTA a publi\u00e9 des instructions. Le document peut \u00eatre regard\u00e9 en ligne chez Google Docs: Comment &hellip;<\/p>\n<p class=\"read-more\"> <a class=\"more-link\" href=\"https:\/\/hb9sota.ch\/fr\/comment-puis-je-commencer-avec-sota-2\/\"> <span class=\"screen-reader-text\">Comment puis-je commencer avec SOTA ?<\/span> Read More &raquo;<\/a><\/p>\n","protected":false},"author":133,"featured_media":0,"parent":0,"menu_order":0,"comment_status":"closed","ping_status":"closed","template":"","meta":{"publish_to_discourse":"","publish_post_category":"","wpdc_auto_publish_overridden":"","wpdc_topic_tags":"","wpdc_pin_topic":"","wpdc_pin_until":"","discourse_post_id":"","discourse_permalink":"","wpdc_publishing_response":"","wpdc_publishing_error":"","footnotes":""},"class_list":["post-5865","page","type-page","status-publish","hentry"],"_links":{"self":[{"href":"https:\/\/hb9sota.ch\/fr\/wp-json\/wp\/v2\/pages\/5865","targetHints":{"allow":["GET"]}}],"collection":[{"href":"https:\/\/hb9sota.ch\/fr\/wp-json\/wp\/v2\/pages"}],"about":[{"href":"https:\/\/hb9sota.ch\/fr\/wp-json\/wp\/v2\/types\/page"}],"author":[{"embeddable":true,"href":"https:\/\/hb9sota.ch\/fr\/wp-json\/wp\/v2\/users\/133"}],"replies":[{"embeddable":true,"href":"https:\/\/hb9sota.ch\/fr\/wp-json\/wp\/v2\/comments?post=5865"}],"version-history":[{"count":8,"href":"https:\/\/hb9sota.ch\/fr\/wp-json\/wp\/v2\/pages\/5865\/revisions"}],"predecessor-version":[{"id":9719,"href":"https:\/\/hb9sota.ch\/fr\/wp-json\/wp\/v2\/pages\/5865\/revisions\/9719"}],"wp:attachment":[{"href":"https:\/\/hb9sota.ch\/fr\/wp-json\/wp\/v2\/media?parent=5865"}],"curies":[{"name":"wp","href":"https:\/\/api.w.org\/{rel}","templated":true}]}}