{"id":5848,"date":"2013-10-09T22:42:27","date_gmt":"2013-10-09T20:42:27","guid":{"rendered":"https:\/\/hb9sota.ch\/?page_id=5848"},"modified":"2024-09-13T07:23:31","modified_gmt":"2024-09-13T05:23:31","slug":"statuts","status":"publish","type":"page","link":"https:\/\/hb9sota.ch\/fr\/statuts\/","title":{"rendered":"Statuts"},"content":{"rendered":"\n<p>Indication: Les statuts sont une traduction de la version allemande qui se trouve ici: <a href=\"https:\/\/hb9sota.ch\/statuten\/\" data-type=\"URL\" data-id=\"https:\/\/hb9sota.ch\/statuten\/\">https:\/\/hb9sota.ch\/statuten\/<\/a><\/p>\n\n\n\n<p>En cas de d\u00e9viation entre les versions allemandes es tfran\u00e7aises, la version allemande est la version prioritaire. <\/p>\n\n\n\n<p><strong>ARTICLE 1 DISPOSITIONS GENERALES<\/strong><br>1.1 Le groupe SOTA Suisse, avec l&rsquo;indicatif d&rsquo;appel du club HB9SOTA, a \u00e9t\u00e9 fond\u00e9 le 16 mai 2005 en tant qu&rsquo;association au sens des articles 60 et suivants du Code civil suisse (ZGB).<\/p>\n\n\n\n<p>1.2 Le si\u00e8ge est au lieu de r\u00e9sidence respectif du Pr\u00e9sident.<\/p>\n\n\n\n<p>1.3 HB9SOTA est politiquement et confessionnellement neutre, rejette toute discrimination de nature politique, religieuse ou ethnique et de sexe ou de race.<\/p>\n\n\n\n<p>1.4 L&rsquo;ann\u00e9e d&rsquo;association dure du 1er janvier au 31 d\u00e9cembre.<\/p>\n\n\n\n<p><strong>ARTICLE 2 OBJET<\/strong><br>2.1 HB9SOTA soutient et coordonne l&rsquo;Association SOTA Suisse dans tous les domaines. Elle r\u00e9vise p\u00e9riodiquement la liste des montagnes suisses et le Manuel de r\u00e9f\u00e9rence de l&rsquo;association (ARM) selon les crit\u00e8res de gestion de la SOTA.<\/p>\n\n\n\n<p>2.2 HB9SOTA promeut radio-amateurisme en montagne avec un programme de dipl\u00f4me, un site Web et d&rsquo;autres activit\u00e9s de relations publiques.<\/p>\n\n\n\n<p>2.3 HB9SOTA promeut radio-amaterisme en montagne en g\u00e9n\u00e9ral et SOTA en particulier, organise des randonn\u00e9es en montagne communes et le Swiss Mountain Activity Day.<\/p>\n\n\n\n<p>2.4 HB9SOTA encourage la coop\u00e9ration entre le radioamateurisme en montagne et les autres programmes outdoor au radioamateurisme.<\/p>\n\n\n\n<p><strong>ARTICLE 3 AFFILIATION<\/strong><br>3.1 Toute personne qui reconna\u00eet les pr\u00e9sents statuts peut devenir membre de HB9SOTA.<\/p>\n\n\n\n<p>3.2 L&rsquo;affiliation peut \u00eatre demand\u00e9e sur le site HB9SOTA, au secr\u00e9tariat ou aupr\u00e8s d&rsquo;un membre du conseil d&rsquo;administration.<\/p>\n\n\n\n<p>3.3 L&rsquo;affiliation prend effet apr\u00e8s r\u00e9ception de la cotisation et est valable pour l&rsquo;ann\u00e9e en cours de l&rsquo;association.<\/p>\n\n\n\n<p>3.4 Les cat\u00e9gories de membres de HB9SOTA sont&nbsp;:<\/p>\n\n\n\n<p>Membres actifs (radioamateurs licenci\u00e9s)<br>Membres passifs (pour les membres int\u00e9ress\u00e9s \u00e0 l&rsquo;op\u00e9ration de radio aux montagnes)<br>Membres d&rsquo;honneur (nomm\u00e9s par l&rsquo;Assembl\u00e9e g\u00e9n\u00e9rale)<br>3.5 Droits et devoirs : Tous les membres ont le droit de voter et d&rsquo;\u00eatre \u00e9lus \u00e0 l&rsquo;Assembl\u00e9e g\u00e9n\u00e9rale et sont invit\u00e9s \u00e0 tous les \u00e9v\u00e9nements du club.<\/p>\n\n\n\n<p>3.6 Le retrait de HB9SOTA doit \u00eatre fait par \u00e9crit \u00e0 la fin de l&rsquo;ann\u00e9e du club.<\/p>\n\n\n\n<p>3.7 Les membres qui violent la loi ou le Ham Spirit peuvent \u00eatre exclus du conseil d&rsquo;administration.<\/p>\n\n\n\n<p><strong>ARTICLE 4 ORGANES<\/strong><br>Les organes de HB9SOTA sont :<\/p>\n\n\n\n<p>4.1 L&rsquo;assembl\u00e9e g\u00e9n\u00e9rale ordinaire ou extraordinaire.<\/p>\n\n\n\n<p>4.1.1 L&rsquo;assembl\u00e9e g\u00e9n\u00e9rale est l&rsquo;organe supr\u00eame de l&rsquo;association, elle se tient au plus tard fin mai et est pr\u00e9sid\u00e9e par le pr\u00e9sident en exercice ou, en cas d&#8217;emp\u00eachement, par le vice-pr\u00e9sident ou un autre membre du conseil d&rsquo;administration. Dans des situations exceptionnelles, elle peut \u00e9galement \u00eatre effectu\u00e9e par \u00e9crit sous la forme d&rsquo;un vote de la base.<\/p>\n\n\n\n<p>4.1.2 L&rsquo;assembl\u00e9e g\u00e9n\u00e9rale ordinaire est charg\u00e9e de :<\/p>\n\n\n\n<p>a) D\u00e9termination de la bonne convocation conform\u00e9ment aux statuts, au quorum et \u00e0 la majorit\u00e9 absolue<br>b) \u00c9lection des scrutateurs<br>c) Approbation du proc\u00e8s-verbal de la derni\u00e8re Assembl\u00e9e G\u00e9n\u00e9rale<br>d) Approbation du rapport annuel du Pr\u00e9sident et des membres du Conseil d&rsquo;Administration<br>e) Approbation des comptes annuels<br>f) Approbation du rapport des commissaires aux comptes<br>g) D\u00e9charge des organes<br>h) D\u00e9termination de la cotisation pour l&rsquo;ann\u00e9e suivante de l&rsquo;association<br>i) Approbation du budget<br>k) \u00c9lection du pr\u00e9sident, des autres membres du conseil d&rsquo;administration et des commissaires aux comptes<br>l) Distinctions honorifiques, nomination de membres honoraires<br>m) Modifications des statuts<br>n) Autres affaires statutaires<br>4.1.3 Une assembl\u00e9e g\u00e9n\u00e9rale extraordinaire peut \u00eatre convoqu\u00e9e par le conseil d&rsquo;administration.<\/p>\n\n\n\n<p>4.1.4 Si une assembl\u00e9e g\u00e9n\u00e9rale extraordinaire est demand\u00e9e par au moins un cinqui\u00e8me des membres, le conseil d&rsquo;administration doit la convoquer dans les 30 jours.<\/p>\n\n\n\n<p>4.1.5 Droit de vote et d&rsquo;\u00eatre \u00e9lu<\/p>\n\n\n\n<p>Tous les membres pr\u00e9sents, y compris les membres passifs, ont le droit de voter et de voter.<br>L&rsquo;Assembl\u00e9e G\u00e9n\u00e9rale ne d\u00e9lib\u00e8re que si au moins trois membres sont pr\u00e9sents.<br>En cas de vote, la majorit\u00e9 relative des suffrages exprim\u00e9s est valable. En cas d&rsquo;\u00e9galit\u00e9, le Pr\u00e9sident tranche.<br>Au premier tour, la majorit\u00e9 absolue (50% + 1) des suffrages valablement exprim\u00e9s s&rsquo;applique. A partir du second tour, la majorit\u00e9 simple suffit. En cas d&rsquo;\u00e9galit\u00e9, c&rsquo;est le sort qui d\u00e9cide.<br>Les votes et les \u00e9lections se d\u00e9roulent ouvertement \u00e0 main lev\u00e9e. La majorit\u00e9 des membres votants pr\u00e9sents peut exiger un scrutin secret.<br>En cas de vote de la base, la majorit\u00e9 simple s&rsquo;applique.<br>4.1.6 Les membres doivent \u00eatre invit\u00e9s \u00e0 l&rsquo;Assembl\u00e9e G\u00e9n\u00e9rale 30 jours avant l&rsquo;Assembl\u00e9e G\u00e9n\u00e9rale avec l&rsquo;ordre du jour.<\/p>\n\n\n\n<p>4.1.7 Les motions des membres \u00e0 l&rsquo;attention de l&rsquo;Assembl\u00e9e g\u00e9n\u00e9rale doivent \u00eatre envoy\u00e9es par \u00e9crit au Pr\u00e9sident au moins 14 jours avant l&rsquo;Assembl\u00e9e g\u00e9n\u00e9rale.<\/p>\n\n\n\n<p>4.2 LE DIRECTOIRE<br>4.2.1 Le Conseil d&rsquo;Administration se compose d&rsquo;au moins 3 membres et se constitue lui-m\u00eame, le quorum \u00e9tant atteint si 2 membres sont pr\u00e9sents.<\/p>\n\n\n\n<p>4.2.2 Le bureau est \u00e9lu pour 2 ans.<\/p>\n\n\n\n<p>4.2.3 Le conseil d&rsquo;administration est responsable de toutes les affaires qui ne sont pas transf\u00e9r\u00e9es \u00e0 un autre organe conform\u00e9ment aux statuts.<\/p>\n\n\n\n<p>4.2.4 Les membres du conseil d&rsquo;administration doivent faire rapport annuellement \u00e0 l&rsquo;assembl\u00e9e g\u00e9n\u00e9rale ordinaire.<\/p>\n\n\n\n<p>4.2.5 Le conseil d&rsquo;administration met en \u0153uvre les r\u00e9solutions de l&rsquo;assembl\u00e9e g\u00e9n\u00e9rale. Il se r\u00e9unit au besoin sur convocation du Pr\u00e9sident et peut se rendre \u00e0 son si\u00e8ge<\/p>\n\n\n\n<p>4.2.6 Le directeur de montagne et le directeur technique peuvent d\u00e9signer des personnes comp\u00e9tentes pour chaque r\u00e9gion pour l&rsquo;assister dans son travail. Il r\u00e8gle la coop\u00e9ration et la responsabilit\u00e9 avec eux.<\/p>\n\n\n\n<p>4.2.7 A l&rsquo;exception du pr\u00e9sident de l&rsquo;association, le conseil d&rsquo;administration peut remplacer provisoirement les administrateurs qui quittent en cours de mandat jusqu&rsquo;\u00e0 la prochaine assembl\u00e9e g\u00e9n\u00e9rale.<\/p>\n\n\n\n<p>4.2.8 Le pr\u00e9sident, le vice-pr\u00e9sident et le secr\u00e9taire signent individuellement pour HB9SOTA.<\/p>\n\n\n\n<p>4.3 LE BUREAU DE V\u00c9RIFICATION<br>4.3.1 L&rsquo;auditeur se compose de l&rsquo;auditeur et de l&rsquo;auditeur suppl\u00e9ant. Tous deux sont \u00e9lus par l&rsquo;Assembl\u00e9e g\u00e9n\u00e9rale.<\/p>\n\n\n\n<p>4.3.2 Tous les membres peuvent \u00eatre \u00e9lus commissaires aux comptes. Si possible, vous devez avoir des comp\u00e9tences en comptabilit\u00e9.<\/p>\n\n\n\n<p>4.3.3 Le commissaire examine et appr\u00e9cie les comptes annuels et soumet un rapport \u00e9crit \u00e0 l&rsquo;assembl\u00e9e g\u00e9n\u00e9rale ordinaire sur les r\u00e9sultats de la v\u00e9rification. Il a le droit de r\u00e9viser la caisse enregistreuse \u00e0 tout moment.<\/p>\n\n\n\n<p>4.4 ORGANES SP\u00c9CIALIS\u00c9S<\/p>\n\n\n\n<p>4.4.1 Les organes sp\u00e9cialis\u00e9s en dehors du comit\u00e9 directeur servent \u00e0 traiter des domaines th\u00e9matiques sp\u00e9cifiques qui ne sont pas trait\u00e9s par le comit\u00e9 directeur dans le cadre de l&rsquo;objet de l&rsquo;association.<\/p>\n\n\n\n<p>4.4.2 Tous les membres peuvent \u00eatre \u00e9lus comme r\u00e9pr\u00e9sentants. Ils doivent s&rsquo;int\u00e9resser au sujet dela domaine correspondant.<\/p>\n\n\n\n<p><strong>ARTICLE 5 FINANCEMENT<\/strong><br>5.1 Les revenus de l&rsquo;association sont constitu\u00e9s des cotisations ordinaires et extraordinaires des membres, des subventions, du sponsoring, des collectes, des dons, des revenus nets des \u00e9v\u00e9nements, de la publicit\u00e9, de la gestion du club, etc.<\/p>\n\n\n\n<p>5.2 Les cotisations sont dues au d\u00e9but de l&rsquo;ann\u00e9e civile ou lors de l&rsquo;adh\u00e9sion \u00e0 l&rsquo;association.<\/p>\n\n\n\n<p>5.3 Les membres honoraires et administrateurs sont gratuits. Le conseil d&rsquo;administration peut renoncer \u00e0 la cotisation pour les autres membres.<\/p>\n\n\n\n<p>5.4 Les revenus et d\u00e9penses sont budg\u00e9tis\u00e9s et doivent \u00eatre approuv\u00e9s par l&rsquo;Assembl\u00e9e G\u00e9n\u00e9rale.<\/p>\n\n\n\n<p>5.5 Seuls les actifs de l&rsquo;association sont responsables du passif de HB9SOTA. La responsabilit\u00e9 personnelle des membres de l&rsquo;association est limit\u00e9e aux frais d&rsquo;adh\u00e9sion. Toute autre responsabilit\u00e9 personnelle des membres est exclue.<\/p>\n\n\n\n<p><strong>ARTICLE 6 MODIFICATIONS DES STATUTS<\/strong><br>6.1 L&rsquo;Assembl\u00e9e g\u00e9n\u00e9rale d\u00e9cide des modifications des statuts, au moins les deux tiers des membres votants pr\u00e9sents peuvent demander une modification.<\/p>\n\n\n\n<p>6.2 Les propositions de modification des statuts doivent \u00eatre soumises aux membres par \u00e9crit avec l&rsquo;ordre du jour avant l&rsquo;Assembl\u00e9e G\u00e9n\u00e9rale.<\/p>\n\n\n\n<p>6.3 Les propositions de modification des statuts par les membres doivent \u00eatre soumises par \u00e9crit au Pr\u00e9sident 30 jours avant l&rsquo;Assembl\u00e9e G\u00e9n\u00e9rale.<\/p>\n\n\n\n<p>ARTICLE 7 DISSOLUTION DU CLUB<strong><br><\/strong>7.1 La dissolution de l&rsquo;association doit avoir lieu lors d&rsquo;une assembl\u00e9e g\u00e9n\u00e9rale extraordinaire.<\/p>\n\n\n\n<p>7.2 La dissolution a lieu si au moins les deux tiers des membres pr\u00e9sents se prononcent en sa faveur.<\/p>\n\n\n\n<p>7.3 En cas de dissolution, l&rsquo;association doit \u00eatre r\u00e9guli\u00e8rement liquid\u00e9e. Une commission sp\u00e9ciale est constitu\u00e9e \u00e0 cet effet.<\/p>\n\n\n\n<p>7.4 Tout actif exc\u00e9dentaire et tout inventaire appartenant \u00e0 l&rsquo;association doivent \u00eatre utilis\u00e9s pour une bonne cause, par exemple pour soutenir la radio amateur dans les pays du tiers monde ou le projet similaire SOTA-Mapping transf\u00e9r\u00e9.<\/p>\n\n\n\n<p><strong>ARTICLE 8 DISPOSITIONS FINALES<\/strong><br>Ces statuts ont \u00e9t\u00e9 approuv\u00e9s lors de la 19\u00e8me Assembl\u00e9e G\u00e9n\u00e9rale du 13\u00e8me avril 2024 et entrent en vigueur imm\u00e9diatement.<\/p>\n\n\n\n<p>Signataires&nbsp;:<\/p>\n\n\n\n<p>B\u00fclach, le 14 \u00e8me avril 2024<\/p>\n\n\n\n<p>Le Pr\u00e9sident :                                  Le Secr\u00e9taire :<\/p>\n\n\n\n<p>Jens Nolte, HB9EKO                      Roman B\u00e4chli, HB9HKR<\/p>\n","protected":false},"excerpt":{"rendered":"<p>Indication: Les statuts sont une traduction de la version allemande qui se trouve ici: https:\/\/hb9sota.ch\/statuten\/ En cas de d\u00e9viation entre les versions allemandes es tfran\u00e7aises, la version allemande est la version prioritaire. ARTICLE 1 DISPOSITIONS GENERALES1.1 Le groupe SOTA Suisse, &hellip;<\/p>\n<p class=\"read-more\"> <a class=\"more-link\" href=\"https:\/\/hb9sota.ch\/fr\/statuts\/\"> <span class=\"screen-reader-text\">Statuts<\/span> Read More &raquo;<\/a><\/p>\n","protected":false},"author":133,"featured_media":0,"parent":0,"menu_order":0,"comment_status":"closed","ping_status":"open","template":"","meta":{"publish_to_discourse":"","publish_post_category":"","wpdc_auto_publish_overridden":"","wpdc_topic_tags":"","wpdc_pin_topic":"","wpdc_pin_until":"","discourse_post_id":"","discourse_permalink":"","wpdc_publishing_response":"","wpdc_publishing_error":"","footnotes":""},"class_list":["post-5848","page","type-page","status-publish","hentry"],"_links":{"self":[{"href":"https:\/\/hb9sota.ch\/fr\/wp-json\/wp\/v2\/pages\/5848","targetHints":{"allow":["GET"]}}],"collection":[{"href":"https:\/\/hb9sota.ch\/fr\/wp-json\/wp\/v2\/pages"}],"about":[{"href":"https:\/\/hb9sota.ch\/fr\/wp-json\/wp\/v2\/types\/page"}],"author":[{"embeddable":true,"href":"https:\/\/hb9sota.ch\/fr\/wp-json\/wp\/v2\/users\/133"}],"replies":[{"embeddable":true,"href":"https:\/\/hb9sota.ch\/fr\/wp-json\/wp\/v2\/comments?post=5848"}],"version-history":[{"count":6,"href":"https:\/\/hb9sota.ch\/fr\/wp-json\/wp\/v2\/pages\/5848\/revisions"}],"predecessor-version":[{"id":8674,"href":"https:\/\/hb9sota.ch\/fr\/wp-json\/wp\/v2\/pages\/5848\/revisions\/8674"}],"wp:attachment":[{"href":"https:\/\/hb9sota.ch\/fr\/wp-json\/wp\/v2\/media?parent=5848"}],"curies":[{"name":"wp","href":"https:\/\/api.w.org\/{rel}","templated":true}]}}