{"id":5845,"date":"2013-10-09T21:46:08","date_gmt":"2013-10-09T19:46:08","guid":{"rendered":"https:\/\/hb9sota.ch\/?page_id=5845"},"modified":"2024-11-29T09:20:12","modified_gmt":"2024-11-29T08:20:12","slug":"comite","status":"publish","type":"page","link":"https:\/\/hb9sota.ch\/fr\/comite\/","title":{"rendered":"Comit\u00e9"},"content":{"rendered":"\n<h2 class=\"wp-block-heading\">Membres du comit\u00e9 HB9SOTA<\/h2>\n\n\n\n<figure class=\"wp-block-table\"><table><tbody><tr><td>Pr\u00e9sident<\/td><td>Jens Nolte HB9EKO<\/td><td><a href=\"mailto:hb9eko@uska.ch\">hb9eko@uska.ch<\/a><\/td><\/tr><tr><td>Vice-pr\u00e9sident<\/td><td>Ren\u00e9 Kuhn HB9PIM<\/td><td><a href=\"mailto:r-m-kuhn@sunrise.ch\"><\/a><a href=\"mailto:r-m-kuhn@sunrise.ch\">r-m-kuhn@sunrise.ch<\/a><\/td><\/tr><tr><td>Gestionnaire des montagnes et directeur technique<\/td><td>Arthur Schwilch HB9CEV<\/td><td><a href=\"mailto:arthur.schwilch@bluewin.ch\">arthur.schwilch@bluewin.ch<\/a><\/td><\/tr><tr><td>Secr\u00e9taire<\/td><td>Roman B\u00e4chli HB9HKR<\/td><td><a href=\"mailto:hb9hkr@uska.ch\">hb9hkr@uska.ch<\/a><\/td><\/tr><tr><td>Greffier<\/td><td>Fr\u00e9d\u00e9ric Noyer HB9HWF<\/td><td><a href=\"mailto:hb9hwf@lightlogic.ch\">hb9hwf@lightlogic.ch<\/a><\/td><\/tr><tr><td>Assistante du comit\u00e9<\/td><td>Sabrina Kuhn HB3XTZ<\/td><td><a href=\"mailto:hb3xtz@gmail.com\">hb3xtz@gmail.com<\/a><\/td><\/tr><tr><td>Caissier<\/td><td>Matthias Senn HB9FVF<\/td><td><a href=\"mailto:hb9fvf@bluewin.ch\">hb9fvf@bluewin.ch<\/a><\/td><\/tr><tr><td>Gestionnaire de dipl\u00f4me et de l&rsquo;indicatif d&rsquo;appel<\/td><td>Jean-Pierre Theiler HB9HBV<\/td><td><a href=\"mailto:hb9hbv@icloud.com\">hb9hbv@icloud.com<\/a><\/td><\/tr><tr><td>Gestionnaire informatique<\/td><td>Manuel Kasper HB9DQM<\/td><td><a href=\"mailto:mk@neon1.net\">mk@neon1.net<\/a><\/td><\/tr><\/tbody><\/table><\/figure>\n","protected":false},"excerpt":{"rendered":"<p>Membres du comit\u00e9 HB9SOTA Pr\u00e9sident Jens Nolte HB9EKO hb9eko@uska.ch Vice-pr\u00e9sident Ren\u00e9 Kuhn HB9PIM r-m-kuhn@sunrise.ch Gestionnaire des montagnes et directeur technique Arthur Schwilch HB9CEV arthur.schwilch@bluewin.ch Secr\u00e9taire Roman B\u00e4chli HB9HKR hb9hkr@uska.ch Greffier Fr\u00e9d\u00e9ric Noyer HB9HWF hb9hwf@lightlogic.ch Assistante du comit\u00e9 Sabrina Kuhn HB3XTZ &hellip;<\/p>\n<p class=\"read-more\"> <a class=\"more-link\" href=\"https:\/\/hb9sota.ch\/fr\/comite\/\"> <span class=\"screen-reader-text\">Comit\u00e9<\/span> Read More &raquo;<\/a><\/p>\n","protected":false},"author":133,"featured_media":0,"parent":0,"menu_order":0,"comment_status":"closed","ping_status":"closed","template":"","meta":{"publish_to_discourse":"","publish_post_category":"","wpdc_auto_publish_overridden":"","wpdc_topic_tags":"","wpdc_pin_topic":"","wpdc_pin_until":"","discourse_post_id":"","discourse_permalink":"","wpdc_publishing_response":"","wpdc_publishing_error":"","footnotes":""},"class_list":["post-5845","page","type-page","status-publish","hentry"],"_links":{"self":[{"href":"https:\/\/hb9sota.ch\/fr\/wp-json\/wp\/v2\/pages\/5845","targetHints":{"allow":["GET"]}}],"collection":[{"href":"https:\/\/hb9sota.ch\/fr\/wp-json\/wp\/v2\/pages"}],"about":[{"href":"https:\/\/hb9sota.ch\/fr\/wp-json\/wp\/v2\/types\/page"}],"author":[{"embeddable":true,"href":"https:\/\/hb9sota.ch\/fr\/wp-json\/wp\/v2\/users\/133"}],"replies":[{"embeddable":true,"href":"https:\/\/hb9sota.ch\/fr\/wp-json\/wp\/v2\/comments?post=5845"}],"version-history":[{"count":10,"href":"https:\/\/hb9sota.ch\/fr\/wp-json\/wp\/v2\/pages\/5845\/revisions"}],"predecessor-version":[{"id":9715,"href":"https:\/\/hb9sota.ch\/fr\/wp-json\/wp\/v2\/pages\/5845\/revisions\/9715"}],"wp:attachment":[{"href":"https:\/\/hb9sota.ch\/fr\/wp-json\/wp\/v2\/media?parent=5845"}],"curies":[{"name":"wp","href":"https:\/\/api.w.org\/{rel}","templated":true}]}}