{"id":5804,"date":"2015-11-10T15:38:21","date_gmt":"2015-11-10T14:38:21","guid":{"rendered":"https:\/\/hb9sota.ch\/?page_id=5804"},"modified":"2026-03-15T12:53:32","modified_gmt":"2026-03-15T11:53:32","slug":"programme-annuel","status":"publish","type":"page","link":"https:\/\/hb9sota.ch\/fr\/programme-annuel\/","title":{"rendered":"Programme annuel"},"content":{"rendered":"\n<p><\/p>\n\n\n\n<figure class=\"wp-block-table is-style-stripes\"><table><thead><tr><th>Quoi ?<\/th><th>Quand ?<\/th><th>O\u00f9 ?<\/th><th>Remarques<\/th><\/tr><\/thead><tbody><tr><td><strong>AG 2026<\/strong><\/td><td>09.05.2026<\/td><td>Hotel &amp; Restaurant Engel<br>Dorfplatz 1<br>CH-6370 Stans&nbsp;<\/td><td><\/td><\/tr><tr><td><strong>HB9SOTA R\u00e9union de Sommet<\/strong><\/td><td>13.06.2026 \/ <br>Date de r\u00e9serve 20.06.2026<\/td><td>Hochwacht <a href=\"https:\/\/sotl.as\/summits\/HB\/AG-012\">HB\/AG-012<\/a><\/td><td>\u00c9v\u00e9nement familial destin\u00e9 aux Chasers, aux Activateurs, \u00e0 leurs partenaires et \u00e0 leurs enfants<\/td><\/tr><tr><td><strong>Ham Radio 2026<\/strong><\/td><td><br>26.-28.06.2026<br><\/td><td>Centre d&rsquo;Expositions Friedrichshafen<\/td><td><\/td><\/tr><tr><td><strong>HB9SOTA Weekend d&rsquo;activit\u00e9 de montagne<\/strong><\/td><td>11.\/12.07.2026<\/td><td>Choix libre de sommet<\/td><td><\/td><\/tr><tr><td><strong>Randonn\u00e9e d&rsquo;\u00e9t\u00e9 1<\/strong><\/td><td>22.08.2026 \/ <br>Date de r\u00e9serve 05.09.2026<\/td><td>Parc naturel Gantrisch<br>par ex.. <a href=\"https:\/\/sotl.as\/summits\/HB\/BE-151\" data-type=\"link\" data-id=\"https:\/\/sotl.as\/summits\/HB\/BE-151\">HB\/BE-151<\/a>, <a href=\"https:\/\/sotl.as\/summits\/HB\/BE-158\" data-type=\"link\" data-id=\"https:\/\/sotl.as\/summits\/HB\/BE-158\">HB\/BE-158<\/a>, &#8230;.<\/td><td>Restaurant t.b.d.<\/td><\/tr><tr><td><strong>Randonn\u00e9e d&rsquo;\u00e9t\u00e9 2<\/strong><\/td><td>22.08.2026 \/ <br>Date de r\u00e9serve 05.09.2026<\/td><td><a href=\"https:\/\/sotl.as\/summits\/HB\/SZ-003\">HB\/SZ-003 <\/a>Chaiserstock<\/td><td>Restaurant t.b.d.<\/td><\/tr><tr><td><strong>Surplus Party<\/strong><\/td><td>31.10.2026<\/td><td>Salle Polyvalente Zofingen<\/td><td><\/td><\/tr><\/tbody><\/table><\/figure>\n\n\n\n<p><\/p>\n","protected":false},"excerpt":{"rendered":"<p>Quoi ? Quand ? O\u00f9 ? Remarques AG 2026 09.05.2026 Hotel &amp; Restaurant EngelDorfplatz 1CH-6370 Stans&nbsp; HB9SOTA R\u00e9union de Sommet 13.06.2026 \/ Date de r\u00e9serve 20.06.2026 Hochwacht HB\/AG-012 \u00c9v\u00e9nement familial destin\u00e9 aux Chasers, aux Activateurs, \u00e0 leurs partenaires et \u00e0 &hellip;<\/p>\n<p class=\"read-more\"> <a class=\"more-link\" href=\"https:\/\/hb9sota.ch\/fr\/programme-annuel\/\"> <span class=\"screen-reader-text\">Programme annuel<\/span> Read More &raquo;<\/a><\/p>\n","protected":false},"author":1,"featured_media":0,"parent":0,"menu_order":0,"comment_status":"closed","ping_status":"closed","template":"","meta":{"publish_to_discourse":"","publish_post_category":"","wpdc_auto_publish_overridden":"","wpdc_topic_tags":"","wpdc_pin_topic":"","wpdc_pin_until":"","discourse_post_id":"","discourse_permalink":"","wpdc_publishing_response":"","wpdc_publishing_error":"","footnotes":""},"class_list":["post-5804","page","type-page","status-publish","hentry"],"_links":{"self":[{"href":"https:\/\/hb9sota.ch\/fr\/wp-json\/wp\/v2\/pages\/5804","targetHints":{"allow":["GET"]}}],"collection":[{"href":"https:\/\/hb9sota.ch\/fr\/wp-json\/wp\/v2\/pages"}],"about":[{"href":"https:\/\/hb9sota.ch\/fr\/wp-json\/wp\/v2\/types\/page"}],"author":[{"embeddable":true,"href":"https:\/\/hb9sota.ch\/fr\/wp-json\/wp\/v2\/users\/1"}],"replies":[{"embeddable":true,"href":"https:\/\/hb9sota.ch\/fr\/wp-json\/wp\/v2\/comments?post=5804"}],"version-history":[{"count":99,"href":"https:\/\/hb9sota.ch\/fr\/wp-json\/wp\/v2\/pages\/5804\/revisions"}],"predecessor-version":[{"id":12112,"href":"https:\/\/hb9sota.ch\/fr\/wp-json\/wp\/v2\/pages\/5804\/revisions\/12112"}],"wp:attachment":[{"href":"https:\/\/hb9sota.ch\/fr\/wp-json\/wp\/v2\/media?parent=5804"}],"curies":[{"name":"wp","href":"https:\/\/api.w.org\/{rel}","templated":true}]}}