{"id":563,"date":"2013-12-26T14:37:55","date_gmt":"2013-12-26T14:37:55","guid":{"rendered":"http:\/\/preview.hb9sota.ch\/?page_id=563"},"modified":"2025-01-06T18:09:24","modified_gmt":"2025-01-06T17:09:24","slug":"sota-2011-2012","status":"publish","type":"page","link":"https:\/\/hb9sota.ch\/fr\/berichte\/sota-2011-2012\/","title":{"rendered":"HB9HAT SOTA 2011 \/ 2012"},"content":{"rendered":"<p>Sch\u00f6ne Erlebnisse auf einsamen Gipfeln, verbunden mit der grossen weiten Welt. Ein Dankesch\u00f6n an alle meine treuen SOTA J\u00e4ger. Nach dem pileup, spitze ich meine Ohren f\u00fcrs DX. Ich sch\u00e4tze das 12 m Band und 10m und 15 m. Auf dem 12m Band \u00a0ist es oft ruhig und angenehmer Funkkontakt ist m\u00f6glich. Auf diesen B\u00e4ndern benutze ich meine Leichtbaudipole, ohne Balun. Eine SO-<wbr \/>239 Buchse auf Teflon montiert mit der entsprechenden L\u00e4nge eines Kupferdrahtes. Mit diesen Dipolen gelangen mir Verbindungen mit: VP8LP, AP2IA, VK6YS, VU2JPS, 3DA0HC.<br \/>\nNicht nur die Technik, sondern auch die Natur habe ich genossen, von der Maus, welche an meinem T-<wbr \/>Shirt knabberte, die G\u00e4msen Steinb\u00f6cke und der Bartgeier am Piz La Stretta.<br \/>\nGesund und munter das Tal zu erreichen ist das Ziel jeder SOTA Aktivierung.<br \/>\nIm Winter bin ich weniger aktiv, freue mich aber auf sch\u00f6ne Skitouren im Fr\u00fchling, wenn die Sonne wieder l\u00e4nger scheint. Die Kabel zur Antenne sind dann auch wieder flexibler zum Montieren.<\/p>\n<p>&nbsp;<\/p>\n<p>Mario HB9HAT<\/p>\n\n<p>&nbsp;<\/p>\n<h6><span style=\"color: #ff0000;\">Wichtig: In keinem Fall haftet HB9SOTA oder der Verfasser des Berichtes f\u00fcr allf\u00e4llige direkte oder indirekte Sch\u00e4den, die als Folge des Gebrauchs von Informationen dieser Website enstehten.<\/span><\/h6>\n","protected":false},"excerpt":{"rendered":"<p>Sch\u00f6ne Erlebnisse auf einsamen Gipfeln, verbunden mit der grossen weiten Welt. Ein Dankesch\u00f6n an alle meine treuen SOTA J\u00e4ger. Nach dem pileup, spitze ich meine Ohren f\u00fcrs DX. Ich sch\u00e4tze das 12 m Band und 10m und 15 m. Auf &hellip;<\/p>\n<p class=\"read-more\"> <a class=\"more-link\" href=\"https:\/\/hb9sota.ch\/fr\/berichte\/sota-2011-2012\/\"> <span class=\"screen-reader-text\">HB9HAT SOTA 2011 \/ 2012<\/span> Read More &raquo;<\/a><\/p>\n","protected":false},"author":1,"featured_media":0,"parent":78,"menu_order":0,"comment_status":"closed","ping_status":"open","template":"","meta":{"publish_to_discourse":"","publish_post_category":"","wpdc_auto_publish_overridden":"","wpdc_topic_tags":"","wpdc_pin_topic":"","wpdc_pin_until":"","discourse_post_id":"","discourse_permalink":"","wpdc_publishing_response":"","wpdc_publishing_error":"","footnotes":""},"class_list":["post-563","page","type-page","status-publish","hentry"],"_links":{"self":[{"href":"https:\/\/hb9sota.ch\/fr\/wp-json\/wp\/v2\/pages\/563","targetHints":{"allow":["GET"]}}],"collection":[{"href":"https:\/\/hb9sota.ch\/fr\/wp-json\/wp\/v2\/pages"}],"about":[{"href":"https:\/\/hb9sota.ch\/fr\/wp-json\/wp\/v2\/types\/page"}],"author":[{"embeddable":true,"href":"https:\/\/hb9sota.ch\/fr\/wp-json\/wp\/v2\/users\/1"}],"replies":[{"embeddable":true,"href":"https:\/\/hb9sota.ch\/fr\/wp-json\/wp\/v2\/comments?post=563"}],"version-history":[{"count":4,"href":"https:\/\/hb9sota.ch\/fr\/wp-json\/wp\/v2\/pages\/563\/revisions"}],"predecessor-version":[{"id":10125,"href":"https:\/\/hb9sota.ch\/fr\/wp-json\/wp\/v2\/pages\/563\/revisions\/10125"}],"up":[{"embeddable":true,"href":"https:\/\/hb9sota.ch\/fr\/wp-json\/wp\/v2\/pages\/78"}],"wp:attachment":[{"href":"https:\/\/hb9sota.ch\/fr\/wp-json\/wp\/v2\/media?parent=563"}],"curies":[{"name":"wp","href":"https:\/\/api.w.org\/{rel}","templated":true}]}}