{"id":3743,"date":"2020-05-24T17:42:39","date_gmt":"2020-05-24T16:42:39","guid":{"rendered":"http:\/\/hb9sota.ch\/?page_id=3743"},"modified":"2024-09-13T07:22:20","modified_gmt":"2024-09-13T05:22:20","slug":"hb15sota-sonderrufzeichen","status":"publish","type":"page","link":"https:\/\/hb9sota.ch\/fr\/hb15sota-sonderrufzeichen\/","title":{"rendered":"HB15SOTA Sonderrufzeichen"},"content":{"rendered":"\n<h1 class=\"wp-block-heading\"><strong>Instruktionen f\u00fcr die Verwendung des Sonderrufzeichens HB15SOTA<\/strong><\/h1>\n\n\n\n<ol class=\"wp-block-list\"><li>Das Sonderrufzeichen HB15SOTA steht allen Mitgliedern der SOTA-Gruppe Schweiz <strong>vom 9.5.2020 bis zum 8.5.2021<\/strong> zur Verf\u00fcgung.<\/li><li>Es ist keine vorg\u00e4ngige Reservation n\u00f6tig. Es darf aber jeweils nur eine Station gleichzeitig auf dem selben Band aktiv sein (Regel des BAKOM). Aus diesem Grund ist eine Koordination mittels Alerts auf SOTAwatch empfohlen. Bitte w\u00e4hrend der Aktivierung die Spots im Auge behalten!<\/li><li>Es ist ein Log zu erstellen, welches f\u00fcr den QSL-Versand verwendet wird. Es muss dazu im ADIF-Format an den Call-Manager Tom Benz, HB9DPR\u00a0gesendet werden (<a href=\"mailto:tom.benz@bluewin.ch\">tom.benz@bluewin.ch<\/a>). Das Log muss mindestens folgende Spalten aufweisen:<\/li><\/ol>\n\n\n\n<figure class=\"wp-block-table\"><table><tbody><tr><td><strong>BAND<\/strong><\/td><td><strong>MODE<\/strong><\/td><td><strong>QSO_DATE<\/strong><\/td><td><strong>TIME_ON<\/strong><\/td><td><strong>RST_SENT<\/strong><\/td><td><strong>CALL<\/strong><\/td><td><strong>NOTES<\/strong><\/td><\/tr><tr><td>30M<\/td><td>CW<\/td><td>20200826<\/td><td>0905<\/td><td>599<\/td><td>S58MU<\/td><td>HB\/VS-235<\/td><\/tr><tr><td>30M<\/td><td>CW<\/td><td>20200826<\/td><td>0907<\/td><td>599<\/td><td>PA0WDG<\/td><td>HB\/VS-235<\/td><\/tr><\/tbody><\/table><\/figure>\n\n\n\n<ol class=\"wp-block-list\" start=\"4\"><li>Der jeweilige Operator l\u00e4dt seine QSOs selber unter seinem eigenen Account in die SOTA-Datenbank (das verwendete Rufzeichen kann bei jeder Aktivierung angegeben werden; bei Verwendung von VK port-a-log vorher \u201cOn-air Callsign\u201d einstellen).<\/li><\/ol>\n\n\n\n<p><\/p>\n","protected":false},"excerpt":{"rendered":"<p>Instruktionen f\u00fcr die Verwendung des Sonderrufzeichens HB15SOTA Das Sonderrufzeichen HB15SOTA steht allen Mitgliedern der SOTA-Gruppe Schweiz vom 9.5.2020 bis zum 8.5.2021 zur Verf\u00fcgung. Es ist keine vorg\u00e4ngige Reservation n\u00f6tig. Es darf aber jeweils nur eine Station gleichzeitig auf dem selben &hellip;<\/p>\n<p class=\"read-more\"> <a class=\"more-link\" href=\"https:\/\/hb9sota.ch\/fr\/hb15sota-sonderrufzeichen\/\"> <span class=\"screen-reader-text\">HB15SOTA Sonderrufzeichen<\/span> Read More &raquo;<\/a><\/p>\n","protected":false},"author":1,"featured_media":0,"parent":0,"menu_order":0,"comment_status":"closed","ping_status":"closed","template":"","meta":{"publish_to_discourse":"","publish_post_category":"","wpdc_auto_publish_overridden":"","wpdc_topic_tags":"","wpdc_pin_topic":"","wpdc_pin_until":"","discourse_post_id":"","discourse_permalink":"","wpdc_publishing_response":"","wpdc_publishing_error":"","footnotes":""},"class_list":["post-3743","page","type-page","status-publish","hentry"],"_links":{"self":[{"href":"https:\/\/hb9sota.ch\/fr\/wp-json\/wp\/v2\/pages\/3743","targetHints":{"allow":["GET"]}}],"collection":[{"href":"https:\/\/hb9sota.ch\/fr\/wp-json\/wp\/v2\/pages"}],"about":[{"href":"https:\/\/hb9sota.ch\/fr\/wp-json\/wp\/v2\/types\/page"}],"author":[{"embeddable":true,"href":"https:\/\/hb9sota.ch\/fr\/wp-json\/wp\/v2\/users\/1"}],"replies":[{"embeddable":true,"href":"https:\/\/hb9sota.ch\/fr\/wp-json\/wp\/v2\/comments?post=3743"}],"version-history":[{"count":5,"href":"https:\/\/hb9sota.ch\/fr\/wp-json\/wp\/v2\/pages\/3743\/revisions"}],"predecessor-version":[{"id":3750,"href":"https:\/\/hb9sota.ch\/fr\/wp-json\/wp\/v2\/pages\/3743\/revisions\/3750"}],"wp:attachment":[{"href":"https:\/\/hb9sota.ch\/fr\/wp-json\/wp\/v2\/media?parent=3743"}],"curies":[{"name":"wp","href":"https:\/\/api.w.org\/{rel}","templated":true}]}}