{"id":3718,"date":"2020-05-24T17:16:16","date_gmt":"2020-05-24T16:16:16","guid":{"rendered":"http:\/\/hb9sota.ch\/?page_id=3718"},"modified":"2024-09-13T07:22:38","modified_gmt":"2024-09-13T05:22:38","slug":"hb15sota-diplom-regeln","status":"publish","type":"page","link":"https:\/\/hb9sota.ch\/fr\/hb15sota-diplom-regeln\/","title":{"rendered":"Regeln f\u00fcr das Jubil\u00e4umsdiplom HB15SOTA"},"content":{"rendered":"\n<h2 class=\"wp-block-heading\">1. Zweck<\/h2>\n\n\n\n<p>Mit diesem Diplom wird das 15-j\u00e4hrige Bestehen von HB9SOTA w\u00e4hrend eines Jahres gefeiert. Das Jubil\u00e4umsdiplom von der SOTA Gruppe Schweiz gilt f\u00fcr Funkamateure (Chaser) und Summit-to-Summit-J\u00e4ger.<\/p>\n\n\n\n<h2 class=\"wp-block-heading\">2. Grundlagen<\/h2>\n\n\n\n<p>Neben diesem Diplomreglement gelten auch die <a href=\"https:\/\/www.sota.org.uk\/Joining-In\/General-Rules\" target=\"_blank\" rel=\"noreferrer noopener\">allgemeinen Regeln des SOTA UK Programms<\/a>.&nbsp;<\/p>\n\n\n\n<h2 class=\"wp-block-heading\">3. Dauer<\/h2>\n\n\n\n<p>Das Jubil\u00e4umsdiplom dauert ein Jahr vom 9. Mai 2020 bis zum 8. Mai 2021.<\/p>\n\n\n\n<h2 class=\"wp-block-heading\">4. Diplomstufen<\/h2>\n\n\n\n<p>Das Jubil\u00e4umsdiplom ist in folgende drei Stufen unterteilt:<\/p>\n\n\n\n<ul class=\"wp-block-list\"><li>Alpenrose (6 Kantone)<\/li><li>Enzian (14 Kantone)<\/li><li>Edelweiss (Alle Kantone mit Summits, d.h. aktuell 24 Kantone)<\/li><\/ul>\n\n\n\n<p>In Klammer steht die Anzahl der erforderlichen Kantone.<\/p>\n\n\n\n<h2 class=\"wp-block-heading\">5. Diplom-QSOs<\/h2>\n\n\n\n<p>F\u00fcr das Jubil\u00e4umsdiplom z\u00e4hlen Verbindungen w\u00e4hrend der Diplomdauer mit Aktivierern (Activators), die das HB15SOTA-Rufzeichen auf einem Berg mit einer g\u00fcltigen SOTA-Referenz verwenden.<\/p>\n\n\n\n<p>Es z\u00e4hlen auch Verbindungen zwischen einem Aktivierer auf einem Berg mit einer g\u00fcltigen SOTA-Referenz und einem zweiten Aktivierer. Dabei z\u00e4hlt nur der Summit der Gegenstation (welche das HB15SOTA-Rufzeichen verwendet), und nicht die eigene Bergreferenz, welche man aktiviert hat. S2S-QSOs von einem ausl\u00e4ndischen Berg zu einem Schweizer Berg z\u00e4hlen ebenfalls.<\/p>\n\n\n\n<h2 class=\"wp-block-heading\">6. Spezialkantone<\/h2>\n\n\n\n<p>Die Kantone Genf und Basel-Stadt haben keine Berge mit g\u00fcltigen SOTA-Referenzen. Deshalb gen\u00fcgen 24 Kantone f\u00fcr das Erlangen der h\u00f6chsten Diplomstufe Edelweiss.<\/p>\n\n\n\n<h2 class=\"wp-block-heading\">7. <strong>Berechtigung<\/strong><\/h2>\n\n\n\n<p>Zur Diplomberechtigung gelten nur diejenigen QSOs, welche in die <a href=\"https:\/\/www.sotadata.org.uk\/de\/\" target=\"_blank\" rel=\"noreferrer noopener\">SOTA Datenbank<\/a>&nbsp;hochgeladen wurden.<\/p>\n\n\n\n<h2 class=\"wp-block-heading\">8. Antrag<\/h2>\n\n\n\n<p>Das Jubil\u00e4umsdiplom kann <a href=\"https:\/\/hb9sota.ch\/hb15sota-diplom\/\">hier<\/a>&nbsp;\u00fcber die Website der SOTA Gruppe Schweiz direkt beantragt werden.<\/p>\n\n\n\n<h2 class=\"wp-block-heading\">9. Versand<\/h2>\n\n\n\n<p>Das jeweilige Diplom wird dem Antragsteller als Bild per E-Mail zugestellt.<\/p>\n\n\n\n<h2 class=\"wp-block-heading\">10. Kosten<\/h2>\n\n\n\n<p>Das Jubil\u00e4umsdiplom ist f\u00fcr alle Amateurfunker, welche die Bedingungen erf\u00fcllt haben, kostenlos.<\/p>\n\n\n\n<h2 class=\"wp-block-heading\">11. Inkrafttreten<\/h2>\n\n\n\n<p>Dieses Reglement tritt r\u00fcckwirkend auf den 9.5.2020 in Kraft.<\/p>\n\n\n\n<p>Pr\u00e4sident der SOTA Gruppe Schweiz \/ Diplommanager SOTA Gruppe Schweiz<\/p>\n\n\n\n<p>Dr. J\u00fcrg Regli HB9BIN, Pr\u00e4sident HB9SOTA und Tom Benz HB9DPR, Diplom-Manager HB9SOTA<\/p>\n","protected":false},"excerpt":{"rendered":"<p>1. Zweck Mit diesem Diplom wird das 15-j\u00e4hrige Bestehen von HB9SOTA w\u00e4hrend eines Jahres gefeiert. Das Jubil\u00e4umsdiplom von der SOTA Gruppe Schweiz gilt f\u00fcr Funkamateure (Chaser) und Summit-to-Summit-J\u00e4ger. 2. Grundlagen Neben diesem Diplomreglement gelten auch die allgemeinen Regeln des SOTA &hellip;<\/p>\n<p class=\"read-more\"> <a class=\"more-link\" href=\"https:\/\/hb9sota.ch\/fr\/hb15sota-diplom-regeln\/\"> <span class=\"screen-reader-text\">Regeln f\u00fcr das Jubil\u00e4umsdiplom HB15SOTA<\/span> Read More &raquo;<\/a><\/p>\n","protected":false},"author":1,"featured_media":0,"parent":0,"menu_order":0,"comment_status":"closed","ping_status":"closed","template":"","meta":{"publish_to_discourse":"","publish_post_category":"","wpdc_auto_publish_overridden":"","wpdc_topic_tags":"","wpdc_pin_topic":"","wpdc_pin_until":"","discourse_post_id":"","discourse_permalink":"","wpdc_publishing_response":"","wpdc_publishing_error":"","footnotes":""},"class_list":["post-3718","page","type-page","status-publish","hentry"],"_links":{"self":[{"href":"https:\/\/hb9sota.ch\/fr\/wp-json\/wp\/v2\/pages\/3718","targetHints":{"allow":["GET"]}}],"collection":[{"href":"https:\/\/hb9sota.ch\/fr\/wp-json\/wp\/v2\/pages"}],"about":[{"href":"https:\/\/hb9sota.ch\/fr\/wp-json\/wp\/v2\/types\/page"}],"author":[{"embeddable":true,"href":"https:\/\/hb9sota.ch\/fr\/wp-json\/wp\/v2\/users\/1"}],"replies":[{"embeddable":true,"href":"https:\/\/hb9sota.ch\/fr\/wp-json\/wp\/v2\/comments?post=3718"}],"version-history":[{"count":2,"href":"https:\/\/hb9sota.ch\/fr\/wp-json\/wp\/v2\/pages\/3718\/revisions"}],"predecessor-version":[{"id":3725,"href":"https:\/\/hb9sota.ch\/fr\/wp-json\/wp\/v2\/pages\/3718\/revisions\/3725"}],"wp:attachment":[{"href":"https:\/\/hb9sota.ch\/fr\/wp-json\/wp\/v2\/media?parent=3718"}],"curies":[{"name":"wp","href":"https:\/\/api.w.org\/{rel}","templated":true}]}}