{"id":11896,"date":"2026-01-07T17:25:07","date_gmt":"2026-01-07T16:25:07","guid":{"rendered":"https:\/\/hb9sota.ch\/actualites\/"},"modified":"2026-01-07T17:29:38","modified_gmt":"2026-01-07T16:29:38","slug":"actualites","status":"publish","type":"page","link":"https:\/\/hb9sota.ch\/fr\/actualites\/","title":{"rendered":"Actualit\u00e9s"},"content":{"rendered":"<ul class=\"is-grid columns-2 has-dates has-authors has-excerpts wp-block-rss\"><li class='wp-block-rss__item'><div class='wp-block-rss__item-title'><a href='https:\/\/forum.hb9sota.ch\/t\/sota-meilensteine\/78'>SOTA Meilensteine<\/a><\/div><time datetime=\"2026-01-05T23:07:28+01:00\" class=\"wp-block-rss__item-publish-date\">5 janvier 2026<\/time> <span class=\"wp-block-rss__item-author\">par hb9eko<\/span><div class=\"wp-block-rss__item-excerpt\">Im letzten Quartal 25 haben folgende Mitglieder Meilensteine erreicht: Erster Mountain Goat-Willkommen in der Herde! HB9GVW, Hans-Martin Zweiter Mountain Goat HB9HXJ, Tabea Dritter Mountain Goat HB9BCK, Albert Achter Mountain Goat HB9DQM, Manuel Achtzehnter Mountain Goat HB9BIN, J\u00fcrg Herzliche Gratulation vom Vorstand! 2 Beitr\u00e4ge &#8211; 1 Teilnehmer Vollst\u00e4ndiges Thema lesen<\/div><\/li><li class='wp-block-rss__item'><div class='wp-block-rss__item-title'><a href='https:\/\/forum.hb9sota.ch\/t\/hb9sota-regionaltreffen-zofingen\/67'>HB9SOTA Regionaltreffen Zofingen<\/a><\/div><time datetime=\"2025-10-28T22:12:01+01:00\" class=\"wp-block-rss__item-publish-date\">28 octobre 2025<\/time> <span class=\"wp-block-rss__item-author\">par hb9eko<\/span><div class=\"wp-block-rss__item-excerpt\">Urspr\u00fcnglich publiziert auf: HB9SOTA Regionaltreffen Zofingen \u2013 HB9SOTA Liebe Mitglieder und alle, die es noch werden m\u00f6chten, Schon bald ist es wieder soweit und das n\u00e4chste Regionaltreffen steht bevor. Auch dieses Jahr m\u00f6chte ich euch herzlich dazu einladen. Wir treffen uns am Freitag, 12. Dezember 2025, ab 18.00 Uhr in [&hellip;]<\/div><\/li><li class='wp-block-rss__item'><div class='wp-block-rss__item-title'><a href='https:\/\/forum.hb9sota.ch\/t\/regionaltreffen-in-schiers-und-rapperswil\/60'>Regionaltreffen in Schiers und Rapperswil<\/a><\/div><time datetime=\"2025-10-15T18:17:07+02:00\" class=\"wp-block-rss__item-publish-date\">15 octobre 2025<\/time> <span class=\"wp-block-rss__item-author\">par hb9eko<\/span><div class=\"wp-block-rss__item-excerpt\">Urspr\u00fcnglich publiziert auf: Regionaltreffen in Schiers und Rapperswil \u2013 HB9SOTA Liebe Mitglieder von HB9SOTA, F\u00fcr die Regionaltreffen in Schiers am 14.11.25, sowie in Rapperswil am 21.11.25 sind jetzt die Links f\u00fcr die Umfrage zur Anmeldung auf der Website in den Eintr\u00e4gen im Jahresprogramm verf\u00fcgbar. F\u00fcr die Regionaltreffen im Dezember (Lausanne [&hellip;]<\/div><\/li><li class='wp-block-rss__item'><div class='wp-block-rss__item-title'><a href='https:\/\/forum.hb9sota.ch\/t\/hb9sota-online-dialog-mit-vorstandsmitgliedern\/52'>HB9SOTA Online &#8211; Dialog mit Vorstandsmitgliedern<\/a><\/div><time datetime=\"2025-09-27T17:07:53+02:00\" class=\"wp-block-rss__item-publish-date\">27 septembre 2025<\/time> <span class=\"wp-block-rss__item-author\">par hb9eko<\/span><div class=\"wp-block-rss__item-excerpt\">Urspr\u00fcnglich publiziert auf: Online \u2013 Dialog mit Vorstandsmitgliedern \u2013 HB9SOTA Liebe Mitglieder von HB9SOTA, Wir m\u00f6chten gerne etwas neues ausprobieren, um einen Dialog zwischen Mitgliedern und Vorstand auch ausserhalb von Veranstaltungen zu erm\u00f6glichen. Dies soll vor allem denjenigen Mitgliedern die M\u00f6glichkeit zum Austausch mit dem Vorstand bieten, die keine M\u00f6glichkeit [&hellip;]<\/div><\/li><\/ul>","protected":false},"excerpt":{"rendered":"","protected":false},"author":1,"featured_media":0,"parent":0,"menu_order":0,"comment_status":"closed","ping_status":"closed","template":"","meta":{"publish_to_discourse":"","publish_post_category":"","wpdc_auto_publish_overridden":"","wpdc_topic_tags":"","wpdc_pin_topic":"","wpdc_pin_until":"","discourse_post_id":"","discourse_permalink":"","wpdc_publishing_response":"","wpdc_publishing_error":"","footnotes":""},"class_list":["post-11896","page","type-page","status-publish","hentry"],"_links":{"self":[{"href":"https:\/\/hb9sota.ch\/fr\/wp-json\/wp\/v2\/pages\/11896","targetHints":{"allow":["GET"]}}],"collection":[{"href":"https:\/\/hb9sota.ch\/fr\/wp-json\/wp\/v2\/pages"}],"about":[{"href":"https:\/\/hb9sota.ch\/fr\/wp-json\/wp\/v2\/types\/page"}],"author":[{"embeddable":true,"href":"https:\/\/hb9sota.ch\/fr\/wp-json\/wp\/v2\/users\/1"}],"replies":[{"embeddable":true,"href":"https:\/\/hb9sota.ch\/fr\/wp-json\/wp\/v2\/comments?post=11896"}],"version-history":[{"count":3,"href":"https:\/\/hb9sota.ch\/fr\/wp-json\/wp\/v2\/pages\/11896\/revisions"}],"predecessor-version":[{"id":11904,"href":"https:\/\/hb9sota.ch\/fr\/wp-json\/wp\/v2\/pages\/11896\/revisions\/11904"}],"wp:attachment":[{"href":"https:\/\/hb9sota.ch\/fr\/wp-json\/wp\/v2\/media?parent=11896"}],"curies":[{"name":"wp","href":"https:\/\/api.w.org\/{rel}","templated":true}]}}