{"id":11034,"date":"2025-06-15T13:58:09","date_gmt":"2025-06-15T11:58:09","guid":{"rendered":"https:\/\/hb9sota.ch\/enquete-sur-la-tenue-des-ag-et-des-evenements\/"},"modified":"2025-07-08T17:18:08","modified_gmt":"2025-07-08T15:18:08","slug":"enquete-sur-la-tenue-des-ag-et-des-evenements","status":"publish","type":"page","link":"https:\/\/hb9sota.ch\/fr\/enquete-sur-la-tenue-des-ag-et-des-evenements\/","title":{"rendered":"Enqu\u00eate sur la tenue des AG et des \u00e9v\u00e9nements"},"content":{"rendered":"\n<p>Le sondage est termin\u00e9. Merci \u00e0 tous d&rsquo;avoir particip\u00e9 !<\/p>\n","protected":false},"excerpt":{"rendered":"<p>Le sondage est termin\u00e9. Merci \u00e0 tous d&rsquo;avoir particip\u00e9 !<\/p>\n","protected":false},"author":1,"featured_media":0,"parent":0,"menu_order":0,"comment_status":"closed","ping_status":"closed","template":"","meta":{"publish_to_discourse":"","publish_post_category":"","wpdc_auto_publish_overridden":"","wpdc_topic_tags":"","wpdc_pin_topic":"","wpdc_pin_until":"","discourse_post_id":"","discourse_permalink":"","wpdc_publishing_response":"","wpdc_publishing_error":"","footnotes":""},"class_list":["post-11034","page","type-page","status-publish","hentry"],"_links":{"self":[{"href":"https:\/\/hb9sota.ch\/fr\/wp-json\/wp\/v2\/pages\/11034","targetHints":{"allow":["GET"]}}],"collection":[{"href":"https:\/\/hb9sota.ch\/fr\/wp-json\/wp\/v2\/pages"}],"about":[{"href":"https:\/\/hb9sota.ch\/fr\/wp-json\/wp\/v2\/types\/page"}],"author":[{"embeddable":true,"href":"https:\/\/hb9sota.ch\/fr\/wp-json\/wp\/v2\/users\/1"}],"replies":[{"embeddable":true,"href":"https:\/\/hb9sota.ch\/fr\/wp-json\/wp\/v2\/comments?post=11034"}],"version-history":[{"count":3,"href":"https:\/\/hb9sota.ch\/fr\/wp-json\/wp\/v2\/pages\/11034\/revisions"}],"predecessor-version":[{"id":11126,"href":"https:\/\/hb9sota.ch\/fr\/wp-json\/wp\/v2\/pages\/11034\/revisions\/11126"}],"wp:attachment":[{"href":"https:\/\/hb9sota.ch\/fr\/wp-json\/wp\/v2\/media?parent=11034"}],"curies":[{"name":"wp","href":"https:\/\/api.w.org\/{rel}","templated":true}]}}