{"id":10405,"date":"2025-03-07T19:37:17","date_gmt":"2025-03-07T18:37:17","guid":{"rendered":"https:\/\/hb9sota.ch\/randonnee-dete-2025-ouest\/"},"modified":"2025-06-06T19:50:21","modified_gmt":"2025-06-06T17:50:21","slug":"randonnee-dete-2025-ouest","status":"publish","type":"page","link":"https:\/\/hb9sota.ch\/fr\/randonnee-dete-2025-ouest\/","title":{"rendered":"Randonn\u00e9e d&rsquo;\u00e9t\u00e9 2025 (Ouest)"},"content":{"rendered":"\n<p>Le point de d\u00e9part \u00ab\u00a0<a href=\"https:\/\/maps.app.goo.gl\/egfL7ER343jgYmrr7\">Gros Mont<\/a>\u00a0\u00bb \u00e0 1365 m peut \u00eatre atteint en VP ou en Bus Alpin par une route \u00e9troite mais asphalt\u00e9e depuis Charmey. Un nombre limit\u00e9 de places de parking est disponible &#8211; mieux vaut arriver assez t\u00f4t ! <\/p>\n\n<ul class=\"wp-block-list\">\n<li>Hochmatt 2152 m <a href=\"https:\/\/sotl.as\/summits\/HB\/FR-010\" data-type=\"link\" data-id=\"https:\/\/sotl.as\/summits\/HB\/FR-010\">(HB\/FR-010<\/a>)\n<ul class=\"wp-block-list\">\n<li>800 m de d\u00e9nivel\u00e9, <mark style=\"background-color:rgba(0, 0, 0, 0);color:#cc0000\" class=\"has-inline-color\"><strong>T2<\/strong><\/mark><\/li>\n\n\n\n<li>sentier de randonn\u00e9e balis\u00e9<\/li>\n<\/ul>\n<\/li>\n\n\n\n<li>Dent de Combette 2082 m <a href=\"https:\/\/sotl.as\/summits\/HB\/VD-046\">(HB\/VD-046<\/a>)\n<ul class=\"wp-block-list\">\n<li>750 m de d\u00e9nivel\u00e9, <mark style=\"background-color:rgba(0, 0, 0, 0);color:#cc0000\" class=\"has-inline-color\"><strong>T3+<\/strong><\/mark><\/li>\n\n\n\n<li>sentier de randonn\u00e9e balis\u00e9, derni\u00e8rement blanc-bleu-blanc<\/li>\n<\/ul>\n<\/li>\n\n\n\n<li>Dent de Brenleire 2354 m <a href=\"https:\/\/sotl.as\/summits\/HB\/FR-003\">(HB\/FR-003<\/a>)\n<ul class=\"wp-block-list\">\n<li>1000 m de d\u00e9nivel\u00e9, <mark style=\"background-color:rgba(0, 0, 0, 0);color:#0033cc\" class=\"has-inline-color\"><strong>T4<\/strong><\/mark><\/li>\n\n\n\n<li>chemin non officiel mais bien trac\u00e9 par l&rsquo;ar\u00eate SE, sans probl\u00e8me si les conditions sont s\u00e8ches<\/li>\n<\/ul>\n<\/li>\n\n\n\n<li>Dent de Savigny 2252 m <a href=\"https:\/\/sotl.as\/summits\/HB\/FR-004\">(HB\/FR-004<\/a>)\n<ul class=\"wp-block-list\">\n<li>900 hm, <mark style=\"background-color:rgba(0, 0, 0, 0);color:#0033cc\" class=\"has-inline-color\"><strong>T4+ I<\/strong><\/mark><\/li>\n\n\n\n<li>Chemin non officiel par le flanc raide NW, par la porte de Savigny et finalement par le flanc SE jusqu&rsquo;au sommet<\/li>\n<\/ul>\n<\/li>\n\n\n\n<li>Dent de Folli\u00e9ran 2340 m <a href=\"https:\/\/sotl.as\/summits\/HB\/FR-041\">(HB\/FR-041<\/a>)\n<ul class=\"wp-block-list\">\n<li>1000 hm, <mark style=\"background-color:rgba(0, 0, 0, 0);color:#0033cc\" class=\"has-inline-color\"><strong>T5-<\/strong><\/mark><\/li>\n\n\n\n<li>Via Morteys du Folli\u00e9ran et ar\u00eate SE : herbe raide jusqu&rsquo;\u00e0 pr\u00e8s de 45\u00b0, mais tr\u00e8s bien \u00e9tag\u00e9e et peu expos\u00e9e<\/li>\n<\/ul>\n<\/li>\n\n\n\n<li>Vanil Noir 2389 m <a href=\"https:\/\/sotl.as\/summits\/HB\/FR-001\">(HB\/FR-001<\/a>)\n<ul class=\"wp-block-list\">\n<li>1000 hm, <mark style=\"background-color:rgba(0, 0, 0, 0);color:#0033cc\" class=\"has-inline-color\"><strong>T5<\/strong><\/mark> (pour l&rsquo;acc\u00e8s depuis Gros Mont ; depuis Les Baudes, ce serait plus facile ou T4)<\/li>\n\n\n\n<li>sentier balis\u00e9 blanc-bleu-blanc, en partie avec des cha\u00eenes<\/li>\n\n\n\n<li>Passage cl\u00e9 \u00ab\u00a0Pas de la Bori\u00e8re<\/li>\n<\/ul>\n<\/li>\n<\/ul>\n","protected":false},"excerpt":{"rendered":"<p>Le point de d\u00e9part \u00ab\u00a0Gros Mont\u00a0\u00bb \u00e0 1365 m peut \u00eatre atteint en VP ou en Bus Alpin par une route \u00e9troite mais asphalt\u00e9e depuis Charmey. Un nombre limit\u00e9 de places de parking est disponible &#8211; mieux vaut arriver assez &hellip;<\/p>\n<p class=\"read-more\"> <a class=\"more-link\" href=\"https:\/\/hb9sota.ch\/fr\/randonnee-dete-2025-ouest\/\"> <span class=\"screen-reader-text\">Randonn\u00e9e d&rsquo;\u00e9t\u00e9 2025 (Ouest)<\/span> Read More &raquo;<\/a><\/p>\n","protected":false},"author":1,"featured_media":0,"parent":0,"menu_order":0,"comment_status":"closed","ping_status":"closed","template":"","meta":{"publish_to_discourse":"","publish_post_category":"","wpdc_auto_publish_overridden":"","wpdc_topic_tags":"","wpdc_pin_topic":"","wpdc_pin_until":"","discourse_post_id":"","discourse_permalink":"","wpdc_publishing_response":"","wpdc_publishing_error":"","footnotes":""},"class_list":["post-10405","page","type-page","status-publish","hentry"],"_links":{"self":[{"href":"https:\/\/hb9sota.ch\/fr\/wp-json\/wp\/v2\/pages\/10405","targetHints":{"allow":["GET"]}}],"collection":[{"href":"https:\/\/hb9sota.ch\/fr\/wp-json\/wp\/v2\/pages"}],"about":[{"href":"https:\/\/hb9sota.ch\/fr\/wp-json\/wp\/v2\/types\/page"}],"author":[{"embeddable":true,"href":"https:\/\/hb9sota.ch\/fr\/wp-json\/wp\/v2\/users\/1"}],"replies":[{"embeddable":true,"href":"https:\/\/hb9sota.ch\/fr\/wp-json\/wp\/v2\/comments?post=10405"}],"version-history":[{"count":5,"href":"https:\/\/hb9sota.ch\/fr\/wp-json\/wp\/v2\/pages\/10405\/revisions"}],"predecessor-version":[{"id":11023,"href":"https:\/\/hb9sota.ch\/fr\/wp-json\/wp\/v2\/pages\/10405\/revisions\/11023"}],"wp:attachment":[{"href":"https:\/\/hb9sota.ch\/fr\/wp-json\/wp\/v2\/media?parent=10405"}],"curies":[{"name":"wp","href":"https:\/\/api.w.org\/{rel}","templated":true}]}}