{"id":10390,"date":"2025-03-07T19:33:27","date_gmt":"2025-03-07T18:33:27","guid":{"rendered":"https:\/\/hb9sota.ch\/?page_id=10390"},"modified":"2025-04-14T14:29:49","modified_gmt":"2025-04-14T12:29:49","slug":"sommerwanderung-2025-ost","status":"publish","type":"page","link":"https:\/\/hb9sota.ch\/fr\/sommerwanderung-2025-ost\/","title":{"rendered":"Sommerwanderung 2025 (Ost)"},"content":{"rendered":"\n<p>Das Gebiet um den Oberalppass bietet mehrere sch\u00f6ne SOTA-Gipfel mit unterschiedlich langen Aufstiegen \u2013 von einfachen, markierten bis zu weglosen und recht anspruchsvollen. F\u00fcr die Gipfel s\u00fcdlich des Passes (Cavradi, Badus, Purtgera, Nair) kann als Alternative zum Zugang vom Pass aus auch in der Kurve bei P.1831 (Surpalits) gestartet werden, wo es einige Parkpl\u00e4tze gibt. Von dort bis zur Maighelsh\u00fctte bietet sich dann ein (e-)MTB an (Schotterstrasse, Fahrverbot f\u00fcr PW).<\/p>\n\n\n\n<ul class=\"wp-block-list\">\n<li>Calmut 2310 m (<a href=\"https:\/\/sotl.as\/summits\/HB\/GR-292\">HB\/GR-292<\/a>)\n<ul class=\"wp-block-list\">\n<li>270 hm, <mark style=\"background-color:rgba(0, 0, 0, 0);color:#cc0000\" class=\"has-inline-color\"><strong>T2<\/strong><\/mark><\/li>\n\n\n\n<li>markierter Wanderweg<\/li>\n<\/ul>\n<\/li>\n\n\n\n<li>Piz Cavradi 2614 m (<a href=\"https:\/\/sotl.as\/summits\/HB\/GR-278\">HB\/GR-278<\/a>)\n<ul class=\"wp-block-list\">\n<li>650 hm, <mark style=\"background-color:rgba(0, 0, 0, 0);color:#cc0000\" class=\"has-inline-color\"><strong>T3<\/strong><\/mark><\/li>\n\n\n\n<li>markierter Wanderweg<\/li>\n<\/ul>\n<\/li>\n\n\n\n<li>Badus\/Six Madun 2928 m (<a href=\"https:\/\/sotl.as\/summits\/HB\/UR-042\">HB\/UR-042<\/a>)\n<ul class=\"wp-block-list\">\n<li>1100 hm, <mark style=\"background-color:rgba(0, 0, 0, 0);color:#0033cc\" class=\"has-inline-color\"><strong>T4<\/strong><\/mark><\/li>\n\n\n\n<li>ab Tomasee bzw. Maighelsh\u00fctte weglos<\/li>\n<\/ul>\n<\/li>\n\n\n\n<li>Piz Purtgera\/Porggeren Stock 2754 m (<a href=\"https:\/\/sotl.as\/summits\/HB\/UR-050\">HB\/UR-050<\/a>)\n<ul class=\"wp-block-list\">\n<li>1000 hm, <mark style=\"background-color:rgba(0, 0, 0, 0);color:#0033cc\" class=\"has-inline-color\"><strong>T4<\/strong><\/mark><\/li>\n\n\n\n<li>Wegspur von der Porggerenl\u00fccke, oder via S\u00fcdgrat<\/li>\n<\/ul>\n<\/li>\n\n\n\n<li>Piz Nair\/Schwarzberg 2764 m (<a href=\"https:\/\/sotl.as\/summits\/HB\/UR-048\">HB\/UR-048<\/a>)\n<ul class=\"wp-block-list\">\n<li>1000 hm, <mark style=\"background-color:rgba(0, 0, 0, 0);color:#0033cc\" class=\"has-inline-color\"><strong>T4+<\/strong><\/mark><\/li>\n\n\n\n<li>bis n\u00f6rdl. Vorgipfel in Aktivierungszone; \u00dcbergang zum Hauptgipfel T5 II<\/li>\n<\/ul>\n<\/li>\n\n\n\n<li>Brunnenstock\/Schijenstock 2888 m (<a href=\"https:\/\/sotl.as\/summits\/HB\/UR-044\">HB\/UR-044<\/a>)\n<ul class=\"wp-block-list\">\n<li>1000 hm, <mark style=\"background-color:rgba(0, 0, 0, 0);color:#0033cc\" class=\"has-inline-color\"><strong>T5 I<\/strong><\/mark><\/li>\n\n\n\n<li>bis N-Gipfel in Aktivierungszone; \u00dcbergang zum Hauptgipfel III<\/li>\n<\/ul>\n<\/li>\n<\/ul>\n\n\n\n<p><\/p>\n","protected":false},"excerpt":{"rendered":"<p>Das Gebiet um den Oberalppass bietet mehrere sch\u00f6ne SOTA-Gipfel mit unterschiedlich langen Aufstiegen \u2013 von einfachen, markierten bis zu weglosen und recht anspruchsvollen. F\u00fcr die Gipfel s\u00fcdlich des Passes (Cavradi, Badus, Purtgera, Nair) kann als Alternative zum Zugang vom Pass &hellip;<\/p>\n<p class=\"read-more\"> <a class=\"more-link\" href=\"https:\/\/hb9sota.ch\/fr\/sommerwanderung-2025-ost\/\"> <span class=\"screen-reader-text\">Sommerwanderung 2025 (Ost)<\/span> Read More &raquo;<\/a><\/p>\n","protected":false},"author":1,"featured_media":0,"parent":0,"menu_order":0,"comment_status":"closed","ping_status":"closed","template":"","meta":{"publish_to_discourse":"","publish_post_category":"","wpdc_auto_publish_overridden":"","wpdc_topic_tags":"","wpdc_pin_topic":"","wpdc_pin_until":"","discourse_post_id":"","discourse_permalink":"","wpdc_publishing_response":"","wpdc_publishing_error":"","footnotes":""},"class_list":["post-10390","page","type-page","status-publish","hentry"],"_links":{"self":[{"href":"https:\/\/hb9sota.ch\/fr\/wp-json\/wp\/v2\/pages\/10390","targetHints":{"allow":["GET"]}}],"collection":[{"href":"https:\/\/hb9sota.ch\/fr\/wp-json\/wp\/v2\/pages"}],"about":[{"href":"https:\/\/hb9sota.ch\/fr\/wp-json\/wp\/v2\/types\/page"}],"author":[{"embeddable":true,"href":"https:\/\/hb9sota.ch\/fr\/wp-json\/wp\/v2\/users\/1"}],"replies":[{"embeddable":true,"href":"https:\/\/hb9sota.ch\/fr\/wp-json\/wp\/v2\/comments?post=10390"}],"version-history":[{"count":9,"href":"https:\/\/hb9sota.ch\/fr\/wp-json\/wp\/v2\/pages\/10390\/revisions"}],"predecessor-version":[{"id":10455,"href":"https:\/\/hb9sota.ch\/fr\/wp-json\/wp\/v2\/pages\/10390\/revisions\/10455"}],"wp:attachment":[{"href":"https:\/\/hb9sota.ch\/fr\/wp-json\/wp\/v2\/media?parent=10390"}],"curies":[{"name":"wp","href":"https:\/\/api.w.org\/{rel}","templated":true}]}}