{"id":10290,"date":"2023-03-22T15:54:22","date_gmt":"2023-03-22T14:54:22","guid":{"rendered":"https:\/\/hb9sota.ch\/reglement-des-diplomes-alpine-summits\/"},"modified":"2025-01-06T19:12:17","modified_gmt":"2025-01-06T18:12:17","slug":"reglement-des-diplomes-alpine-summits","status":"publish","type":"page","link":"https:\/\/hb9sota.ch\/fr\/reglement-des-diplomes-alpine-summits\/","title":{"rendered":"R\u00e8glement des dipl\u00f4mes Alpine Summits"},"content":{"rendered":"\n<h2 class=\"wp-block-heading\">Introduction<\/h2>\n\n<p>Les dipl\u00f4mes du groupe SOTA Suisse d\u00e9crits dans ce document ont \u00e9t\u00e9 con\u00e7us pour r\u00e9compenser les activations et les connexions sur les montagnes suisses.<\/p>\n\n<p>Les dipl\u00f4mes suivants peuvent \u00eatre \u00e9labor\u00e9s :<\/p>\n\n<ul class=\"wp-block-list\">\n<li>Dipl\u00f4me d&rsquo;activateur<\/li>\n\n\n\n<li>Dipl\u00f4me de chasseur<\/li>\n<\/ul>\n\n<p>Les dipl\u00f4mes sont ouverts \u00e0 tous les radioamateurs et SWL, mais les SWL ne peuvent obtenir que le dipl\u00f4me de chaser.<\/p>\n\n<h2 class=\"wp-block-heading\">Niveaux de dipl\u00f4me<\/h2>\n\n<p>Les deux dipl\u00f4mes sont divis\u00e9s en trois niveaux suivants :<\/p>\n\n<figure class=\"wp-block-table is-style-regular\"><table><tbody><tr><td><strong>Rose des Alpes<\/strong><\/td><td>20 sommets diff\u00e9rents entre 2000 et 2999 m\u00e8tres d&rsquo;altitude M.<\/td><\/tr><tr><td><strong>Gentiane<\/strong><\/td><td>10 sommets diff\u00e9rents entre 3000 et 3999 m\u00e8tres d&rsquo;altitude M.<\/td><\/tr><tr><td><strong>Edelweiss<\/strong><\/td><td>1 sommet \u00e0 partir de 4000 m d&rsquo;altitude M.<\/td><\/tr><\/tbody><\/table><\/figure>\n\n<p>Les dipl\u00f4mes doivent \u00eatre pass\u00e9s dans l&rsquo;ordre, ce qui signifie qu&rsquo;il faut finalement 31 sommets pour obtenir le dipl\u00f4me Edelweiss.<\/p>\n\n<h2 class=\"wp-block-heading\">D\u00e9but du programme<\/h2>\n\n<figure class=\"wp-block-table\"><table><tbody><tr><td>Dipl\u00f4me d&rsquo;activateur<\/td><td>13 mai 2023<\/td><\/tr><tr><td>Dipl\u00f4me de chaser<\/td><td>13 mai 2023<\/td><\/tr><\/tbody><\/table><\/figure>\n\n<h2 class=\"wp-block-heading\">Bases<\/h2>\n\n<p>Les r\u00e8gles g\u00e9n\u00e9rales du programme SOTA UK s&rsquo;appliquent.<\/p>\n\n<h2 class=\"wp-block-heading\">Demande de dipl\u00f4me<\/h2>\n\n<p>La demande de dipl\u00f4me peut se faire directement sur le site du groupe SOTA Suisse.<\/p>\n\n<h2 class=\"wp-block-heading\">Droit au dipl\u00f4me<\/h2>\n\n<p>Seuls les logs dans la base de donn\u00e9es SOTA sont valables pour l&rsquo;obtention du dipl\u00f4me. Il n&rsquo;est <strong>PAS<\/strong> n\u00e9cessaire d&rsquo;envoyer des cartes QSL.<\/p>\n\n<h2 class=\"wp-block-heading\">Co\u00fbt<\/h2>\n\n<p>Pour les membres du groupe SOTA Suisse, les dipl\u00f4mes sont gratuits.<\/p>\n\n<p>Les non-membres re\u00e7oivent les dipl\u00f4mes pour une participation aux frais de <strong>10 CHF<\/strong> chacun. Celui-ci doit \u00eatre vers\u00e9 spontan\u00e9ment sur le compte du groupe SOTA Suisse comme suit apr\u00e8s la demande d&rsquo;un dipl\u00f4me :<\/p>\n\n<p>IBAN : CH51 0900 0000 8508 5150 9<\/p>\n\n<p>Compte postal : 85-85150-9<\/p>\n\n<h2 class=\"wp-block-heading\">Edition du dipl\u00f4me<\/h2>\n\n<p>Apr\u00e8s r\u00e9ception de la contribution aux frais, le dipl\u00f4me respectif est envoy\u00e9 sous forme \u00e9lectronique en PDF via e-mail au demandeur.<\/p>\n\n<p><\/p>\n\n<div class=\"wp-block-columns is-layout-flex wp-container-core-columns-is-layout-9d6595d7 wp-block-columns-is-layout-flex\">\n<div class=\"wp-block-column is-layout-flow wp-block-column-is-layout-flow\">\n<p>Pr\u00e9sident HB9SOTA<\/p>\n\n\n\n<p>Jens Nolte <em>HB9EKO<\/em><\/p>\n<\/div>\n\n\n\n<div class=\"wp-block-column is-layout-flow wp-block-column-is-layout-flow\">\n<p>Responsable de dipl\u00f4me HB9SOTA<\/p>\n\n\n\n<p>Jean-Pierre Theiler<em> HB9HBV<\/em><\/p>\n<\/div>\n<\/div>\n\n<p><\/p>\n","protected":false},"excerpt":{"rendered":"<p>Introduction Les dipl\u00f4mes du groupe SOTA Suisse d\u00e9crits dans ce document ont \u00e9t\u00e9 con\u00e7us pour r\u00e9compenser les activations et les connexions sur les montagnes suisses. Les dipl\u00f4mes suivants peuvent \u00eatre \u00e9labor\u00e9s : Les dipl\u00f4mes sont ouverts \u00e0 tous les radioamateurs &hellip;<\/p>\n<p class=\"read-more\"> <a class=\"more-link\" href=\"https:\/\/hb9sota.ch\/fr\/reglement-des-diplomes-alpine-summits\/\"> <span class=\"screen-reader-text\">R\u00e8glement des dipl\u00f4mes Alpine Summits<\/span> Read More &raquo;<\/a><\/p>\n","protected":false},"author":1,"featured_media":0,"parent":0,"menu_order":0,"comment_status":"closed","ping_status":"closed","template":"","meta":{"publish_to_discourse":"","publish_post_category":"","wpdc_auto_publish_overridden":"","wpdc_topic_tags":"","wpdc_pin_topic":"","wpdc_pin_until":"","discourse_post_id":"","discourse_permalink":"","wpdc_publishing_response":"","wpdc_publishing_error":"","footnotes":""},"class_list":["post-10290","page","type-page","status-publish","hentry"],"_links":{"self":[{"href":"https:\/\/hb9sota.ch\/fr\/wp-json\/wp\/v2\/pages\/10290","targetHints":{"allow":["GET"]}}],"collection":[{"href":"https:\/\/hb9sota.ch\/fr\/wp-json\/wp\/v2\/pages"}],"about":[{"href":"https:\/\/hb9sota.ch\/fr\/wp-json\/wp\/v2\/types\/page"}],"author":[{"embeddable":true,"href":"https:\/\/hb9sota.ch\/fr\/wp-json\/wp\/v2\/users\/1"}],"replies":[{"embeddable":true,"href":"https:\/\/hb9sota.ch\/fr\/wp-json\/wp\/v2\/comments?post=10290"}],"version-history":[{"count":1,"href":"https:\/\/hb9sota.ch\/fr\/wp-json\/wp\/v2\/pages\/10290\/revisions"}],"predecessor-version":[{"id":10291,"href":"https:\/\/hb9sota.ch\/fr\/wp-json\/wp\/v2\/pages\/10290\/revisions\/10291"}],"wp:attachment":[{"href":"https:\/\/hb9sota.ch\/fr\/wp-json\/wp\/v2\/media?parent=10290"}],"curies":[{"name":"wp","href":"https:\/\/api.w.org\/{rel}","templated":true}]}}