{"id":10287,"date":"2024-09-26T15:47:33","date_gmt":"2024-09-26T13:47:33","guid":{"rendered":"https:\/\/hb9sota.ch\/regles-pour-le-diplome-danniversaire-hb20sota\/"},"modified":"2025-01-16T13:09:56","modified_gmt":"2025-01-16T12:09:56","slug":"regles-pour-le-diplome-danniversaire-hb20sota","status":"publish","type":"page","link":"https:\/\/hb9sota.ch\/fr\/regles-pour-le-diplome-danniversaire-hb20sota\/","title":{"rendered":"R\u00e8gles pour le dipl\u00f4me d&rsquo;anniversaire HB20SOTA"},"content":{"rendered":"\n<h2 class=\"wp-block-heading\">1. But<\/h2>\n\n<p>Le dipl\u00f4me anniversaire HB20SOTA sera d\u00e9cern\u00e9 \u00e0 l&rsquo;occasion des 20 ans d&rsquo;existence de HB9SOTA en 2025. Il s&rsquo;adresse aux radioamateurs (chasers) et aux chasseurs de summit-to-summit (S2S).<\/p>\n\n<h2 class=\"wp-block-heading\">2. Bases<\/h2>\n\n<p>En plus de ce r\u00e8glement, les <a href=\"https:\/\/www.sota.org.uk\/Joining-In\/General-Rules\" target=\"_blank\" rel=\"noreferrer noopener\">r\u00e8gles g\u00e9n\u00e9rales du programme SOTA UK<\/a> s&rsquo;appliquent. <\/p>\n\n<h2 class=\"wp-block-heading\">3. Dur\u00e9e<\/h2>\n\n<p>Le dipl\u00f4me d&rsquo;anniversaire est valable du 1er janvier 2025 au 31 d\u00e9cembre 2025.<\/p>\n\n<h2 class=\"wp-block-heading\">4. Niveaux de dipl\u00f4me<\/h2>\n\n<p>Le dipl\u00f4me anniversaire est d\u00e9cern\u00e9 \u00e0 tous les participants qui ont <strong>enregistr\u00e9 l&rsquo;indicatif HB20SOTA au moins 20 fois<\/strong> dans leur journal de bord.<\/p>\n\n<h2 class=\"wp-block-heading\">5. QSOs de dipl\u00f4me<\/h2>\n\n<p>Pour le dipl\u00f4me anniversaire, les contacts qui ont \u00e9t\u00e9 \u00e9tablies pendant la dur\u00e9e du dipl\u00f4me avec des activateurs qui utilisent l&rsquo;indicatif HB20SOTA d&rsquo;une montagne avec une r\u00e9f\u00e9rence SOTA valide comptent. <\/p>\n\n<p>Les contacts entre un activateur sur une montagne avec une r\u00e9f\u00e9rence SOTA valide et un deuxi\u00e8me activateur (Summit-to-Summit, S2S) sont \u00e9galement comptabilis\u00e9es. Les QSO d&rsquo;une station \u00e9trang\u00e8re avec un activateur suisse sont \u00e9galement reconnus, mais l&rsquo;indicatif HB20SOTA ne peut \u00eatre utilis\u00e9 qu&rsquo;en Suisse.<\/p>\n\n<h2 class=\"wp-block-heading\">6. Autorisation<\/h2>\n\n<p>Pour valider le dipl\u00f4me, seuls les QSO t\u00e9l\u00e9charg\u00e9s dans la base de donn\u00e9es SOTA seront pris en compte.<\/p>\n\n<h2 class=\"wp-block-heading\">7. Demande<\/h2>\n\n<p>Le dipl\u00f4me d&rsquo;anniversaire peut \u00eatre demand\u00e9 directement sur le site du groupe SOTA Suisse.<\/p>\n\n<h2 class=\"wp-block-heading\">8. Envoi <\/h2>\n\n<p>Le dipl\u00f4me est envoy\u00e9 au demandeur par e-mail sous la forme d&rsquo;une image num\u00e9rique.<\/p>\n\n<h2 class=\"wp-block-heading\">9. Frais<\/h2>\n\n<p>Le dipl\u00f4me d&rsquo;anniversaire est gratuit pour tous les radioamateurs qui remplissent les conditions requises.<\/p>\n\n<h2 class=\"wp-block-heading\">10. Entr\u00e9e en vigueur <\/h2>\n\n<p>Ce r\u00e8glement entre en vigueur le 1er janvier 2025.<\/p>\n\n<p>Jens Nolte, pr\u00e9sident HB9SOTA <\/p>\n\n<p>Jean-Pierre Theiler, dipl\u00f4m\u00e9 et call sign manager HB9SOTA<\/p>\n","protected":false},"excerpt":{"rendered":"<p>1. But Le dipl\u00f4me anniversaire HB20SOTA sera d\u00e9cern\u00e9 \u00e0 l&rsquo;occasion des 20 ans d&rsquo;existence de HB9SOTA en 2025. Il s&rsquo;adresse aux radioamateurs (chasers) et aux chasseurs de summit-to-summit (S2S). 2. Bases En plus de ce r\u00e8glement, les r\u00e8gles g\u00e9n\u00e9rales du &hellip;<\/p>\n<p class=\"read-more\"> <a class=\"more-link\" href=\"https:\/\/hb9sota.ch\/fr\/regles-pour-le-diplome-danniversaire-hb20sota\/\"> <span class=\"screen-reader-text\">R\u00e8gles pour le dipl\u00f4me d&rsquo;anniversaire HB20SOTA<\/span> Read More &raquo;<\/a><\/p>\n","protected":false},"author":178,"featured_media":0,"parent":0,"menu_order":0,"comment_status":"closed","ping_status":"closed","template":"","meta":{"publish_to_discourse":"","publish_post_category":"","wpdc_auto_publish_overridden":"","wpdc_topic_tags":"","wpdc_pin_topic":"","wpdc_pin_until":"","discourse_post_id":"","discourse_permalink":"","wpdc_publishing_response":"","wpdc_publishing_error":"","footnotes":""},"class_list":["post-10287","page","type-page","status-publish","hentry"],"_links":{"self":[{"href":"https:\/\/hb9sota.ch\/fr\/wp-json\/wp\/v2\/pages\/10287","targetHints":{"allow":["GET"]}}],"collection":[{"href":"https:\/\/hb9sota.ch\/fr\/wp-json\/wp\/v2\/pages"}],"about":[{"href":"https:\/\/hb9sota.ch\/fr\/wp-json\/wp\/v2\/types\/page"}],"author":[{"embeddable":true,"href":"https:\/\/hb9sota.ch\/fr\/wp-json\/wp\/v2\/users\/178"}],"replies":[{"embeddable":true,"href":"https:\/\/hb9sota.ch\/fr\/wp-json\/wp\/v2\/comments?post=10287"}],"version-history":[{"count":2,"href":"https:\/\/hb9sota.ch\/fr\/wp-json\/wp\/v2\/pages\/10287\/revisions"}],"predecessor-version":[{"id":10346,"href":"https:\/\/hb9sota.ch\/fr\/wp-json\/wp\/v2\/pages\/10287\/revisions\/10346"}],"wp:attachment":[{"href":"https:\/\/hb9sota.ch\/fr\/wp-json\/wp\/v2\/media?parent=10287"}],"curies":[{"name":"wp","href":"https:\/\/api.w.org\/{rel}","templated":true}]}}