{"id":10285,"date":"2014-10-29T18:45:50","date_gmt":"2014-10-29T17:45:50","guid":{"rendered":"https:\/\/hb9sota.ch\/randonnees-en-raquettes\/"},"modified":"2025-01-06T19:06:03","modified_gmt":"2025-01-06T18:06:03","slug":"randonnees-en-raquettes","status":"publish","type":"page","link":"https:\/\/hb9sota.ch\/fr\/randonnees-en-raquettes\/","title":{"rendered":"Randonn\u00e9es en raquettes"},"content":{"rendered":"\n<h1 class=\"wp-block-heading\">Tours de neige HB avec bonus d&rsquo;hiver<\/h1>\n\n<p>Du 1er d\u00e9cembre au 31 mars inclus, les montagnes SOTA suisses situ\u00e9es \u00e0 plus de 1500 m\u00e8tres d&rsquo;altitude b\u00e9n\u00e9ficient d&rsquo;un bonus hivernal qui rapporte 3 points suppl\u00e9mentaires par sommet. Voici une liste des sommets qui peuvent \u00eatre activ\u00e9s en raquettes \u00e0 neige en hiver si les conditions sont bonnes (attention \u00e0 la situation actuelle des avalanches !).<\/p>\n\n<p>Beaucoup d&rsquo;itin\u00e9raires se trouvent aussi dans les livres suivants :<\/p>\n\n<figure class=\"wp-block-table\"><table class=\"has-fixed-layout\"><tbody><tr><td>1) David Coulin: \u00ab\u00a0Das grosse<br\/>Schneeschuhtourenbuch der Schweiz\u00a0\u00bb<\/td><td>AT Verlag, 2011, ISBN 978 3-03800-483-7<\/td><\/tr><tr><td>2) David Coulin : \u00ab\u00a0Die sch\u00f6nsten H\u00fcttenziele im Winter\u00a0\u00bb (Un livre d&rsquo;id\u00e9es pour trouver des points de d\u00e9part pour des excursions SOTA)<\/td><td>AT Verlag, 2013, ISBN 978 3-03800-667-1<\/td><\/tr><tr><td>3) David Coulin : \u00ab\u00a0Randonn\u00e9es en raquettes : Sud des Grisons\u00a0\u00bb.<\/td><td>\u00c9ditions SAC, 2013, ISBN 978 3-85902-326-0<\/td><\/tr><tr><td>4) David Coulin : \u00ab\u00a0Randonn\u00e9es en raquettes \u00e0 neige : Nord des Grisons\u00a0\u00bb.<\/td><td>\u00c9ditions SAC, 2011, ISBN 978 3-85902-316-1<\/td><\/tr><tr><td>5) David Coulin : \u00ab\u00a0Randonn\u00e9es en raquettes \u00e0 neige : Suisse centrale\u00a0\u00bb.<\/td><td>\u00c9ditions SAC, 2011, ISBN 978 3-85902-348-2<\/td><\/tr><tr><td>6) David Coulin : \u00ab\u00a0Randonn\u00e9es en raquettes \u00e0 neige : Suisse romande\u00a0\u00bb.<\/td><td>\u00c9ditions SAC, 2014, ISBN 978 3-85902-377-2<\/td><\/tr><tr><td>7) David Coulin : \u00ab\u00a0Randonn\u00e9es en raquettes \u00e0 neige : Haut-Valais\u00a0\u00bb.<\/td><td>\u00c9ditions SAC, 2014, ISBN 978 3-85902-370-3<\/td><\/tr><tr><td>8) David Coulin : \u00ab\u00a0Randonn\u00e9es en raquettes \u00e0 neige : Suisse orientale\u00a0\u00bb.<\/td><td>\u00c9ditions SAC, 2014, ISBN 978 3-85902-386-4<\/td><\/tr><tr><td>9) P. Burnand, G. Chevalier et R. Houlmann :  <p>\u00ab\u00a0Routes en raquettes et \u00e0 ski : Jura (d&rsquo;Olten \u00e0 Gen\u00e8ve)\u00a0\u00bb<\/p>\n<\/td><td>\u00c9ditions SAC, 2011, ISBN 978 3-85902-350-5<\/td><\/tr><tr><td>10) R. Welti, \u00ab\u00a0Randonn\u00e9es en raquettes \u00e0 neige : Tessin\/Misox\u00a0\u00bb.<\/td><td>\u00c9ditions SAC, 2011, ISBN 978 3-85902-315-4<\/td><\/tr><tr><td>11) Didier Cassany, \u00ab\u00a0Cours en raquettes &lsquo;Bas-Valais&rsquo; \u00ab\u00a0.<\/td><td>Editions du CAS, 2009, ISBN 978-3-85902-285-0<\/td><\/tr><tr><td>12) \u00ab\u00a0Passeport-Raquettes, Guide des sentiers-raquettes en Suisse romande, \u00e9dition 2016\/17\u00a0\u00bb.<\/td><td>SwissSnowshoe, Bulle, 2016<\/td><\/tr><\/tbody><\/table><\/figure>\n\n<h3 class=\"wp-block-heading\">Liste des randonn\u00e9es en raquettes<\/h3>\n\n<h6 class=\"wp-block-heading\"><span style=\"color: #ff0000;\">Important : aucune garantie quant \u00e0 l&rsquo;exactitude des informations. HB9SOTA n&rsquo;est en aucun cas responsable des dommages directs ou indirects r\u00e9sultant de l&rsquo;utilisation des informations de ce site. <br\/><\/span><\/h6>\n\n<figure class=\"wp-block-table\"><table class=\"has-fixed-layout\"><tbody><tr><td><strong>REF<\/strong><\/td><td><strong>Nom<\/strong><\/td><td><strong>Hauteur (m) \/ <\/strong><strong>Degr\u00e9<\/strong><\/td><td><strong>Remarques<\/strong><\/td><td><strong>Descriptions<\/strong><\/td><\/tr><tr><td>HB\/AI-008<\/td><td>F\u00e4nerenspitz<\/td><td>1506 \/ WT1<\/td><td>L&rsquo;acc\u00e8s le plus facile se fait depuis le restaurant Eggli (et le service public d&rsquo;Appenzell t&rsquo;y conduira). Sentier de neige bien balis\u00e9. <\/td><td>8), Tour 46<\/td><\/tr><tr><td>HB\/AR-008<\/td><td>Haute Alpe<\/td><td>1529 \/ WT3<\/td><td>WT3 \u00e0 partir de Schw\u00e4galp ; WT1 \u00e0 partir d&rsquo;Egg<\/td><td><a title=\"Haute Alpe\" href=\"http:\/\/sota.hb9tvk.org\/?p=76\" target=\"_blank\" rel=\"noopener noreferrer\">http:\/\/sota.hb9tvk.org\/?p=76<\/a>\n<p>8), Tour 43<\/p>\n<\/td><\/tr><tr><td>HB\/BE-089<\/td><td>Elsighorn \/ Elsignore<\/td><td>2341 \/ WT2<\/td><td>Pour les skieurs : il y a un t\u00e9l\u00e9ski presque dans la zone d&rsquo;activation.<\/td><td>\u00a0<\/td><\/tr><tr><td>HB\/BE-095<\/td><td>Rothorn<\/td><td>2276 \/ WT3<\/td><td>Uniquement dans de bonnes conditions ; le sentier passe par plusieurs pentes abruptes.<\/td><td>Voir 6), Tour 62<\/td><\/tr><tr><td>HB\/BE-104<\/td><td>Chasseral<\/td><td>1606 \/ WT2<\/td><td>2 variantes de chemin, une de mes randonn\u00e9es pr\u00e9f\u00e9r\u00e9es dans la neige (HB9BIN)<\/td><td>9), Tour 4<\/td><\/tr><tr><td>HB\/BE-116<\/td><td>Grind du b\u00e9lier<\/td><td>2104 \/ WT3<\/td><td>\u00a0<\/td><td>Voir 6), tour 57<\/td><\/tr><tr><td>HB\/BE-117<\/td><td>Gymnastique<\/td><td>2079 \/ WT3+<\/td><td>\u00a0<\/td><td>6), Tour 73<\/td><\/tr><tr><td>HB\/BE-118<\/td><td>Niderhorn \/ Niderhore<\/td><td>2078 \/ WT3<\/td><td>Une belle balade, mais fatigante<\/td><td><a href=\"https:\/\/hb9sota.ch\/wp-content\/uploads\/2013\/12\/Obergestelhuette_report_BE-118_BE-149.pdf\">Obergestelhuette_report_BE-118_BE-149<\/a>, voir 6), tour 71<\/td><\/tr><tr><td>HB\/BE-120<\/td><td>B\u00fcrgle<\/td><td>2165 \/ WT3<\/td><td>D\u00e9part de la cabane du Gantrisch<\/td><td>Voir 6), Tour 58<\/td><\/tr><tr><td>HB\/BE-121<\/td><td>Hundsr\u00fcgg<\/td><td>2047 \/ WT2<\/td><td>\u00ab\u00a0Pour les d\u00e9butant(e)s, une excursion de tous les superlatifs&#8230;\u00a0\u00bb<\/td><td>6), Tour 44<\/td><\/tr><tr><td>HB\/BE-122<\/td><td>B\u00e4derhorn<\/td><td>2009 \/ WT3<\/td><td>Selon les conditions de neige, les 60 derniers m\u00e8tres verticaux peuvent \u00eatre tr\u00e8s difficiles (WT3 &#8211; WT4).<\/td><td>Voir 6), Tour 45<\/td><\/tr><tr><td>HB\/BE-138<\/td><td>Stand du champ de ch\u00e2teau<\/td><td>2063 \/ WT2<\/td><td>Randonn\u00e9e facile et pas trop raide gr\u00e2ce au t\u00e9l\u00e9ph\u00e9rique, mais ne marche pas trop pr\u00e8s de la cr\u00eate.<\/td><td><a title=\"Stand du champ de ch&#xE2;teau\" href=\"http:\/\/sota.hb9tvk.org\/?p=656\" target=\"_blank\" rel=\"noopener noreferrer\">http:\/\/sota.hb9tvk.org\/?p=656<\/a><\/td><\/tr><tr><td>HB\/BE-139<\/td><td>Le Rothorn de Sigriswil<\/td><td>2051 \/ WT4<\/td><td>\u00a0<\/td><td>6), Tour 113<\/td><\/tr><tr><td>HB\/BE-141<\/td><td>Lasenberg<\/td><td>2019 \/ WT3<\/td><td>\u00a0<\/td><td>\u00a0<\/td><\/tr><tr><td>HB\/BE-145<\/td><td>Ar\u00eate de neige<\/td><td>1960 \/ WT3<\/td><td>\u00a0<\/td><td>6), Tour 43<\/td><\/tr><tr><td>HB\/BE-148<\/td><td>Cheibehorn<\/td><td>1952 \/ WT3-<\/td><td>Depuis Erlenbach (tr\u00e8s long chemin), ou depuis Chrindi (station interm\u00e9diaire du t\u00e9l\u00e9ph\u00e9rique d&rsquo;Erlenbach &#8211; Stockhorn) (beaucoup plus court)<\/td><td>6), Tour 75<\/td><\/tr><tr><td>HB\/BE-149<\/td><td>Meniggrat<\/td><td>1949 \/ WT3<\/td><td>Zwischenfl\u00fch &#8211; Meniggrund<\/td><td><a href=\"https:\/\/hb9sota.ch\/wp-content\/uploads\/2013\/12\/Obergestelhuette_report_BE-118_BE-149.pdf\">Obergestelhuette_report_BE-118_BE-149<\/a>\n<p>, voir 6), Tour 72<\/p>\n<\/td><\/tr><tr><td>HB\/BE-151<\/td><td>Selib\u00fcel<\/td><td>1949 \/ WT2<\/td><td>D\u00e9part de la Stiereh\u00fctte pr\u00e8s du Gurnigel<\/td><td>\u00a0<\/td><\/tr><tr><td>HB\/BE-153<\/td><td>Honegg<\/td><td>1546 \/ WT2<\/td><td>Tour facile \u00e0 travers la for\u00eat<\/td><td>\u00a0<\/td><\/tr><tr><td>HB\/FR-015<\/td><td>Schopfenspitz<\/td><td>2104 \/ WT4<\/td><td>\u00a0<\/td><td>6), Tour 51<\/td><\/tr><tr><td>HB\/FR-027<\/td><td>Hohmattli<\/td><td>1794 \/ WT2<\/td><td>\u00a0<\/td><td>6), Tour 56<\/td><\/tr><tr><td>HB\/FR-028<\/td><td>La Berra<\/td><td>1719 \/ WT1<\/td><td>Remont\u00e9e \u00e0 ski jusqu&rsquo;\u00e0 proximit\u00e9 du sommet, navette de la poste de La Roche jusqu&rsquo;\u00e0 la station de ski en saison d&rsquo;hiver<\/td><td>Voir 6), tour 54 ; voir 12), page 42, tour 2<\/td><\/tr><tr><td>HB\/FR-030<\/td><td>Grand Schwyberg<\/td><td>1645 \/ WT2-3<\/td><td>Depuis Zollhaus : quand il y a beaucoup de (nouvelle) neige, attention aux 50 derniers m\u00e8tres de d\u00e9nivel\u00e9. Depuis Schwarzsee Bad, WT2. <\/td><td>Voir 6), tour 55 ; voir 12), page 52, tour 2<\/td><\/tr><tr><td>HB\/FR-033<\/td><td>Niremont<\/td><td>1514 \/ WT2<\/td><td>\u00a0<\/td><td> <a href=\"https:\/\/hb9sota.ch\/wp-content\/uploads\/2013\/12\/FR-033-Niremont-report.pdf\">FR-033 Niremont rapport<\/a><\/td><\/tr><tr><td>HB\/GL-022<\/td><td>Blistock<\/td><td>2448 \/ WT3-4<\/td><td>\u00a0<\/td><td>8), Tour 17<\/td><\/tr><tr><td>HB\/GL-029<\/td><td>Rautispitz<\/td><td>2283 \/ WT3-4<\/td><td>\u00a0<\/td><td>Voir 8), Tour 11<\/td><\/tr><tr><td>HB\/GR-102<\/td><td>L\u00fcschgrat<\/td><td>2178 \/ WT2<\/td><td>Les deux GR-102\/103 possibles en une journ\u00e9e<\/td><td><a href=\"https:\/\/hb9sota.ch\/wp-content\/uploads\/2013\/12\/GR-102-103.pdf\">GR-102-103<\/a> report, voir 4), tour 22<\/td><\/tr><tr><td>HB\/GR-103<\/td><td>Tguma<\/td><td>2163 \/ WT2<\/td><td>Les deux GR-102\/103 possibles en une journ\u00e9e<\/td><td><a href=\"https:\/\/hb9sota.ch\/wp-content\/uploads\/2013\/12\/GR-102-103.pdf\">GR-102-103<\/a> report, voir 4), tour 22<\/td><\/tr><tr><td>HB\/GR-109<\/td><td>Piz Sezner<\/td><td>2310 \/ WT1<\/td><td>\u00a0<\/td><td>Voir 4), tour 37  <p>\u00e0 partir du t\u00e9l\u00e9ph\u00e9rique, marche 0,5 km, ascension de 48 m\u00e8tres jusqu&rsquo;au sommet<\/p>\n<\/td><\/tr><tr><td>HB\/GR-110<\/td><td>Hochwang<\/td><td>2534 \/ WT3<\/td><td>\u00a0<\/td><td>Voir 4), Tour 7<\/td><\/tr><tr><td>HB\/GR-158<\/td><td>Corne de Mattjisch<\/td><td>2461 \/ WT3<\/td><td>\u00a0<\/td><td>Voir 4), Tour 6<\/td><\/tr><tr><td>HB\/GR-216<\/td><td>Erable de Pise<\/td><td>2980 \/ WT3<\/td><td>Uniquement dans de bonnes conditions (avalanche de niveau 2)<\/td><td>Voir 3), Tour 1<\/td><\/tr><tr><td>HB\/GR-246<\/td><td>Tchimas da Table<\/td><td>2872 \/ WT3<\/td><td>\u00a0<\/td><td>Voir 3), Tour 8<\/td><\/tr><tr><td>HB\/GR-266<\/td><td>Uf da Fl\u00fce<\/td><td>2774 \/ WT3<\/td><td>\u00a0<\/td><td>Voir 3), Tour 17<\/td><\/tr><tr><td>HB\/GR-278<\/td><td>Piz Cavradi<\/td><td>2614 \/ WT3+<\/td><td>\u00ab\u00a0Les conditions d&rsquo;enneigement et la situation des avalanches n\u00e9cessitent un examen minutieux avant l&rsquo;ascension\u00a0\u00bb.<\/td><td>Voir 4), Tour 31  <p>Voir 5), tour 35<\/p>\n<\/td><\/tr><tr><td>HB\/GR-292<\/td><td>Calmut<\/td><td>2309 \/ WT2<\/td><td>Pour les skieurs, c&rsquo;est plus facile qu&rsquo;avec les raquettes.<\/td><td>\u00a0<\/td><\/tr><tr><td>HB\/GR-294<\/td><td>Chr\u00fcz<\/td><td>2196 \/ WT3<\/td><td>\u00a0<\/td><td>Voir 4), Tour 3<\/td><\/tr><tr><td>HB0\/LI-004<\/td><td>Augstenberg<\/td><td>2359 \/ WT3<\/td><td>\u00a0<\/td><td>8), Tour 26<\/td><\/tr><tr><td>HB\/LU-006<\/td><td>Chimique<\/td><td>1816 \/ WT4<\/td><td>\u00a0<\/td><td>Voir 5), Tour 14<\/td><\/tr><tr><td>HB\/LU-007<\/td><td>Beichle<\/td><td>1769 \/ WT2<\/td><td>\u00e0 partir de Fl\u00fchli<\/td><td>\u00a0<\/td><\/tr><tr><td>HB\/LU-010<\/td><td>Farneren<\/td><td>1517 \/ WT2<\/td><td>En hiver, passer par la cr\u00eate au terminus du t\u00e9l\u00e9ski et ne pas monter directement \u00e0 travers la for\u00eat.<\/td><td>\u00a0<\/td><\/tr><tr><td>HB\/NW-002<\/td><td>Crampons de sable rouge<\/td><td>2700 \/ WT3+<\/td><td>\u00a0<\/td><td>Voir 5), Tour 18<\/td><\/tr><tr><td>HB\/NW-008<\/td><td>Chaiserstuel<\/td><td>2400 \/ WT3-<\/td><td>\u00a0<\/td><td>Voir 5), Tour 22<\/td><\/tr><tr><td>HB\/NW-014<\/td><td>Construire en dessous Chulm<\/td><td>1923 \/ WT2<\/td><td>\u00ab\u00a0en cas d&rsquo;avalanche \u00e0 partir du niveau &lsquo;marqu\u00e9&rsquo;, la prudence est de mise\u00a0\u00bb.<\/td><td>Voir 5), tour 26<\/td><\/tr><tr><td>HB\/NW-016<\/td><td>Buochserhorn<\/td><td>1807<\/td><td>\u00a0<\/td><td>\u00a0<\/td><\/tr><tr><td>HB\/NW-017<\/td><td>Musenalp<\/td><td>1875 \/ WT4-5 ( !)<\/td><td>WT4-5 pour Bleikigrat, via B\u00e4renfallen plus facile<\/td><td>Voir 5), Tour 25<\/td><\/tr><tr><td>HB\/NW-018<\/td><td>Klewenstock<\/td><td>1742 \/ WT2<\/td><td>\u00a0<\/td><td>\u00a0<\/td><\/tr><tr><td>HB\/NW-020<\/td><td>Salistock<\/td><td>1896 \/ WT2<\/td><td>\u00a0<\/td><td>Voir 5), Tour 27<\/td><\/tr><tr><td>HB\/OW-016<\/td><td>F\u00fcrstein<\/td><td>2039 \/ WT4<\/td><td>\u00a0<\/td><td><a href=\"https:\/\/hb9sota.ch\/wp-content\/uploads\/2013\/12\/F%C3%BCrstein-OW016.pdf\">F\u00fcrstein OW016<\/a>, voir 5) Tour 15<\/td><\/tr><tr><td>HB\/OW-020<\/td><td>Miesenstock<\/td><td>1891\/ WT2\/3<\/td><td>Convient uniquement lorsqu&rsquo;il y a peu de neige : S&rsquo;il y a beaucoup de neige, les 50 derniers m\u00e8tres de d\u00e9nivel\u00e9 sont dangereux.<\/td><td>\u00a0<\/td><\/tr><tr><td>HB\/OW-021<\/td><td>Ar\u00eate de la Schlieren<\/td><td>1748 \/ WT2\/3<\/td><td>Attention \u00e0 l&rsquo;ar\u00eate. Ne pas monter sur l&rsquo;ar\u00eate. <\/td><td><a title=\"Ar&#xEA;te de la Schlieren\" href=\"http:\/\/sota.hb9tvk.org\/?p=185\" target=\"_blank\" rel=\"noopener noreferrer\">http:\/\/sota.hb9tvk.org\/?p=185<\/a><\/td><\/tr><tr><td>HB\/OW-022<\/td><td>J\u00e4nzi<\/td><td>1738 \/ WT1<\/td><td>En hiver, tr\u00e8s belle randonn\u00e9e sans danger &#8212; mais longue.<\/td><td>Voir 5), Tour 16<\/td><\/tr><tr><td>HB\/OW-025<\/td><td>Haglere<\/td><td>1949<\/td><td>\u00a0<\/td><td>Voir 5), Tour 10<\/td><\/tr><tr><td>HB\/SG-015<\/td><td>Guli<\/td><td>2355 \/ WT3-4<\/td><td>\u00a0<\/td><td>8), Tour 21<\/td><\/tr><tr><td>HB\/SG-030<\/td><td>Gonzen<\/td><td>1830 \/ WT3<\/td><td>\u00a0<\/td><td>8), Tour 24<\/td><\/tr><tr><td>HB\/SG-033<\/td><td>Gulmen<\/td><td>1789 \/ WT2<\/td><td>Un classique<\/td><td>8), Tour 34<\/td><\/tr><tr><td>HB\/SG-034<\/td><td>Stockberg<\/td><td>1782 \/ WT3<\/td><td>\u00a0<\/td><td>Voir 8), Tour 40<\/td><\/tr><tr><td>HB\/SG-037<\/td><td>Cache-cache<\/td><td>1531 \/ WT2<\/td><td>\u00a0<\/td><td>Voir 8), tour 41<\/td><\/tr><tr><td>HB\/SG-039<\/td><td>Spicher<\/td><td>1520 \/ WT2<\/td><td>A partir de la bifurcation du col de Chr\u00e4zeren (route du col de Schw\u00e4galp)<\/td><td>\u00a0<\/td><\/tr><tr><td>HB\/SG-048<\/td><td>F\u00e4der\u00e4 \/ Tschuggen<\/td><td>1881 \/ WT2<\/td><td>\u00a0<\/td><td>8), Tour 24<\/td><\/tr><tr><td>HB\/SG-050<\/td><td>Grand-Fulfirst<\/td><td>2384 \/ WT2<\/td><td>Acc\u00e8s au sommet WT4 (tr\u00e8s expos\u00e9)<\/td><td>Voir 8), Tour 25<\/td><\/tr><tr><td>HB\/SZ-010<\/td><td>Argent<\/td><td>2319 \/ WT3+<\/td><td>\u00a0<\/td><td>Voir 5), Tour 40<\/td><\/tr><tr><td>HB\/SZ-022<\/td><td>B\u00e2ton de seigle<\/td><td>1778 \/ WT3<\/td><td>Convient uniquement lorsqu&rsquo;il y a peu de neige : S&rsquo;il y a beaucoup de neige, la derni\u00e8re partie est dangereuse.<\/td><td>\u00a0<\/td><\/tr><tr><td>HB\/SZ-025<\/td><td>Furggelenstock<\/td><td>1656 \/ WT2<\/td><td>Un autre classique, courte distance<\/td><td><a title=\"Furggelenstock\" href=\"http:\/\/sota.hb9tvk.org\/?p=167\" target=\"_blank\" rel=\"noopener noreferrer\">http:\/\/sota.hb9tvk.org\/?p=167<\/a>\n<p>5), Tour 47<\/p>\n<\/td><\/tr><tr><td>HB\/SZ-026<\/td><td>Chli Aubrig<\/td><td>1642 \/ WT2<\/td><td>Ne convient que par Wildegg<\/td><td><a href=\"http:\/\/sota.hb9tvk.org\/?p=97\" target=\"_blank\" rel=\"noopener noreferrer\">http:\/\/sota.hb9tvk.org\/?p=97,<\/a> voir 5), Tour 45<\/td><\/tr><tr><td>HB\/SZ-027<\/td><td>Stock<\/td><td>1600 \/ WT3<\/td><td>\u00a0<\/td><td><a title=\"Stock\" href=\"http:\/\/sota.hb9tvk.org\/?p=588\" target=\"_blank\" rel=\"noopener noreferrer\">http:\/\/sota.hb9tvk.org\/?p=588<\/a><\/td><\/tr><tr><td>HB\/SZ-028<\/td><td>Hochstuckli<\/td><td>WT2<\/td><td>\u00a0<\/td><td><a title=\"Hochstuckli\" href=\"http:\/\/sota.hb9tvk.org\/?p=606\" target=\"_blank\" rel=\"noopener noreferrer\">http:\/\/sota.hb9tvk.org\/?p=606,<\/a> voir 5), Tour 48<\/td><\/tr><tr><td>HB\/SZ-035<\/td><td>  Dosse\/Dossen<\/td><td>1566 \/ WT2<\/td><td>Du Rigi via Scheidegg<\/td><td><a href=\"https:\/\/hb9sota.ch\/wp-content\/uploads\/2013\/12\/Dossen-report.pdf\">Dossen HB\/SZ-035 (W 2013\/14)<\/a>\n<p><a href=\"http:\/\/sota.hb9tvk.org\/?p=631\" target=\"_blank\" rel=\"noopener noreferrer\">http:\/\/sota.hb9tvk.org\/?p=631<\/a><\/p>\n<p>Voir 5), Tour 52 (WT3)<\/p>\n<\/td><\/tr><tr><td>HB\/TI-128<\/td><td>Pizzo Rossetto<\/td><td>2097 \/ WT3+<\/td><td>\u00a0<\/td><td>Voir 10), tour 4.13<\/td><\/tr><tr><td>HB\/TI-132<\/td><td>Monte Gradiccioli<\/td><td>1936 \/ WT4<\/td><td>\u00a0<\/td><td>Voir 10), Tour 1.4<\/td><\/tr><tr><td>HB\/TI-135<\/td><td>Cima della Trosa<\/td><td>1869 \/ WT5<\/td><td>Partie la plus dangereuse &#8211; Descente par Campigliai<\/td><td>10), Tour 2.7<\/td><\/tr><tr><td>HB\/TI-136<\/td><td>Monte Bar<\/td><td>1816 \/ WT2<\/td><td>Pas dangereux mais long chemin<\/td><td>Voir 10), Tour 1.5<\/td><\/tr><tr><td>HB\/TI-138<\/td><td>Monte Gambarogno<\/td><td>1734 \/ WT4<\/td><td>\u00a0<\/td><td>Voir 10), tour 1.8<\/td><\/tr><tr><td>HB-TI-141<\/td><td>Salmone<\/td><td>1560 \/ WT3<\/td><td>\u00a0<\/td><td>10), Tour 2.8 et 2.9<\/td><\/tr><tr><td>HB\/VD-027<\/td><td>Planachaux<\/td><td>1925 \/ WT3+<\/td><td>\u00a0<\/td><td>Voir 6), Tour 40<\/td><\/tr><tr><td>HB\/VD-028<\/td><td>Corne des Brenlaires<\/td><td>1879 \/ WT2+<\/td><td>\u00a0<\/td><td>Voir 6), tour 38<\/td><\/tr><tr><td>HB\/VD-029<\/td><td>Les Rodomonts<\/td><td>1878 \/ WT2<\/td><td>\u00a0<\/td><td>6), Tour 42<\/td><\/tr><tr><td>HB\/VD-030<\/td><td>Le Molard<\/td><td>1752 \/\n<p>WT2<\/p>\n<\/td><td>\u00a0<\/td><td>Voir 6), tour 22 ; voir 12), page 84, tour 14<\/td><\/tr><tr><td>HB\/VD-031<\/td><td>Monts Chevreuils<\/td><td>1749 \/ WT1<\/td><td>\u00a0<\/td><td><a href=\"https:\/\/hb9sota.ch\/wp-content\/uploads\/2013\/12\/VD-031_Monts_Chevreuils_report.pdf\">VD-031_Monts_Chevreuils_report, 6) Tour 39<\/a><\/td><\/tr><tr><td>HB\/VD-032<\/td><td>Mont Tendre<\/td><td>1679 \/ WT2<\/td><td>\u00a0<\/td><td>9), Tour 9<\/td><\/tr><tr><td>HB\/VD-033<\/td><td>La Laitemaire<\/td><td>1678 \/ WT3<\/td><td>\u00a0<\/td><td>\u00a0<\/td><\/tr><tr><td>HB\/VD-034<\/td><td>La D\u00f4le<\/td><td>1677 \/ WT2<\/td><td>Belle randonn\u00e9e en raquettes (alternativement accessible en t\u00e9l\u00e9cabine via la France)<\/td><td> <a href=\"https:\/\/hb9sota.ch\/wp-content\/uploads\/2013\/12\/VD-034-La-Dole1.pdf\">VD-034 La Dole<\/a> rapport  <p>9), Tour 10<\/p>\n<\/td><\/tr><tr><td>HB\/VD-035<\/td><td>Le Chasseron<\/td><td>1607 \/ WT2-3<\/td><td>Tr\u00e8s bien adapt\u00e9<\/td><td> <a href=\"https:\/\/hb9sota.ch\/wp-content\/uploads\/2013\/12\/VD-035-Le-Chasseron-report.pdf\">VD-035 Le Chasseron rapport<\/a>\n<p>Voir 9), tour 6 ; voir 12), page 93, tour 2 \/ tour 4<\/p>\n<\/td><\/tr><tr><td>HB\/VD-036<\/td><td>Le Suchet<\/td><td>1588 \/ WT2-3<\/td><td>\u00a0<\/td><td>  9), Tour 7<\/td><\/tr><tr><td>HB\/VD-037<\/td><td>Le Noirmont<\/td><td>1567 \/ WT2<\/td><td>Un classique, r\u00e9alisable presque \u00e0 tout moment<\/td><td>\u00a0<\/td><\/tr><tr><td>HB\/VD-038<\/td><td>Aiguilles de Baulmes<\/td><td>1559 \/ WT2<\/td><td>\u00a0<\/td><td><a href=\"https:\/\/hb9sota.ch\/wp-content\/uploads\/2013\/12\/VD-038-Aiguilles-de-Baulmes-report.pdf\">VD-038 Aiguilles de Baulmes rapport<\/a>\n<p>9), Tour 7<\/p>\n<\/td><\/tr><tr><td>HB\/VS-103<\/td><td>Le Grammont<\/td><td>2172 \/ WT4<\/td><td>\u00a0<\/td><td>11), Tour7<\/td><\/tr><tr><td>HB\/VS-104<\/td><td>Hockenhorn<\/td><td>3293 \/ WT4<\/td><td>\u00ab\u00a0Excursion en raquettes \u00e0 neige exigeante&#8230; prudence recommand\u00e9e. Emporter des crampons\u00a0\u00bb. <\/td><td>7), Tour 7.5<\/td><\/tr><tr><td>HB\/VS-112<\/td><td>Mont de l&rsquo;Arpille<\/td><td>2085 \/ WT2 &#8211; WT4<\/td><td>\u00a0<\/td><td>voir 11), Tour 20 (WT2, de Ravoire, 976 m)  <p>et<\/p>\n<p>voir 11), Tour 21 (WT4, depuis le Col de La Forclaz, 557 m)<\/p>\n<\/td><\/tr><tr><td>HB\/VS-188<\/td><td>Monts Telliers<\/td><td>2951 \/ WT4<\/td><td>\u00a0<\/td><td>11), Tour 43<\/td><\/tr><tr><td>HB\/VS-194<\/td><td>Mont Fourchon<\/td><td>2902 \/ WT4<\/td><td>\u00a0<\/td><td>Voir 11), Tour 55<\/td><\/tr><tr><td>HB\/VS-213<\/td><td>Corne d&rsquo;abondance<\/td><td>2737 \/ WT3<\/td><td>Seulement dans de bonnes conditions (avalanches niveau 2) &#8212; fais attention \u00e0 la voie sous Tochuhorn.<\/td><td>  7), Tour 3.7<\/td><\/tr><tr><td>HB\/VS-226<\/td><td>Magehorn<\/td><td>2717 \/ WT3<\/td><td>\u00ab\u00a0Comme la mont\u00e9e est largement orient\u00e9e vers l&rsquo;est, il est absolument n\u00e9cessaire de pr\u00eater une attention particuli\u00e8re \u00e0 la situation des avalanches\u00a0\u00bb.<\/td><td>Voir 7), Tour 3.9<\/td><\/tr><tr><td>HB\/VS-242<\/td><td>La Crevasse<\/td><td>1808 \/ WT3<\/td><td>\u00a0<\/td><td>12), page 163, tour 2<\/td><\/tr><tr><td>HB\/VS-249<\/td><td>Steghorn<\/td><td>3146 \/ WT4<\/td><td>\u00a0<\/td><td>6), Tour 105<\/td><\/tr><tr><td>HB\/ZG-001<\/td><td>Wildspitz<\/td><td>1580 \/ WT3<\/td><td>From selle WT3<\/td><td>Voir 5), Tour 50<\/td><\/tr><\/tbody><\/table><\/figure>\n\n<h6 class=\"wp-block-heading\"><span style=\"color: #ff0000;\">Important : aucune garantie quant \u00e0 l&rsquo;exactitude des informations. HB9SOTA n&rsquo;est en aucun cas responsable des dommages directs ou indirects r\u00e9sultant de l&rsquo;utilisation des informations de ce site. <\/span><\/h6>\n","protected":false},"excerpt":{"rendered":"<p>Tours de neige HB avec bonus d&rsquo;hiver Du 1er d\u00e9cembre au 31 mars inclus, les montagnes SOTA suisses situ\u00e9es \u00e0 plus de 1500 m\u00e8tres d&rsquo;altitude b\u00e9n\u00e9ficient d&rsquo;un bonus hivernal qui rapporte 3 points suppl\u00e9mentaires par sommet. Voici une liste des &hellip;<\/p>\n<p class=\"read-more\"> <a class=\"more-link\" href=\"https:\/\/hb9sota.ch\/fr\/randonnees-en-raquettes\/\"> <span class=\"screen-reader-text\">Randonn\u00e9es en raquettes<\/span> Read More &raquo;<\/a><\/p>\n","protected":false},"author":33,"featured_media":0,"parent":0,"menu_order":0,"comment_status":"closed","ping_status":"closed","template":"","meta":{"publish_to_discourse":"","publish_post_category":"","wpdc_auto_publish_overridden":"","wpdc_topic_tags":"","wpdc_pin_topic":"","wpdc_pin_until":"","discourse_post_id":"","discourse_permalink":"","wpdc_publishing_response":"","wpdc_publishing_error":"","footnotes":""},"class_list":["post-10285","page","type-page","status-publish","hentry"],"_links":{"self":[{"href":"https:\/\/hb9sota.ch\/fr\/wp-json\/wp\/v2\/pages\/10285","targetHints":{"allow":["GET"]}}],"collection":[{"href":"https:\/\/hb9sota.ch\/fr\/wp-json\/wp\/v2\/pages"}],"about":[{"href":"https:\/\/hb9sota.ch\/fr\/wp-json\/wp\/v2\/types\/page"}],"author":[{"embeddable":true,"href":"https:\/\/hb9sota.ch\/fr\/wp-json\/wp\/v2\/users\/33"}],"replies":[{"embeddable":true,"href":"https:\/\/hb9sota.ch\/fr\/wp-json\/wp\/v2\/comments?post=10285"}],"version-history":[{"count":1,"href":"https:\/\/hb9sota.ch\/fr\/wp-json\/wp\/v2\/pages\/10285\/revisions"}],"predecessor-version":[{"id":10286,"href":"https:\/\/hb9sota.ch\/fr\/wp-json\/wp\/v2\/pages\/10285\/revisions\/10286"}],"wp:attachment":[{"href":"https:\/\/hb9sota.ch\/fr\/wp-json\/wp\/v2\/media?parent=10285"}],"curies":[{"name":"wp","href":"https:\/\/api.w.org\/{rel}","templated":true}]}}