{"id":1018,"date":"2014-06-24T22:25:14","date_gmt":"2014-06-24T21:25:14","guid":{"rendered":"http:\/\/hb9sota.ch\/?page_id=1018"},"modified":"2024-09-13T07:22:19","modified_gmt":"2024-09-13T05:22:19","slug":"hb9ewo","status":"publish","type":"page","link":"https:\/\/hb9sota.ch\/fr\/berichte\/hb9ewo\/","title":{"rendered":"HB9EWO"},"content":{"rendered":"<h3>Berichte von Clemens, HB9EWO<\/h3>\n<p><a href=\"https:\/\/hb9sota.ch\/wp-content\/uploads\/2018\/06\/H\u00fcser_Furgglenfirst_HB_AI-013.pdf\" target=\"_blank\" rel=\"noopener\">H\u00fcser\/Furgglenfirst HB\/AI-013 (S2013)<\/a><\/p>\n<p><a href=\"https:\/\/hb9sota.ch\/wp-content\/uploads\/2014\/06\/Gamsberg.pdf\" target=\"_blank\" rel=\"noopener\">Gamsberg HB\/SG-014 (S 2014)<\/a><\/p>\n<p><a href=\"https:\/\/hb9sota.ch\/wp-content\/uploads\/2014\/06\/Pizol.pdf\">Pizol HB\/SG-003 (S 2014)<\/a><\/p>\n<p><a href=\"https:\/\/hb9sota.ch\/wp-content\/uploads\/2014\/06\/Hochmaettli.pdf\">Hochm\u00e4ttli HB\/GL-030 (S 2014)<\/a><\/p>\n<p><a href=\"https:\/\/hb9sota.ch\/wp-content\/uploads\/2014\/06\/Foostock.pdf\">Foostock HB\/GL-017 (S 2014)<\/a><\/p>\n<p><a href=\"https:\/\/hb9sota.ch\/wp-content\/uploads\/2014\/06\/Heub\u00fctzler-SG-010.pdf\">Heub\u00fctzler HB\/SG-010 (S 2014)<\/a><\/p>\n<p><a href=\"https:\/\/hb9sota.ch\/wp-content\/uploads\/2014\/06\/Stockberg.pdf\">Stockberg HB\/SG-034 (S 2015)<\/a><\/p>\n<p><a href=\"https:\/\/hb9sota.ch\/wp-content\/uploads\/2014\/06\/Lutispitz.pdf\">L\u00fctispitz HB\/SG-063 und Gemeinenwis HB\/SG-056 (S 2015)<\/a><\/p>\n<p><a href=\"https:\/\/hb9sota.ch\/wp-content\/uploads\/2014\/06\/Marwees.pdf\">Marwees HB\/AI-003 (S 2015)<\/a><\/p>\n<p><a href=\"https:\/\/hb9sota.ch\/wp-content\/uploads\/2014\/06\/SchwarzeHoerner.pdf\">SchwarzeHoerner HB\/SG-008 (S 2015)<\/a><\/p>\n<p><a href=\"https:\/\/hb9sota.ch\/wp-content\/uploads\/2014\/06\/Sazmartinshorn.pdf\">Sazmartinshorn HB\/SG-004 (S 2015)<\/a><\/p>\n<p><a href=\"https:\/\/hb9sota.ch\/wp-content\/uploads\/2014\/06\/Churfirsten.pdf\">Alle Churfirsten (S 2015)<\/a><\/p>\n<p><a href=\"https:\/\/hb9sota.ch\/wp-content\/uploads\/2014\/06\/Hinderrugg.pdf\">Hinderrugg HB\/SG-017 (S 2016)<\/a><\/p>\n<p><a href=\"https:\/\/hb9sota.ch\/wp-content\/uploads\/2014\/06\/RisettenhorenWissgandstoeckli.pdf\">Risettenhoren HB\/GL-025 und Wissgandst\u00f6ckli HB\/GL-021 (S 2016)<\/a><\/p>\n<p><a href=\"https:\/\/hb9sota.ch\/wp-content\/uploads\/2014\/06\/GoggeienSG035.pdf\">Goggeien HB\/SG-035 (S2016)<\/a><\/p>\n<h6><span style=\"color: #ff0000;\">Wichtig: In keinem Fall haftet HB9SOTA oder der Verfasser des Berichtes f\u00fcr allf\u00e4llige direkte oder indirekte Sch\u00e4den, die als Folge des Gebrauchs von Informationen dieser Website enstehten.<\/span><\/h6>\n","protected":false},"excerpt":{"rendered":"<p>Berichte von Clemens, HB9EWO H\u00fcser\/Furgglenfirst HB\/AI-013 (S2013) Gamsberg HB\/SG-014 (S 2014) Pizol HB\/SG-003 (S 2014) Hochm\u00e4ttli HB\/GL-030 (S 2014) Foostock HB\/GL-017 (S 2014) Heub\u00fctzler HB\/SG-010 (S 2014) Stockberg HB\/SG-034 (S 2015) L\u00fctispitz HB\/SG-063 und Gemeinenwis HB\/SG-056 (S 2015) Marwees HB\/AI-003 &hellip;<\/p>\n<p class=\"read-more\"> <a class=\"more-link\" href=\"https:\/\/hb9sota.ch\/fr\/berichte\/hb9ewo\/\"> <span class=\"screen-reader-text\">HB9EWO<\/span> Read More &raquo;<\/a><\/p>\n","protected":false},"author":62,"featured_media":0,"parent":78,"menu_order":0,"comment_status":"closed","ping_status":"open","template":"","meta":{"publish_to_discourse":"","publish_post_category":"","wpdc_auto_publish_overridden":"","wpdc_topic_tags":"","wpdc_pin_topic":"","wpdc_pin_until":"","discourse_post_id":"","discourse_permalink":"","wpdc_publishing_response":"","wpdc_publishing_error":"","footnotes":""},"class_list":["post-1018","page","type-page","status-publish","hentry"],"_links":{"self":[{"href":"https:\/\/hb9sota.ch\/fr\/wp-json\/wp\/v2\/pages\/1018","targetHints":{"allow":["GET"]}}],"collection":[{"href":"https:\/\/hb9sota.ch\/fr\/wp-json\/wp\/v2\/pages"}],"about":[{"href":"https:\/\/hb9sota.ch\/fr\/wp-json\/wp\/v2\/types\/page"}],"author":[{"embeddable":true,"href":"https:\/\/hb9sota.ch\/fr\/wp-json\/wp\/v2\/users\/62"}],"replies":[{"embeddable":true,"href":"https:\/\/hb9sota.ch\/fr\/wp-json\/wp\/v2\/comments?post=1018"}],"version-history":[{"count":11,"href":"https:\/\/hb9sota.ch\/fr\/wp-json\/wp\/v2\/pages\/1018\/revisions"}],"predecessor-version":[{"id":2747,"href":"https:\/\/hb9sota.ch\/fr\/wp-json\/wp\/v2\/pages\/1018\/revisions\/2747"}],"up":[{"embeddable":true,"href":"https:\/\/hb9sota.ch\/fr\/wp-json\/wp\/v2\/pages\/78"}],"wp:attachment":[{"href":"https:\/\/hb9sota.ch\/fr\/wp-json\/wp\/v2\/media?parent=1018"}],"curies":[{"name":"wp","href":"https:\/\/api.w.org\/{rel}","templated":true}]}}